{"id":979,"date":"2022-05-20T18:31:49","date_gmt":"2022-05-20T16:31:49","guid":{"rendered":"https:\/\/www.miel-store.com\/?post_type=product&#038;p=979"},"modified":"2026-04-11T17:49:16","modified_gmt":"2026-04-11T15:49:16","slug":"siwak-natur","status":"publish","type":"product","link":"https:\/\/www.miel-store.com\/de\/p\/siwak-nature","title":{"rendered":"Siwak Natur"},"content":{"rendered":"<p>Obwohl der Siwak in den letzten Jahren zu einer Modeerscheinung geworden ist, wird er eigentlich schon seit der Zeit des Propheten (alayhi salat wa salam) verwendet, der ihn selbst regelm\u00e4\u00dfig benutzte. Im Arabischen wird er auch \u00abMiswak\u00bb genannt und ist in den muslimischen L\u00e4ndern ein echtes Wahrzeichen. Denn er soll den Mund reinigen, f\u00fcr einen sehr guten Atem sorgen und Allah zufriedenstellen.<\/p>\n<h2><strong>Eigenschaften des Siwak de Miel Store<\/strong><\/h2>\n<ul>\n<li>Siwak 100% nat\u00fcrlich ;<\/li>\n<li>Einzelne 50g-Stange ;<\/li>\n<li>Auf Araaks Baum geschnitzt ;<\/li>\n<li>Gesch\u00fctzt durch eine Verpackung, um Bakterien zu vermeiden ;<\/li>\n<li>Verwendung f\u00fcr mehrere Wochen m\u00f6glich.<\/li>\n<\/ul>\n<p>Hinweis: Achten Sie trotzdem auf die Aufbewahrung des St\u00e4bchens. Wenn er falsch gelagert oder zu feucht gehalten wird, schimmelt er irgendwann. Am besten werfen Sie ihn nach einer gewissen Zeit weg, wenn Sie ihn nicht mehr verwenden.<\/p>\n<h2><strong>Bestandteile des Siwak<\/strong><\/h2>\n<p>Es gibt mehrere Arten dieser kleinen, nat\u00fcrlichen und altmodischen Zahnb\u00fcrste, die von verschiedenen Baumarten stammen. Die beste ist jedoch die des Araak-Baums, weshalb sie auch Araak-Stock genannt wird. Er kann jedoch auch von Oliven- oder Walnussb\u00e4umen stammen.<\/p>\n<p>Dieses kleine St\u00fcck Holzst\u00e4bchen enth\u00e4lt viele tugendhafte Inhaltsstoffe. Insgesamt enth\u00e4lt es fast zwanzig davon. Darunter befinden sich zum Beispiel :<\/p>\n<p>- Antibakterielle und s\u00e4urehemmende Hemmstoffe, die :<\/p>\n<ul>\n<li>helfen bei der Bek\u00e4mpfung von Durchfall,<\/li>\n<li>sondern auch Karies,<\/li>\n<li>erm\u00f6glichen eine nat\u00fcrliche Desinfektion der Z\u00e4hne,<\/li>\n<li>k\u00f6nnen Zahnfleischbluten stoppen,<\/li>\n<li>beseitigen Bakterien und Keime.<\/li>\n<\/ul>\n<p>Das ist \u00fcbrigens auch der Grund, warum die erste Verwendung f\u00fcr manche Menschen ziemlich unangenehm sein kann. Der Geschmack ist n\u00e4mlich recht herb und kann sogar ein wenig kribbeln. Nach einigen Anwendungen werden Sie sich leicht an seinen Geschmack gew\u00f6hnen.<\/p>\n<p>- Viele Mineralien wie :<\/p>\n<ul>\n<li>Kalium,<\/li>\n<li>Natriumbicarbonat,<\/li>\n<li>die Oxide von <a href=\"https:\/\/www.miel-store.com\/de\/p\/kamelmilchpulver\/\"><strong>Kalzium<\/strong><\/a>,<\/li>\n<li>oder auch Natriumchlorid.<\/li>\n<\/ul>\n<p>Sie helfen vor allem dabei, die Z\u00e4hne gut zu reinigen. Bikarbonat ist \u00fcbrigens sehr bekannt f\u00fcr seine effektive Wirkung auf die Z\u00e4hne sowie daf\u00fcr, ihnen Glanz und Wei\u00df zu verleihen.<\/p>\n<p>- Einige nat\u00fcrliche Duft\u00f6le aus dem Araakbaum (oder anderen).<\/p>\n<p>Diese erm\u00f6glichen :<\/p>\n<ul>\n<li>dem Siwak einen angenehmen Geruch und Geschmack verleihen,<\/li>\n<li>einen sehr guten Atem an den Mund weitergeben.<\/li>\n<\/ul>\n<p>- Es gibt auch bestimmte Enzyme, die Zahnbelag verhindern, oder Bestandteile, die Keime und Verwesung abwehren. Sie erm\u00f6glichen somit :<\/p>\n<ul>\n<li>die Anzahl der Bakterien innerhalb des Mundes zu verringern,<\/li>\n<li>als eine Art nat\u00fcrliches Antibiotikum zu wirken.<\/li>\n<\/ul>\n<h3><strong>Verwendung von Miswak<\/strong><\/h3>\n<p>Normalerweise wird er aus dem Araakbaum geschnitzt und seine Gr\u00f6\u00dfe \u00fcbersteigt selten die eines Bleistifts. Ihr Durchmesser unterscheidet sich jedoch von Marke zu Marke. Die von uns angebotenen haben einen recht gro\u00dfen Durchmesser, w\u00e4hrend es auch sehr viel d\u00fcnnere gibt.<\/p>\n<p>Um es zu verwenden, ist nichts einfacher als das:<\/p>\n<ul>\n<li>schneiden Sie einen kleinen Teil der Rinde vom Stock ab, als ob Sie die Verpackung eines Produkts entfernen w\u00fcrden;<\/li>\n<li>kauen Sie ein wenig darauf herum, bis sich die ersten \u00abHaare\u00bb zeigen, wie bei einer Zahnb\u00fcrste ;<\/li>\n<li>weichen Sie es etwa 8 Stunden lang in Wasser ein, damit es weich wird, aber das ist nicht zwingend notwendig ;<\/li>\n<li>putzen Sie sich die Z\u00e4hne wie \u00fcblich mit Siwak, Zahnpasta ist nicht n\u00f6tig.<\/li>\n<\/ul>\n<p>Im Allgemeinen k\u00f6nnen Sie Ihren Araak-Stab so oft wie gew\u00fcnscht w\u00e4hrend des Tages verwenden. Dennoch wird von einigen Experten eine Anwendung von f\u00fcnfmal t\u00e4glich empfohlen.<\/p>\n<p>Dies kann uns nur an den Hadith des Propheten (aleyhi salat wa salam) erinnern: \u00abWenn ich nicht bef\u00fcrchten w\u00fcrde, dass ich meine Gemeinschaft zu sehr belaste, w\u00fcrde ich ihnen vor jedem Gebet den Siwak befehlen.\u00bb Bukhari und Muslim<\/p>","protected":false},"excerpt":{"rendered":"<p>Quand bien m\u00eame le siwak est devenu un effet de mode ces derni\u00e8res ann\u00e9es, il est en fait utilis\u00e9 depuis le temps du Proph\u00e8te (alayhi salat wa salam) qui lui-m\u00eame l\u2019utilisait r\u00e9guli\u00e8rement. En arabe, il est aussi appel\u00e9 \u00ab\u00a0miswak\u00a0\u00bb et c\u2019est un v\u00e9ritable embl\u00e8me dans les pays musulmans. En effet, il a pour but de [&#8230;]\n","protected":false},"featured_media":977,"template":"","meta":[],"product_brand":[],"product_cat":[88],"product_tag":[],"class_list":{"0":"post-979","1":"product","2":"type-product","3":"status-publish","4":"has-post-thumbnail","6":"product_cat-bien-etre","8":"first","9":"instock","10":"shipping-taxable","11":"purchasable","12":"product-type-simple"},"_links":{"self":[{"href":"https:\/\/www.miel-store.com\/de\/wp-json\/wp\/v2\/product\/979","targetHints":{"allow":["GET"]}}],"collection":[{"href":"https:\/\/www.miel-store.com\/de\/wp-json\/wp\/v2\/product"}],"about":[{"href":"https:\/\/www.miel-store.com\/de\/wp-json\/wp\/v2\/types\/product"}],"wp:featuredmedia":[{"embeddable":true,"href":"https:\/\/www.miel-store.com\/de\/wp-json\/wp\/v2\/media\/977"}],"wp:attachment":[{"href":"https:\/\/www.miel-store.com\/de\/wp-json\/wp\/v2\/media?parent=979"}],"wp:term":[{"taxonomy":"product_brand","embeddable":true,"href":"https:\/\/www.miel-store.com\/de\/wp-json\/wp\/v2\/product_brand?post=979"},{"taxonomy":"product_cat","embeddable":true,"href":"https:\/\/www.miel-store.com\/de\/wp-json\/wp\/v2\/product_cat?post=979"},{"taxonomy":"product_tag","embeddable":true,"href":"https:\/\/www.miel-store.com\/de\/wp-json\/wp\/v2\/product_tag?post=979"}],"curies":[{"name":"wp","href":"https:\/\/api.w.org\/{rel}","templated":true}]}}