{"id":9508,"date":"2026-01-23T16:24:51","date_gmt":"2026-01-23T15:24:51","guid":{"rendered":"https:\/\/www.miel-store.com\/?post_type=product&#038;p=9508"},"modified":"2026-03-19T22:15:37","modified_gmt":"2026-03-19T21:15:37","slug":"schafschwanzfett","status":"publish","type":"product","link":"https:\/\/www.miel-store.com\/de\/p\/graisse-de-queue-de-brebis","title":{"rendered":"Schafschwanzfett aus Saudi-Arabien - Topf 120-150 ml"},"content":{"rendered":"<p>Die&nbsp;<strong>Schwanzfett von Schafen aus Saudi-Arabien<\/strong> ist ein Produkt, das traditionell in verschiedenen Kulturen des Nahen Ostens verwendet wird. Vorgeschlagen von <strong>Honig Store<\/strong> in einem <strong>Topf mit ca. 120-150 ml<\/strong>, In den letzten Jahren hat sich die Schule auf eine strenge Auswahl und die Einhaltung althergebrachter Br\u00e4uche konzentriert.<\/p>\n<p>Wenn Sie nach dem\u2019<strong>online-kauf von schafschwanzfett<\/strong>, Miel Store bietet Ihnen ein authentisches Produkt, das sorgf\u00e4ltig verpackt und f\u00fcr den traditionellen und h\u00e4uslichen Gebrauch bestimmt ist.<\/p>\n<h2>Was ist Schafschwanzfett?<\/h2>\n<p>Schafschwanzfett stammt von Schafrassen, deren Schwanz von Natur aus reich an Fett ist. Dieses Fett wird seit jeher in bestimmten kulinarischen, kosmetischen und h\u00e4uslichen Traditionen verwendet, insbesondere in den Regionen der arabischen Halbinsel.<\/p>\n<p>Sie wird gesch\u00e4tzt f\u00fcr ihre <strong>charakteristische Textur<\/strong> und seinen wichtigen Platz in Praktiken, die von Generation zu Generation weitergegeben werden.<\/p>\n<h2>Die Vorteile von Schafschwanzfett: ein traditioneller Ansatz<\/h2>\n<p>Wenn man \u00fcber die <strong>wohltuende Wirkungen von Schafschwanzfett<\/strong>, Es handelt sich ausschlie\u00dflich um <strong>Vorteile der traditionellen Verwendung<\/strong>. Dieses Produkt ist historisch bekannt f\u00fcr seine Verwendung in verschiedenen kulturellen und h\u00e4uslichen Praktiken.<\/p>\n<p>Bei Miel Store wird Schafschwanzfett ohne medizinische Behauptungen oder Ergebnisversprechen angeboten. Sein Wert beruht auf seinem kulturellen Erbe und seiner traditionellen Verwendung.<\/p>\n<h2>Wie verwendet man Schafschwanzfett?<\/h2>\n<p>Die <strong>Schafschwanzfett<\/strong> kann auf traditionelle Weise verwendet werden, z. B. in kulinarischen oder h\u00e4uslichen Zubereitungen, je nach den Gewohnheiten und kulturellen Praktiken des Einzelnen.<\/p>\n<p>Ihre Verwendung bleibt frei und pers\u00f6nlich, in einem nicht-therapeutischen Rahmen.<\/p>\n<h2>Konservierung von Schafschwanzfett<\/h2>\n<p>Um eine <strong>gute Haltbarkeit des Schwanzfetts von Schafen<\/strong>, Es wird empfohlen, :<\/p>\n<ul>\n<li>An einem k\u00fchlen und trockenen Ort aufbewahren<\/li>\n<li>L\u00e4ngere Hitzeeinwirkung vermeiden<\/li>\n<li>Verschlie\u00dfen Sie den Topf nach jedem Gebrauch gut<\/li>\n<li>Benutzen Sie ein sauberes Utensil f\u00fcr die Entnahme<\/li>\n<\/ul>\n<p>Diese Vorsichtsma\u00dfnahmen sorgen daf\u00fcr, dass das Aussehen und die Qualit\u00e4t des Produkts \u00fcber lange Zeit erhalten bleiben.<\/p>\n<h2>Warum sollten Sie Ihr Schafschwanzfett bei Miel Store kaufen?<\/h2>\n<p>W\u00e4hlen Sie Miel Store f\u00fcr die\u2019<strong>Kauf von Schwanzfett von Schafen aus Saudi-Arabien<\/strong>, Das ist ein Vorteil:<\/p>\n<ul>\n<li>Ein Produkt, das aus alten Traditionen hervorgegangen ist<\/li>\n<li>Praktische Verpackung in T\u00f6pfen mit 120 bis 150 ml Inhalt<\/li>\n<li>Klare und verantwortungsvolle Informationen<\/li>\n<li>Ein sorgf\u00e4ltiger und schneller Versand<\/li>\n<\/ul>\n<p>In demselben Geist der Auswahl traditioneller Produkte k\u00f6nnen Sie auch unsere <a href=\"https:\/\/www.miel-store.com\/de\/p\/kamelhockerfett\/\">Kamelh\u00f6ckerfett<\/a>, Die von Miel Store f\u00fcr \u00e4hnliche Zwecke angebotene Variante.<\/p>\n<h2>Kauf von Schafschwanzfett online - Schnelle Lieferung<\/h2>\n<p>Die <strong>schafschwanzfett Miel Store<\/strong> ist online zum Kauf verf\u00fcgbar und wird schnell geliefert. Ein traditionelles, anspruchsvoll ausgew\u00e4hltes Produkt f\u00fcr alle, die einen authentischen Ansatz suchen, der die kulturellen Gepflogenheiten respektiert.<\/p>\n<h2>Fragen \/ Antworten (FAQ)<\/h2>\n<div itemscope=\"\" itemtype=\"https:\/\/schema.org\/FAQPage\">\n<div itemprop=\"mainEntity\" itemscope=\"\" itemtype=\"https:\/\/schema.org\/Question\">\n<h3 itemprop=\"name\">Was ist saudi-arabisches Schafschwanzfett?<\/h3>\n<div itemprop=\"acceptedAnswer\" itemscope=\"\" itemtype=\"https:\/\/schema.org\/Answer\">\n<p itemprop=\"text\">Saudi-arabisches Schafschwanzfett ist ein traditionelles Fett, das von bestimmten Schafrassen stammt. Es wird seit langem in verschiedenen kulturellen und h\u00e4uslichen Praktiken verwendet.<\/p>\n<\/div>\n<\/div>\n<div itemprop=\"mainEntity\" itemscope=\"\" itemtype=\"https:\/\/schema.org\/Question\">\n<h3 itemprop=\"name\">Wof\u00fcr wird Schafschwanzfett in der traditionellen Verwendung verwendet?<\/h3>\n<div itemprop=\"acceptedAnswer\" itemscope=\"\" itemtype=\"https:\/\/schema.org\/Answer\">\n<p itemprop=\"text\">In der traditionellen Verwendung wird Schafschwanzfett je nach \u00f6rtlichen Gewohnheiten und Traditionen in kulinarischen, h\u00e4uslichen oder kulturellen Zusammenh\u00e4ngen verwendet.<\/p>\n<\/div>\n<\/div>\n<div itemprop=\"mainEntity\" itemscope=\"\" itemtype=\"https:\/\/schema.org\/Question\">\n<h3 itemprop=\"name\">Kann man \u00fcber die Vorteile von Schafschwanzfett sprechen?<\/h3>\n<div itemprop=\"acceptedAnswer\" itemscope=\"\" itemtype=\"https:\/\/schema.org\/Answer\">\n<p itemprop=\"text\">Die Vorteile von Schafschwanzfett werden nur in einem traditionellen und kulturellen Rahmen erw\u00e4hnt. Bei Miel Store wird dieses Produkt ohne medizinische Behauptungen oder Ergebnisversprechen angeboten.<\/p>\n<\/div>\n<\/div>\n<div itemprop=\"mainEntity\" itemscope=\"\" itemtype=\"https:\/\/schema.org\/Question\">\n<h3 itemprop=\"name\">Wie verwendet man Schafschwanzfett?<\/h3>\n<div itemprop=\"acceptedAnswer\" itemscope=\"\" itemtype=\"https:\/\/schema.org\/Answer\">\n<p itemprop=\"text\">Schafschwanzfett wird auf traditionelle Weise verwendet, insbesondere in Haushalts- und Kochzubereitungen. Seine Verwendung h\u00e4ngt von kulturellen Praktiken und pers\u00f6nlichen Vorlieben ab.<\/p>\n<\/div>\n<\/div>\n<div itemprop=\"mainEntity\" itemscope=\"\" itemtype=\"https:\/\/schema.org\/Question\">\n<h3 itemprop=\"name\">Wie kann man Schafschwanzfett aufbewahren?<\/h3>\n<div itemprop=\"acceptedAnswer\" itemscope=\"\" itemtype=\"https:\/\/schema.org\/Answer\">\n<p itemprop=\"text\">Es wird empfohlen, das Schafschwanzfett an einem k\u00fchlen, trockenen Ort aufzubewahren, an dem es vor Hitze und Licht gesch\u00fctzt ist. Das Glas sollte nach jedem Gebrauch sorgf\u00e4ltig verschlossen werden.<\/p>\n<\/div>\n<\/div>\n<div itemprop=\"mainEntity\" itemscope=\"\" itemtype=\"https:\/\/schema.org\/Question\">\n<h3 itemprop=\"name\">Welches Format bietet Miel Store an?<\/h3>\n<div itemprop=\"acceptedAnswer\" itemscope=\"\" itemtype=\"https:\/\/schema.org\/Answer\">\n<p itemprop=\"text\">Das saudi-arabische Schafschwanzfett wird von Miel Store in Gl\u00e4sern mit einem ungef\u00e4hren Fassungsverm\u00f6gen von 120 bis 150 ml angeboten, je nach Verpackung.<\/p>\n<\/div>\n<\/div>\n<div itemprop=\"mainEntity\" itemscope=\"\" itemtype=\"https:\/\/schema.org\/Question\">\n<h3 itemprop=\"name\">Warum sollte man Schafschwanzfett bei Miel Store kaufen?<\/h3>\n<div itemprop=\"acceptedAnswer\" itemscope=\"\" itemtype=\"https:\/\/schema.org\/Answer\">\n<p itemprop=\"text\">Miel Store w\u00e4hlt traditionelle Produkte mit hohem Anspruch aus und bietet klare Informationen, eine sorgf\u00e4ltige Verpackung und einen schnellen Versand aus Frankreich.<\/p>\n<\/div>\n<\/div>\n<\/div>","protected":false},"excerpt":{"rendered":"<p>Schwanzfett von Schafen <strong>authentisch<\/strong>, Die meisten der von Miel Store aufgrund ihrer Qualit\u00e4t und ihres kulturellen Erbes ausgew\u00e4hlten Produkte werden in den USA hergestellt.<\/p>","protected":false},"featured_media":9509,"template":"","meta":[],"product_brand":[],"product_cat":[88],"product_tag":[],"class_list":{"0":"post-9508","1":"product","2":"type-product","3":"status-publish","4":"has-post-thumbnail","6":"product_cat-bien-etre","8":"first","9":"outofstock","10":"shipping-taxable","11":"purchasable","12":"product-type-simple"},"_links":{"self":[{"href":"https:\/\/www.miel-store.com\/de\/wp-json\/wp\/v2\/product\/9508","targetHints":{"allow":["GET"]}}],"collection":[{"href":"https:\/\/www.miel-store.com\/de\/wp-json\/wp\/v2\/product"}],"about":[{"href":"https:\/\/www.miel-store.com\/de\/wp-json\/wp\/v2\/types\/product"}],"wp:featuredmedia":[{"embeddable":true,"href":"https:\/\/www.miel-store.com\/de\/wp-json\/wp\/v2\/media\/9509"}],"wp:attachment":[{"href":"https:\/\/www.miel-store.com\/de\/wp-json\/wp\/v2\/media?parent=9508"}],"wp:term":[{"taxonomy":"product_brand","embeddable":true,"href":"https:\/\/www.miel-store.com\/de\/wp-json\/wp\/v2\/product_brand?post=9508"},{"taxonomy":"product_cat","embeddable":true,"href":"https:\/\/www.miel-store.com\/de\/wp-json\/wp\/v2\/product_cat?post=9508"},{"taxonomy":"product_tag","embeddable":true,"href":"https:\/\/www.miel-store.com\/de\/wp-json\/wp\/v2\/product_tag?post=9508"}],"curies":[{"name":"wp","href":"https:\/\/api.w.org\/{rel}","templated":true}]}}