{"id":9394,"date":"2026-01-10T19:03:45","date_gmt":"2026-01-10T18:03:45","guid":{"rendered":"https:\/\/www.miel-store.com\/?post_type=product&#038;p=9394"},"modified":"2026-04-26T01:21:38","modified_gmt":"2026-04-25T23:21:38","slug":"seife-kadettenol","status":"publish","type":"product","link":"https:\/\/www.miel-store.com\/de\/p\/savon-huile-de-cade","title":{"rendered":"Dermatologische Seife mit Cade\u00f6l - 70g"},"content":{"rendered":"<p>Die&nbsp;<strong>Seife mit Kadetten\u00f6l<\/strong> vorgeschlagen von <strong>Honig Store<\/strong> ist eine handgefertigte feste Seife, die wegen ihrer <strong>charakteristischer holziger Geruch<\/strong> und seine <strong>einfache Zusammensetzung<\/strong>. Sie wird aus traditionellen Inhaltsstoffen hergestellt und ist Teil einer authentischen Pflegeroutine, die sich an alten Br\u00e4uchen orientiert.<\/p>\n<p>Wenn Sie nach dem\u2019<strong>Kauf einer Seife mit Cade\u00f6l online bei Miel Store<\/strong>, Dieses Format <strong>70g<\/strong> ist ideal f\u00fcr den t\u00e4glichen Gebrauch oder um diese ikonische Seife ohne Kompromisse bei der Qualit\u00e4t kennenzulernen.<\/p>\n<h2>Eine traditionelle Seife mit kontrollierter Zusammensetzung<\/h2>\n<p>Bei <strong>Honig Store<\/strong>, Jede Seife wird nach ihrer Qualit\u00e4t ausgew\u00e4hlt. <strong>lesbare Formulierung<\/strong> und sein <strong>Einhaltung der Verseifungsmethoden<\/strong>. Diese Cade\u00f6lseife vereint Zutaten, die f\u00fcr ihre Verwendung bei der Herstellung traditioneller fester Seifen bekannt sind.<\/p>\n<ul>\n<li>Kadetten\u00f6l<\/li>\n<li>Schwefel<\/li>\n<li>Pflanzliche \u00d6le<\/li>\n<li>Glyzerin, das bei der Verseifung auf nat\u00fcrliche Weise entsteht<\/li>\n<li>Natrium palmitat<\/li>\n<li>Gereinigtes Wasser<\/li>\n<\/ul>\n<p>Die <strong>nat\u00fcrlich gebildetes Glyzerin<\/strong> w\u00e4hrend des Verseifungsprozesses tr\u00e4gt zur weichen Textur der Seife bei, w\u00e4hrend die Kombination von Kadetten\u00f6l und Schwefel Teil der Tradition der handwerklichen Seifenherstellung ist.<\/p>\n<h2>Warum sollte man bei Miel Store eine Seife mit Cade\u00f6l kaufen?<\/h2>\n<p>W\u00e4hlen Sie <strong>Honig Store<\/strong> f\u00fcr den Kauf Ihrer Cade\u00f6l-Seife ist es, einen Laden zu bevorzugen, der sich auf die <strong>rohe, traditionelle und anspruchsvoll ausgew\u00e4hlte Produkte<\/strong>. Diese feste Seife wird gesch\u00e4tzt f\u00fcr :<\/p>\n<ul>\n<li>Sein praktisches Format von 70g<\/li>\n<li>Sein intensiver, nat\u00fcrlicher Holzduft<\/li>\n<li>Seine kurze und transparente Zusammensetzung<\/li>\n<li>Seine einfache Integration in eine einfache Toilettenroutine<\/li>\n<\/ul>\n<p>Sie kann als Alltagsseife verwendet oder in eine Routine integriert werden, die von den <strong>traditionelle Schwefelseifen<\/strong>, Sie k\u00f6nnen auch in unserem Shop bestellt werden.<\/p>\n<h2>Ein koh\u00e4renter Ansatz mit Schwefelseifen<\/h2>\n<p>Diese Seife mit Kadetten\u00f6l enth\u00e4lt Schwefel, eine Zutat, die Sie in verschiedenen Formen bei Miel Store finden k\u00f6nnen. Um Ihre Auswahl zu vervollst\u00e4ndigen, entdecken Sie auch :<\/p>\n<ul>\n<li><a href=\"https:\/\/www.miel-store.com\/de\/p\/schwefelpulver\/\"> Schwefelpulver<\/a>, f\u00fcr einen rohen und traditionellen Ansatz<\/li>\n<li><a href=\"https:\/\/www.miel-store.com\/de\/p\/schwefelseife\/\"> Schwefelseife<\/a>, Die meisten Menschen sch\u00e4tzen die Einfachheit und den h\u00e4ufigen Gebrauch des Buches.<\/li>\n<\/ul>\n<h2>Kauf von Cade\u00f6lseife online - Schnelle Lieferung<\/h2>\n<p>Die <strong>Cade\u00f6lseife 70g Miel Store<\/strong> steht zum Online-Kauf mit einer <strong>schneller Versand<\/strong> und eine sorgf\u00e4ltige Verpackung. Eine ideale L\u00f6sung f\u00fcr diejenigen, die eine <strong>traditionelle feste Seife<\/strong>, Die meisten der von uns verwendeten Materialien sind sehr hochwertig, nicht \u00fcberfl\u00fcssig und sorgf\u00e4ltig ausgew\u00e4hlt.<\/p>\n<p>Bestellen Sie jetzt Ihr <strong>Seife mit Cade\u00f6l bei Miel Store<\/strong> und integrieren Sie ein zeitloses Produkt in Ihre t\u00e4gliche Routine.<\/p>\n<h2>FAQ<\/h2>\n<div itemscope=\"\" itemtype=\"https:\/\/schema.org\/FAQPage\">\n<div itemprop=\"mainEntity\" itemscope=\"\" itemtype=\"https:\/\/schema.org\/Question\">\n<h3 itemprop=\"name\">Was ist eine Kadetten\u00f6lseife?<\/h3>\n<div itemprop=\"acceptedAnswer\" itemscope=\"\" itemtype=\"https:\/\/schema.org\/Answer\">\n<p itemprop=\"text\">Cade\u00f6lseife ist eine traditionelle feste Seife, die aus Cade\u00f6l in Verbindung mit pflanzlichen \u00d6len hergestellt wird. Sie zeichnet sich durch ihren intensiven holzigen Duft aus und wird seit langem in der handwerklichen Seifenherstellung verwendet.<\/p>\n<\/div>\n<\/div>\n<div itemprop=\"mainEntity\" itemscope=\"\" itemtype=\"https:\/\/schema.org\/Question\">\n<h3 itemprop=\"name\">Was ist die Zusammensetzung der Kadetten\u00f6lseife Miel Store?<\/h3>\n<div itemprop=\"acceptedAnswer\" itemscope=\"\" itemtype=\"https:\/\/schema.org\/Answer\">\n<p itemprop=\"text\">Die Kadetten\u00f6lseife Honig Store wird aus Kadetten\u00f6l, Schwefel, pflanzlichen \u00d6len, Natriumpalmitat, gereinigtem Wasser und Glycerin, das bei der Verseifung nat\u00fcrlich entsteht, hergestellt.<\/p>\n<\/div>\n<\/div>\n<div itemprop=\"mainEntity\" itemscope=\"\" itemtype=\"https:\/\/schema.org\/Question\">\n<h3 itemprop=\"name\">Wozu dient eine Seife mit Cade\u00f6l?<\/h3>\n<div itemprop=\"acceptedAnswer\" itemscope=\"\" itemtype=\"https:\/\/schema.org\/Answer\">\n<p itemprop=\"text\">Cade\u00f6lseife wird als feste Toilettenseife in der t\u00e4glichen Hygieneroutine verwendet. Sie wird wegen ihres charakteristischen holzigen Geruchs und ihrer einfachen Zusammensetzung, die sich an traditionellen Br\u00e4uchen orientiert, gesch\u00e4tzt.<\/p>\n<\/div>\n<\/div>\n<div itemprop=\"mainEntity\" itemscope=\"\" itemtype=\"https:\/\/schema.org\/Question\">\n<h3 itemprop=\"name\">Enth\u00e4lt Kadetten\u00f6lseife Schwefel?<\/h3>\n<div itemprop=\"acceptedAnswer\" itemscope=\"\" itemtype=\"https:\/\/schema.org\/Answer\">\n<p itemprop=\"text\">Ja, die von Miel Store angebotene Cade\u00f6lseife enth\u00e4lt Schwefel, eine Zutat, die h\u00e4ufig bei der Herstellung traditioneller Seifen verwendet wird und auch in anderen Formen im Shop erh\u00e4ltlich ist.<\/p>\n<\/div>\n<\/div>\n<div itemprop=\"mainEntity\" itemscope=\"\" itemtype=\"https:\/\/schema.org\/Question\">\n<h3 itemprop=\"name\">Wie gro\u00df ist der Inhalt der Seife mit Cade\u00f6l?<\/h3>\n<div itemprop=\"acceptedAnswer\" itemscope=\"\" itemtype=\"https:\/\/schema.org\/Answer\">\n<p itemprop=\"text\">Diese Cade\u00f6lseife wird in einer festen Gr\u00f6\u00dfe von 70 Gramm angeboten. Sie ist praktisch f\u00fcr den t\u00e4glichen Gebrauch oder um diese traditionelle Art von Seife kennenzulernen.<\/p>\n<\/div>\n<\/div>\n<div itemprop=\"mainEntity\" itemscope=\"\" itemtype=\"https:\/\/schema.org\/Question\">\n<h3 itemprop=\"name\">Warum sollte man bei Miel Store eine Seife mit Cade\u00f6l kaufen?<\/h3>\n<div itemprop=\"acceptedAnswer\" itemscope=\"\" itemtype=\"https:\/\/schema.org\/Answer\">\n<p itemprop=\"text\">Wenn Sie bei Miel Store eine Seife mit Cade\u00f6l kaufen, entscheiden Sie sich f\u00fcr einen Shop, der auf traditionelle Produkte spezialisiert ist, mit einer sorgf\u00e4ltigen Auswahl, einer transparenten Zusammensetzung und einem schnellen Versand aus Frankreich.<\/p>\n<\/div>\n<\/div>\n<\/div>","protected":false},"excerpt":{"rendered":"<p><strong>Zutaten<\/strong> : Kadetten\u00f6l, Schwefel, pflanzliche \u00d6le, Glyzerin, das bei der Verseifung nat\u00fcrlich entsteht, Sodium Palmitate, gereinigtes Wasser.<\/p>","protected":false},"featured_media":9395,"template":"","meta":[],"product_brand":[],"product_cat":[88,89],"product_tag":[],"class_list":{"0":"post-9394","1":"product","2":"type-product","3":"status-publish","4":"has-post-thumbnail","6":"product_cat-bien-etre","7":"product_cat-cosmetiques","9":"first","10":"instock","11":"shipping-taxable","12":"purchasable","13":"product-type-simple"},"_links":{"self":[{"href":"https:\/\/www.miel-store.com\/de\/wp-json\/wp\/v2\/product\/9394","targetHints":{"allow":["GET"]}}],"collection":[{"href":"https:\/\/www.miel-store.com\/de\/wp-json\/wp\/v2\/product"}],"about":[{"href":"https:\/\/www.miel-store.com\/de\/wp-json\/wp\/v2\/types\/product"}],"wp:featuredmedia":[{"embeddable":true,"href":"https:\/\/www.miel-store.com\/de\/wp-json\/wp\/v2\/media\/9395"}],"wp:attachment":[{"href":"https:\/\/www.miel-store.com\/de\/wp-json\/wp\/v2\/media?parent=9394"}],"wp:term":[{"taxonomy":"product_brand","embeddable":true,"href":"https:\/\/www.miel-store.com\/de\/wp-json\/wp\/v2\/product_brand?post=9394"},{"taxonomy":"product_cat","embeddable":true,"href":"https:\/\/www.miel-store.com\/de\/wp-json\/wp\/v2\/product_cat?post=9394"},{"taxonomy":"product_tag","embeddable":true,"href":"https:\/\/www.miel-store.com\/de\/wp-json\/wp\/v2\/product_tag?post=9394"}],"curies":[{"name":"wp","href":"https:\/\/api.w.org\/{rel}","templated":true}]}}