{"id":8930,"date":"2025-12-16T19:15:38","date_gmt":"2025-12-16T18:15:38","guid":{"rendered":"https:\/\/www.miel-store.com\/?post_type=product&#038;p=8930"},"modified":"2026-01-05T15:45:51","modified_gmt":"2026-01-05T14:45:51","slug":"himbeerhonig","status":"publish","type":"product","link":"https:\/\/www.miel-store.com\/de\/p\/miel-a-la-framboise","title":{"rendered":"Franz\u00f6sischer handwerklicher Honig mit Himbeere - 250g Topf - Tr\u00e9sors du Golfe"},"content":{"rendered":"<p>Sie m\u00f6chten einen&nbsp;<strong>Himbeerhonig<\/strong> authentisch, das die Geschmacksknospen auf eine Reise schickt und den <strong>franz\u00f6sisches handwerkliches Know-how<\/strong>&nbsp;? Diese <strong>250g Topf<\/strong> unterzeichnet <strong>Sch\u00e4tze des Golfs<\/strong> verf\u00fchrt die Liebhaber origineller S\u00fc\u00dfigkeiten. Diese <strong>Zubereitung auf Honigbasis<\/strong> vereint dank sorgf\u00e4ltig ausgew\u00e4hlter Zutaten auf subtile Weise S\u00fc\u00dfe und fruchtige Kraft. Hinter jedem Glas verbirgt sich ein starkes Engagement f\u00fcr Qualit\u00e4t, Tradition und Respekt f\u00fcr die Region. Lassen Sie sich in die Geheimnisse dieser au\u00dfergew\u00f6hnlichen K\u00f6stlichkeit einweihen, die ideal f\u00fcr alle Ihre s\u00fc\u00dfen oder herzhaften Gel\u00fcste ist.<\/p>\n<h2>Eine subtile Verbindung zwischen handgemachtem Honig und gefriergetrockneten Himbeeren<\/h2>\n<p>Die Vereinigung des <strong>Allbl\u00fctenhonig Herkunft Frankreich<\/strong> mit <strong>gefriergetrocknete Himbeere<\/strong> offenbart ein seltenes Gleichgewicht. Die s\u00fc\u00dfe Zartheit des <strong>handwerklicher Honig<\/strong> verbindet sich perfekt mit der s\u00e4uerlichen Intensit\u00e4t der Himbeere und sorgt f\u00fcr ein ebenso nat\u00fcrliches wie originelles Geschmackserlebnis. Die <strong>handwerkliche Herstellung<\/strong> wertet jede Zutat auf und garantiert Frische und Authentizit\u00e4t w\u00e4hrend des gesamten Prozesses.<\/p>\n<p>Wenn Sie gerne gleich zu Beginn des Tages eine s\u00fc\u00dfe Note genie\u00dfen, ist es interessant zu betonen, dass <a href=\"https:\/\/www.miel-store.com\/de\/morgens-honig-essen\/\">Honig zum Fr\u00fchst\u00fcck konsumieren<\/a> bietet eine nat\u00fcrliche Energiequelle, die auch das S\u00e4ttigungsgef\u00fchl f\u00f6rdert. Jeder Topf profitiert von einem <strong>althergebrachtes Know-how<\/strong> wobei alle Aromen des Honigs erhalten bleiben. Die Zugabe von <strong>gefriergetrocknete Himbeeren (8%)<\/strong> veredelt diese Zubereitung, w\u00e4hrend ein Hauch von\u2019<strong>nat\u00fcrliches Himbeeraroma (0,4%)<\/strong> intensiviert den aromatischen Reichtum noch weiter. Das Ergebnis: eine cremige Textur, ein einzigartig fruchtiger Geschmack und eine <strong>fruchtige S\u00fc\u00dfe<\/strong> bereit, Ihre Butterbrote oder kreativen Rezepte zu verwandeln.<\/p>\n<h3>Die Schl\u00fcsseletappen der franz\u00f6sischen Herstellung<\/h3>\n<p>Alles beginnt mit der Ernte des <strong>franz\u00f6sischer Allbl\u00fctenhonig<\/strong>, Die Bl\u00fcten werden ausschlie\u00dflich in Frankreich hergestellt. Die gesammelten Bl\u00fcten variieren je nach Jahreszeit und verleihen dem organoleptischen Profil des Produkts Komplexit\u00e4t und Reichtum. Anschlie\u00dfend wird die sorgf\u00e4ltige Integration der <strong>gefriergetrocknete Himbeere<\/strong> sorgt daf\u00fcr, dass die leuchtende Farbe und der intensive Geschmack erhalten bleiben.<\/p>\n<p>Die Mischung wird sorgf\u00e4ltig bearbeitet, um eine homogene Konsistenz zu erreichen, ohne die N\u00e4hrwerte des <strong>handwerklicher Honig<\/strong>. Die <strong>franz\u00f6sische Herstellung<\/strong> h\u00e4lt sich an jeden Schritt und vermeidet \u00fcberm\u00e4\u00dfiges Erhitzen. Schlie\u00dflich ist die Verpackung in <strong>250g Topf<\/strong> garantiert Praktikabilit\u00e4t und optimale Aufbewahrung, sei es f\u00fcr den t\u00e4glichen Gebrauch oder als Geschenk.<\/p>\n<h3>Die Bedeutung der Gefriertrocknung von Himbeeren<\/h3>\n<p>Die <strong>Gefriertrocknung<\/strong> besteht darin, den Himbeeren das Wasser zu entziehen, w\u00e4hrend ihr Duft, ihre Farbe und ihre N\u00e4hrstoffe erhalten bleiben. In dieser <strong>Zubereitung auf Honigbasis<\/strong>, Diese Technik hat mehrere Vorteile: bessere Haltbarkeit, konzentrierte Aromen und eine angenehme Textur. Kleine, knackige Splitter verschmelzen so mit dem <strong>handwerklicher Honig<\/strong>.<\/p>\n<p>Neben seinem geschmacklichen Aspekt besitzt Honig nat\u00fcrlich auch positive Eigenschaften, insbesondere wenn man seinen Organismus bei einer Erk\u00e4ltung unterst\u00fctzen m\u00f6chte: Es gibt Zubereitungen wie den <a href=\"https:\/\/www.miel-store.com\/de\/p\/honig-erkaltung\/\">Honig, angereichert mit nat\u00fcrlichen Extrakten, die den Hals beruhigen<\/a> die in den Wintermonaten empfohlen werden. So ist die Reinheit des <strong>Honig<\/strong> wird bewahrt und die <strong>fruchtige S\u00fc\u00dfe<\/strong> der Himbeere im Mund explodieren. Bei dieser Methode werden auch keine Konservierungs- oder Zusatzstoffe hinzugef\u00fcgt - f\u00fcr ein einfaches Rezept : <strong>91,6% Franz\u00f6sischer Allbl\u00fctenhonig<\/strong>, <strong>8% gefriergetrocknete Himbeere<\/strong> und <strong>0,4% nat\u00fcrliches Aroma<\/strong>.<\/p>\n<h2>Warum sollte man sich f\u00fcr einen 250g-Topf aus handwerklicher franz\u00f6sischer Herstellung entscheiden?<\/h2>\n<p>Unterst\u00fctzen Sie die <strong>franz\u00f6sische Produzenten<\/strong> und bevorzugen die <strong>handwerkliche Herstellung<\/strong> bietet viele Vorteile. Die R\u00fcckverfolgbarkeit ist vorbildlich, die <strong>Herkunftsgarantie Frankreich<\/strong> sorgt f\u00fcr eine Geschmacksvielfalt, die jeder Region eigen ist, und das Format <strong>250g Topf<\/strong> erweist sich als ideal: gro\u00dfz\u00fcgig, aber leicht zu transportieren oder zu verschenken.<\/p>\n<p>Die Wahl einer <strong>Zubereitung auf Honigbasis<\/strong> wie diese, bedeutet, die Arbeit von leidenschaftlichen Imkern zu unterst\u00fctzen, die sich f\u00fcr die biologische Vielfalt und die Vitalit\u00e4t ihrer Bienenst\u00f6cke einsetzen. Entscheiden Sie sich f\u00fcr einen <strong>honig mit himbeeren handwerkliche herstellung<\/strong>, Das bedeutet, das Beste des lokalen gastronomischen Erbes zu genie\u00dfen und gleichzeitig das Know-how in Frankreich zu unterst\u00fctzen.<\/p>\n<h3>Die wichtigsten Qualit\u00e4tskriterien<\/h3>\n<p>Um die Exzellenz dieser <strong>fruchtige S\u00fc\u00dfe<\/strong>, sollten einige Punkte beachtet werden. Zun\u00e4chst einmal ist die Transparenz \u00fcber die\u2019<strong>Herkunft Frankreich<\/strong> des Honigs, die durch unabh\u00e4ngige Kontrollen best\u00e4tigt wurde. Zweitens Klarheit \u00fcber das Verh\u00e4ltnis der verwendeten Zutaten in der <strong>Zubereitung auf Honigbasis<\/strong>.<\/p>\n<p>Die Erw\u00e4hnung <strong>handwerkliche Herstellung<\/strong> bedeutet traditionelle Verfahren, die in der Regel in kleinem Ma\u00dfstab durchgef\u00fchrt werden, und eine kurze Zutatenliste: nur <strong>franz\u00f6sischer Allbl\u00fctenhonig<\/strong>, <strong>gefriergetrocknete Himbeere<\/strong> und <strong>nat\u00fcrliches Aroma<\/strong>. Es werden keine Texturierungsmittel oder k\u00fcnstlichen Konservierungsstoffe hinzugef\u00fcgt, da das Verfahren selbst eine nat\u00fcrliche Konservierung in diesen <strong>250g Gl\u00e4ser<\/strong>.<\/p>\n<h3>Gourmet-Ideen f\u00fcr die Verwendung von Himbeerhonig<\/h3>\n<p>Diese <strong>Zubereitung auf Honigbasis<\/strong> er\u00f6ffnet tausend kulinarische M\u00f6glichkeiten. Mit ein paar L\u00f6ffeln verfeinern Sie Naturjoghurt, Pfannkuchen oder K\u00e4sepaste. In der salzigen Variante rundet er Dressings ab und verfeinert Ziegenk\u00e4se oder G\u00e4nseleberpastete mit seinem Aroma. <strong>fruchtige S\u00fc\u00dfe<\/strong>.<\/p>\n<p>R\u00fchren Sie diesen <strong>Himbeerhonig<\/strong> in einem Financier oder einem marmorierten Kuchen f\u00fcr eine ganz neue Note. Um Ihre G\u00e4ste zu \u00fcberraschen, geben Sie eine Haselnuss in einen Salat aus frischen roten Fr\u00fcchten. Seine cremige Textur und sein intensiver Duft verleihen sowohl einfachen als auch anspruchsvollen Gerichten Dynamik.<\/p>\n<ul>\n<li><strong>Tischdecke<\/strong> f\u00fcr Pfannkuchen, Waffeln oder Brioches<\/li>\n<li><strong>Topping<\/strong> f\u00fcr Quark oder Granola<\/li>\n<li><strong>Basis f\u00fcr s\u00fc\u00df-saure Sauce<\/strong> f\u00fcr gebratenes Gefl\u00fcgel<\/li>\n<li><strong>Tipp<\/strong> um ein Fruchttiramisu neu zu interpretieren<\/li>\n<\/ul>\n<h2>H\u00e4ufig gestellte Fragen zu Himbeerhonig handwerkliche Herstellung<\/h2>\n<div itemscope=\"\" itemtype=\"https:\/\/schema.org\/FAQPage\">\n<div itemprop=\"mainEntity\" itemscope=\"\" itemtype=\"https:\/\/schema.org\/Question\">\n<h3 itemprop=\"name\">Was sind die genauen Zutaten f\u00fcr diese Honigzubereitung mit Himbeeren?<\/h3>\n<div itemprop=\"acceptedAnswer\" itemscope=\"\" itemtype=\"https:\/\/schema.org\/Answer\">\n<div itemprop=\"text\">Die Zutaten sind bewusst einfach gehalten, um die Authentizit\u00e4t des Produkts zu bewahren. Dieses Pr\u00e4parat enth\u00e4lt:<\/p>\n<ul>\n<li><strong>91,6% Allbl\u00fctenhonig mit Ursprung in Frankreich<\/strong><\/li>\n<li><strong>8% gefriergetrocknete Himbeere<\/strong><\/li>\n<li><strong>0,4% nat\u00fcrliches Himbeeraroma<\/strong><\/li>\n<\/ul>\n<p>Diese Zusammensetzung sorgt f\u00fcr ein perfektes Gleichgewicht zwischen den blumigen Aromen des Honigs und der s\u00e4uerlichen Note der Himbeere.<\/p><\/div>\n<\/div>\n<\/div>\n<div itemprop=\"mainEntity\" itemscope=\"\" itemtype=\"https:\/\/schema.org\/Question\">\n<h3 itemprop=\"name\">Wie bewahre ich ein 250g-Glas Himbeerhonig aus handwerklicher Herstellung auf?<\/h3>\n<div itemprop=\"acceptedAnswer\" itemscope=\"\" itemtype=\"https:\/\/schema.org\/Answer\">\n<div itemprop=\"text\">Eine <strong>250g Topf<\/strong> l\u00e4sst sich ganz einfach in einem trockenen Schrank bei Raumtemperatur aufbewahren. Verschlie\u00dfen Sie ihn einfach luftdicht, um den Inhalt vor Feuchtigkeit zu sch\u00fctzen und alle Aromen zu bewahren. Es ist nicht n\u00f6tig, den Honig in den K\u00fchlschrank zu stellen. Dank des Vorhandenseins von <strong>gefriergetrocknete Himbeeren<\/strong>, In der Regel sind die Geschm\u00e4cker dauerhaft stabil.<\/p>\n<ul>\n<li>Standort ohne direktes Licht<\/li>\n<li>Nicht \u00fcberm\u00e4\u00dfiger Hitze aussetzen<\/li>\n<li>Denken Sie daran, den Deckel nach Gebrauch wieder gut zu verschlie\u00dfen.<\/li>\n<\/ul>\n<\/div>\n<\/div>\n<\/div>\n<div itemprop=\"mainEntity\" itemscope=\"\" itemtype=\"https:\/\/schema.org\/Question\">\n<h3 itemprop=\"name\">Welche Verwendungsm\u00f6glichkeiten f\u00fcr Himbeerhonig in der K\u00fcche gibt es?<\/h3>\n<div itemprop=\"acceptedAnswer\" itemscope=\"\" itemtype=\"https:\/\/schema.org\/Answer\">\n<div itemprop=\"text\">Die <strong>Himbeerhonig<\/strong> passt sowohl zu Desserts als auch zu herzhaften Gerichten. Man kann ihn auf einem Toast, in einem Joghurt, zum S\u00fc\u00dfen eines Hei\u00dfgetr\u00e4nks oder auch als letzten Schliff auf einem Obstsalat verwenden. Manche Menschen zweckentfremden ihn auch gerne als Beilage zu einer K\u00e4seplatte.<\/p>\n<ol>\n<li>Desserts: \u00dcberzug, Topping, Einlage in Geb\u00e4ck<\/li>\n<li>Salzige K\u00fcche: Marinade, Sauce f\u00fcr helles Fleisch oder fruchtige Vinaigrette<\/li>\n<\/ol>\n<p>Seine Vielseitigkeit macht es zu einer originellen Zutat, die h\u00e4ufig auf Partys oder bei geselligen Brunches verwendet wird.<\/p><\/div>\n<\/div>\n<\/div>\n<div itemprop=\"mainEntity\" itemscope=\"\" itemtype=\"https:\/\/schema.org\/Question\">\n<h3 itemprop=\"name\">Was ist der Unterschied zwischen Himbeerhonig und anderen Fruchtzubereitungen?<\/h3>\n<div itemprop=\"acceptedAnswer\" itemscope=\"\" itemtype=\"https:\/\/schema.org\/Answer\">\n<div itemprop=\"text\">Diese Spezialit\u00e4t verdankt ihre Einzigartigkeit der ausschlie\u00dflichen Kombination von <strong>franz\u00f6sischer Allbl\u00fctenhonig<\/strong> und <strong>gefriergetrocknete Himbeeren<\/strong>. Im Vergleich zu einer einfachen Konfit\u00fcre oder einem Gelee bewahrt diese Art der Zubereitung die nat\u00fcrlichen Vorteile des Honigs, der reich an Enzymen und Antioxidantien ist, und ist gleichzeitig weniger reich an Zuckerzusatz.<\/p>\n<table>\n<tbody>\n<tr>\n<th>Art des Produkts<\/th>\n<th>Hauptinhaltsstoff<\/th>\n<th>Gehalt an zugesetztem Zucker<\/th>\n<th>Textur<\/th>\n<\/tr>\n<tr>\n<td><strong>Honig mit Himbeeren<\/strong><\/td>\n<td>Honig, gefriergetrocknete Himbeeren<\/td>\n<td>Keine<\/td>\n<td>Cremig, geschmeidig<\/td>\n<\/tr>\n<tr>\n<td>Klassische Konfit\u00fcre<\/td>\n<td>Fr\u00fcchte, Zucker<\/td>\n<td>Hoch<\/td>\n<td>Gelifera<\/td>\n<\/tr>\n<tr>\n<td>Fruchtgelee<\/td>\n<td>Fruchtsaft, Zucker<\/td>\n<td>Sehr hoch<\/td>\n<td>Fest, gl\u00e4nzend<\/td>\n<\/tr>\n<\/tbody>\n<\/table>\n<p>Die Ausgewogenheit von Geschmack und Gesundheit kennzeichnet insbesondere die <strong>Zubereitung auf Honigbasis mit Himbeeren<\/strong> aus der <strong>handwerkliche franz\u00f6sische Herstellung<\/strong>.<\/div>\n<\/div>\n<\/div>\n<\/div>","protected":false},"excerpt":{"rendered":"<p><strong>Zusammensetzung :<\/strong><\/p>\n<p>91,6% Honig alle Blumen Frankreich<\/p>\n<p>8% gefriergetrocknete Himbeeren <\/p>\n<p>0,4% nat\u00fcrliches Himbeeraroma.<\/p>","protected":false},"featured_media":8931,"template":"","meta":[],"product_brand":[],"product_cat":[77,126],"product_tag":[],"class_list":{"0":"post-8930","1":"product","2":"type-product","3":"status-publish","4":"has-post-thumbnail","6":"product_cat-miel-du-monde","7":"product_cat-miel-francais","9":"first","10":"instock","11":"shipping-taxable","12":"purchasable","13":"product-type-simple"},"_links":{"self":[{"href":"https:\/\/www.miel-store.com\/de\/wp-json\/wp\/v2\/product\/8930","targetHints":{"allow":["GET"]}}],"collection":[{"href":"https:\/\/www.miel-store.com\/de\/wp-json\/wp\/v2\/product"}],"about":[{"href":"https:\/\/www.miel-store.com\/de\/wp-json\/wp\/v2\/types\/product"}],"wp:featuredmedia":[{"embeddable":true,"href":"https:\/\/www.miel-store.com\/de\/wp-json\/wp\/v2\/media\/8931"}],"wp:attachment":[{"href":"https:\/\/www.miel-store.com\/de\/wp-json\/wp\/v2\/media?parent=8930"}],"wp:term":[{"taxonomy":"product_brand","embeddable":true,"href":"https:\/\/www.miel-store.com\/de\/wp-json\/wp\/v2\/product_brand?post=8930"},{"taxonomy":"product_cat","embeddable":true,"href":"https:\/\/www.miel-store.com\/de\/wp-json\/wp\/v2\/product_cat?post=8930"},{"taxonomy":"product_tag","embeddable":true,"href":"https:\/\/www.miel-store.com\/de\/wp-json\/wp\/v2\/product_tag?post=8930"}],"curies":[{"name":"wp","href":"https:\/\/api.w.org\/{rel}","templated":true}]}}