{"id":8835,"date":"2025-11-10T10:41:32","date_gmt":"2025-11-10T09:41:32","guid":{"rendered":"https:\/\/www.miel-store.com\/?post_type=product&#038;p=8835"},"modified":"2026-04-17T18:44:58","modified_gmt":"2026-04-17T16:44:58","slug":"schwefelseife","status":"publish","type":"product","link":"https:\/\/www.miel-store.com\/de\/p\/savon-au-soufre","title":{"rendered":"Handgemachte Schwefelseife - 120g"},"content":{"rendered":"<p>Die&nbsp;<strong>Schwefelseife<\/strong> erf\u00e4hrt in den letzten Jahren ein erneutes Interesse, und es ist nicht schwer zu verstehen, warum. Seit langem verwendet in <strong>dermatologische Pflege<\/strong>, Das gelbe Br\u00f6tchen zieht die Aufmerksamkeit auf sich, sowohl wegen seiner <strong>reinigende Eigenschaften<\/strong> als auch f\u00fcr seine Wirksamkeit gegen verschiedene <strong>Hauterkrankungen<\/strong>.<\/p>\n<p>Ob Sie eine&nbsp;<strong>fettige Haut<\/strong> Auf der Suche nach matter Haut oder bei Beschwerden wie Akne, Ekzemen oder Schuppenflechte kann Schwefelseife zu einem unverzichtbaren Bestandteil Ihrer t\u00e4glichen Routine werden. Hier ist alles, was Sie \u00fcber diesen Verb\u00fcndeten aus der Welt der Mineralien wissen m\u00fcssen.<\/p>\n<h2>Was ist Schwefelseife?<\/h2>\n<p>Auf den ersten Blick ist der <strong>Schwefelseife<\/strong> sieht aus wie jede andere feste Seife, aber ihre Zusammensetzung unterscheidet sich durch den Zusatz von <strong>Schwefel<\/strong>. Dieser nat\u00fcrliche Bestandteil, der vor allem f\u00fcr seinen erkennbaren Geruch bekannt ist, spielt eine Schl\u00fcsselrolle bei der Bew\u00e4ltigung vieler <strong>Hautprobleme<\/strong>.<\/p>\n<p>Schwefel ist seit Jahrhunderten ber\u00fchmt f\u00fcr seine&nbsp;<strong>Vorteile f\u00fcr die Haut<\/strong>, Dies erkl\u00e4rt, warum es in vielen traditionellen dermatologischen Behandlungen vorkommt.<\/p>\n<p>Im Allgemeinen verbindet diese Kategorie von Seife <strong>Schwefel<\/strong> und pflanzliche Basen, wie Oliven- oder Kokos\u00f6l, f\u00fcr eine sanfte Reinigung ohne aggressives Gef\u00fchl.<\/p>\n<p>Einige Hersteller bevorzugen sogar Verfahren&nbsp;<strong>handwerklich<\/strong> um eine bessere Toleranz zu gew\u00e4hrleisten, insbesondere auf <strong>spr\u00f6de oder trockene Haut<\/strong>.<\/p>\n<p>Wenn man von&nbsp;<strong>handgemachte Schwefelseife<\/strong>, Das bedeutet oft, dass auf die Qualit\u00e4t der Inhaltsstoffe geachtet wurde, um das Gleichgewicht der Haut zu erhalten.<\/p>\n<h2>Warum sollte man Schwefelseife f\u00fcr die Hautpflege verwenden?<\/h2>\n<p>Das Hauptinteresse des <strong>Schwefelseife<\/strong> liegt in ihrer F\u00e4higkeit <strong>die Talgproduktion regulieren<\/strong>, Dies macht sie zu einer guten Wahl f\u00fcr Menschen mit einer <strong>fettige Haut<\/strong>. Unreinheiten und \u00fcbersch\u00fcssiger Talg verursachen oft Sorgen wie Mitesser, Aknepickel oder sogar ein unerw\u00fcnschtes gl\u00e4nzendes Aussehen.<\/p>\n<p>Dank seiner&nbsp;<strong>reinigende Eigenschaften<\/strong>, Diese Art von Seife hilft, die Poren zu entleeren. Es lohnt sich auch, auf andere nat\u00fcrliche Alternativen mit hohem Lipidgehalt zur\u00fcckzugreifen, um die Pflege zu begleiten, wie z. B. die <a href=\"https:\/\/www.miel-store.com\/de\/cp\/pflanzenole\/\">Pflanzen\u00f6le<\/a>, Sie sind bekannt f\u00fcr ihre Kompatibilit\u00e4t mit menschlichem Sebum und ihre F\u00e4higkeit, fettige oder zu Akne neigende Haut wieder ins Gleichgewicht zu bringen.<\/p>\n<p>Manche Menschen w\u00e4hlen diese nat\u00fcrliche L\u00f6sung auch zur Linderung von <strong>chronische Hauterkrankungen<\/strong>. Zum Beispiel <strong>Psoriasis<\/strong> und die\u2019<strong>Ekzem<\/strong> sind zwei Probleme, bei denen die Schwefelseife ihren Nutzen unter Beweis stellt, vor allem wenn sie zus\u00e4tzlich zu anderen geeigneten Pflegeprodukten verwendet wird.<\/p>\n<p>Nat\u00fcrlich ersetzt sie niemals einen \u00e4rztlichen Rat, aber sie findet leicht ihren Platz in einer Routine, die auf die spezifischen Bed\u00fcrfnisse jedes Hauttyps abgestimmt ist.<\/p>\n<h2>Wie w\u00e4hlt und verwendet man Schwefelseife?<\/h2>\n<h3>Was sind die Kriterien f\u00fcr die Auswahl einer guten Seife?<\/h3>\n<p>Die <strong>Zusammensetzung<\/strong> ist und bleibt der beste Qualit\u00e4tsindikator. Um das Risiko von Irritationen zu vermeiden, bevorzugen Sie ein <strong>\u00fcberfettete Seife<\/strong> mit pflanzlichen \u00d6len angereichert ist, hilft, den nat\u00fcrlichen Hydrolipidfilm der Haut zu erhalten. Diese Vorsichtsma\u00dfnahme richtet sich vor allem an <strong>spr\u00f6de oder trockene Haut<\/strong>, Sie sind anf\u00e4lliger f\u00fcr Dehydrierung. Eine echte <strong>handgemachte Seife<\/strong> zeigt in der Regel weniger aggressive synthetische Stoffe oder Konservierungsmittel. Die punktuelle Verwendung bestimmter nat\u00fcrlicher Inhaltsstoffe, wie z. B. die <a href=\"https:\/\/www.miel-store.com\/de\/p\/nilapulver\/\">aufhellender Nila-Puder<\/a> kann dank seiner entz\u00fcndungshemmenden Eigenschaften die Pflegeroutine wirksam erg\u00e4nzen und so auf unterschiedliche Hautbed\u00fcrfnisse eingehen.<\/p>\n<p>Es ist auch relevant, den Prozentsatz der <strong>integrierter Schwefel<\/strong>&nbsp;: Im Allgemeinen ist eine Konzentration zwischen 5 % und 10 % f\u00fcr die t\u00e4gliche Anwendung im Gesicht oder auf dem K\u00f6rper geeignet. Hier sind einige Dinge, die Sie bei der Auswahl beachten sollten:<\/p>\n<ul>\n<li><strong>Schwefelgehalt<\/strong> (idealerweise auf der Verpackung angegeben)<\/li>\n<li>Vorhandensein von <strong>feuchtigkeitsspendende Komponenten<\/strong> (Kokosnuss\u00f6l, Karit\u00e9\u00f6l, Oliven\u00f6l...)<\/li>\n<li>Herstellungsmethode (<strong>Kaltverseifung<\/strong> f\u00fcr handgemachte Seifen)<\/li>\n<li>Keine synthetischen Duftstoffe oder k\u00fcnstlichen Farbstoffe<\/li>\n<\/ul>\n<h3>Welche Nutzungsmethode sollte man anwenden?<\/h3>\n<p>Zur Integration des <strong>Schwefelseife<\/strong> zu seiner Routine machen, zun\u00e4chst alle zwei Tage anwenden und dann die H\u00e4ufigkeit je nach Hautvertr\u00e4glichkeit anpassen. Feuchten Sie das Brot leicht an, lassen Sie es in den H\u00e4nden aufsch\u00e4umen und tragen Sie den Schaum dann in kreisenden Bewegungen auf das Gesicht oder den K\u00f6rper auf. Es geht nicht darum, kr\u00e4ftig zu reiben, da dies die Hautbarriere sensibilisieren k\u00f6nnte, vor allem wenn die Haut bereits R\u00f6tungen oder Juckreiz aufgrund von\u2019<strong>Ekzem<\/strong> oder im <strong>Psoriasis<\/strong>.<\/p>\n<p>Tragen Sie nach dem Absp\u00fclen eine <strong>nicht komedogene Feuchtigkeitscreme<\/strong> verhindert, dass die Haut spannt. Diese Praxis erweist sich als vorteilhaft, um ein m\u00f6gliches Austrocknen, das durch die reinigende Wirkung des Schwefels hervorgerufen wird, zu begrenzen, insbesondere bei Personen mit einer <strong>d\u00fcnne oder reaktive Haut<\/strong>.<\/p>\n<h2>Was sind die Vorteile und Grenzen von Schwefelseife?<\/h2>\n<p>Die <strong>dermatologische Eigenschaften<\/strong> des Schwefels verschaffen ihm einen Platz unter den <strong>wirksame nat\u00fcrliche Pflege<\/strong> f\u00fcr die Epidermis. Dank seiner Wirkung <strong>antibakteriell und antimykotisch<\/strong>, Dieses Produkt hilft, eine <strong>reine Haut<\/strong>. Es zeichnet sich durch seine F\u00e4higkeit aus, bestimmte Anzeichen im Zusammenhang mit <strong>h\u00e4ufige Hauterkrankungen<\/strong>&nbsp;: Juckreizgef\u00fchl, rote Flecken, lokale Reizungen.<\/p>\n<p>Dennoch ist der <strong>Schwefelseife<\/strong> ist nicht f\u00fcr jeden geeignet. Die <strong>extrem empfindliche oder sehr trockene Haut<\/strong> k\u00f6nnen nach wiederholter Anwendung Unbehagen oder Irritationen versp\u00fcren. Im Folgenden finden Sie eine \u00dcbersichtstabelle mit den wichtigsten Vorz\u00fcgen und Aspekten, die bei der Verwendung zu beachten sind:<\/p>\n<table>\n<tbody>\n<tr>\n<th>Vorteile<\/th>\n<th>Zu beachtende Punkte<\/th>\n<\/tr>\n<tr>\n<td>\n<ul>\n<li><strong>Regulierung des Talgs<\/strong> auf fettiger Haut<\/li>\n<li>Wirksamkeit in Erg\u00e4nzung zu <strong>Aknebehandlung<\/strong><\/li>\n<li><strong>Linderung von Psoriasis und Ekzemen<\/strong><\/li>\n<li><strong>Nat\u00fcrliche reinigende Eigenschaften<\/strong><\/li>\n<\/ul>\n<\/td>\n<td>\n<ul>\n<li><strong>Austrocknung m\u00f6glich<\/strong> bei empfindlicher oder trockener Haut<\/li>\n<li>Der Geruch kann \u00fcberraschen<\/li>\n<li>Sollte nicht als Ersatz f\u00fcr <strong>medizinische Versorgung<\/strong> f\u00fcr ernste Leiden<\/li>\n<\/ul>\n<\/td>\n<\/tr>\n<\/tbody>\n<\/table>\n<p>Sowohl bei regelm\u00e4\u00dfigem als auch bei gelegentlichem Gebrauch beliebt, ist der <strong>Schwefelseife<\/strong> bietet sich somit als wirksame Alternative zu vielen herk\u00f6mmlichen Produkten f\u00fcr eine <strong>gezielte Hygiene<\/strong> und hautfreundlich.<\/p>\n<h2>H\u00e4ufig gestellte Fragen zur Verwendung von Schwefelseife<\/h2>\n<div itemscope=\"\" itemtype=\"https:\/\/schema.org\/FAQPage\">\n<div itemprop=\"mainEntity\" itemscope=\"\" itemtype=\"https:\/\/schema.org\/Question\">\n<h3 itemprop=\"name\">Kann man Schwefelseife jeden Tag verwenden?<\/h3>\n<div itemprop=\"acceptedAnswer\" itemscope=\"\" itemtype=\"https:\/\/schema.org\/Answer\">\n<div itemprop=\"text\">\n<p>Der t\u00e4gliche Gebrauch h\u00e4ngt vor allem vom <strong>Hauttyp<\/strong>. Auf einer <strong>fettige Haut<\/strong> oder anf\u00e4llig f\u00fcr Unvollkommenheiten ist, kann ein t\u00e4glicher Gebrauch gesch\u00e4tzt werden. F\u00fcr die <strong>spr\u00f6de oder trockene Haut<\/strong>, Wenn Sie Ihre Haut nicht mehr als zwei- bis dreimal pro Woche pflegen wollen, sollten Sie dies auf zwei bis drei Mal pro Woche beschr\u00e4nken, um Austrocknung und Unbehagen zu vermeiden.<\/p>\n<ul>\n<li>Fettige Haut: 1 Mal pro Tag<\/li>\n<li>Normale Haut: 2 bis 3 Mal pro Woche<\/li>\n<li>Trockene\/empfindliche Haut: 1- bis 2-mal pro Woche<\/li>\n<\/ul>\n<\/div>\n<\/div>\n<\/div>\n<div itemprop=\"mainEntity\" itemscope=\"\" itemtype=\"https:\/\/schema.org\/Question\">\n<h3 itemprop=\"name\">Ist Schwefelseife zur Behandlung von Akne geeignet?<\/h3>\n<div itemprop=\"acceptedAnswer\" itemscope=\"\" itemtype=\"https:\/\/schema.org\/Answer\">\n<div itemprop=\"text\">\n<p>Ja, diese Art von Seife wirkt effektiv, um die <strong>bakterielle \u00dcberwucherung<\/strong> an der Hautoberfl\u00e4che sowie die\u2019<strong>\u00fcbersch\u00fcssiger Talg<\/strong>. Als Erg\u00e4nzung zu einer spezifischen Pflege integriert, f\u00f6rdert es eine sichtbare Verbesserung, insbesondere bei <strong>fettige, zu Akne neigende Haut<\/strong>.<\/p>\n<ul>\n<li>Reduziert die Bakterien, die f\u00fcr Pickel verantwortlich sind<\/li>\n<li>Hilft, \u00fcbersch\u00fcssigen Talg zu entfernen<\/li>\n<li>mildert aknebedingte Entz\u00fcndungen<\/li>\n<\/ul>\n<\/div>\n<\/div>\n<\/div>\n<div itemprop=\"mainEntity\" itemscope=\"\" itemtype=\"https:\/\/schema.org\/Question\">\n<h3 itemprop=\"name\">Kann man Schwefelseife bei Psoriasis oder Ekzemen verwenden?<\/h3>\n<div itemprop=\"acceptedAnswer\" itemscope=\"\" itemtype=\"https:\/\/schema.org\/Answer\">\n<div itemprop=\"text\">\n<p>Eine sanfte und punktuelle Anwendung auf die betroffenen Stellen kann dank seiner <strong>beruhigende Eigenschaften<\/strong>. Bevorzugen Sie jedoch <strong>\u00fcberfettete Seifen<\/strong> und lassen Sie sich von einer medizinischen Fachkraft beraten, um die H\u00e4ufigkeit der Anwendung anzupassen.<\/p>\n<table>\n<tbody>\n<tr>\n<th>Betroffenheit<\/th>\n<th>Potenzieller Gewinn<\/th>\n<\/tr>\n<tr>\n<td>Psoriasis<\/td>\n<td>Reduzierung von Hautschuppen und Juckreiz<\/td>\n<\/tr>\n<tr>\n<td>Ekzem<\/td>\n<td>Beruhigende Wirkung, begrenzt Reizsch\u00fcbe<\/td>\n<\/tr>\n<\/tbody>\n<\/table>\n<\/div>\n<\/div>\n<\/div>\n<div itemprop=\"mainEntity\" itemscope=\"\" itemtype=\"https:\/\/schema.org\/Question\">\n<h3 itemprop=\"name\">Was ist der Unterschied zu einer herk\u00f6mmlichen Seife?<\/h3>\n<div itemprop=\"acceptedAnswer\" itemscope=\"\" itemtype=\"https:\/\/schema.org\/Answer\">\n<div itemprop=\"text\">\n<p>Der Hauptunterschied liegt in den <strong>reinigende Eigenschaften<\/strong> und reinigenden Eigenschaften von Schwefel. Im Gegensatz zu einer Standardseife zielt diese Seife speziell auf die Haut ab.\u2019<strong>Gleichgewicht der Hautmikrobiota<\/strong> und die Reduzierung von Unreinheiten, w\u00e4hrend es sich f\u00fcr die Pflege von bestimmten <strong>Hauterkrankungen<\/strong>.<\/p>\n<ul>\n<li>Ausgepr\u00e4gte antibakterielle Wirkung<\/li>\n<li>Ideal f\u00fcr <strong>fettige Haut<\/strong> oder zu Akne neigen<\/li>\n<li>Manchmal erh\u00e4ltlich in der Version <strong>handwerklich \u00fcberfettet<\/strong><\/li>\n<\/ul>\n<\/div>\n<\/div>\n<\/div>\n<\/div>","protected":false},"excerpt":{"rendered":"<p>120g handgefertigte Seife, die mit Schwefel angereichert ist. <strong>Ideal f\u00fcr fettige Haut<\/strong>, Die Haut ist f\u00fcr Menschen mit Akne oder seborrhoischer Tendenz geeignet. <strong>Reinigt gr\u00fcndlich<\/strong>, kl\u00e4rt die Poren und reguliert \u00fcbersch\u00fcssiges \u00d6l<\/p>","protected":false},"featured_media":8836,"template":"","meta":[],"product_brand":[],"product_cat":[88,89],"product_tag":[],"class_list":{"0":"post-8835","1":"product","2":"type-product","3":"status-publish","4":"has-post-thumbnail","6":"product_cat-bien-etre","7":"product_cat-cosmetiques","9":"first","10":"instock","11":"shipping-taxable","12":"purchasable","13":"product-type-simple"},"_links":{"self":[{"href":"https:\/\/www.miel-store.com\/de\/wp-json\/wp\/v2\/product\/8835","targetHints":{"allow":["GET"]}}],"collection":[{"href":"https:\/\/www.miel-store.com\/de\/wp-json\/wp\/v2\/product"}],"about":[{"href":"https:\/\/www.miel-store.com\/de\/wp-json\/wp\/v2\/types\/product"}],"wp:featuredmedia":[{"embeddable":true,"href":"https:\/\/www.miel-store.com\/de\/wp-json\/wp\/v2\/media\/8836"}],"wp:attachment":[{"href":"https:\/\/www.miel-store.com\/de\/wp-json\/wp\/v2\/media?parent=8835"}],"wp:term":[{"taxonomy":"product_brand","embeddable":true,"href":"https:\/\/www.miel-store.com\/de\/wp-json\/wp\/v2\/product_brand?post=8835"},{"taxonomy":"product_cat","embeddable":true,"href":"https:\/\/www.miel-store.com\/de\/wp-json\/wp\/v2\/product_cat?post=8835"},{"taxonomy":"product_tag","embeddable":true,"href":"https:\/\/www.miel-store.com\/de\/wp-json\/wp\/v2\/product_tag?post=8835"}],"curies":[{"name":"wp","href":"https:\/\/api.w.org\/{rel}","templated":true}]}}