{"id":8747,"date":"2025-10-27T14:19:24","date_gmt":"2025-10-27T13:19:24","guid":{"rendered":"https:\/\/www.miel-store.com\/?post_type=product&#038;p=8747"},"modified":"2026-03-02T00:41:23","modified_gmt":"2026-03-01T23:41:23","slug":"teebaum-und-nigella-deodorant","status":"publish","type":"product","link":"https:\/\/www.miel-store.com\/de\/p\/deodorant-tea-tree-et-nigelle","title":{"rendered":"Teebaum- und Nigella-Deodorant - Roll-on-Format - 50ml"},"content":{"rendered":"<p><strong>Das Deodorant Tea Tree &amp; Nigella<\/strong> de Miel Store ist eine nat\u00fcrliche, reinigende Formel, die die antibakterielle Wirksamkeit von Teebaum mit den beruhigenden Vorteilen von Nigella verbindet.<\/p>\n<p>Sie wurde f\u00fcr empfindliche Haut entwickelt und bietet lang anhaltenden Schutz, w\u00e4hrend sie den ganzen Tag \u00fcber ein angenehmes Gef\u00fchl von Frische und Sauberkeit hinterl\u00e4sst.<\/p>\n<h2>Beschreibung des Produkts<\/h2>\n<p>Diese <strong>nat\u00fcrliches Deodorant Roll-on<\/strong> neutralisiert Ger\u00fcche, ohne die Transpiration zu blockieren, damit die Haut atmen kann. Die fl\u00fcssige Textur zieht schnell ein, ohne Spuren oder einen klebrigen Effekt zu hinterlassen.<\/p>\n<p>Durch die Kombination von&nbsp;<em>Teebaum<\/em> und der <em>Nigella<\/em>, Dieses Deodorant reinigt, beruhigt und sch\u00fctzt die Achseln und verstr\u00f6mt einen frischen, pflanzlichen Duft. Ideal f\u00fcr den t\u00e4glichen Gebrauch und sowohl f\u00fcr M\u00e4nner als auch f\u00fcr Frauen geeignet.<\/p>\n<h2>Visuelle Beschreibung der Verpackung<\/h2>\n<p>Der Flakon zeichnet sich durch sein minimalistisches und raffiniertes Design aus. Der mattwei\u00dfe K\u00f6rper spiegelt die Reinheit und Frische des Produkts wider, w\u00e4hrend die gr\u00fcnen Details an die Nat\u00fcrlichkeit des <strong>Teebaum<\/strong> und die Vitalit\u00e4t der Pflanzen. Das Logo <strong>Honig Store<\/strong> und seine kleine goldene Biene sorgen f\u00fcr einen Hauch von Eleganz und Authentizit\u00e4t.<\/p>\n<p>Auf dem Etikett steht in gr\u00fcnen Buchstaben \u00abD\u00c9ODORANT\u00bb und \u00abTea Tree &amp; Nigella\u00bb, begleitet von Illustrationen gr\u00fcner Bl\u00e4tter, die die frische und botanische Seite der Pflege betonen.<\/p>\n<p>Die Gr\u00f6\u00dfe von 50 ml Roll-on ist praktisch, hygienisch und perfekt f\u00fcr den Alltag oder auf Reisen.<\/p>\n<h2>Die Vorteile des Deodorants Teebaum &amp; Nigella<\/h2>\n<ul>\n<li><strong>Tea Tree<\/strong> : Nat\u00fcrliches antibakterielles Mittel, das hilft, die f\u00fcr schlechte Ger\u00fcche verantwortlichen Bakterien zu neutralisieren und gleichzeitig die Haut zu reinigen.<\/li>\n<li><strong>Nigella<\/strong> : Bekannt f\u00fcr seine beruhigenden und reinigenden Eigenschaften, sch\u00fctzt es empfindliche Haut und hilft, die Transpiration auf nat\u00fcrliche Weise zu regulieren.<\/li>\n<li><strong>Sanfte Formel<\/strong> : Ohne Aluminiumsalze, Alkohol und Parabene, f\u00fcr eine Pflege, die das Mikrobiom der Haut respektiert.<\/li>\n<\/ul>\n<h2>Tipps zur Verwendung<\/h2>\n<p>Tragen Sie das Deodorant auf die sauberen und trockenen Achseln auf. Lassen Sie es kurz trocknen, bevor Sie sich ankleiden. Nur zur \u00e4u\u00dferlichen Anwendung.<\/p>\n<h2>Vervollst\u00e4ndigen Sie Ihre Routine<\/h2>\n<p>Um die Freuden und D\u00fcfte zu variieren, entdecken Sie auch unsere <a href=\"https:\/\/www.miel-store.com\/de\/p\/tahara-deodorant-pfirsich-und-nigella\/\">Tahara Musc Deodorant mit Pfirsich und Nigella<\/a>, Die Kombination aus fruchtiger S\u00fc\u00dfe und reiner Frische ist perfekt, um nach Lust und Laune abzuwechseln.<\/p>\n<h3>Technische Daten<\/h3>\n<ul>\n<li>Inhalt: 50 ml<\/li>\n<li>Typ: Deodorant Roll-on<\/li>\n<li>Hauttyp: alle Hauttypen, einschlie\u00dflich empfindliche Haut<\/li>\n<li>Duft: frisch, pflanzlich und reinigend<\/li>\n<li>Herstellung: entspricht den Qualit\u00e4tsstandards von Miel Store<\/li>\n<\/ul>\n<h2><strong>H\u00e4ufig gestellte Fragen<\/strong><\/h2>\n<div itemscope=\"\" itemtype=\"https:\/\/schema.org\/FAQPage\">\n<div itemprop=\"mainEntity\" itemscope=\"\" itemtype=\"https:\/\/schema.org\/Question\">\n<h3 itemprop=\"name\">Enth\u00e4lt dieses Deodorant Aluminiumsalze?<\/h3>\n<div itemprop=\"acceptedAnswer\" itemscope=\"\" itemtype=\"https:\/\/schema.org\/Answer\">\n<p itemprop=\"text\">Nein, dieses Deodorant ist <strong>100 % nat\u00fcrlich<\/strong> und enth\u00e4lt keine Aluminiumsalze. Es wirkt durch die antibakteriellen Eigenschaften von <strong>Teebaum<\/strong> und reinigenden Eigenschaften der <strong>Nigella<\/strong>.<\/p>\n<\/div>\n<\/div>\n<div itemprop=\"mainEntity\" itemscope=\"\" itemtype=\"https:\/\/schema.org\/Question\">\n<h3 itemprop=\"name\">Ist sie f\u00fcr empfindliche Haut geeignet?<\/h3>\n<div itemprop=\"acceptedAnswer\" itemscope=\"\" itemtype=\"https:\/\/schema.org\/Answer\">\n<p itemprop=\"text\">Ja, seine Formel <strong>weich und nat\u00fcrlich<\/strong> respektiert empfindliche Haut. Es verursacht keine Irritationen und ist auch nach der Rasur geeignet, wenn Sie es einige Minuten einwirken lassen.<\/p>\n<\/div>\n<\/div>\n<div itemprop=\"mainEntity\" itemscope=\"\" itemtype=\"https:\/\/schema.org\/Question\">\n<h3 itemprop=\"name\">Was ist der Unterschied zu Tahara Deodorant Pfirsich &amp; Nigella?<\/h3>\n<div itemprop=\"acceptedAnswer\" itemscope=\"\" itemtype=\"https:\/\/schema.org\/Answer\">\n<p itemprop=\"text\">Die <strong>Tahara Deodorant Pfirsich &amp; Nigella<\/strong> bietet einen s\u00fc\u00dfen und fruchtigen Duft, w\u00e4hrend die Version <strong>Tea Tree &amp; Nigella<\/strong> zeichnet sich durch eine eher pflanzliche und reinigende Frische aus, die ideal f\u00fcr zu Schwei\u00dfbildung neigende Haut ist.<\/p>\n<\/div>\n<\/div>\n<\/div>","protected":false},"excerpt":{"rendered":"<p>Le d&eacute;odorant Tea Tree &amp; Nigelle de Miel Store est une formule naturelle et purifiante qui allie l&rsquo;efficacit&eacute; antibact&eacute;rienne du tea tree aux bienfaits apaisants de la nigelle. Con&ccedil;u pour les peaux sensibles, il offre une protection durable tout en laissant une agr&eacute;able sensation de fra&icirc;cheur et de propret&eacute; tout au long de la journ&eacute;e. [&#8230;]\n","protected":false},"featured_media":8748,"template":"","meta":[],"product_brand":[],"product_cat":[89,87],"product_tag":[],"class_list":{"0":"post-8747","1":"product","2":"type-product","3":"status-publish","4":"has-post-thumbnail","6":"product_cat-cosmetiques","7":"product_cat-nigelle","9":"first","10":"instock","11":"shipping-taxable","12":"purchasable","13":"product-type-simple"},"_links":{"self":[{"href":"https:\/\/www.miel-store.com\/de\/wp-json\/wp\/v2\/product\/8747","targetHints":{"allow":["GET"]}}],"collection":[{"href":"https:\/\/www.miel-store.com\/de\/wp-json\/wp\/v2\/product"}],"about":[{"href":"https:\/\/www.miel-store.com\/de\/wp-json\/wp\/v2\/types\/product"}],"wp:featuredmedia":[{"embeddable":true,"href":"https:\/\/www.miel-store.com\/de\/wp-json\/wp\/v2\/media\/8748"}],"wp:attachment":[{"href":"https:\/\/www.miel-store.com\/de\/wp-json\/wp\/v2\/media?parent=8747"}],"wp:term":[{"taxonomy":"product_brand","embeddable":true,"href":"https:\/\/www.miel-store.com\/de\/wp-json\/wp\/v2\/product_brand?post=8747"},{"taxonomy":"product_cat","embeddable":true,"href":"https:\/\/www.miel-store.com\/de\/wp-json\/wp\/v2\/product_cat?post=8747"},{"taxonomy":"product_tag","embeddable":true,"href":"https:\/\/www.miel-store.com\/de\/wp-json\/wp\/v2\/product_tag?post=8747"}],"curies":[{"name":"wp","href":"https:\/\/api.w.org\/{rel}","templated":true}]}}