{"id":8685,"date":"2025-10-13T16:37:53","date_gmt":"2025-10-13T14:37:53","guid":{"rendered":"https:\/\/www.miel-store.com\/?post_type=product&#038;p=8685"},"modified":"2025-10-28T20:06:57","modified_gmt":"2025-10-28T19:06:57","slug":"60-magnesiumglycinat-kapseln-nahl-co","status":"publish","type":"product","link":"https:\/\/www.miel-store.com\/de\/p\/60-gelules-de-glycinate-de-magnesium-nahl-co","title":{"rendered":"60 Kapseln Magnesiumglycinat - Nahl &amp; Co."},"content":{"rendered":"<p>Die&nbsp;<strong>Magnesiumglycinatkapseln<\/strong> verf\u00fchren immer mehr Anh\u00e4nger von <strong>Nahrungserg\u00e4nzungsmittel<\/strong> die ihre Gesundheit optimieren m\u00f6chten. Diese <strong>wichtiges Mineral<\/strong> greift unter anderem in die <strong>Verringerung der M\u00fcdigkeit<\/strong>, am <strong>Unterst\u00fctzung des Nervensystems<\/strong> und die richtige Muskelfunktion. Unter den verschiedenen existierenden Formen ist der <strong>Magnesiumbisglycinat<\/strong> zeichnet sich durch seine <strong>hohe Absorption<\/strong> und seine <strong>Verdauungstoleranz<\/strong>. Erfahren Sie, warum dieses Nahrungserg\u00e4nzungsmittel f\u00fcr alle, die t\u00e4glich auf ihr Gleichgewicht achten wollen, unumg\u00e4nglich wird.<\/p>\n<h2>Was ist Magnesiumglycinat?<\/h2>\n<p>Die <strong>Magnesiumglycinat<\/strong>, auch bekannt als <strong>Magnesiumbisglycinat<\/strong>, ist eine <strong>Chelatform<\/strong>. Das bedeutet, dass Magnesium an zwei Molek\u00fcle Glycin, eine nat\u00fcrlich vorkommende Aminos\u00e4ure, gebunden ist. Diese Art der Verbindung verbessert deutlich die\u2019<strong>Assimilierbarkeit<\/strong> des Minerals bei gleichzeitiger Begrenzung der Verdauungsbeschwerden, die bei anderen Formen wie Oxid oder Citrat h\u00e4ufig auftreten.<\/p>\n<p>Die Besonderheit der <strong>Magnesiumglycinatkapseln<\/strong> liegt daher in ihrer F\u00e4higkeit, eine <strong>optimale Absorption<\/strong> und gleichzeitig sehr mild f\u00fcr den <strong>Verdauungssystem<\/strong>. Diese Eigenschaft spricht vor allem Menschen an, die nach einem <strong>wirksame Nahrungserg\u00e4nzung<\/strong> ohne Darmbeschwerden.<\/p>\n<h2>Was sind die Vorteile von Magnesiumglycinatkapseln?<\/h2>\n<p>Entscheiden Sie sich f\u00fcr <strong>Magnesiumglycinat-Kapseln oder -Kapseln<\/strong> bietet mehrere Vorteile, sowohl in Bezug auf\u2019<strong>Wirksamkeit<\/strong> als auch in der praktischen Anwendung. Dieses Nahrungserg\u00e4nzungsmittel spielt eine zentrale Rolle bei vielen Aspekten der Gesundheit, und seine <strong>hohe Bioverf\u00fcgbarkeit<\/strong> optimiert die Wirksamkeit, die man im Laufe der regelm\u00e4\u00dfigen Einnahme sp\u00fcrt. Auch die Erg\u00e4nzung der Lebensweise mit nat\u00fcrlichen Produkten aus dem Bienenstock kann Vorteile mit sich bringen. Dies ist vor allem dann der Fall, wenn Sie eine vielf\u00e4ltige Auswahl aus dem Angebot einer <a href=\"https:\/\/www.miel-store.com\/de\/\">Online-Shop f\u00fcr Bienenprodukte<\/a>, In den meisten F\u00e4llen ist es m\u00f6glich, Honig, Pollen oder Propolis zu finden, die Ihren Bed\u00fcrfnissen nach Vitalit\u00e4t entsprechen.<\/p>\n<h3>Weniger M\u00fcdigkeit und t\u00e4gliche Energie<\/h3>\n<p>Die <strong>Magnesiumbisglycinat<\/strong> tr\u00e4gt aktiv zur <strong>Verringerung der M\u00fcdigkeit<\/strong>. Der K\u00f6rper verwendet Magnesium zur Produktion von Zellenergie (ATP), was sich direkt auf das Gef\u00fchl der Vitalit\u00e4t im Alltag auswirkt. Personen, die zu nachlassender Spannkraft oder Mangelerscheinungen neigen, k\u00f6nnen daher voll und ganz von diesen Kapseln profitieren, vor allem in Zeiten erwiesener M\u00fcdigkeit.<\/p>\n<p>Die h\u00e4ufige Verbindung mit der <strong>Vitamin B6<\/strong> in einigen Formeln von <strong>Nahrungserg\u00e4nzungsmittel<\/strong> verst\u00e4rkt diese Anti-M\u00fcdigkeits-Wirkung noch weiter. Diese Synergie f\u00f6rdert die Integration von Magnesium in die Zellen und optimiert seine Wirksamkeit.<\/p>\n<h3>Unterst\u00fctzung des Nervensystems und Stressbew\u00e4ltigung<\/h3>\n<p>Die <strong>Unterst\u00fctzung des Nervensystems<\/strong> durch den <strong>Magnesiumglycinat<\/strong> erkl\u00e4rt sich durch seine Wirkung auf die Nerven\u00fcbertragung. Das Mineral reguliert die neuronale Erregbarkeit und hilft so, bei Stress oder Anspannung im Alltag das Gleichgewicht zu halten. Im Rahmen eines ganzheitlichen Ansatzes, der sich auf das Wohlbefinden konzentriert, kombinieren manche Menschen ihre Magnesiumroutine mit Techniken aus alten Traditionen wie der <a href=\"https:\/\/www.miel-store.com\/de\/hijama\/\">Hijama-Praxis f\u00fcr k\u00f6rperliches und geistiges Gleichgewicht<\/a>, Es ist ein Heilmittel, das in der prophetischen Medizin zur Linderung verschiedener Beschwerden anerkannt ist.<\/p>\n<p>Menschen, die empfindlich auf Stimmungsschwankungen reagieren oder zu Stress neigen, sch\u00e4tzen die F\u00e4higkeit dieses <strong>Nahrungserg\u00e4nzung<\/strong> die Entspannung zu f\u00f6rdern. Die Kapseln bieten den Vorteil, dass sie keine Tagesschl\u00e4frigkeit verursachen, da sie keine ausgepr\u00e4gte sedierende Wirkung haben.<\/p>\n<h3>Aufrechterhaltung der Muskelfunktion und sportliche Erholung<\/h3>\n<p>Die <strong>Muskelfunktion<\/strong> h\u00e4ngt stark vom angemessenen Vorhandensein von <strong>Magnesium<\/strong> in den Organismus ein. Seine Wirkung f\u00f6rdert die Muskelkontraktion und -entspannung, wodurch die vorzeitige Erm\u00fcdung bei k\u00f6rperlicher Aktivit\u00e4t begrenzt wird.<\/p>\n<p>Nach der Anstrengung <strong>Magnesiumbisglycinat<\/strong> f\u00f6rdert auch die <strong>Muskelerholung<\/strong>. F\u00fcr Sportler oder aktive Menschen sind diese Kapseln daher eine wertvolle Unterst\u00fctzung, um Kr\u00e4mpfe zu begrenzen und die R\u00fcckkehr zum Normalzustand nach dem Training zu beschleunigen.<\/p>\n<h2>Warum sollte man die Chelatform und die Kapseln w\u00e4hlen?<\/h2>\n<p>Die <strong>hohe Absorption<\/strong> von <strong>Magnesiumbisglycinat<\/strong> ergibt sich direkt aus seiner einzigartigen chemischen Struktur. Die Bindung an Glycin verbessert die Darmpassage von Magnesium und verringert die Konkurrenz mit anderen Mineralien, wodurch eine bessere Aufnahme gew\u00e4hrleistet wird.<\/p>\n<p>Das Format in <strong>Kapseln<\/strong> erm\u00f6glicht eine genaue Dosierung, im Gegensatz zu herk\u00f6mmlichem Pulver oder Tabletten. Diese <strong>Kapseln<\/strong> vermeiden auch den manchmal unangenehmen Geschmack von Magnesium und lassen sich einfach in die t\u00e4gliche Routine integrieren.<\/p>\n<ul>\n<li><strong>Hohe Assimilierbarkeit<\/strong> im Vergleich zu nicht chelatisiertem Magnesium<\/li>\n<li><strong>Vertr\u00e4glichkeit im Verdauungstrakt<\/strong> auch bei empfindlichen Personen beliebt<\/li>\n<li><strong>Reine Formulierungen<\/strong> in den meisten F\u00e4llen ohne \u00fcberfl\u00fcssige Zusatzstoffe<\/li>\n<li><strong>Einfache Handhabung<\/strong> und praktischer Transport dank der Kapsel- bzw. Kapselgr\u00f6\u00dfe<\/li>\n<\/ul>\n<h2>Wie sieht das typische Profil von Magnesiumglycinatanwendern aus?<\/h2>\n<p>Die <strong>Magnesiumbisglycinat<\/strong> eignet sich f\u00fcr verschiedene Profile: Studenten w\u00e4hrend der Pr\u00fcfungen, Personen, die beruflichem Stress ausgesetzt sind, anspruchsvolle Sportler, schwangere Frauen unter \u00e4rztlicher Aufsicht oder Senioren mit besonderen Bed\u00fcrfnissen. Jeder kann die Einnahme dieses <strong>Nahrungserg\u00e4nzung<\/strong> nach ihren Priorit\u00e4ten und ihrem Lebensstil.<\/p>\n<p>Dank seiner <strong>hohe Verdauungstoleranz<\/strong>, Das Produkt ist auch f\u00fcr Personen zug\u00e4nglich, die bereits mit anderen Formen von Darmbeschwerden zu k\u00e4mpfen hatten. Die <strong>Kapseln<\/strong> lassen sich problemlos in jede Gesundheitsroutine integrieren, sei es zur einmaligen Unterst\u00fctzung oder w\u00e4hrend einer l\u00e4ngeren Kur \u00fcber mehrere Wochen.<\/p>\n<table>\n<tbody>\n<tr>\n<th>Form von Magnesium<\/th>\n<th>Bioverf\u00fcgbarkeit<\/th>\n<th>Vertr\u00e4glichkeit im Verdauungstrakt<\/th>\n<\/tr>\n<tr>\n<td><strong>Bisglycinat (chelatisiert)<\/strong><\/td>\n<td><strong>Sehr hoch<\/strong><\/td>\n<td><strong>Ausgezeichnet<\/strong><\/td>\n<\/tr>\n<tr>\n<td>Oxid<\/td>\n<td>Niedrig<\/td>\n<td>Durchschnitt<\/td>\n<\/tr>\n<tr>\n<td>Citrat<\/td>\n<td>Mittel bis hoch<\/td>\n<td>Gute<\/td>\n<\/tr>\n<\/tbody>\n<\/table>\n<h2>Praktische Tipps zur Integration von Magnesiumglycinat-Kapseln in den Alltag<\/h2>\n<p>Um das Beste aus dem <strong>Magnesiumglycinat<\/strong>, Es gibt einige Tricks, die man anwenden kann. Es ist ratsam, diesen <strong>Nahrungserg\u00e4nzung<\/strong> entfernt von ballaststoffreichen Mahlzeiten einnehmen, um die Absorption zu maximieren. Nehmen Sie die <strong>Kapseln<\/strong> am Abend kann auch dazu beitragen, die Entspannung vor dem Schlafengehen zu f\u00f6rdern, vor allem nach einem anstrengenden Tag.<\/p>\n<p>Z\u00f6gern Sie nicht, bei einer \u00e4rztlichen Behandlung oder unter besonderen Bedingungen (Schwangerschaft, chronische Erkrankungen) einen Gesundheitsexperten zu konsultieren, um die geeignete Dosis zu bestimmen. Einige Formeln bieten eine Kombination mit der <strong>Vitamin B6<\/strong>, Es ist jedoch immer besser, die genaue Zusammensetzung des gew\u00e4hlten Produkts vor der Verwendung zu \u00fcberpr\u00fcfen.<\/p>\n<h2>Antworten auf h\u00e4ufig gestellte Fragen zu Magnesiumglycinat<\/h2>\n<div itemscope=\"\" itemtype=\"https:\/\/schema.org\/FAQPage\">\n<div itemprop=\"mainEntity\" itemscope=\"\" itemtype=\"https:\/\/schema.org\/Question\">\n<h3 itemprop=\"name\">Was ist der Unterschied zwischen Magnesiumglycinat und anderen Formen?<\/h3>\n<div itemprop=\"acceptedAnswer\" itemscope=\"\" itemtype=\"https:\/\/schema.org\/Answer\">\n<div itemprop=\"text\">Die <strong>Magnesiumglycinat<\/strong> ist eine <strong>Chelatform<\/strong> ber\u00fchmt f\u00fcr seine <strong>hohe Assimilation<\/strong> und eine ausgezeichnete <strong>Verdauungstoleranz<\/strong>. Im Gegensatz zu Oxid oder Citrat setzt es das Magnesium langsam frei, ohne bei den meisten Anwendern Darmbeschwerden zu verursachen. Diese Eigenschaft erkl\u00e4rt, warum es bei regelm\u00e4\u00dfigen oder l\u00e4ngeren Kuren besonders beliebt ist.<\/p>\n<table>\n<tbody>\n<tr>\n<th>Typ<\/th>\n<th>Bioverf\u00fcgbarkeit<\/th>\n<th>Toleranz<\/th>\n<\/tr>\n<tr>\n<td><strong>Glycinat (chelatiert)<\/strong><\/td>\n<td><strong>Ausgezeichnet<\/strong><\/td>\n<td><strong>Sehr gut<\/strong><\/td>\n<\/tr>\n<tr>\n<td>Oxide<\/td>\n<td>Niedrig<\/td>\n<td>Variable<\/td>\n<\/tr>\n<\/tbody>\n<\/table>\n<\/div>\n<\/div>\n<\/div>\n<div itemprop=\"mainEntity\" itemscope=\"\" itemtype=\"https:\/\/schema.org\/Question\">\n<h3 itemprop=\"name\">Welche Nebenwirkungen k\u00f6nnen auftreten?<\/h3>\n<div itemprop=\"acceptedAnswer\" itemscope=\"\" itemtype=\"https:\/\/schema.org\/Answer\">\n<div itemprop=\"text\">Die <strong>Nebenwirkungen<\/strong> bleiben selten mit dem <strong>Magnesiumbisglycinat<\/strong>, dank seiner sehr guten <strong>Verdauungstoleranz<\/strong>. Bei einer \u00dcberdosierung kann es zu leichtem Durchfall oder Bauchkr\u00e4mpfen kommen. Eine Anpassung der Dosierung reicht in der Regel aus, um wieder ein optimales Wohlbefinden zu erreichen. Halten Sie sich immer an die auf der Packung angegebenen Empfehlungen.<\/p>\n<ul>\n<li>Gelegentliche Bauchschmerzen bei \u00dcberdosierung<\/li>\n<li>Leichte Schl\u00e4frigkeit m\u00f6glich, besonders wenn es am Abend eingenommen wird<\/li>\n<li>Keine starken abf\u00fchrenden Wirkungen im Gegensatz zu anderen Magnesiumformen<\/li>\n<\/ul>\n<\/div>\n<\/div>\n<\/div>\n<div itemprop=\"mainEntity\" itemscope=\"\" itemtype=\"https:\/\/schema.org\/Question\">\n<h3 itemprop=\"name\">Kann man Magnesiumglycinat mit anderen Nahrungserg\u00e4nzungsmitteln kombinieren?<\/h3>\n<div itemprop=\"acceptedAnswer\" itemscope=\"\" itemtype=\"https:\/\/schema.org\/Answer\">\n<div itemprop=\"text\">H\u00e4ufig werden diese <strong>Kapseln<\/strong> an die <strong>Vitamin B6<\/strong>, Es erleichtert die Einlagerung von Magnesium in den Zellen. Einige <strong>Nahrungserg\u00e4nzungsmittel<\/strong> kombinieren auch andere wichtige N\u00e4hrstoffe wie Vitamin D oder Zink, die jeweils ihre eigenen Vorteile f\u00fcr die Vitalit\u00e4t und das allgemeine Gleichgewicht mit sich bringen.<\/p>\n<ul>\n<li><strong>Vitamin B6<\/strong> : f\u00f6rdert die Zellaufnahme<\/li>\n<li><strong>Vitamin D<\/strong> : zus\u00e4tzliche Immununterst\u00fctzung<\/li>\n<li><strong>Zink<\/strong> : st\u00e4rkt die Immunit\u00e4t und reguliert den Stoffwechsel<\/li>\n<\/ul>\n<\/div>\n<\/div>\n<\/div>\n<div itemprop=\"mainEntity\" itemscope=\"\" itemtype=\"https:\/\/schema.org\/Question\">\n<h3 itemprop=\"name\">Wie lange sollte man eine Magnesiumglycinat-Kur durchf\u00fchren?<\/h3>\n<div itemprop=\"acceptedAnswer\" itemscope=\"\" itemtype=\"https:\/\/schema.org\/Answer\">\n<div itemprop=\"text\">Die Dauer einer Kur h\u00e4ngt von jedem Einzelnen ab. Im Allgemeinen wird ein Zeitraum von 1 bis 3 Monaten empfohlen, um sichtbare Ergebnisse bei der <strong>Verringerung der M\u00fcdigkeit<\/strong> oder die <strong>Muskelfunktion<\/strong>. Im Unterhalt ist es m\u00f6glich, nach \u00e4rztlichem Rat eine regelm\u00e4\u00dfige Einnahme in niedriger Dosis fortzusetzen.<\/p>\n<ol>\n<li>Beginnen Sie mit einem Monat in der Intensivphase<\/li>\n<li>Passen Sie die Dosierung den pers\u00f6nlichen Empfindungen an<\/li>\n<li>Die Abst\u00e4nde zwischen den Aufnahmen vergr\u00f6\u00dfern, wenn ein gutes Gleichgewicht gefunden wurde<\/li>\n<\/ol>\n<\/div>\n<\/div>\n<\/div>\n<\/div>","protected":false},"excerpt":{"rendered":"<p>Steigern Sie Ihre Energie und verringern Sie M\u00fcdigkeit mit dem <strong>Magnesiumglycinat<\/strong> Nahl &amp; Co.<\/p>\n<p>Erh\u00e4ltlich in 60 Kapseln f\u00fcr besseren Schlaf und Entspannung.<\/p>","protected":false},"featured_media":8686,"template":"","meta":[],"product_brand":[],"product_cat":[88,89],"product_tag":[],"class_list":{"0":"post-8685","1":"product","2":"type-product","3":"status-publish","4":"has-post-thumbnail","6":"product_cat-bien-etre","7":"product_cat-cosmetiques","9":"first","10":"instock","11":"shipping-taxable","12":"purchasable","13":"product-type-simple"},"_links":{"self":[{"href":"https:\/\/www.miel-store.com\/de\/wp-json\/wp\/v2\/product\/8685","targetHints":{"allow":["GET"]}}],"collection":[{"href":"https:\/\/www.miel-store.com\/de\/wp-json\/wp\/v2\/product"}],"about":[{"href":"https:\/\/www.miel-store.com\/de\/wp-json\/wp\/v2\/types\/product"}],"wp:featuredmedia":[{"embeddable":true,"href":"https:\/\/www.miel-store.com\/de\/wp-json\/wp\/v2\/media\/8686"}],"wp:attachment":[{"href":"https:\/\/www.miel-store.com\/de\/wp-json\/wp\/v2\/media?parent=8685"}],"wp:term":[{"taxonomy":"product_brand","embeddable":true,"href":"https:\/\/www.miel-store.com\/de\/wp-json\/wp\/v2\/product_brand?post=8685"},{"taxonomy":"product_cat","embeddable":true,"href":"https:\/\/www.miel-store.com\/de\/wp-json\/wp\/v2\/product_cat?post=8685"},{"taxonomy":"product_tag","embeddable":true,"href":"https:\/\/www.miel-store.com\/de\/wp-json\/wp\/v2\/product_tag?post=8685"}],"curies":[{"name":"wp","href":"https:\/\/api.w.org\/{rel}","templated":true}]}}