{"id":8622,"date":"2025-10-06T12:47:37","date_gmt":"2025-10-06T10:47:37","guid":{"rendered":"https:\/\/www.miel-store.com\/?post_type=product&#038;p=8622"},"modified":"2026-04-11T18:29:33","modified_gmt":"2026-04-11T16:29:33","slug":"karite-butter-schlagsahne-nachwachsen","status":"publish","type":"product","link":"https:\/\/www.miel-store.com\/de\/p\/beurre-de-karite-chantilly-repousse","title":{"rendered":"Karit\u00e9butter mit Schlagsahne zum Nachwachsen und gegen Haarausfall (Rosmarin) - 100g"},"content":{"rendered":"<p>Sie suchen eine&nbsp;<strong>nat\u00fcrliche L\u00f6sung, um das Haarwachstum zu f\u00f6rdern<\/strong> und gegen ihren Niedergang k\u00e4mpfen? Die <strong>Karit\u00e9butter<\/strong> ist ein unverzichtbarer Bestandteil der Haarpflege, der in Afrika seit Jahrhunderten f\u00fcr seine zahlreichen positiven Eigenschaften bekannt ist. Dank seiner <strong>N\u00e4hrstoffreichtum<\/strong>, Ton <strong>tiefe Hydratation<\/strong> und seine <strong>reparierende Eigenschaften<\/strong>, Es ist eine perfekte Erg\u00e4nzung zu Ihrer t\u00e4glichen Routine, um Ihr Haar zu st\u00e4rken und seine Sch\u00f6nheit zu bewahren.<\/p>\n<h2>Warum wirkt Sheabutter auf das Haarwachstum?<\/h2>\n<p>Die Wirksamkeit des <strong>Sheabutter, um das Wachstum anzuregen<\/strong> und Haarausfall zu verhindern, beruht auf seinen au\u00dfergew\u00f6hnlichen nat\u00fcrlichen Inhaltsstoffen. Sein hoher Gehalt an <strong>Vitamin A, E und F<\/strong>, sowie in <strong>essentielle Fetts\u00e4uren<\/strong>, verleiht ihr die einzigartige F\u00e4higkeit <strong>die Haarfaser intensiv n\u00e4hren<\/strong> und zu ermutigen, die <strong>Haarwachstum<\/strong>.<\/p>\n<p>Die <strong>Anregung der Blutzirkulation in der Kopfhaut<\/strong> spielt auch eine Schl\u00fcsselrolle beim Ankurbeln der <strong>Haarwachstum<\/strong>. Durch regelm\u00e4\u00dfiges Einmassieren von Sheabutter in die Kopfhaut wird es m\u00f6glich, eine <strong>Beruhigung der Kopfhaut<\/strong> und gleichzeitig die Versorgung mit den f\u00fcr starke Wurzeln notwendigen N\u00e4hrstoffen optimiert.<\/p>\n<h2>Hauptvorteile von Sheabutter f\u00fcr das Haar<\/h2>\n<p>Die <strong>positive Eigenschaften von Sheabutter f\u00fcr das Haar<\/strong> sind vielf\u00e4ltig und bieten konkrete L\u00f6sungen f\u00fcr alle, die gesch\u00e4digtes Haar oder Haar mit mangelnder Dichte revitalisieren wollen. Diese vielseitig einsetzbare Pflege ist auf verschiedene Probleme ausgerichtet: <strong>Bruchverhinderung<\/strong>, <strong>Haarschutz<\/strong>, <strong>Reparatur von gespaltenen Spitzen<\/strong>, <strong>Wachstumsstimulation<\/strong>... so viele Vorteile, die in einem einzigen nat\u00fcrlichen Produkt vereint sind.<\/p>\n<ul>\n<li><strong>Intensive Feuchtigkeitsversorgung des Haares<\/strong> und der Kopfhaut<\/li>\n<li><strong>Tiefe Haarern\u00e4hrung<\/strong> dank essentieller Fetts\u00e4uren<\/li>\n<li><strong>Wirkung gegen Haarausfall<\/strong> durch die St\u00e4rkung der Haarfaser<\/li>\n<li><strong>Schutz der Haare<\/strong> gegen\u00fcber \u00e4u\u00dferen Aggressionen (Umweltverschmutzung, Hitze, Wind)<\/li>\n<li><strong>Verringerung des Juckreizes<\/strong> \u00fcber die Beruhigung trockener oder gereizter Kopfhaut<\/li>\n<\/ul>\n<h3>Vorbeugung von Haarbruch und Reparatur von gesch\u00e4digtem Haar<\/h3>\n<p>Die Solidit\u00e4t der <strong>Haarfasern<\/strong> h\u00e4ngt von einer geeigneten Routine ab. Die <strong>Sheabutter n\u00e4hrt den Haarschaft<\/strong>, Der Schutz vor Br\u00fcchen und die Erhaltung jedes Zentimeters, der w\u00e4hrend des Wachstums gewonnen wird. Diese <strong>tiefgehende Feuchtigkeitsversorgung<\/strong> hilft, Trockenheit zu vermeiden, die eine h\u00e4ufige Ursache f\u00fcr spr\u00f6des und br\u00fcchiges Haar ist.<\/p>\n<p>F\u00fcr diejenigen, die in ihrer Pflegeroutine noch einen Schritt weiter gehen m\u00f6chten, kombinieren Sie Karit\u00e9butter mit speziellen Produkten wie <a href=\"https:\/\/www.miel-store.com\/de\/p\/lincroyable-serum-repousse\/\">L'Incroyable Serum Repousse<\/a> kann die Beschleunigung des Haarwuchses verst\u00e4rken, dank einer Synergie aus nat\u00fcrlichen \u00d6len, die aufgrund ihrer stimulierenden Wirkung auf die Haarfaser ausgew\u00e4hlt wurden.<\/p>\n<h3>Schutz des Haares vor \u00e4u\u00dferen Einfl\u00fcssen<\/h3>\n<p>Sonneneinstrahlung, Umweltverschmutzung oder t\u00e4gliche Stylingprodukte k\u00f6nnen die Haut angreifen. <strong>Haarfaser<\/strong>. Als Maske verwendet, ist das <strong>Sheabutter bildet einen Schutzfilm<\/strong> auf das Haar und bewahrt gleichzeitig seine Feuchtigkeit. So tr\u00e4gt er dazu bei <strong>Spliss vorbeugen<\/strong> und erleichtert die <strong>vorbeugung von spaltenden spitzen<\/strong>.<\/p>\n<p>Die regelm\u00e4\u00dfige Anwendung dieser Pflanzenbutter hilft, die\u2019<strong>nat\u00fcrliche Elastizit\u00e4t<\/strong> der Haare und verhindert gleichzeitig, dass sie stumpf oder m\u00fcde aussehen, vor allem, wenn sie im Sommer Feuchtigkeit oder Salz ausgesetzt sind. Wenn Sie es vorziehen, den Haarwuchs nach der Haarentfernung zu begrenzen, gibt es auch geeignete Pflegeprodukte wie z.B.\u2019<a href=\"https:\/\/www.miel-store.com\/de\/p\/ameisenol\/\">franz\u00f6sisches Ameisen\u00f6l<\/a> die daf\u00fcr bekannt ist, das Nachwachsen der Haare zu verlangsamen, ideal als Erg\u00e4nzung zu einer umfassenden nat\u00fcrlichen Pflegeroutine.<\/p>\n<h2>Wie verwende ich Sheabutter, um das Haarwachstum zu maximieren und den Haarausfall zu begrenzen?<\/h2>\n<p>Integrieren Sie den <strong>Sheabutter in einer Haarroutine<\/strong> erfordert einige einfache, aber strategische Gesten zur Optimierung der <strong>Haarern\u00e4hrung<\/strong> und st\u00e4rken die <strong>Haarschutz<\/strong>. Es gibt mehrere Methoden, um seine Qualit\u00e4ten voll auszusch\u00f6pfen <strong>Fallschutz<\/strong> und anregend.<\/p>\n<p>Um die Wirksamkeit zu erh\u00f6hen, kann es mit anderen nat\u00fcrlichen Inhaltsstoffen wie \u00e4therischen \u00d6len aus Rosmarin oder Pfefferminze kombiniert werden, die bekannt daf\u00fcr sind, die <strong>Mikrozirkulation der Kopfhaut<\/strong>.<\/p>\n<ul>\n<li><strong>Anwendung im \u00d6lbad<\/strong>: f\u00fcr eine tiefe Feuchtigkeitsversorgung bei l\u00e4ngeren Pausen vor dem Shampoonieren<\/li>\n<li><strong>Reparierende Maske<\/strong>: pur oder in Kombination mit anderen nat\u00fcrlichen Aktivstoffen verwendet, um <strong>gesch\u00e4digtes Haar reparieren<\/strong><\/li>\n<li><strong>T\u00e4gliche Pflege<\/strong>: Eine kleine Menge zwischen den H\u00e4nden schmelzen und dann auf die trockenen Haarspitzen verteilen, um die <strong>Vorbeugung von Spliss<\/strong><\/li>\n<li><strong>Massage der Kopfhaut<\/strong>: regt die lokale Durchblutung an und erleichtert das Eindringen von Aktivstoffen, die die <strong>Haarwachstum<\/strong><\/li>\n<\/ul>\n<h3>Tipps f\u00fcr eine bessere Aufnahme von Sheabutter Schlagsahne mit Rosmarin<\/h3>\n<p>Erhitze leicht eine haselnussgro\u00dfe Menge <strong>Karit\u00e9butter<\/strong> zwischen den Handfl\u00e4chen macht das Auftragen einfacher und die Textur l\u00e4sst sich besser verteilen. Die <strong>feuchtes Haar<\/strong> nehmen ihre Vorteile besser auf, insbesondere wenn sie por\u00f6s oder sehr trocken sind.<\/p>\n<p>Sie k\u00f6nnen es auch in eine selbstgemachte Haarcreme oder -milch einarbeiten, um Ihre Pflegeroutine noch weiter zu bereichern und gleichzeitig die <strong>nachwachsen<\/strong> und die <strong>Verhinderung von Haarausfall<\/strong> auf nat\u00fcrliche Weise.<\/p>\n<h3>Wie oft sollte man Sheabutter auftragen?<\/h3>\n<p>Am besten passt man die H\u00e4ufigkeit der Anwendung an die Art des Haares an: Zwei Anwendungen pro Woche reichen in der Regel aus f\u00fcr <strong>feines oder wenig por\u00f6ses Haar<\/strong>, w\u00e4hrend die <strong>krauses oder sehr trockenes Haar<\/strong> von regelm\u00e4\u00dfigeren Anwendungen profitieren werden.<\/p>\n<p>Eine zu h\u00e4ufige Anwendung auf ungewaschenem Haar kann die Haarmasse beschweren. Bevorzugen Sie daher saisonale Kuren und wechseln Sie bei Bedarf mit anderen Pflegeprodukten ab.<\/p>\n<h2>Welche Ergebnisse sind von Sheabutter auf dem Haar zu erwarten?<\/h2>\n<p>Nach mehrw\u00f6chigem Gebrauch ist eine <strong>deutliche Verbesserung der Haarstruktur<\/strong>. Dank seiner kombinierten Wirkung : <strong>Stimulierung des Haarwachstums<\/strong>, <strong>Schaftverst\u00e4rkung<\/strong> und <strong>Bruchreduzierung<\/strong>, Sheabutter hilft, das Haar wieder dichter und gl\u00e4nzender zu machen.<\/p>\n<p>Die <strong>Verminderung des Haarausfalls<\/strong> erfolgt nach und nach, wenn die Faser wieder an Kraft und Glanz gewinnt. Nach und nach ver\u00e4ndert sich auch das Aussehen der L\u00e4ngen: weniger Spliss und ein deutlich weicheres Gef\u00fchl. Wer auf regelm\u00e4\u00dfige Pflege setzt, stellt au\u00dferdem fest, dass sich die Haarstruktur verbessert. <strong>dauerhafte Beruhigung der Kopfhaut<\/strong> und eine bessere allgemeine Gesundheit des Haares.<\/p>\n<table>\n<tbody>\n<tr>\n<th>Gewinn<\/th>\n<th>Sichtbare Wirkung<\/th>\n<th>Gesch\u00e4tzter Zeitrahmen<\/th>\n<\/tr>\n<tr>\n<td><strong>Nachwachsende Haare<\/strong><\/td>\n<td>Erh\u00f6hte Dichte, sichtbares Babyhaar<\/td>\n<td>4 bis 8 Wochen<\/td>\n<\/tr>\n<tr>\n<td><strong>Feuchtigkeitsversorgung &amp; Haarern\u00e4hrung<\/strong><\/td>\n<td>Geschmeidiges, weniger stumpfes Haar<\/td>\n<td>Ab der ersten Woche<\/td>\n<\/tr>\n<tr>\n<td><strong>Spliss vorbeugen<\/strong><\/td>\n<td>Glatte Spitzen, weniger Spliss<\/td>\n<td>Nach 3 bis 5 Anwendungen<\/td>\n<\/tr>\n<tr>\n<td><strong>Beruhigung der Kopfhaut<\/strong><\/td>\n<td>Weniger Irritationen und Schuppen<\/td>\n<td>Etwa 2 Wochen<\/td>\n<\/tr>\n<\/tbody>\n<\/table>\n<h2>H\u00e4ufig gestellte Fragen zu Sheabutter und Haaren<\/h2>\n<div itemscope=\"\" itemtype=\"https:\/\/schema.org\/FAQPage\">\n<div itemprop=\"mainEntity\" itemscope=\"\" itemtype=\"https:\/\/schema.org\/Question\">\n<h3 itemprop=\"name\">Ist Sheabutter f\u00fcr alle Haartypen geeignet?<\/h3>\n<div itemprop=\"acceptedAnswer\" itemscope=\"\" itemtype=\"https:\/\/schema.org\/Answer\">\n<div itemprop=\"text\">\n<p>Die <strong>Karit\u00e9butter<\/strong> passt sich den meisten Haartypen an, egal ob sie <strong>trocken<\/strong>, <strong>gelockt<\/strong>, <strong>D\u00e4mmerung<\/strong>, oder sogar <strong>bunt<\/strong>. Auf den <strong>feines Haar<\/strong>, Wenn Sie sich nicht sicher sind, ob Sie das Produkt wirklich brauchen, sollten Sie die Dosis m\u00e4\u00dfigen, um die Fasern nicht zu beschweren.<\/p>\n<ul>\n<li><strong>Trockenes\/krauses Haar<\/strong>: h\u00e4ufiger Gebrauch empfohlen<\/li>\n<li><strong>Feines Haar<\/strong>: leichte oder punktuelle Anwendung<\/li>\n<li><strong>Gef\u00e4rbtes Haar<\/strong>: Pflege des Glanzes gesichert<\/li>\n<\/ul>\n<\/div>\n<\/div>\n<\/div>\n<div itemprop=\"mainEntity\" itemscope=\"\" itemtype=\"https:\/\/schema.org\/Question\">\n<h3 itemprop=\"name\">Wann ist der beste Zeitpunkt, um Sheabutter auf das Haar aufzutragen?<\/h3>\n<div itemprop=\"acceptedAnswer\" itemscope=\"\" itemtype=\"https:\/\/schema.org\/Answer\">\n<div itemprop=\"text\">\n<p>Direkt nach dem Shampoo auf <strong>feuchtes Haar<\/strong>, am <strong>Karit\u00e9butter<\/strong> dringt leicht in die Haarfaser ein. F\u00fcr ein <strong>Tiefenpflege<\/strong>, Lassen Sie es \u00fcber Nacht einwirken und sp\u00fclen Sie es dann ab.<\/p>\n<ol>\n<li>Auf sauberem, feuchtem Haar f\u00fcr eine <strong>optimale Absorption<\/strong><\/li>\n<li>Als Nachtmaske vor dem Waschen f\u00fcr eine <strong>intensive Ern\u00e4hrung<\/strong><\/li>\n<li>T\u00e4glich auf trockenen Haarspitzen f\u00fcr die <strong>Vorbeugung von Spliss<\/strong><\/li>\n<\/ol>\n<\/div>\n<\/div>\n<\/div>\n<div itemprop=\"mainEntity\" itemscope=\"\" itemtype=\"https:\/\/schema.org\/Question\">\n<h3 itemprop=\"name\">Wie lange dauert es, bis man Ergebnisse beim Nachwachsen der Haare sieht?<\/h3>\n<div itemprop=\"acceptedAnswer\" itemscope=\"\" itemtype=\"https:\/\/schema.org\/Answer\">\n<div itemprop=\"text\">\n<p>Von <strong>Verbesserungen<\/strong> sind oft schon bei den ersten Verwendungen f\u00fcr die <strong>Glanz<\/strong> und die <strong>Sanftheit<\/strong>. Die <strong>tats\u00e4chliche Stimulation des Wachstums<\/strong> erfordert jedoch einige Wochen kontinuierlicher Nutzung.<\/p>\n<table>\n<tbody>\n<tr>\n<th>Angestrebte Wirkung<\/th>\n<th>\u00dcbliche Frist<\/th>\n<\/tr>\n<tr>\n<td>Weiches, gl\u00e4nzendes Haar<\/td>\n<td>1 bis 2 Anwendungen<\/td>\n<\/tr>\n<tr>\n<td>Sichtbarer Nachwuchs<\/td>\n<td>Etwa 1 bis 2 Monate<\/td>\n<\/tr>\n<tr>\n<td>Verminderte Gro\u00df- und Kleinschreibung<\/td>\n<td>3 bis 4 Wochen<\/td>\n<\/tr>\n<\/tbody>\n<\/table>\n<\/div>\n<\/div>\n<\/div>\n<div itemprop=\"mainEntity\" itemscope=\"\" itemtype=\"https:\/\/schema.org\/Question\">\n<h3 itemprop=\"name\">Wie viel Sheabutter sollte man verwenden, um das Haar nicht zu beschweren?<\/h3>\n<div itemprop=\"acceptedAnswer\" itemscope=\"\" itemtype=\"https:\/\/schema.org\/Answer\">\n<div itemprop=\"text\">\n<p>Eine <strong>kleine Haselnuss<\/strong> reicht f\u00fcr die meisten Haararten aus. Passen Sie das Produkt je nach L\u00e4nge und Dicke an und w\u00e4rmen Sie es in den H\u00e4nden an, damit es sich leichter verteilen l\u00e4sst. <strong>Gleichverteilung<\/strong>.<\/p>\n<ul>\n<li>Kleine Menge auf <strong>kurzes\/d\u00fcnnes Haar<\/strong><\/li>\n<li>Durchschnittliche Menge auf <strong>langes\/dickes Haar<\/strong><\/li>\n<\/ul>\n<\/div>\n<\/div>\n<\/div>\n<\/div>","protected":false},"excerpt":{"rendered":"<p>Stimulieren Sie die <strong>nachwachsen<\/strong> und bek\u00e4mpfen Sie die <strong>Haarausfall<\/strong> mit unserer aufgeschlagenen Sheabutter.<\/p>\n<p>100g angereichert mit\u2019<strong>\u00e4therisches \u00d6l aus Rosmarin<\/strong> zu st\u00e4rken.<\/p>","protected":false},"featured_media":9389,"template":"","meta":[],"product_brand":[],"product_cat":[125,88,89],"product_tag":[],"class_list":{"0":"post-8622","1":"product","2":"type-product","3":"status-publish","4":"has-post-thumbnail","6":"product_cat-beurre-de-karite-chantilly","7":"product_cat-bien-etre","8":"product_cat-cosmetiques","10":"first","11":"instock","12":"shipping-taxable","13":"purchasable","14":"product-type-simple"},"_links":{"self":[{"href":"https:\/\/www.miel-store.com\/de\/wp-json\/wp\/v2\/product\/8622","targetHints":{"allow":["GET"]}}],"collection":[{"href":"https:\/\/www.miel-store.com\/de\/wp-json\/wp\/v2\/product"}],"about":[{"href":"https:\/\/www.miel-store.com\/de\/wp-json\/wp\/v2\/types\/product"}],"wp:featuredmedia":[{"embeddable":true,"href":"https:\/\/www.miel-store.com\/de\/wp-json\/wp\/v2\/media\/9389"}],"wp:attachment":[{"href":"https:\/\/www.miel-store.com\/de\/wp-json\/wp\/v2\/media?parent=8622"}],"wp:term":[{"taxonomy":"product_brand","embeddable":true,"href":"https:\/\/www.miel-store.com\/de\/wp-json\/wp\/v2\/product_brand?post=8622"},{"taxonomy":"product_cat","embeddable":true,"href":"https:\/\/www.miel-store.com\/de\/wp-json\/wp\/v2\/product_cat?post=8622"},{"taxonomy":"product_tag","embeddable":true,"href":"https:\/\/www.miel-store.com\/de\/wp-json\/wp\/v2\/product_tag?post=8622"}],"curies":[{"name":"wp","href":"https:\/\/api.w.org\/{rel}","templated":true}]}}