{"id":8603,"date":"2025-10-05T13:18:56","date_gmt":"2025-10-05T11:18:56","guid":{"rendered":"https:\/\/www.miel-store.com\/?post_type=product&#038;p=8603"},"modified":"2026-04-17T18:44:59","modified_gmt":"2026-04-17T16:44:59","slug":"karitebutter-schlagsahne-haarentfernung","status":"publish","type":"product","link":"https:\/\/www.miel-store.com\/de\/p\/beurre-de-karite-chantilly-epilation","title":{"rendered":"Karit\u00e9butter Chantilly Pflege nach der Haarentfernung und Rasur - 100g"},"content":{"rendered":"<p>Beim Epilieren bleibt die Haut oft&nbsp;<strong>empfindlich, gereizt<\/strong> oder manchmal sogar unangenehm. Suchen Sie eine sanfte, wirksame und nat\u00fcrliche L\u00f6sung? Der <strong>Karit\u00e9butter<\/strong> in seiner Form <strong>chantilly<\/strong> zeichnet sich als <strong>Pflege nach der Enthaarung<\/strong> um die Epidermis zu beruhigen und ihre Geschmeidigkeit zu bewahren. Die leichte, cremige Textur bietet einen feuchtigkeitsspendenden Kokon und erleichtert die Reinigung der Haut. <strong>Hautregeneration<\/strong> nach jeder Sitzung.<\/p>\n<h2>Warum sollte man nach der Haarentfernung aufgeschlagene Sheabutter verwenden?<\/h2>\n<p>Die Verbindung zwischen dem <strong>Karit\u00e9butter<\/strong> und die\u2019<strong>Hautberuhigung<\/strong> ist nicht mehr zu beweisen. Direkt nach der Haarentfernung verdient Ihre Haut besondere Aufmerksamkeit: Hier kommt die <strong>Karit\u00e9-Schlagsahne<\/strong>, Diese Creme ist eine Kombination aus intensiver Ern\u00e4hrung und sanfter Pflege.<\/p>\n<p>Im Gegensatz zu anderen Behandlungen ist diese <strong>Schlagbalsam<\/strong> zieht schnell ein, klebt nicht und verschafft sofort ein Gef\u00fchl der Erleichterung. Er hilft dann zu beruhigen <strong>Spannungsgef\u00fchle<\/strong>, und R\u00f6tungen, und optimiert gleichzeitig die Hautqualit\u00e4t. <strong>Hautern\u00e4hrung<\/strong> dauerhaft.<\/p>\n<h2>Die Vorteile von Sheabutter als Pflege nach der Haarentfernung<\/h2>\n<p>Verabschieden Sie die <strong>Karit\u00e9-Schlagsahne<\/strong>, Das bedeutet, dem K\u00f6rper ein nat\u00fcrliches Konzentrat mit vielen positiven Eigenschaften zu bieten. <strong>positive Eigenschaften<\/strong>. Die Wirkung ist schon nach den ersten Anwendungen sp\u00fcrbar, sowohl was das Wohlbefinden als auch das allgemeine Erscheinungsbild der Haut betrifft.<\/p>\n<p>Um eine gesunde Sch\u00f6nheitsroutine zu vervollst\u00e4ndigen, konsumieren manche Menschen auch Produkte aus proteinreichen Trockenfr\u00fcchten, wie z. B. die <a href=\"https:\/\/www.miel-store.com\/de\/p\/erdnussbutter-100-naturlich\/\">Erdnussbutter 100 % nat\u00fcrlich<\/a> die aufgrund ihrer N\u00e4hrwerteigenschaften f\u00fcr den K\u00f6rper von Vorteil sein kann und somit eine ausgewogene Gesamtern\u00e4hrung f\u00f6rdert.<\/p>\n<h3>Tiefe Hydratation und intensive Ern\u00e4hrung<\/h3>\n<p>Die reiche Struktur des <strong>Karit\u00e9butter<\/strong> erm\u00f6glicht eine effektive Wiederherstellung der <strong>Lipidbarriere<\/strong> die durch die Haarentfernung beeintr\u00e4chtigt wird. Dank ihrer Fetts\u00e4uren und Vitamine E, A und D ist diese <strong>chantilly<\/strong> n\u00e4hrt alle Schichten der Epidermis bis in die Tiefe.<\/p>\n<p>Regelm\u00e4\u00dfiges Auftragen verl\u00e4ngert die\u2019<strong>Feuchtigkeit<\/strong> und begrenzt die Trockenheit genauso wie mit <a href=\"https:\/\/www.miel-store.com\/de\/p\/ameisenol\/\">die Verwendung von Ameisen\u00f6l<\/a>, Das gilt besonders f\u00fcr Bereiche, die regelm\u00e4\u00dfig rasiert oder epiliert werden, wie Beine, Achseln oder Bikinizone.<\/p>\n<h3>Die Haut beruhigen und die Hautregeneration f\u00f6rdern<\/h3>\n<p>Unmittelbar nach dem Rasieren oder Wachsen k\u00f6nnen kleine Reizungen auftreten. Die <strong>geschmeidigmachende Eigenschaften<\/strong> und entz\u00fcndungshemmenden Eigenschaften des <strong>Karit\u00e9butter<\/strong> sorgen f\u00fcr eine nat\u00fcrliche Verringerung dieser Beschwerden und helfen so der Haut, ihre urspr\u00fcngliche Geschmeidigkeit wiederzuerlangen.<\/p>\n<p>Sein Reichtum an <strong>aktive Verbindungen<\/strong> f\u00f6rdert auch die Zellreparatur, l\u00e4sst oberfl\u00e4chliche Mikroverletzungen schneller abklingen und verbessert sichtbar das Hautbild.<\/p>\n<h2>Wie trage ich Sheabutter nach der Haarentfernung richtig auf?<\/h2>\n<p>Um alle Vorteile dieses <strong>Pflege nach der Enthaarung<\/strong>, Mit ein paar einfachen Schritten ist eine effektive Pflegeroutine garantiert. Die luftige Textur der <strong>chantilly<\/strong> erleichtert das Auftragen erheblich, ohne die Epidermis zu ersticken.<\/p>\n<p>Das Befolgen dieser Tipps optimiert die Handlung <strong>beruhigend<\/strong> und sorgt f\u00fcr lang anhaltenden Schutz vor den t\u00e4glichen Belastungen.<\/p>\n<ul>\n<li>Geben Sie auf die saubere, trockene Haut eine haselnussgro\u00dfe Menge von <strong>Karit\u00e9-Schlagsahne<\/strong>.<\/li>\n<li>Erw\u00e4rmen Sie es sanft in den H\u00e4nden und tragen Sie es dann in kreisenden Bewegungen auf die frisch enthaarte Stelle auf.<\/li>\n<li>Bestehen Sie auf Stellen, die zu Irritationen neigen, wie die Bikinizone oder die Achselh\u00f6hlen.<\/li>\n<li>Wiederholen Sie die Anwendung bei Bedarf morgens und abends, bis Sie sich wieder wohl f\u00fchlen.<\/li>\n<\/ul>\n<p>Achten Sie darauf, dass Sie einen <strong>unraffinierte Butter<\/strong>, So kommen Sie in den vollen Genuss seiner urspr\u00fcnglichen Eigenschaften. Wenn n\u00f6tig, passen Sie die H\u00e4ufigkeit an, je nachdem, wie Ihre Haut in der Woche nach der Haarentfernung reagiert.<\/p>\n<h2>Was sind die Unterschiede zwischen klassischer Sheabutter und Karit\u00e9-Chantilly?<\/h2>\n<p>Wenn es verlockend ist, den <strong>reine Butter<\/strong>, die Version <strong>chantilly<\/strong> hat unbestreitbare Vorteile f\u00fcr einen <strong>Pflege nach der Enthaarung<\/strong> auf sensorisches Vergn\u00fcgen und Wirksamkeit ausgerichtet ist. Diese Unterscheidung ist sowohl beim Auftragen als auch beim Gef\u00fchl auf der Haut sp\u00fcrbar.<\/p>\n<p>Hier eine Vergleichstabelle, um ihre Besonderheiten besser zu verstehen:<\/p>\n<table>\n<tbody>\n<tr>\n<th>Aspekt<\/th>\n<th>Klassische Sheabutter<\/th>\n<th>Karit\u00e9-Schlagsahne<\/th>\n<\/tr>\n<tr>\n<td>Textur<\/td>\n<td>Fest, kompakt<\/td>\n<td>Leicht, geschlagen, schaumig<\/td>\n<\/tr>\n<tr>\n<td>Penetration<\/td>\n<td>Kann einen fettigen Film hinterlassen<\/td>\n<td>Zieht schnell ein, nicht klebrig<\/td>\n<\/tr>\n<tr>\n<td>Anwendung<\/td>\n<td>Muss lange erhitzt werden<\/td>\n<td>L\u00e4sst sich leicht verteilen, sofortiges weiches Gef\u00fchl<\/td>\n<\/tr>\n<tr>\n<td>Sensorische Zulassungen<\/td>\n<td>Duftneutral, rohes Aussehen<\/td>\n<td>Individuelles Parf\u00fcm m\u00f6glich, \u00e4sthetische Wiedergabe<\/td>\n<\/tr>\n<\/tbody>\n<\/table>\n<p>Die Verwendung einer <strong>chantilly<\/strong> erm\u00f6glicht also einen echten Moment der Entspannung, w\u00e4hrend das Wesentliche gew\u00e4hrleistet wird: <strong>die Haut beruhigen<\/strong> schnell nach dem Epilieren und sorgen f\u00fcr eine <strong>Hautern\u00e4hrung<\/strong> vollst\u00e4ndig.<\/p>\n<h2>Tipps zur Maximierung der Wirkung von Sheabutter Pflege nach der Haarentfernung<\/h2>\n<p>Optimieren Sie die Wirksamkeit der <strong>Karit\u00e9-Schlagsahne<\/strong> beruht auch auf einigen einfachen Reflexen, die Sie t\u00e4glich anwenden k\u00f6nnen. Diese Tipps verst\u00e4rken die sichtbaren Ergebnisse und verl\u00e4ngern die Geschmeidigkeit, die Sie direkt nach dem Auftragen erhalten.<\/p>\n<p>Verwenden Sie den <strong>Sheabutter Pflege nach der Haarentfernung<\/strong> regelm\u00e4\u00dfig auch au\u00dferhalb der Haarentfernungsperiode, um die Gesamtqualit\u00e4t der Epidermis zu st\u00e4rken. Eine wohltuende Routine vor und nach der Rasur oder Epilation verbessert die Widerstandsf\u00e4higkeit der <strong>nat\u00fcrlicher Hydrolipidfilm<\/strong>.<\/p>\n<ul>\n<li>Verbannen Sie unmittelbar nach dem Epilieren zu enge Kleidung, um Reibung zu vermeiden.<\/li>\n<li>Denken Sie daran, Ihre Haut ein- bis zweimal pro Woche (au\u00dfer an Tagen, an denen Sie epilieren) zu peelen, um eingewachsenen Haaren vorzubeugen und die Hautgesundheit zu f\u00f6rdern. <strong>Hautregeneration<\/strong>.<\/li>\n<li>Entscheiden Sie sich bei Hitze f\u00fcr eine Anwendung am Abend, um w\u00e4hrend des Schlafs von der erholsamen Wirkung zu profitieren.<\/li>\n<\/ul>\n<p>Die Verabschiedung von <strong>nat\u00fcrliche Pflege<\/strong> angereichert mit <strong>Karit\u00e9butter<\/strong> ist die perfekte Erg\u00e4nzung zu einem haut- und umweltfreundlichen Sch\u00f6nheitsprogramm. Diese einfache Geste, die Sie Ihrem Ritual hinzuf\u00fcgen k\u00f6nnen, verwandelt jede Haarentfernung in eine wohltuende Auszeit, die Leuchtkraft und Elastizit\u00e4t bewahrt.<\/p>\n<h2>H\u00e4ufig gestellte Fragen zu aufgeschlagener Sheabutter nach der Haarentfernung<\/h2>\n<div itemscope=\"\" itemtype=\"https:\/\/schema.org\/FAQPage\">\n<div itemprop=\"mainEntity\" itemscope=\"\" itemtype=\"https:\/\/schema.org\/Question\">\n<h3 itemprop=\"name\">Kann man die aufgeschlagene Sheabutter nach der Haarentfernung f\u00fcr alle K\u00f6rperteile verwenden?<\/h3>\n<div itemprop=\"acceptedAnswer\" itemscope=\"\" itemtype=\"https:\/\/schema.org\/Answer\">\n<div itemprop=\"text\">\n<p>Es eignet sich problemlos f\u00fcr alle Bereiche: Beine, Bikinizone, Achselh\u00f6hlen oder sogar das Gesicht. Seine sanfte Formulierung birgt keine besonderen Risiken, au\u00dfer spezifischen Allergien gegen Karit\u00e9 oder eventuelle \u00d6le, die im Hausrezept hinzugef\u00fcgt wurden.<\/p>\n<ul>\n<li>Kein Zusatz von Alkohol oder synthetischen Duftstoffen empfohlen, um Reaktionen zu begrenzen.<\/li>\n<li>Testen Sie bei der ersten Anwendung lieber auf einer kleinen Fl\u00e4che.<\/li>\n<\/ul>\n<table>\n<tbody>\n<tr>\n<th>Bereich<\/th>\n<th>Vorsichtsma\u00dfnahme<\/th>\n<\/tr>\n<tr>\n<td>Beine<\/td>\n<td>Keine besonderen Vorsichtsma\u00dfnahmen<\/td>\n<\/tr>\n<tr>\n<td>Bikinizone\/Achseln<\/td>\n<td>Auf neuere Mikroschnitte achten<\/td>\n<\/tr>\n<tr>\n<td>Gesicht<\/td>\n<td>Kontakt mit den Augen vermeiden<\/td>\n<\/tr>\n<\/tbody>\n<\/table>\n<\/div>\n<\/div>\n<\/div>\n<div itemprop=\"mainEntity\" itemscope=\"\" itemtype=\"https:\/\/schema.org\/Question\">\n<h3 itemprop=\"name\">Wie oft sollte man Shea Butter nach der Haarentfernung auftragen?<\/h3>\n<div itemprop=\"acceptedAnswer\" itemscope=\"\" itemtype=\"https:\/\/schema.org\/Answer\">\n<div itemprop=\"text\">\n<p>Eine Anwendung direkt nach der Epilation und dann morgens und abends, je nach Empfindlichkeit der Haut, optimiert die wohltuende Wirkung. Sehr trockene oder wiederholt strapazierte Haut kann eine t\u00e4gliche Anwendung \u00fcber mehrere Tage sch\u00e4tzen.<\/p>\n<ul>\n<li>Passen Sie die H\u00e4ufigkeit entsprechend der pers\u00f6nlichen Toleranz an.<\/li>\n<li>Verlangsamen Sie bei einem sp\u00fcrbaren Fett\u00fcberschuss.<\/li>\n<\/ul>\n<\/div>\n<\/div>\n<\/div>\n<div itemprop=\"mainEntity\" itemscope=\"\" itemtype=\"https:\/\/schema.org\/Question\">\n<h3 itemprop=\"name\">Kann man Karit\u00e9-Chantilly mit anderen Pflegeprodukten nach der Haarentfernung kombinieren?<\/h3>\n<div itemprop=\"acceptedAnswer\" itemscope=\"\" itemtype=\"https:\/\/schema.org\/Answer\">\n<div itemprop=\"text\">\n<p>Sie k\u00f6nnen die Anwendung mit Aloe-vera-Gel kombinieren, um die beruhigende Wirkung noch zu verst\u00e4rken. Die Kombination f\u00f6rdert die <strong>Hautregeneration<\/strong> und verringert das Risiko von Irritationen. Warten Sie jedoch ein paar Minuten, bis jedes Produkt gut eingezogen ist, bevor Sie ein weiteres \u00fcberlagern.<\/p>\n<ul>\n<li>Nicht direkt in der Hand mischen, eher \u00fcbereinander schichten.<\/li>\n<li>Beobachten Sie die Reaktion der Haut beim ersten Versuch.<\/li>\n<\/ul>\n<\/div>\n<\/div>\n<\/div>\n<div itemprop=\"mainEntity\" itemscope=\"\" itemtype=\"https:\/\/schema.org\/Question\">\n<h3 itemprop=\"name\">Welche Zutaten sollte man in einer guten Karit\u00e9-Sahnecreme f\u00fcr die Pflege nach der Haarentfernung suchen?<\/h3>\n<div itemprop=\"acceptedAnswer\" itemscope=\"\" itemtype=\"https:\/\/schema.org\/Answer\">\n<div itemprop=\"text\">\n<p>F\u00f6rdern Sie einen <strong>reine Sheabutter<\/strong>, Die Haut sollte nicht zu sehr strapaziert werden, da sie sich sonst zu sehr ausdehnen kann. Vermeiden Sie Produkte, die Reizstoffe, k\u00fcnstliche Farbstoffe oder chemische Konservierungsmittel enthalten.<\/p>\n<ul>\n<li>\u00dcberpr\u00fcfen Sie die INCI-Liste, um nat\u00fcrliche Inhaltsstoffe zu finden.<\/li>\n<li>Konsultieren Sie Verbrauchermeinungen zu Texturen und Finishes.<\/li>\n<\/ul>\n<table>\n<tbody>\n<tr>\n<th>Zu bevorzugende Zutat<\/th>\n<th>Angestrebte Wirkung<\/th>\n<\/tr>\n<tr>\n<td>Kokosnuss\u00f6l<\/td>\n<td>Lockerheit, Weichheit<\/td>\n<\/tr>\n<tr>\n<td>S\u00fc\u00dfes Mandel\u00f6l<\/td>\n<td>Linderung von Irritationen<\/td>\n<\/tr>\n<tr>\n<td>Calendula-\u00d6l<\/td>\n<td>St\u00e4rkung der Hautregeneration<\/td>\n<\/tr>\n<\/tbody>\n<\/table>\n<\/div>\n<\/div>\n<\/div>\n<\/div>","protected":false},"excerpt":{"rendered":"<p>Pflege nach der Haarentfernung mit Karit\u00e9butter Chantilly. Beruhigt R\u00f6tungen, <strong>spendet intensiv Feuchtigkeit und macht weich<\/strong> die Haut nach der Rasur.<\/p>\n<p>Format 100g.<\/p>\n<p><strong>Zutaten<\/strong> Butyrospermum Parkii (Shea) Butter, Calendula, Aloe Vera, Kamille.<\/p>","protected":false},"featured_media":9391,"template":"","meta":[],"product_brand":[],"product_cat":[125,88,89],"product_tag":[],"class_list":{"0":"post-8603","1":"product","2":"type-product","3":"status-publish","4":"has-post-thumbnail","6":"product_cat-beurre-de-karite-chantilly","7":"product_cat-bien-etre","8":"product_cat-cosmetiques","10":"first","11":"instock","12":"shipping-taxable","13":"purchasable","14":"product-type-simple"},"_links":{"self":[{"href":"https:\/\/www.miel-store.com\/de\/wp-json\/wp\/v2\/product\/8603","targetHints":{"allow":["GET"]}}],"collection":[{"href":"https:\/\/www.miel-store.com\/de\/wp-json\/wp\/v2\/product"}],"about":[{"href":"https:\/\/www.miel-store.com\/de\/wp-json\/wp\/v2\/types\/product"}],"wp:featuredmedia":[{"embeddable":true,"href":"https:\/\/www.miel-store.com\/de\/wp-json\/wp\/v2\/media\/9391"}],"wp:attachment":[{"href":"https:\/\/www.miel-store.com\/de\/wp-json\/wp\/v2\/media?parent=8603"}],"wp:term":[{"taxonomy":"product_brand","embeddable":true,"href":"https:\/\/www.miel-store.com\/de\/wp-json\/wp\/v2\/product_brand?post=8603"},{"taxonomy":"product_cat","embeddable":true,"href":"https:\/\/www.miel-store.com\/de\/wp-json\/wp\/v2\/product_cat?post=8603"},{"taxonomy":"product_tag","embeddable":true,"href":"https:\/\/www.miel-store.com\/de\/wp-json\/wp\/v2\/product_tag?post=8603"}],"curies":[{"name":"wp","href":"https:\/\/api.w.org\/{rel}","templated":true}]}}