{"id":848,"date":"2022-04-14T23:19:19","date_gmt":"2022-04-14T21:19:19","guid":{"rendered":"https:\/\/www.miel-store.com\/?post_type=product&#038;p=848"},"modified":"2026-04-26T19:15:25","modified_gmt":"2026-04-26T17:15:25","slug":"kamelmilchpulver","status":"publish","type":"product","link":"https:\/\/www.miel-store.com\/de\/p\/lait-de-chamelle-en-poudre","title":{"rendered":"Kamelmilchpulver 100g"},"content":{"rendered":"<p>Die\u00a0<strong>Kamelmilchpulver<\/strong>\u00a0stellt bei der Beduinenbev\u00f6lkerung sowie bei den W\u00fcstenhirten einen unverzichtbaren Bestandteil der Ern\u00e4hrung dar. Unser Bestreben, Ihnen Produkte anzubieten, die Ihrem Organismus gut tun, veranlasst uns, es Ihnen zur Verf\u00fcgung zu stellen. Bis vor kurzem war es der breiten \u00d6ffentlichkeit noch unbekannt, doch mittlerweile geh\u00f6rt es zu den beliebtesten Produkten, vor allem im Umfeld der\u00a0<strong>Gesund<\/strong>. Machen Sie sie zu einem wichtigen Verb\u00fcndeten bei Ihrer Suche nach Vitaminen und Spannkraft.<\/p>\n<h2><strong>Vergessen Sie bei einem Roadtrip durch die W\u00fcste nicht die Kamelmilch<\/strong><\/h2>\n<p>Bevor wir auf die gesundheitlichen Auswirkungen dieses Produkts eingehen, sollten wir uns die Zeit nehmen, zu erw\u00e4hnen, dass dieses Nahrungsmittel seit \u00fcber drei Jahrtausenden vor allem in Arabien sehr beliebt ist. Es handelt sich um ein Nahrungsmittel und nicht um ein Getr\u00e4nk! Das Dromedar ist nicht nur ein Transportmittel f\u00fcr die W\u00fcstenbewohner. Sie sch\u00e4tzen das Kamel auch wegen seines Fleisches, seiner Wolle und seiner Milch, die sie verwerten k\u00f6nnen.<\/p>\n<p>Um die \u00dcberfahrt zu \u00fcberstehen, ist Kamelmilchpulver das richtige Nahrungsmittel. Als kleine Anekdote: Dromedare k\u00f6nnen 30 Tage durchhalten, wenn sie nur diese Fl\u00fcssigkeit zu sich nehmen. <a href=\"https:\/\/www.miel-store.com\/de\/p\/sukari-datteln\/\"><strong>Sukkari-Datteln<\/strong><\/a>. Der Grund daf\u00fcr liegt darin, dass seine Zusammensetzung reich an\u00a0<strong>Proteine<\/strong>, insbesondere antimikrobielle Eigenschaften. Ein gro\u00dfer Vorteil dieser Substanz ist, dass sie bei gro\u00dfer Hitze sehr schnell satt macht. Sie stellt auch eine Alternative zu\u00a0<strong>Fleischprodukte<\/strong>.<\/p>\n<p>In Bezug auf die Produktivit\u00e4t ist Kamelmilch viel rentabler als andere Viehzuchtbetriebe. Diese ben\u00f6tigen nicht nur Weideland, sondern auch eine gro\u00dfe Menge Wasser an Orten, an denen es akuten Wassermangel gibt. Dromedare hingegen haben die F\u00e4higkeit, ihre Reserven zu verwalten und ihren Wasserbedarf selbstst\u00e4ndig zu decken.<\/p>\n<p>Kamelmilch ist Teil der Traditionen sowie der Empfehlungen der arabischen Bev\u00f6lkerung. Sie sehen darin eine\u00a0<strong>Naturheilmittel<\/strong> ebenso wie die <a href=\"https:\/\/www.miel-store.com\/de\/p\/nigella-samen-aus-thiopien-habachiya\/\"><strong>Samen des \u00e4thiopischen Schwarzk\u00fcmmels Habachiya<\/strong><\/a>\u00a0die vom Gesandten Allahs erw\u00e4hnt wurden. Ihr Glaube bringt sie daher dazu, Infektionen, aber auch chronische Krankheiten mit diesen\u00a0<strong>nat\u00fcrliche Medikamente<\/strong>. Viele westliche Wissenschaftler haben Forschungen und Arbeiten durchgef\u00fchrt, die diese These tendenziell st\u00fctzen.<\/p>\n<h2><strong>Welche N\u00e4hrstoffkomponenten finden wir in der Zusammensetzung dieses atypischen Nektars wieder<\/strong><\/h2>\n<p>Kamelmilch hat die F\u00e4higkeit, viele Mangelerscheinungen zu beheben, im Gegensatz zu einem ihrer gewichtigen Konkurrenten, n\u00e4mlich der\u00a0<strong>Kuhmilch<\/strong>. In seiner Zusammensetzung findet man vor allem einen hohen Anteil an\u00a0<strong>Vitamin C<\/strong>. Er ist dreimal so hoch wie der von K\u00fchen. Die verschiedenen Substanzen in seiner Zusammensetzung tragen wesentlich zur\u2019<strong>Ern\u00e4hrungsbilanz<\/strong>. \u00dcbrigens geh\u00f6rt es in Afrika s\u00fcdlich der Sahara zum Brauch, unterern\u00e4hrte Kinder mit dieser Milch zu tr\u00e4nken.<\/p>\n<p>Man kann also sagen, dass es sich um einen\u00a0<strong>Wundermittel<\/strong>\u00a0indem wir uns auf die unz\u00e4hligen Funktionen st\u00fctzen, die dieses Nahrungsmittel in sich vereint. Wir entscheiden uns daf\u00fcr, es als \u00abLebensmittel\u00bb zu bezeichnen, weil es eine riesige Menge an N\u00e4hrstoffen enth\u00e4lt. Wir wollen nicht vergessen, die gro\u00dfe Menge an Kalzium zu erw\u00e4hnen, die in dieser wei\u00dfen Fl\u00fcssigkeit enthalten ist.<\/p>\n<p>Es verf\u00fcgt auch \u00fcber eine geringe Menge an Laktose, die es\u00a0<strong>leicht verdaulich<\/strong>. Das bedeutet, dass es sich am besten f\u00fcr Diabetespatienten eignet. Dieses wichtige Detail spiegelt sich in dem geringen Zuckergehalt wider. Beim Verzehr werden Sie einen leicht salzigen Geschmack und einen nussigen Geruch feststellen. Dies tut dem Genuss jedoch keinen Abbruch.<\/p>\n<h2><strong>Ein Nahrungsmittel mit \u00fcbergro\u00dfen therapeutischen Vorteilen<\/strong><\/h2>\n<p>In der heutigen Zeit haben sich viele L\u00e4nder daf\u00fcr entschieden, die Schemata der handwerklichen Bauernh\u00f6fe nachzuahmen. So wird in diesen verschiedenen Kooperativen die Kamelmilch f\u00fcr medizinische Zwecke verwendet, au\u00dfer in den Niederlanden. Dieses Land hat sich daf\u00fcr entschieden, diese Aktivit\u00e4t zu kommerziellen Zwecken zu entwickeln. Es stellt insbesondere Nebenprodukte wie Seifen, Kosmetika, ... her.<\/p>\n<p>Entdecken Sie also die ungeahnten Vorteile von Kamelmilchpulver. Es tr\u00e4gt insbesondere dazu bei :<\/p>\n<ul>\n<li>Auf\u00a0<strong>St\u00e4rkung des Immunsystems<\/strong>.<\/li>\n<li>Es beugt vor gegen\u00a0<strong>Morbus Crohn<\/strong>, Es gibt auch andere Autoimmunerkrankungen.<\/li>\n<li>Sein Handeln in der\u00a0<strong>Behandlung von Autismus<\/strong>, Die\u00a0<strong>Parkinson-Krankheit<\/strong>, d\u2019<strong>Alzheimer<\/strong>, und einige Arten von\u00a0<strong>Krebserkrankungen<\/strong>\u00a0ist nicht auszuschlie\u00dfen. Sie stellt f\u00fcr Patienten mit diesen Erkrankungen eine hochwertige Alternative zu medikament\u00f6sen L\u00f6sungen dar.<\/li>\n<\/ul>\n<p>Kamelmilchpulver hat auch eine pflegende Wirkung, insbesondere in Form von Seife. Wir empfehlen es daher f\u00fcr Menschen mit verschiedenen Formen von Psoriasis, Ekzemen und allen Arten von\u00a0<strong>Hautkrankheiten<\/strong> ebenso wie der <a href=\"https:\/\/www.miel-store.com\/de\/p\/johannisbeerhonig-sidr-maliki-aus-dem-jemen\/\"><strong>Honig des Jemen-Jujubenbaums<\/strong><\/a>. Dar\u00fcber hinaus versorgt es die Epidermis tiefgreifend mit Feuchtigkeit und ist f\u00fcr alle Hauttypen geeignet. Es ist ein hypoallergenes Produkt.<\/p>\n<h3><strong>Warum Kamelmilchpulver in dehydrierter Form?<\/strong><\/h3>\n<p>Wenn Sie nach Saudi-Arabien oder in die Vereinigten Arabischen Emirate reisen, haben Sie die Chance, dieses Produkt in Flaschen zu kaufen. Allerdings gibt es in der Europ\u00e4ischen Union einige Einschr\u00e4nkungen, an die wir uns halten m\u00fcssen. Der Verkauf von Kamelmilch, die aus einer Region au\u00dferhalb Europas stammt, ist in Frankreich verboten. Dieses Produkt verdankt sein Verbot :<\/p>\n<ul>\n<li>Zu einem Mangel an R\u00fcckverfolgbarkeit.<\/li>\n<li>Auf das Gesundheitsrisiko, das mit m\u00f6glichen Infektionen der Kameliden verbunden ist.<\/li>\n<\/ul>\n<p>All dies veranlasst den Miel Store, Ihnen die Milch der Kamele in getrockneter Form anzubieten.<\/p>\n<p>Andere L\u00e4nder haben sich daf\u00fcr entschieden, diesen Markt mit gro\u00dfem Potenzial zu entwickeln. Wenn Sie die Gelegenheit haben, in diese L\u00e4nder zu reisen, k\u00f6nnen Sie einen Liter f\u00fcr etwa 20 Euro erwerben. W\u00e4hrend einige Staaten sich daf\u00fcr entschieden haben, auf Nummer sicher zu gehen, sehen andere darin eine M\u00f6glichkeit, sich in einem sehr lukrativen Markt zu entwickeln. Im \u00dcbrigen tragen viele L\u00e4nder (Maghreb, Emirate) dazu bei, Garantien zu bieten, insbesondere im Bereich der Hygiene.<\/p>\n<p>Diese Milch richtet sich an alle, die auf der Suche nach\u00a0<strong>Vitalit\u00e4t<\/strong>\u00a0oder w\u00fcnschen\u00a0<strong>ihre Abwehrkr\u00e4fte boosten<\/strong>.\u00a0<strong>DIE VEREINTEN NATIONEN<\/strong>\u00a0hat dieses Nahrungsmittel f\u00fcr die Landwirtschaft sowie f\u00fcr die Ern\u00e4hrung als unvergleichlich anerkannt. Es soll vor allem die Ern\u00e4hrung von Menschen bereichern, die in W\u00fcstenregionen leben. Genie\u00dfen Sie dieses Produkt mit seinem k\u00f6stlichen Geschmack und seinen\u00a0<strong>Tugenden<\/strong>\u00a0unbezahlbar, wenn Sie es in Ihrem\u00a0<strong>Online-Wellness-Shop<\/strong>, Honig Store.<\/p>","protected":false},"excerpt":{"rendered":"<p>Le\u00a0lait de chamelle en poudre\u00a0repr\u00e9sente un incontournable de la nutrition dans les populations b\u00e9douines, ainsi que chez les bergers du d\u00e9sert. Notre volont\u00e9 de vous proposer des produits b\u00e9n\u00e9fiques pour votre organisme nous pousse \u00e0 le mettre \u00e0 votre disposition. Inconnu du grand public jusqu&rsquo;\u00e0 il y a encore peu de temps, il fait d\u00e9sormais [&#8230;]\n","protected":false},"featured_media":10355,"template":"","meta":[],"product_brand":[],"product_cat":[88],"product_tag":[],"class_list":{"0":"post-848","1":"product","2":"type-product","3":"status-publish","4":"has-post-thumbnail","6":"product_cat-bien-etre","8":"first","9":"instock","10":"shipping-taxable","11":"purchasable","12":"product-type-simple"},"_links":{"self":[{"href":"https:\/\/www.miel-store.com\/de\/wp-json\/wp\/v2\/product\/848","targetHints":{"allow":["GET"]}}],"collection":[{"href":"https:\/\/www.miel-store.com\/de\/wp-json\/wp\/v2\/product"}],"about":[{"href":"https:\/\/www.miel-store.com\/de\/wp-json\/wp\/v2\/types\/product"}],"wp:featuredmedia":[{"embeddable":true,"href":"https:\/\/www.miel-store.com\/de\/wp-json\/wp\/v2\/media\/10355"}],"wp:attachment":[{"href":"https:\/\/www.miel-store.com\/de\/wp-json\/wp\/v2\/media?parent=848"}],"wp:term":[{"taxonomy":"product_brand","embeddable":true,"href":"https:\/\/www.miel-store.com\/de\/wp-json\/wp\/v2\/product_brand?post=848"},{"taxonomy":"product_cat","embeddable":true,"href":"https:\/\/www.miel-store.com\/de\/wp-json\/wp\/v2\/product_cat?post=848"},{"taxonomy":"product_tag","embeddable":true,"href":"https:\/\/www.miel-store.com\/de\/wp-json\/wp\/v2\/product_tag?post=848"}],"curies":[{"name":"wp","href":"https:\/\/api.w.org\/{rel}","templated":true}]}}