{"id":8362,"date":"2025-08-11T12:00:58","date_gmt":"2025-08-11T10:00:58","guid":{"rendered":"https:\/\/www.miel-store.com\/?post_type=product&#038;p=8362"},"modified":"2026-04-05T09:10:12","modified_gmt":"2026-04-05T07:10:12","slug":"festes-shampoo-jujube-70g","status":"publish","type":"product","link":"https:\/\/www.miel-store.com\/de\/p\/shampoing-solide-jujubier-70g","title":{"rendered":"Festes Shampoo Jujube 70g"},"content":{"rendered":"<p>Die Welt der\u00a0<strong>nat\u00fcrliche Haarpflege<\/strong> entwickelt sich st\u00e4ndig weiter, wobei umweltfreundliche Formeln immer beliebter werden. Die <strong>festes Shampoo mit Jujubenbaum<\/strong> zieht immer mehr diejenigen an, die einen gesunden und effektiven Ansatz verfolgen und gleichzeitig ihre \u00f6kologischen Auswirkungen reduzieren m\u00f6chten. Dieses innovative Format, angereichert mit Inhaltsstoffen mit vielen positiven Eigenschaften, stellt eine ideale Alternative zu herk\u00f6mmlichen Produkten dar, insbesondere f\u00fcr Menschen, die eine Pflege suchen, die gleichzeitig <strong>feuchtigkeitsspendend, reinigend und st\u00e4rkend<\/strong>.<\/p>\n<h2>Warum sollte man sich f\u00fcr ein festes Shampoo mit Sidr entscheiden?<\/h2>\n<p>Die Wahl eines <strong>festes Shampoo<\/strong> ist nicht nur praktisch oder umweltfreundlich. Diese Art von Produkt stellt eine Konzentration von\u2019<strong>starke nat\u00fcrliche Aktivstoffe<\/strong>. Integrieren Sie den <strong>jubberbaum in seiner Routine<\/strong> sorgt dank seiner einzigartigen Eigenschaften f\u00fcr Vitalit\u00e4t und Geschmeidigkeit. Im Gegensatz zu herk\u00f6mmlichen Flaschen, die mit synthetischen Inhaltsstoffen gef\u00fcllt sind, setzt ein festes Shampoo auf den Reichtum an pflanzlichen \u00d6len und n\u00e4hrenden Buttersorten.<\/p>\n<p>Bevorzugen Sie einen <strong>Naturprodukt<\/strong> erm\u00f6glicht es auch, die Liste der Inhaltsstoffe zu vereinfachen und den Kontakt mit aggressiven Chemikalien, die oft in industriellen Fl\u00fcssigshampoos enthalten sind, zu begrenzen. So profitieren Kopfhaut und Haar bei jeder W\u00e4sche von einem Wellness-Schritt und schonen gleichzeitig unseren Planeten.<\/p>\n<h2>Die Vorteile der Jujube f\u00fcr Ihr Haar und Ihre Kopfhaut<\/h2>\n<p>Die <strong>Jujube<\/strong> ist seit Jahrhunderten bekannt f\u00fcr seine <strong>positive Eigenschaften<\/strong>, Sie wird sowohl in der Kosmetik als auch in der traditionellen Medizin verwendet. Sein Reichtum an <strong>Mineralien und Antioxidantien<\/strong> erf\u00fcllt die t\u00e4glichen Bed\u00fcrfnisse der Haare perfekt. Dieser Inhaltsstoff wird f\u00fcr alle, die ihre Haarfaser kompromisslos pflegen wollen, unverzichtbar.<\/p>\n<p>H\u00e4ufig wird mit dem <strong>Jujube<\/strong> zu Pflegeritualen mit weichmachender und sch\u00fctzender Wirkung. Seine Wirkung <strong>reinigend<\/strong> gleicht die Kopfhaut aus und hilft gleichzeitig, \u00fcbersch\u00fcssigen Talg zu bek\u00e4mpfen. Diese Vielseitigkeit macht es besonders geeignet f\u00fcr empfindliche oder zu Unausgeglichenheit neigende Kopfhaut.<\/p>\n<p>Wenn Sie nach einer erg\u00e4nzenden nat\u00fcrlichen L\u00f6sung gegen Kopfhautbeschwerden wie Juckreiz oder Ekzeme suchen, ist die Verwendung eines\u00a0<a href=\"https:\/\/www.miel-store.com\/de\/p\/festes-nigella-shampoo\/\">Nigella-Shampoo<\/a> kann ebenfalls bemerkenswerte Ergebnisse liefern, insbesondere dank der Vorteile von Schwarzk\u00fcmmel\u00f6l, das daf\u00fcr bekannt ist, das Haar zu beruhigen und zu st\u00e4rken.<\/p>\n<h3>Sanfte, aber effektive Reinigung<\/h3>\n<p>Dank seiner <strong>nat\u00fcrliche Aktivstoffe<\/strong>, am <strong>sidr reinigt gr\u00fcndlich<\/strong> ohne die Haut auszutrocknen oder die Haarfaser zu sch\u00e4digen. Es entfernt Unreinheiten und bewahrt gleichzeitig die nat\u00fcrliche Lipidbarriere der Kopfhaut. Das Ergebnis: Das Haar ist sauber, geschmeidig und seidig, ohne Spannungsgef\u00fchl oder irritierende R\u00fcckst\u00e4nde.<\/p>\n<p>Viele Anwender stellen eine deutliche Reduzierung von Beschwerden wie Juckreiz oder Schuppen fest - ein Beweis f\u00fcr eine <strong>beruhigende und regulierende Wirkung<\/strong> die diese erstaunliche Pflanze mit sich bringt.<\/p>\n<h3>Eine feuchtigkeitsspendende und n\u00e4hrende Formel<\/h3>\n<p>Das Hinzuf\u00fcgen von <strong>Karit\u00e9butter<\/strong> verst\u00e4rkt noch die Wirksamkeit des <strong>festes Shampoo<\/strong>, Es wirkt synergetisch mit der Jujube, um intensiv Feuchtigkeit zu spenden. Die Kombination aus pflanzlichen \u00d6len und nat\u00fcrlichen Fetten bietet eine <strong>optimaler Schutz vor Trockenheit<\/strong> und \u00e4u\u00dferen Einfl\u00fcssen.<\/p>\n<p>Br\u00fcchiges, stumpfes oder geschw\u00e4chtes Haar erh\u00e4lt neuen Glanz und Elastizit\u00e4t. Diese doppelte Wirkung, die gleichzeitig <strong>feuchtigkeitsspendend und n\u00e4hrend<\/strong>, Das Produkt verbessert die Haarqualit\u00e4t nach und nach, sodass schon nach den ersten Anwendungen sichtbare Ergebnisse erzielt werden.<\/p>\n<h2>Wie verwende ich ein festes Shampoo, um seine Vorteile voll auszusch\u00f6pfen?<\/h2>\n<p>Einen annehmen <strong>festes Shampoo<\/strong> erfordert einige einfache Anpassungen, die schnell in die t\u00e4gliche Routine integriert werden k\u00f6nnen. Die richtige Anwendung sorgt f\u00fcr optimale Ergebnisse und verl\u00e4ngert die Lebensdauer des Produkts.<\/p>\n<p>Dieses konzentrierte Format wird direkt unter Wasser verwendet, angefeuchtet und dann sanft auf der Kopfhaut verrieben. Eine kleine Menge reicht in der Regel aus, um einen \u00fcppigen Schaum zu erzeugen, der die Bed\u00fcrfnisse jedes Haartyps respektiert. <strong>Haar<\/strong>.<\/p>\n<h3>Schl\u00fcsselschritte f\u00fcr eine erfolgreiche W\u00e4sche<\/h3>\n<ul>\n<li>Befeuchten Sie gr\u00fcndlich die <strong>Haar<\/strong> und der <strong>festes Shampoo<\/strong>.<\/li>\n<li>Reiben Sie die Rolle sanft \u00fcber den <strong>Kopfhaut<\/strong> zum Aufsch\u00e4umen.<\/li>\n<li>Mit den Fingerspitzen einmassieren, um den Schaum zu verteilen.<\/li>\n<li>Gr\u00fcndlich sp\u00fclen, bis alle Spuren des Produkts vollst\u00e4ndig entfernt sind.<\/li>\n<li>Lassen Sie den <strong>festes Shampoo<\/strong> an der frischen Luft zwischen zwei Verwendungen.<\/li>\n<\/ul>\n<p>Dieser Prozess f\u00f6rdert eine <strong>schonende W\u00e4sche<\/strong> und gleichzeitig die Kopfhaut wieder ins Gleichgewicht bringen, dank nat\u00fcrlicher Inhaltsstoffe wie <strong>Karit\u00e9butter<\/strong> und der <strong>Jujube<\/strong>.<\/p>\n<h3>Tipps, um die Haltbarkeit von festem Shampoo zu verl\u00e4ngern<\/h3>\n<p>Um lange von den Tugenden Ihrer <strong>festes Shampoo<\/strong>, In der Regel werden bestimmte Handlungen empfohlen:<\/p>\n<ul>\n<li>Verwenden Sie einen <strong>durchbrochene Seifenschale<\/strong> um ein optimales Trocknen zu erm\u00f6glichen.<\/li>\n<li>Vermeiden Sie es, das Produkt in stehendem Wasser stehen zu lassen.<\/li>\n<li>Behalten Sie den <strong>festes Shampoo<\/strong> in einem trockenen Beh\u00e4lter, wenn Sie unterwegs sind.<\/li>\n<\/ul>\n<p>Diese Methode bewahrt nicht nur die Textur des Shampoos, sondern verl\u00e4ngert auch dessen Wirkung. <strong>feuchtigkeitsspendende und reinigende Eigenschaften<\/strong> im Laufe des Waschens.<\/p>\n<h2>Welche Vorteile hat eine nat\u00fcrliche Formulierung f\u00fcr das Haar und die Umwelt?<\/h2>\n<p>Zur\u00fcck zum Wesentlichen mit einem <strong>festes Shampoo mit Sidr<\/strong> erf\u00fcllt eine doppelte Anforderung: von <strong>sichtbare kosmetische Vorteile<\/strong> und etwas f\u00fcr die \u00f6kologische Nachhaltigkeit tun. Plastikverpackungen zu vergessen, die Verwendung von k\u00fcnstlichen Konservierungsstoffen zu reduzieren und rohe Aktivstoffe zu bevorzugen wird f\u00fcr jeden zug\u00e4nglich.<\/p>\n<p>Jeder Waschgang wird zu einer bewussteren t\u00e4glichen Geste, bei der die Sch\u00f6nheit der <strong>Haar<\/strong> geht mit der Reduzierung von umweltsch\u00e4dlichen Abf\u00e4llen einher. Kurze Formeln, dominiert von \u00d6len, dem <strong>Karit\u00e9butter<\/strong> und der <strong>Jujube<\/strong>, Die Inhaltsstoffe dieser Produkte bieten eine ideale Vertr\u00e4glichkeit selbst f\u00fcr die anspruchsvollste Kopfhaut.<\/p>\n<table>\n<tbody>\n<tr>\n<th>Gewinn<\/th>\n<th>Beschreibung<\/th>\n<\/tr>\n<tr>\n<td><strong>Milder Reiniger<\/strong><\/td>\n<td>Effektiv, ohne das Haar zu enthaaren oder die Kopfhaut auszutrocknen<\/td>\n<\/tr>\n<tr>\n<td><strong>F\u00fcr alle Haartypen geeignet<\/strong><\/td>\n<td>Vielseitige Formel, die sogar f\u00fcr empfindliche Kopfhaut geeignet ist<\/td>\n<\/tr>\n<tr>\n<td><strong>Zero Waste<\/strong><\/td>\n<td>Einfache Verpackung, kein Plastik und keine \u00fcberfl\u00fcssigen Konservierungsstoffe<\/td>\n<\/tr>\n<tr>\n<td><strong>Langfristige Wirkung<\/strong><\/td>\n<td>Kosteng\u00fcnstiges Produkt, wenig Material f\u00fcr jede Verwendung erforderlich<\/td>\n<\/tr>\n<\/tbody>\n<\/table>\n<p>Diese <strong>umweltbewusster Ansatz<\/strong> passt perfekt zu der erwarteten Effizienz, die eine R\u00fcckkehr zu einer <strong>Verbindungen aus der Natur<\/strong>, Es gibt viele verschiedene Haarpflegeprodukte, die f\u00fcr jedes Haarprofil geeignet sind.<\/p>\n<h2>H\u00e4ufig gestellte Fragen zum festen Shampoo mit Jujuju-Baum<\/h2>\n<div>\n<div>\n<h3>Was ist der Unterschied zwischen einem festen Shampoo mit Jujube und einem herk\u00f6mmlichen fl\u00fcssigen Shampoo?<\/h3>\n<div>\n<div>\n<p>Eine <strong>festes Shampoo mit Jujubenbaum<\/strong> enth\u00e4lt mehr\u2019<strong>nat\u00fcrliche Inhaltsstoffe<\/strong>, ohne synthetische Zus\u00e4tze oder aggressive Konservierungsstoffe. Es wurde so formuliert, dass es die Natur der <strong>Haar<\/strong> und ist dabei dank seines kompakten Formats bequem zu transportieren.<\/p>\n<ul>\n<li>Keine Plastikflaschen, daher weniger Umweltverschmutzung<\/li>\n<li>Sanfte Wirkung, f\u00fcr alle Haartypen geeignet<\/li>\n<li>Langlebiger als die meisten fl\u00fcssigen Shampoos<\/li>\n<\/ul>\n<table>\n<tbody>\n<tr>\n<th>Aspekt<\/th>\n<th>Festes Shampoo<\/th>\n<th>Fl\u00fcssiges Shampoo<\/th>\n<\/tr>\n<tr>\n<td>Dauer der Nutzung<\/td>\n<td>L\u00e4nger<\/td>\n<td>Weniger lang<\/td>\n<\/tr>\n<tr>\n<td>Zusammensetzung<\/td>\n<td>Nat\u00fcrlich<\/td>\n<td>Synthetisch<\/td>\n<\/tr>\n<tr>\n<td>\u00d6kologischer Fu\u00dfabdruck<\/td>\n<td>Niedrig<\/td>\n<td>H\u00f6her<\/td>\n<\/tr>\n<\/tbody>\n<\/table>\n<\/div>\n<\/div>\n<\/div>\n<div>\n<h3>Ist festes Shampoo f\u00fcr alle Haartypen geeignet?<\/h3>\n<div>\n<div>\n<p>Dank seiner weichen Bestandteile wie <strong>Karit\u00e9butter<\/strong> und der <strong>Jujube<\/strong>, Dies <strong>nat\u00fcrliches Shampoo<\/strong> ist kompatibel mit den <strong>feines, dickes, lockiges, glattes oder gef\u00e4rbtes Haar<\/strong>. Er beruhigt den <strong>empfindliche Kopfhaut<\/strong> und sorgt gleichzeitig f\u00fcr eine gezielte und schonende Reinigung der Haarfaser.<\/p>\n<ul>\n<li>Pflegt trockene Str\u00e4hnen intensiv<\/li>\n<li>Kl\u00e4rende Kraft f\u00fcr fettige Kopfhaut<\/li>\n<li>Bewahrt die Farbe des behandelten Haares<\/li>\n<\/ul>\n<\/div>\n<\/div>\n<\/div>\n<div>\n<h3>Kann ich das feste Shampoo mit Sidr mit einer anderen Pflege abwechseln?<\/h3>\n<div>\n<div>\n<p>Ja, es gibt keine Kontraindikationen, die einer Aufnahme in den <strong>festes Shampoo mit Jujubenbaum<\/strong> in einer Routine, die andere einschlie\u00dft <strong>Feuchtigkeitsmasken<\/strong>, Sie k\u00f6nnen auch nat\u00fcrliche Haar\u00f6le oder Haarsp\u00fclungen verwenden. Bei richtiger Dosierung verl\u00e4ngert es \u00fcbrigens die Wirkung von <strong>n\u00e4hrend und st\u00e4rkend<\/strong> zus\u00e4tzliche Pflege.<\/p>\n<ul>\n<li>Bevorzugen Sie nat\u00fcrliche Produkte, um die Wirkung des festen Shampoos zu erg\u00e4nzen<\/li>\n<li>Je nach Haartyp die richtigen Abst\u00e4nde zwischen den Haarw\u00e4schen einhalten<\/li>\n<\/ul>\n<\/div>\n<\/div>\n<\/div>\n<div>\n<h3>Welche Rolle spielt die Sheabutter in diesem Shampoo?<\/h3>\n<div>\n<div>\n<p>Die <a href=\"https:\/\/www.miel-store.com\/de\/p\/karite-butter-aus-mali\/\"><strong>Karit\u00e9butter<\/strong><\/a> spielt eine Schl\u00fcsselrolle in <strong>versorgt die Haarfaser tief mit Feuchtigkeit<\/strong>, Das Haar wird geschmeidig und geschmeidig, w\u00e4hrend es gleichzeitig Haarbruch und Spliss vorbeugt. Seine Kraft <strong>n\u00e4hrend<\/strong> sch\u00fctzt langanhaltend vor sch\u00e4dlichen Umwelteinfl\u00fcssen und hebt den nat\u00fcrlichen Glanz des Haares hervor.<\/p>\n<ul>\n<li>Verleiht dem Haar Weichheit und Geschmeidigkeit<\/li>\n<li>St\u00e4rkt die Haarstruktur<\/li>\n<li>Lindert den Juckreiz trockener Kopfhaut<\/li>\n<\/ul>\n<\/div>\n<\/div>\n<\/div>\n<\/div>","protected":false},"excerpt":{"rendered":"<p>G\u00f6nnen Sie Ihrem Haar eine authentische Pflege mit unserem\u00a0<strong>festes Shampoo mit Jujube (Sidr)<\/strong>, Die Haut ist seit Jahrhunderten f\u00fcr ihre reinigenden und sch\u00fctzenden Eigenschaften bekannt.<\/p>","protected":false},"featured_media":8880,"template":"","meta":[],"product_brand":[],"product_cat":[124,89],"product_tag":[],"class_list":{"0":"post-8362","1":"product","2":"type-product","3":"status-publish","4":"has-post-thumbnail","6":"product_cat-shampoings","7":"product_cat-cosmetiques","9":"first","10":"instock","11":"shipping-taxable","12":"purchasable","13":"product-type-simple"},"_links":{"self":[{"href":"https:\/\/www.miel-store.com\/de\/wp-json\/wp\/v2\/product\/8362","targetHints":{"allow":["GET"]}}],"collection":[{"href":"https:\/\/www.miel-store.com\/de\/wp-json\/wp\/v2\/product"}],"about":[{"href":"https:\/\/www.miel-store.com\/de\/wp-json\/wp\/v2\/types\/product"}],"wp:featuredmedia":[{"embeddable":true,"href":"https:\/\/www.miel-store.com\/de\/wp-json\/wp\/v2\/media\/8880"}],"wp:attachment":[{"href":"https:\/\/www.miel-store.com\/de\/wp-json\/wp\/v2\/media?parent=8362"}],"wp:term":[{"taxonomy":"product_brand","embeddable":true,"href":"https:\/\/www.miel-store.com\/de\/wp-json\/wp\/v2\/product_brand?post=8362"},{"taxonomy":"product_cat","embeddable":true,"href":"https:\/\/www.miel-store.com\/de\/wp-json\/wp\/v2\/product_cat?post=8362"},{"taxonomy":"product_tag","embeddable":true,"href":"https:\/\/www.miel-store.com\/de\/wp-json\/wp\/v2\/product_tag?post=8362"}],"curies":[{"name":"wp","href":"https:\/\/api.w.org\/{rel}","templated":true}]}}