{"id":7957,"date":"2025-05-17T12:02:14","date_gmt":"2025-05-17T10:02:14","guid":{"rendered":"https:\/\/www.miel-store.com\/?post_type=product&#038;p=7957"},"modified":"2025-08-07T17:19:51","modified_gmt":"2025-08-07T15:19:51","slug":"bartol-silberholz-100-naturlich-50-ml","status":"publish","type":"product","link":"https:\/\/www.miel-store.com\/de\/p\/huile-a-barbe-bois-dargent-100-naturelle-50-ml","title":{"rendered":"Bart\u00f6l Bois d'Argent 100% nat\u00fcrlich 50 ml"},"content":{"rendered":"<h2 class=\"\" data-start=\"323\" data-end=\"404\"><strong>Beschleunigen Sie das Wachstum und veredeln Sie Ihren Bart mit einer nat\u00fcrlichen 100%-Formel.<\/strong><\/h2>\n<p class=\"\" data-start=\"406\" data-end=\"782\">Entdecken Sie unseren<strong> Bart\u00f6l<\/strong> Silberholz, eine Premium-Pflege, die entwickelt wurde, um die <strong>w\u00e4chst<\/strong>, <strong>n\u00e4hren<\/strong> tiefgreifend und wieder <strong>St\u00e4rke<\/strong> und <strong>Glanz f\u00fcr Ihren Bart.<\/strong> Dank seiner reichhaltigen Zusammensetzung aus <strong>nat\u00fcrliche Pflanzen\u00f6le<\/strong>, Dieses Serum wirkt im Herzen der Haarfollikel, um deren Aktivit\u00e4t zu wecken, geschw\u00e4chte Bereiche zu reparieren und ein schnelleres und gleichm\u00e4\u00dfigeres Wachstum zu f\u00f6rdern.<\/p>\n<h3 data-start=\"784\" data-end=\"864\"><strong>Bart\u00f6l Silberholz: Eine Synergie aus wertvollen pflanzlichen \u00d6len f\u00fcr einen weichen und kr\u00e4ftigen Bart.<\/strong><\/h3>\n<p class=\"\" data-start=\"866\" data-end=\"976\">Unser \u00d6l ist mit einem Cocktail aus Bio-\u00d6len formuliert, die f\u00fcr ihre wohltuende Wirkung bekannt sind:<\/p>\n<ul>\n<li data-start=\"980\" data-end=\"1035\">Bio-Argan\u00f6l: st\u00e4rkt und spendet intensiv Feuchtigkeit<\/li>\n<li>S\u00fc\u00dfmandel\u00f6l: beruhigt und macht die Haut unter dem Bart geschmeidig<\/li>\n<li>Jojoba\u00f6l: gleicht den Talghaushalt aus und beugt br\u00fcchigem Haar vor<\/li>\n<li>Sesam\u00f6l: regenerierend und antioxidativ<\/li>\n<li>Kokosnuss\u00f6l: n\u00e4hrt tief und macht den Bart geschmeidig<\/li>\n<li>Schwarzk\u00fcmmel\u00f6l: regt das Wachstum an und st\u00e4rkt die Haarfaser<\/li>\n<li>Oliven\u00f6l: Ideal, um den Bart geschmeidig und gl\u00e4nzend zu machen.<\/li>\n<\/ul>\n<h3 data-start=\"1449\" data-end=\"1520\"><strong>Ein eleganter holziger Duft f\u00fcr eine maskuline olfaktorische Signatur<\/strong><\/h3>\n<p class=\"\" data-start=\"1522\" data-end=\"1787\">Dieses Silberholz Bart\u00f6l zeichnet sich durch seinen raffinierten Duft aus: holzige, warme und anspruchsvolle Noten, die einen bleibenden, maskulinen Eindruck hinterlassen. Es ist die ideale Pflege f\u00fcr M\u00e4nner, die auf ihr Image und die Qualit\u00e4t ihres Bartes achten.<\/p>\n<h3 data-start=\"1789\" data-end=\"1844\"><strong>Warum sollten Sie unser Bart\u00f6l Silberholz annehmen?<\/strong><\/h3>\n<ul>\n<li data-start=\"1848\" data-end=\"1905\">F\u00f6rdert ein schnelles und gleichm\u00e4\u00dfiges Bartwachstum<\/li>\n<li>Aktiviert schlafende Follikel und revitalisiert die Haut<\/li>\n<li>Macht den Bart weicher, dichter und leichter k\u00e4mmbar<\/li>\n<li>Bek\u00e4mpft Juckreiz und Schuppen<\/li>\n<li>Hinterl\u00e4sst einen dezenten, holzigen Duft ohne fettigen Effekt<\/li>\n<\/ul>\n<p>Anwendungsempfehlung: Tragen Sie einige Tropfen auf den sauberen, trockenen Bart auf. Sanft vom Ansatz bis in die Spitzen einmassieren, damit die Wirkstoffe gut einziehen und die Ergebnisse optimiert werden.<\/p>","protected":false},"excerpt":{"rendered":"<p>Acc\u00e9l\u00e9rez la pousse et sublimez votre barbe gr\u00e2ce \u00e0 une formule 100% naturelle D\u00e9couvrez notre huile \u00e0 barbe bois d&rsquo;argent, un soin premium con\u00e7u pour stimuler la pousse, nourrir en profondeur et redonner force et \u00e9clat \u00e0 votre barbe. Gr\u00e2ce \u00e0 sa composition riche en huiles v\u00e9g\u00e9tales naturelles, ce s\u00e9rum agit au c\u0153ur des follicules [&#8230;]\n","protected":false},"featured_media":8332,"template":"","meta":[],"product_brand":[],"product_cat":[123],"product_tag":[],"class_list":{"0":"post-7957","1":"product","2":"type-product","3":"status-publish","4":"has-post-thumbnail","6":"product_cat-huiles-a-barbe","8":"first","9":"instock","10":"shipping-taxable","11":"purchasable","12":"product-type-simple"},"_links":{"self":[{"href":"https:\/\/www.miel-store.com\/de\/wp-json\/wp\/v2\/product\/7957","targetHints":{"allow":["GET"]}}],"collection":[{"href":"https:\/\/www.miel-store.com\/de\/wp-json\/wp\/v2\/product"}],"about":[{"href":"https:\/\/www.miel-store.com\/de\/wp-json\/wp\/v2\/types\/product"}],"wp:featuredmedia":[{"embeddable":true,"href":"https:\/\/www.miel-store.com\/de\/wp-json\/wp\/v2\/media\/8332"}],"wp:attachment":[{"href":"https:\/\/www.miel-store.com\/de\/wp-json\/wp\/v2\/media?parent=7957"}],"wp:term":[{"taxonomy":"product_brand","embeddable":true,"href":"https:\/\/www.miel-store.com\/de\/wp-json\/wp\/v2\/product_brand?post=7957"},{"taxonomy":"product_cat","embeddable":true,"href":"https:\/\/www.miel-store.com\/de\/wp-json\/wp\/v2\/product_cat?post=7957"},{"taxonomy":"product_tag","embeddable":true,"href":"https:\/\/www.miel-store.com\/de\/wp-json\/wp\/v2\/product_tag?post=7957"}],"curies":[{"name":"wp","href":"https:\/\/api.w.org\/{rel}","templated":true}]}}