{"id":7841,"date":"2025-04-15T17:51:21","date_gmt":"2025-04-15T15:51:21","guid":{"rendered":"https:\/\/www.miel-store.com\/?post_type=product&#038;p=7841"},"modified":"2026-04-16T15:26:46","modified_gmt":"2026-04-16T13:26:46","slug":"siwak-zahnpasta","status":"publish","type":"product","link":"https:\/\/www.miel-store.com\/de\/p\/dentifrice-siwak","title":{"rendered":"Nat\u00fcrliche Zahnpasta mit Siwak und Minze - T\u00e4gliche Hygiene - Formel ohne Fluorid"},"content":{"rendered":"<p>\u00dcbernehmen Sie eine einfache Routine mit unserer nat\u00fcrlichen Zahnpasta auf der Basis von&nbsp;<a href=\"https:\/\/www.miel-store.com\/de\/p\/siwak-natur\/\"><strong>siwak<\/strong><\/a>, Diese Zahnpasta wurde von traditionellen Gebr\u00e4uchen inspiriert und f\u00fcr modernes Z\u00e4hneputzen entwickelt. Seine Formel ist so konzipiert <strong>ohne Fluor<\/strong> und mit einer Auswahl an Inhaltsstoffen, die aufgrund ihrer Rolle bei der Reinigung und dem Komfort im Mund ausgew\u00e4hlt wurden, ohne \u00fcbertriebene Versprechungen.<\/p>\n<h3>Eine von der Tradition inspirierte Formel, die f\u00fcr den Alltag geeignet ist<\/h3>\n<p>Siwak wird seit langem in der Mundhygiene verwendet. In dieser Zahnpasta ist er Teil einer Basis, die auf die <strong>Frische<\/strong> und ein sauberes Mundgef\u00fchl nach dem Putzen. Die Formel wird mit weiteren ausgew\u00e4hlten Inhaltsstoffen kombiniert, um das Erlebnis abzurunden :<\/p>\n<ul>\n<li><strong>Siwak-Pulver<\/strong> : Ein traditioneller Bestandteil der Mundpflege, der in eine Reinigungsformel eingebaut wird.<\/li>\n<li><strong>Minzkristalle<\/strong> : sorgen f\u00fcr ein erfrischendes Gef\u00fchl und einen Minzgeschmack.<\/li>\n<li><strong>Wei\u00dfe Tonerde (Kaolin)<\/strong> : Wird wegen seiner weichen Textur und seiner \u201creinigenden\u201d Wirkung beim Putzen in Zahnpasten verwendet.<\/li>\n<li><strong>Kalziumkarbonat<\/strong> : Ein mildes Schleifmittel, das h\u00e4ufig in Zahnpasten verwendet wird, um die mechanische Politur beim Putzen zu unterst\u00fctzen.<\/li>\n<\/ul>\n<p>Wenn Sie nach einer praktischen M\u00f6glichkeit suchen, Siwak in Ihre Routine zu integrieren, ist diese Zahnpasta eine einfache Option: Sie wird wie eine herk\u00f6mmliche Zahnpasta verwendet, ohne dass Sie Ihre Gewohnheiten \u00e4ndern m\u00fcssen.<\/p>\n<h3>Angenehme Nutzung im Alltag<\/h3>\n<p>Mit ihrer cremigen Textur und dem Mentholgeschmack macht diese Zahnpasta das Putzen angenehmer. Sie kann f\u00fcr viele Menschen geeignet sein, aber wie bei jedem Hygieneprodukt ist die Vertr\u00e4glichkeit individuell verschieden: Wenn Sie sehr empfindliches Zahnfleisch haben, fangen Sie langsam an und passen Sie die Menge an, je nachdem, wie angenehm Sie sich f\u00fchlen.<\/p>\n<p>Bei Verwendung mit einer herk\u00f6mmlichen Zahnb\u00fcrste (oder als Erg\u00e4nzung zu Ihren Gewohnheiten rund um den Siwak) ist sie Teil einer einfachen und regelm\u00e4\u00dfigen Mundhygiene-Routine.<\/p>\n<h3>Was Ihnen diese Zahnpasta im Alltag bringt :<\/h3>\n<ul>\n<li>Sauberes Mundgef\u00fchl nach dem Putzen<\/li>\n<li>Minzige Frische<\/li>\n<li>Sanftes mechanisches Polieren mit der B\u00fcrste (je nach ausge\u00fcbtem Druck)<\/li>\n<li><strong>Ohne Fluor<\/strong><\/li>\n<\/ul>\n<hr>\n<h2>FAQ - Nat\u00fcrliche Zahnpasta mit Siwak<\/h2>\n<div itemscope=\"\" itemtype=\"https:\/\/schema.org\/FAQPage\">\n<div itemprop=\"mainEntity\" itemscope=\"\" itemtype=\"https:\/\/schema.org\/Question\">\n<h3 itemprop=\"name\">Enth\u00e4lt diese Siwak-Zahnpasta Fluorid?<\/h3>\n<div itemprop=\"acceptedAnswer\" itemscope=\"\" itemtype=\"https:\/\/schema.org\/Answer\">\n<div itemprop=\"text\">\n<p>Nein, diese Zahnpasta ist ohne Fluorid formuliert. Sie ist f\u00fcr diejenigen gedacht, die nach einer fluoridfreien Mundhygiene-Alternative suchen, aber trotzdem ihre normale Zahnputzroutine beibehalten m\u00f6chten.<\/p>\n<\/div>\n<\/div>\n<\/div>\n<div itemprop=\"mainEntity\" itemscope=\"\" itemtype=\"https:\/\/schema.org\/Question\">\n<h3 itemprop=\"name\">Wie verwende ich nat\u00fcrliche Siwak-Zahnpasta im Alltag?<\/h3>\n<div itemprop=\"acceptedAnswer\" itemscope=\"\" itemtype=\"https:\/\/schema.org\/Answer\">\n<div itemprop=\"text\">\n<p>Verwenden Sie sie wie eine herk\u00f6mmliche Zahnpasta: eine kleine Menge auf die Zahnb\u00fcrste geben, etwa zwei Minuten lang sanft putzen und dann aussp\u00fclen. Passen Sie den Druck an, um Reizungen des Zahnfleischs zu vermeiden.<\/p>\n<\/div>\n<\/div>\n<\/div>\n<div itemprop=\"mainEntity\" itemscope=\"\" itemtype=\"https:\/\/schema.org\/Question\">\n<h3 itemprop=\"name\">Ist diese Zahnpasta f\u00fcr empfindliches Zahnfleisch geeignet?<\/h3>\n<div itemprop=\"acceptedAnswer\" itemscope=\"\" itemtype=\"https:\/\/schema.org\/Answer\">\n<div itemprop=\"text\">\n<p>Die Vertr\u00e4glichkeit h\u00e4ngt von der jeweiligen Person ab. Wenn Sie empfindliches Zahnfleisch haben, fangen Sie langsam an, verwenden Sie eine weiche B\u00fcrste und putzen Sie nicht zu stark. Bei anhaltendem Unbehagen sollten Sie sich von einer medizinischen Fachkraft beraten lassen.<\/p>\n<\/div>\n<\/div>\n<\/div>\n<div itemprop=\"mainEntity\" itemscope=\"\" itemtype=\"https:\/\/schema.org\/Question\">\n<h3 itemprop=\"name\">Wozu dienen wei\u00dfe Tonerde und Kalziumkarbonat in der Formel?<\/h3>\n<div itemprop=\"acceptedAnswer\" itemscope=\"\" itemtype=\"https:\/\/schema.org\/Answer\">\n<div itemprop=\"text\">\n<p>Wei\u00dfe Tonerde (Kaolin) wird wegen ihrer weichen Textur in Zahnpasten verwendet. Kalziumkarbonat ist ein mildes Schleifmittel, das beim Putzen je nach Druck an der mechanischen Politur beteiligt ist.<\/p>\n<\/div>\n<\/div>\n<\/div>\n<div itemprop=\"mainEntity\" itemscope=\"\" itemtype=\"https:\/\/schema.org\/Question\">\n<h3 itemprop=\"name\">Kann ich es als Erg\u00e4nzung zu einem Siwak-Stab verwenden?<\/h3>\n<div itemprop=\"acceptedAnswer\" itemscope=\"\" itemtype=\"https:\/\/schema.org\/Answer\">\n<div itemprop=\"text\">\n<p>Ja, das ist m\u00f6glich. Manche Menschen wechseln zwischen Siwak-Stab und Zahnb\u00fcrste. Wichtig bleibt die Regelm\u00e4\u00dfigkeit und das sanfte Putzen mit einer Routine, die Ihnen im Alltag gut tut.<\/p>\n<\/div>\n<\/div>\n<\/div>\n<\/div>","protected":false},"excerpt":{"rendered":"<p>Entdecken Sie unsere nat\u00fcrliche Zahnpasta auf der Basis von <em>siwak<\/em>, Eine sanfte und wirksame Formel. Angereichert mit <em>Pfefferminzkristallpulver<\/em> f\u00fcr einen frischen Atem, <em>wei\u00dfe Tonerde<\/em> reinigend, <em>Kalziumkarbonat<\/em> Reiniger und <em>Siwakpulver<\/em> f\u00fcr eine verst\u00e4rkte Mundhygiene auf nat\u00fcrliche Weise.<\/p>","protected":false},"featured_media":9355,"template":"","meta":[],"product_brand":[],"product_cat":[89],"product_tag":[],"class_list":{"0":"post-7841","1":"product","2":"type-product","3":"status-publish","4":"has-post-thumbnail","6":"product_cat-cosmetiques","8":"first","9":"instock","10":"shipping-taxable","11":"purchasable","12":"product-type-simple"},"_links":{"self":[{"href":"https:\/\/www.miel-store.com\/de\/wp-json\/wp\/v2\/product\/7841","targetHints":{"allow":["GET"]}}],"collection":[{"href":"https:\/\/www.miel-store.com\/de\/wp-json\/wp\/v2\/product"}],"about":[{"href":"https:\/\/www.miel-store.com\/de\/wp-json\/wp\/v2\/types\/product"}],"wp:featuredmedia":[{"embeddable":true,"href":"https:\/\/www.miel-store.com\/de\/wp-json\/wp\/v2\/media\/9355"}],"wp:attachment":[{"href":"https:\/\/www.miel-store.com\/de\/wp-json\/wp\/v2\/media?parent=7841"}],"wp:term":[{"taxonomy":"product_brand","embeddable":true,"href":"https:\/\/www.miel-store.com\/de\/wp-json\/wp\/v2\/product_brand?post=7841"},{"taxonomy":"product_cat","embeddable":true,"href":"https:\/\/www.miel-store.com\/de\/wp-json\/wp\/v2\/product_cat?post=7841"},{"taxonomy":"product_tag","embeddable":true,"href":"https:\/\/www.miel-store.com\/de\/wp-json\/wp\/v2\/product_tag?post=7841"}],"curies":[{"name":"wp","href":"https:\/\/api.w.org\/{rel}","templated":true}]}}