{"id":7366,"date":"2025-02-15T15:56:07","date_gmt":"2025-02-15T14:56:07","guid":{"rendered":"https:\/\/www.miel-store.com\/?post_type=product&#038;p=7366"},"modified":"2026-04-01T12:18:51","modified_gmt":"2026-04-01T10:18:51","slug":"shilajit","status":"publish","type":"product","link":"https:\/\/www.miel-store.com\/de\/p\/shilajit","title":{"rendered":"60 Kapseln reines Shilajit"},"content":{"rendered":"<h2 class=\"\" data-start=\"317\" data-end=\"402\"><strong>Shilajit - Naturharz aus dem Hochgebirge mit au\u00dfergew\u00f6hnlichen Eigenschaften<\/strong><\/h2>\n<p class=\"\" data-start=\"404\" data-end=\"842\">Entdecken Sie die unglaublichen Vorteile von Shilajit, einem Schatz der Natur, der seit Jahrtausenden in der ayurvedischen Medizin verwendet wird. Dieses uralte Superfood, das der breiten \u00d6ffentlichkeit noch nicht bekannt ist, ist heute f\u00fcr seine revitalisierende Wirkung auf K\u00f6rper und Geist bekannt. Reines Shilajit ist ideal, um die Energie zu steigern, das Immunsystem zu st\u00e4rken und die kognitiven Funktionen zu unterst\u00fctzen, und erweist sich als ein umfassender Gesundheitsverb\u00fcndeter.<\/p>\n<h3 class=\"\" data-start=\"844\" data-end=\"878\">\ud83d\udd0d<\/h3>\n<h3 class=\"\" data-start=\"1544\" data-end=\"1575\"><strong>Woher kommt und was ist Shilajit?<\/strong><\/h3>\n<p class=\"\" data-start=\"880\" data-end=\"1357\">Shilajit ist ein nat\u00fcrliches Harz, das reich an Mineralien und <strong>Fulvins\u00e4ure<\/strong>, Es entsteht \u00fcber Jahrhunderte hinweg langsam durch die Zersetzung von Pflanzenmaterial in den Bergen. Es erscheint als schwarze, z\u00e4hfl\u00fcssige, teer\u00e4hnliche Substanz, die jedoch v\u00f6llig nat\u00fcrlich und f\u00fcr den K\u00f6rper bioverf\u00fcgbar ist. Dieses Harz wird extrahiert, gereinigt und dann verpackt, um es als Kur zu konsumieren oder in die t\u00e4gliche Wellness-Routine zu integrieren.<\/p>\n<p class=\"\" data-start=\"1359\" data-end=\"1542\">Seine einzigartige Zusammensetzung macht es zu einem sehr starken nat\u00fcrlichen Adaptogen, das dem K\u00f6rper helfen kann, sich an Stress anzupassen, das Gleichgewicht wiederherzustellen und optimal zu funktionieren.<\/p>\n<p class=\"\" data-start=\"1577\" data-end=\"1893\">Shilajit wird in den Bergregionen des Himalaya, des Altai oder auch des Kaukasus in H\u00f6henlagen von oft \u00fcber 3000 Metern geerntet. In diesen extremen Gegenden, fernab der modernen Umweltverschmutzung, bildet sich das Harz langsam, durchdrungen von den N\u00e4hrstoffen des Gesteins und der lokalen Flora.<\/p>\n<p class=\"\" data-start=\"1895\" data-end=\"2159\">Der Himalaya-Shilajit, der daf\u00fcr bekannt ist, der reinste und konzentrierteste zu sein, ist der, den wir hier anbieten. Er stammt aus einer ethischen Extraktion und einem nat\u00fcrlichen Reinigungsprozess und bewahrt alle seine urspr\u00fcnglichen Eigenschaften f\u00fcr eine maximale Wirksamkeit.<\/p>\n<h3 class=\"\" data-start=\"2161\" data-end=\"2206\"><strong>Was sind die Vorteile von Shilajit?<\/strong><\/h3>\n<p class=\"\" data-start=\"2208\" data-end=\"2392\">Die Vorteile von Shilajit sind vielf\u00e4ltig, sowohl auf k\u00f6rperlicher als auch auf geistiger Ebene. Hier sind die wichtigsten Wirkungen, die von der ayurvedischen Tradition anerkannt und von neueren Studien best\u00e4tigt wurden:<\/p>\n<h4 class=\"\" data-start=\"2394\" data-end=\"2421\">\ud83d\udcaa Energie und Vitalit\u00e4t<\/h4>\n<p class=\"\" data-start=\"2422\" data-end=\"2657\">Shilajit hilft, chronische M\u00fcdigkeit zu reduzieren, verbessert die k\u00f6rperliche Ausdauer und boostet die Muskelerholung. Es wird besonders von Sportlern oder aktiven Menschen gesch\u00e4tzt, die einen nat\u00fcrlichen Energieschub suchen.<\/p>\n<h4 class=\"\" data-start=\"2659\" data-end=\"2698\">\ud83e\udde0 Konzentration und geistige Klarheit<\/h4>\n<p class=\"\" data-start=\"2699\" data-end=\"2916\">Shilajit ist reich an Fulvins\u00e4ure und unterst\u00fctzt die kognitiven Funktionen, verbessert das Ged\u00e4chtnis und f\u00f6rdert die Konzentration. Es hilft auch, oxidativen Stress zu bek\u00e4mpfen, der f\u00fcr die Zellalterung verantwortlich ist.<\/p>\n<h4 class=\"\" data-start=\"2918\" data-end=\"2962\">\ud83d\udee1\ufe0f St\u00e4rkung des Immunsystems<\/h4>\n<p class=\"\" data-start=\"2963\" data-end=\"3124\">Dank seiner antioxidativen und entz\u00fcndungshemmenden Eigenschaften stimuliert Shilajit das Immunsystem und sch\u00fctzt den K\u00f6rper vor \u00e4u\u00dferen Einfl\u00fcssen.<\/p>\n<h4 class=\"\" data-start=\"3126\" data-end=\"3152\">\u2696\ufe0f Hormonelles Gleichgewicht<\/h4>\n<p class=\"\" data-start=\"3153\" data-end=\"3347\">Shilajit ist auch f\u00fcr seine Wirkung auf die Hormonregulierung bekannt, insbesondere durch die Unterst\u00fctzung der Testosteronproduktion bei M\u00e4nnern und die Wiederherstellung des Gleichgewichts des gesamten endokrinen Systems.<\/p>\n<h4 class=\"\" data-start=\"3349\" data-end=\"3382\">\ud83d\udc8e Detox und Remineralisierung<\/h4>\n<p class=\"\" data-start=\"3383\" data-end=\"3551\">Mit \u00fcber 85 Mineralien in ionischer Form hilft Shilajit, den K\u00f6rper zu remineralisieren, Giftstoffe auszuscheiden und einen ausgeglichenen S\u00e4ure-Basen-Haushalt wiederherzustellen.<\/p>\n<h3 class=\"\" data-start=\"3558\" data-end=\"3602\">\u00a0<strong>Warum sollten Sie sich f\u00fcr unser reines Shilajit entscheiden?<\/strong><\/h3>\n<ul data-start=\"3604\" data-end=\"3836\">\n<li class=\"\" data-start=\"3604\" data-end=\"3638\">\n<p class=\"\" data-start=\"3606\" data-end=\"3638\">100 % nat\u00fcrlich und ohne Zusatzstoffe<\/p>\n<\/li>\n<li class=\"\" data-start=\"3639\" data-end=\"3696\">\n<p class=\"\" data-start=\"3641\" data-end=\"3696\">Nach traditionellen ayurvedischen Standards gereinigt<\/p>\n<\/li>\n<li class=\"\" data-start=\"3697\" data-end=\"3751\">\n<p class=\"\" data-start=\"3699\" data-end=\"3751\">Konzentriert sich auf Fulvins\u00e4ure und essentielle Mineralien<\/p>\n<\/li>\n<li class=\"\" data-start=\"3752\" data-end=\"3774\">\n<p class=\"\" data-start=\"3754\" data-end=\"3774\">Herkunft: himalaya<\/p>\n<\/li>\n<\/ul>\n<h4 data-start=\"203\" data-end=\"251\"><strong>Wie wird es in Kapseln verwendet?<\/strong><\/h4>\n<p class=\"\" data-start=\"253\" data-end=\"512\">Unser <strong data-start=\"259\" data-end=\"319\">Shilajit pur wird in Form von vegetarischen Kapseln angeboten.<\/strong> f\u00fcr eine einfache, praktische und perfekt dosierte Einnahme im Alltag. Nehmen Sie einfach <strong data-start=\"409\" data-end=\"435\">1 bis 2 Kapseln pro Tag<\/strong>, Am besten morgens auf n\u00fcchternen Magen oder vor einer Mahlzeit mit einem gro\u00dfen Glas Wasser einnehmen.<\/p>\n<p class=\"\" data-start=\"514\" data-end=\"776\">Diese Kapselform erm\u00f6glicht eine optimale Aufnahme und erspart Ihnen den starken Geschmack und die besondere Textur des Harzes. Es ist die ideale L\u00f6sung, um leicht integrierbare <strong data-start=\"703\" data-end=\"728\">Vorteile von Shilajit<\/strong> zu Ihrer Wellness-Routine, auch wenn Sie unterwegs sind.<\/p>\n<p class=\"\" data-start=\"778\" data-end=\"807\"><strong data-start=\"778\" data-end=\"805\">Empfohlene Dosierung :<\/strong><\/p>\n<ul data-start=\"808\" data-end=\"931\">\n<li class=\"\" data-start=\"808\" data-end=\"868\">\n<p class=\"\" data-start=\"810\" data-end=\"868\"><strong data-start=\"810\" data-end=\"827\">1 Kapsel\/Tag<\/strong> f\u00fcr den Wartungs- oder Pr\u00e4ventivgebrauch<\/p>\n<\/li>\n<li class=\"\" data-start=\"869\" data-end=\"931\">\n<p class=\"\" data-start=\"871\" data-end=\"931\"><strong data-start=\"871\" data-end=\"889\">2 Kapseln\/Tag<\/strong> f\u00fcr eine belebende oder revitalisierende Kur<\/p>\n<\/li>\n<\/ul>\n<p class=\"\" data-start=\"933\" data-end=\"1094\">Es ist ratsam, eine Kur von <strong data-start=\"972\" data-end=\"990\">4 bis 6 Wochen<\/strong>, Die Teilnahme kann mehrmals im Jahr verl\u00e4ngert werden, je nach Ihren Bed\u00fcrfnissen (M\u00fcdigkeit, Stress, Immunschw\u00e4che usw.).<\/p>","protected":false},"excerpt":{"rendered":"<p>Shilajit \u2013 R\u00e9sine naturelle des hautes montagnes aux vertus exceptionnelles D\u00e9couvrez les incroyables bienfaits du Shilajit, un tr\u00e9sor de la nature utilis\u00e9 depuis des mill\u00e9naires dans la m\u00e9decine ayurv\u00e9dique. Ce superaliment ancestral, encore m\u00e9connu du grand public, est aujourd\u2019hui reconnu pour ses effets revitalisants sur le corps et l\u2019esprit. Id\u00e9al pour am\u00e9liorer l\u2019\u00e9nergie, renforcer le [&#8230;]\n","protected":false},"featured_media":7367,"template":"","meta":[],"product_brand":[],"product_cat":[88,130],"product_tag":[],"class_list":{"0":"post-7366","1":"product","2":"type-product","3":"status-publish","4":"has-post-thumbnail","6":"product_cat-bien-etre","7":"product_cat-produits-medecine-ayurvedique","9":"first","10":"instock","11":"shipping-taxable","12":"purchasable","13":"product-type-simple"},"_links":{"self":[{"href":"https:\/\/www.miel-store.com\/de\/wp-json\/wp\/v2\/product\/7366","targetHints":{"allow":["GET"]}}],"collection":[{"href":"https:\/\/www.miel-store.com\/de\/wp-json\/wp\/v2\/product"}],"about":[{"href":"https:\/\/www.miel-store.com\/de\/wp-json\/wp\/v2\/types\/product"}],"wp:featuredmedia":[{"embeddable":true,"href":"https:\/\/www.miel-store.com\/de\/wp-json\/wp\/v2\/media\/7367"}],"wp:attachment":[{"href":"https:\/\/www.miel-store.com\/de\/wp-json\/wp\/v2\/media?parent=7366"}],"wp:term":[{"taxonomy":"product_brand","embeddable":true,"href":"https:\/\/www.miel-store.com\/de\/wp-json\/wp\/v2\/product_brand?post=7366"},{"taxonomy":"product_cat","embeddable":true,"href":"https:\/\/www.miel-store.com\/de\/wp-json\/wp\/v2\/product_cat?post=7366"},{"taxonomy":"product_tag","embeddable":true,"href":"https:\/\/www.miel-store.com\/de\/wp-json\/wp\/v2\/product_tag?post=7366"}],"curies":[{"name":"wp","href":"https:\/\/api.w.org\/{rel}","templated":true}]}}