{"id":637,"date":"2022-03-02T22:25:53","date_gmt":"2022-03-02T21:25:53","guid":{"rendered":"https:\/\/www.miel-store.com\/?post_type=product&#038;p=637"},"modified":"2026-03-29T21:04:17","modified_gmt":"2026-03-29T19:04:17","slug":"bio-bockshornkleeol-degypte","status":"publish","type":"product","link":"https:\/\/www.miel-store.com\/de\/p\/huile-de-fenugrec-bio-degypte","title":{"rendered":"Bio-Bockshornklee\u00f6l aus \u00c4gypten"},"content":{"rendered":"<p>L\u2019<strong>Bio-Bockshornklee\u00f6l<\/strong>\u00a0ist zweifellos eines der beliebtesten Pflege\u00f6le. Es ist sogar das Lieblingselixier seiner Anwender.<\/p>\n<p>Hinweis f\u00fcr alle, die nach nat\u00fcrlichen Bio-Produkten suchen, die Ihren Alltag ver\u00e4ndern werden. Entdecken Sie ein Produkt, das Sie voll und ganz zufriedenstellen wird. Sein Name? L\u2019<strong>Bio-Bockshornklee\u00f6l aus \u00c4gypten<\/strong>.<\/p>\n<h2><strong>Ein \u00dcberblick \u00fcber Bio-Bockshornklee\u00f6l\u00a0<\/strong><\/h2>\n<p>Zu den Pflanzen\u00f6len, die in der Kosmetik verwendet werden, geh\u00f6rt das\u2019<strong>Bockshornklee\u00f6l<\/strong>\u00a0wird immer bekannter. Wird als Bockshornklee bezeichnet,\u00a0<strong>trigonelle<\/strong>\u00a0oder\u00a0<strong>senegrain<\/strong>, Die krautige Pflanze, aus der sie stammt, ist in Nordafrika beheimatet.<\/p>\n<p>Zun\u00e4chst wurde sie haupts\u00e4chlich als\u00a0<strong><a href=\"https:\/\/www.safinel.fr\/categorie-produit\/plantes-medicinales\/\" target=\"_blank\" rel=\"noopener\">Heilpflanze<\/a>,<\/strong>\u00a0und als\u00a0<strong>W\u00fcrze<\/strong>\u00a0in Gerichten verwendet werden. Dennoch hat sich seine Verwendung besonders\u00a0<strong>diversifiziert\u00a0<\/strong>im Laufe der Jahrhunderte.<\/p>\n<p>Heutzutage wird es n\u00e4mlich vor allem in\u00a0<strong>Sch\u00f6nheitsrituale.<\/strong>\u00a0Wo sie bei der Pflege von Gesicht, Haut, Haaren und sogar Br\u00fcsten zum Einsatz kommt.<\/p>\n<p>Es handelt sich dabei um die Samen des Bockshornklees, aus denen das \u00d6l gewonnen wird, das wir heute kennen. Die Samen werden in einem Verfahren zu \u00d6l verarbeitet, das man als\u00a0<strong>Kaltpressung<\/strong>. Ein Verfahren, das ein 100 % Bio- und Natur\u00f6l garantiert. Diese Herstellungsmethode ist in der Tat interessant, da sie es erm\u00f6glicht, s\u00e4mtliche\u00a0<strong>nat\u00fcrliche Eigenschaften<\/strong>\u00a0aus der Pflanze selbst. Und so auch das aus ihr gewonnene \u00d6l, denn ihre Wirkstoffe werden nicht besch\u00e4digt oder mit anderen Substanzen vermischt.<\/p>\n<p>So ist das von uns angebotene Bio-Bockshornklee\u00f6l aus \u00c4gypten\u00a0<strong>100 % rein und nat\u00fcrlich<\/strong>. Wir bieten es Ihnen in einer 100-mL-Flasche an.<\/p>\n<h2><strong>Die Wunder des Bio-Bockshornklee\u00f6ls\u00a0<\/strong><\/h2>\n<p>Das Bio-Bockshornklee\u00f6l aus \u00c4gypten wird wegen seiner\u00a0<strong>zahlreiche Vorteile<\/strong>. Um dies zu tun, begeben wir uns auf eine Entdeckungsreise :<\/p>\n<h3><strong>F\u00fcr die Haut\u00a0<\/strong>:<\/h3>\n<p>Bockshornklee\u00f6l ist sehr wirksam bei der Hautpflege, sowohl f\u00fcr die Haut des ganzen K\u00f6rpers als auch f\u00fcr die Gesichtshaut. Es ist\u00a0<strong>reich an Fetts\u00e4uren<\/strong>, an Vitaminen und Mineralien, was sie zu einer der wichtigsten\u00a0<strong>n\u00e4hrend<\/strong>,\u00a0<strong>regenerierend<\/strong>\u00a0und\u00a0<strong>weichmachend<\/strong>. Infolgedessen n\u00e4hrt sie die Haut nicht nur, sondern hilft ihr auch, sich effektiv zu erneuern. Dadurch f\u00fchlt sie sich angenehmer und weicher an.<\/p>\n<p>Das ist aber bei weitem nicht der einzige Vorteil dieser Pflege, die auch reich an Antioxidantien ist. Tats\u00e4chlich ist dieses \u00d6l wirksam als\u00a0<strong>Anti-Aging-Pflege<\/strong>, Sie hilft, die Epidermis vor den Auswirkungen freier Radikale zu sch\u00fctzen, die durch \u00e4u\u00dfere Einfl\u00fcsse entstehen. Kurz gesagt: Sie bek\u00e4mpft die Faltenbildung. Es handelt sich um<strong>\u00a0nat\u00fcrliche Pflege\u00a0<\/strong>die man in seinem Badezimmer besitzen sollte!<\/p>\n<h3><strong>F\u00fcr die Brust :<\/strong><\/h3>\n<p>Dar\u00fcber hinaus ist zu beachten, dass Bio-Bockshornklee\u00f6l eine\u00a0<strong>straffende Wirkung\u00a0<\/strong>mit dem man die Br\u00fcste vergr\u00f6\u00dfern kann! Und den Po.<\/p>\n<p>Die Wirkung dieses Produkts auf die Brust ist jedoch nicht ganz eindeutig. Bio-Bockshornklee\u00f6l soll zwar das Brustvolumen vergr\u00f6\u00dfern, aber in Wirklichkeit wird es die Haut straffen und die Form der Brust verbessern. Dies gilt f\u00fcr jede Anwendung.<\/p>\n<h3><strong>F\u00fcr die Haare<\/strong>\u00a0:<\/h3>\n<p>Diese\u00a0<strong>Elixier\u00a0<\/strong>besitzt auch\u00a0<strong>interessante Tugenden\u00a0<\/strong>f\u00fcr die Erhaltung von gesundem Haar. Das liegt an den vielen Vitaminen, Mineralien und Fetts\u00e4uren, die in diesem \u00d6l enthalten sind. Das \u00d6l n\u00e4hrt die Haarfaser so gut, dass es das Haar von der Wurzel an st\u00e4rkt. Au\u00dferdem regt es das Haarwachstum an und beugt Haarausfall vor.<\/p>\n<p>Wenn Sie also auch diese<strong>\u00a0Bio-Bockshornklee\u00f6l<\/strong>, Lassen Sie sich verf\u00fchren! Sie wird Ihre neue Sch\u00f6nheitsverb\u00fcndete werden!<\/p>\n<h2><strong>Wie verwende ich Bio-Bockshornklee\u00f6l?\u00a0<\/strong><\/h2>\n<p>Sie haben sich in die\u2019<strong>Bio-Bockshornklee\u00f6l\u00a0<\/strong>? Erfahren Sie jetzt, wie Sie es verwenden k\u00f6nnen.<\/p>\n<p>Auf der Gesichts- und K\u00f6rperhaut brauchen Sie es nur als Tonikum aufzutragen. Massieren Sie die betroffenen Stellen mit kleinen kreisenden Bewegungen. Sie k\u00f6nnen es jedoch auch als Maske auf Ihr Gesicht auftragen.<\/p>\n<p>Was die Anwendung auf dem Haar betrifft, so k\u00f6nnen Sie es als Maske verwenden. Lassen Sie das Bio-Bockshornklee\u00f6l mindestens drei\u00dfig Minuten oder \u00fcber Nacht einwirken, bevor Sie Ihr Haar shampoonieren. Je nachdem, wie viel \u00d6l Sie verwenden, k\u00f6nnen mehrere Shampoos n\u00f6tig sein.<\/p>\n<p>Tipp: Und damit Ihr Haar doppelt so seidig und gesund aussieht, k\u00f6nnen Sie sich auch f\u00fcr eine Mischung aus pflanzlichen \u00d6len entscheiden. In der Tat sind in unserem Online-Shop mehrere Elixiere erh\u00e4ltlich. Zum Beispiel das\u2019<a href=\"https:\/\/www.miel-store.com\/de\/p\/bio-rizinusol-indien\/\"><strong>Bio-Rizinus\u00f6l aus Indien<\/strong><\/a>\u00a0oder die\u2019<a href=\"https:\/\/www.miel-store.com\/de\/p\/bio-daloe-vera-ol-aus-marokko\/\"><strong>Bio-Aloe Vera-\u00d6l aus Marokko<\/strong><\/a>. Finden Sie die richtige Mischung f\u00fcr Ihren Haartyp.<\/p>\n<p>Schlie\u00dflich sollten Sie wissen, dass unser Produkt auch lebensmittelecht ist. Daher k\u00f6nnen Sie es auch in der K\u00fcche verwenden. So k\u00f6nnen Sie Ihre Gerichte w\u00fcrzen und das Bockshornklee-Elixier wird Ihrem Essen einen erstaunlichen Geschmack verleihen!<\/p>\n<p>Warten Sie nicht l\u00e4nger und entscheiden Sie sich f\u00fcr dieses Produkt von atemberaubender Qualit\u00e4t!<\/p>\n<h2><strong>Einige Tipps zur Aufbewahrung von Bio-Bockshornklee\u00f6l\u00a0<\/strong><\/h2>\n<p>Ein Pflanzen\u00f6l besteht haupts\u00e4chlich aus Fetts\u00e4uren. Und diese k\u00f6nnen sich abbauen und dazu f\u00fchren, dass das \u00d6l seine wohltuenden Eigenschaften verliert. Diese Ver\u00e4nderung kann durch Luft, Licht und W\u00e4rme verursacht werden. Dies f\u00fchrt zu einer Geruchs- und Farbver\u00e4nderung, die als Oxidation bezeichnet wird.<\/p>\n<p>Um Ihr Bio-Bockshornklee\u00f6l vor dem Ranzigwerden zu bewahren, sollten Sie :<\/p>\n<ul>\n<li>An einem k\u00fchlen, trockenen und lichtgesch\u00fctzten Ort aufbewahren, am besten in der Originalverpackung; ;<\/li>\n<li>Au\u00dferdem solltest du auch die Temperatur des Ortes \u00fcberpr\u00fcfen, an dem dein Produkt gelagert werden soll.<\/li>\n<\/ul>\n<p>Tipp: Sie k\u00f6nnen sich auch f\u00fcr eine Aufbewahrung im K\u00fchlschrank entscheiden. Dadurch wird seine Haltbarkeit verl\u00e4ngert.<\/p>\n<h3><strong>Vorsichtsma\u00dfnahmen<\/strong><\/h3>\n<ul>\n<li>Die Anwendung des Bockshornklee-Elixiers erfordert einige Vorsichtsma\u00dfnahmen. Daher wollen wir sie gemeinsam betrachten:<\/li>\n<li>Zun\u00e4chst einmal sollte ein\u00a0<strong>test\u00a0<\/strong>in der Ellenbeuge, bevor Sie dieses Produkt verwenden.<\/li>\n<li>Au\u00dferdem ist zu beachten, dass dieses \u00d6l bei langfristiger Anwendung allergische Reaktionen auf den K\u00f6rper ausl\u00f6sen kann. Daher ist es besser, es zu verd\u00fcnnen und mit anderen \u00d6len abzuwechseln.<\/li>\n<li>Schlie\u00dflich ist Bockshornklee\u00f6l zu\u00a0<strong>\u00e4chten<\/strong>\u00a0f\u00fcr schwangere und stillende Frauen.<\/li>\n<\/ul>","protected":false},"excerpt":{"rendered":"<p>Bio-Bockshornklee\u00f6l aus \u00c4gypten.<\/p>\n<p>Qualit\u00e4t f\u00fcr Kosmetik und Lebensmittel. 100% Rein und nat\u00fcrlich.<\/p>\n<p>60-ml-Flasche.<\/p>","protected":false},"featured_media":3353,"template":"","meta":[],"product_brand":[],"product_cat":[88,89,106],"product_tag":[],"class_list":{"0":"post-637","1":"product","2":"type-product","3":"status-publish","4":"has-post-thumbnail","6":"product_cat-bien-etre","7":"product_cat-cosmetiques","8":"product_cat-huiles-vegetales","10":"first","11":"instock","12":"shipping-taxable","13":"purchasable","14":"product-type-simple"},"_links":{"self":[{"href":"https:\/\/www.miel-store.com\/de\/wp-json\/wp\/v2\/product\/637","targetHints":{"allow":["GET"]}}],"collection":[{"href":"https:\/\/www.miel-store.com\/de\/wp-json\/wp\/v2\/product"}],"about":[{"href":"https:\/\/www.miel-store.com\/de\/wp-json\/wp\/v2\/types\/product"}],"wp:featuredmedia":[{"embeddable":true,"href":"https:\/\/www.miel-store.com\/de\/wp-json\/wp\/v2\/media\/3353"}],"wp:attachment":[{"href":"https:\/\/www.miel-store.com\/de\/wp-json\/wp\/v2\/media?parent=637"}],"wp:term":[{"taxonomy":"product_brand","embeddable":true,"href":"https:\/\/www.miel-store.com\/de\/wp-json\/wp\/v2\/product_brand?post=637"},{"taxonomy":"product_cat","embeddable":true,"href":"https:\/\/www.miel-store.com\/de\/wp-json\/wp\/v2\/product_cat?post=637"},{"taxonomy":"product_tag","embeddable":true,"href":"https:\/\/www.miel-store.com\/de\/wp-json\/wp\/v2\/product_tag?post=637"}],"curies":[{"name":"wp","href":"https:\/\/api.w.org\/{rel}","templated":true}]}}