{"id":6034,"date":"2024-05-04T16:31:48","date_gmt":"2024-05-04T14:31:48","guid":{"rendered":"https:\/\/www.miel-store.com\/?post_type=product&#038;p=6034"},"modified":"2025-05-17T11:55:40","modified_gmt":"2025-05-17T09:55:40","slug":"mit-schokolade-uberzogene-datteln","status":"publish","type":"product","link":"https:\/\/www.miel-store.com\/de\/p\/dattes-enrobees-de-chocolat","title":{"rendered":"Datteln mit Schokoladen\u00fcberzug - 500g"},"content":{"rendered":"<p>Die Allianz der\u00a0<strong>k\u00f6stliche Datteln<\/strong>\u00a0und des\u00a0<strong>Schokolade<\/strong>, Diese beiden Zutaten, die f\u00fcr ihre Feinheit und Reichhaltigkeit bekannt sind, sorgen f\u00fcr ein unvergleichliches Geschmackserlebnis. Mit verschiedenen Sorten wie\u00a0<strong>Zartbitterschokolade<\/strong>, am\u00a0<strong>Milchschokolade<\/strong>, und der\u00a0<strong>wei\u00dfe Schokolade<\/strong>, Die mit Schokolade \u00fcberzogenen Datteln sind ein weltweit beliebtes Premium-S\u00fc\u00dfwarenprodukt. Diese raffinierte Delikatesse l\u00e4dt dazu ein, den intensiven Geschmack von Datteln mit dem einzigartigen Charakter verschiedener Schokoladensorten zu entdecken.<\/p>\n<h2><strong>Was sind mit Schokolade \u00fcberzogene Datteln?<\/strong><\/h2>\n<p>Die\u00a0<strong>Dattel mit Schokoladen\u00fcberzug<\/strong>\u00a0ist eine Art von S\u00fc\u00dfwaren, bei der eine Dattelfrucht, meist entsteint, mit einer d\u00fcnnen Schicht Schokolade \u00fcberzogen wird. Sorgf\u00e4ltig hergestellt, bietet diese Kombination ein perfektes Gleichgewicht zwischen der weichen Textur der Dattel und dem unwiderstehlichen Knuspern der Schokolade. Liebhaber dieser s\u00fc\u00dfen K\u00f6stlichkeiten k\u00f6nnen aus einer\u00a0<strong>Auswahl<\/strong> die verschiedene Behandlungen beinhalten. Wie das Eintauchen oder Pudern, oft mit einem Hauch von <strong>Haselnuss<\/strong>\u00a0oder von\u00a0<strong>Himbeere<\/strong>\u00a0f\u00fcr eine zus\u00e4tzliche aromatische Note.<\/p>\n<h2><strong>Verschiedene Arten von Schokolade verwendet<\/strong><\/h2>\n<p>Die Schokoladenkategorien, die f\u00fcr den \u00dcberzug von Datteln bestimmt sind, sind entscheidend f\u00fcr die Definition des endg\u00fcltigen Geschmacks des Produkts:<\/p>\n<ul>\n<li><strong>Zartbitterschokolade<\/strong>\u00a0Die f\u00fcr ihre antioxidativen Eigenschaften gesch\u00e4tzte Frucht verleiht der Dattel eine elegante Bitterkeit, die einen wunderbaren Kontrast zur nat\u00fcrlichen S\u00fc\u00dfe der Dattel bildet.<\/li>\n<li><strong>Milchschokolade<\/strong> Datteln: Sie sind s\u00fc\u00dfer und cremiger und umh\u00fcllen die Dattel mit einer reichhaltigen Cremigkeit. Sehr beliebt bei allen, die einen s\u00fc\u00dferen Geschmack suchen.<\/li>\n<li><strong>Wei\u00dfe Schokolade<\/strong> : bekannt f\u00fcr seine extreme S\u00fc\u00dfe und seine zartschmelzende Textur. Er erg\u00e4nzt perfekt die feinen Nuancen der Dattel und f\u00fcgt gleichzeitig eine cremige Dimension hinzu.<\/li>\n<\/ul>\n<h2><strong>Der Entstehungsprozess der mit Schokolade \u00fcberzogenen Datteln<\/strong><\/h2>\n<p>Die Herstellung dieser kleinen Wunderwerke umfasst mehrere Schl\u00fcsselschritte, um die au\u00dfergew\u00f6hnliche Qualit\u00e4t und den Geschmack der Endprodukte zu gew\u00e4hrleisten:<\/p>\n<ol>\n<li>Auswahl der\u00a0<strong>Datteln<\/strong> Nur die besten Datteln, die den optimalen Reifegrad und die beste Textur erreicht haben. Sie werden f\u00fcr den \u00dcberzugsprozess ausgew\u00e4hlt.<\/li>\n<li>Schokoladentemperatur: Die Schokolade wird sorgf\u00e4ltig temperiert, um nach dem Erstarren eine gl\u00e4nzende und knackige Konsistenz zu erhalten, die f\u00fcr eine wirksame Umh\u00fcllung der Dattel unerl\u00e4sslich ist.<\/li>\n<li>\u00dcberzug: Die mit Schokolade \u00fcberzogenen Datteln werden in die geschmolzene Schokolade getaucht, wobei darauf geachtet wird, dass sie gleichm\u00e4\u00dfig bedeckt sind.<\/li>\n<li>Abk\u00fchlen: Die \u00fcberzogenen Datteln werden dann abgek\u00fchlt, um die Schokolade zu h\u00e4rten und so eine perfekte, knackige Schale zu bilden.<\/li>\n<\/ol>\n<h2><strong>Innovative Sorten von \u00fcberzogenen Datteln<\/strong><\/h2>\n<p>Die Hersteller scheuen sich nicht vor Innovationen und bieten manchmal \u00fcberraschende, aber immer k\u00f6stliche Kombinationen an. Zu den innovativen Beilagen geh\u00f6ren :<\/p>\n<ul>\n<li>Hinzuf\u00fcgen von\u00a0<strong>Pralin\u00e9<\/strong>\u00a0f\u00fcr eine reichhaltigere Textur und einen ausgepr\u00e4gteren nussigen Geschmack.<\/li>\n<li>Einarbeitung von kleinen St\u00fccken von\u00a0<strong>Himbeere<\/strong>\u00a0gefriergetrocknet f\u00fcr einen spannenden s\u00fc\u00df-sauren Kontrast.<\/li>\n<li>Verzierung mit Samen, z. B. Pistazien oder <a href=\"https:\/\/www.miel-store.com\/de\/p\/amlou-aus-marokko\/\"><strong>Mandeln<\/strong><\/a>, Die meisten Menschen, die eine abwechslungsreiche Textur bevorzugen, werden von diesen Produkten begeistert sein.<\/li>\n<\/ul>\n<h2><strong>Nutritionale Vorteile<\/strong><\/h2>\n<p>Mit Schokolade \u00fcberzogene Datteln sind nicht nur unwiderstehlich, sondern bieten auch eine Reihe gesundheitlicher Vorteile. Die\u00a0<strong>Datteln<\/strong>, Sie sind reich an Ballaststoffen, helfen bei der Verdauung und sind eine hervorragende Quelle f\u00fcr schnelle Energie. Die\u00a0<strong>Schokolade<\/strong>, vor allem der schwarze, enth\u00e4lt Antioxidantien, die eine Rolle bei der Vorbeugung von Herz-Kreislauf-Erkrankungen spielen. Hier einige Highlights :<\/p>\n<ul>\n<li>Reich an Mineralien: Kalium, Magnesium und Eisen sind in dieser Leckerei reichlich vorhanden. Jeder tr\u00e4gt zu verschiedenen lebenswichtigen Funktionen des K\u00f6rpers bei.<\/li>\n<li>Ballaststoffe: Eine wertvolle Hilfe f\u00fcr das Verdauungssystem, die den Stuhlgang verbessert.<\/li>\n<li>Nat\u00fcrliches Stimulans: Das in der Schokolade enthaltene Theobromin wirkt wie ein leichtes Stimulans. Hilft dabei, die Energie den ganzen Tag \u00fcber aufrechtzuerhalten.<\/li>\n<\/ul>\n<h3><strong>Integrieren Sie schokoladen\u00fcberzogene Datteln in Ihren Alltag<\/strong><\/h3>\n<p>Flexibel und k\u00f6stlich, eignet sich diese S\u00fc\u00dfigkeit f\u00fcr viele Gelegenheiten. Einige Ideen, wie Sie schokoladen\u00fcberzogene Datteln in Ihre t\u00e4gliche Routine einbauen k\u00f6nnen, sind unter anderem :<\/p>\n<ul>\n<li>Als dynamisierender Snack in der Mitte des Tages.<\/li>\n<li>In einer K\u00e4seplatte als kontrastierende s\u00fc\u00dfe Note.<\/li>\n<li>Als dekorative und schmackhafte Garnitur auf Desserts wie Kuchen und Torten.<\/li>\n<\/ul>\n<p>Kurz gesagt: Egal, ob Sie ein Schokoladen-Aficionado sind, Trockenfr\u00fcchte lieben oder einfach auf der Suche nach neuen kulinarischen Erfahrungen sind. Mit Schokolade \u00fcberzogene Datteln bieten eine Palette von Geschmacksrichtungen und Texturen, die jeden Gaumen zufriedenstellen. Sie sind nicht nur ein Fest f\u00fcr die Sinne, sondern verleihen Ihren Verkostungsmomenten auch einen Hauch von Originalit\u00e4t und Luxus.<\/p>","protected":false},"excerpt":{"rendered":"<p><strong>Inhalt<\/strong> : Mehrere Geschmacksrichtungen in der Packung.<\/p>","protected":false},"featured_media":6035,"template":"","meta":[],"product_brand":[],"product_cat":[82],"product_tag":[],"class_list":{"0":"post-6034","1":"product","2":"type-product","3":"status-publish","4":"has-post-thumbnail","6":"product_cat-dattes","8":"first","9":"outofstock","10":"shipping-taxable","11":"purchasable","12":"product-type-simple"},"_links":{"self":[{"href":"https:\/\/www.miel-store.com\/de\/wp-json\/wp\/v2\/product\/6034","targetHints":{"allow":["GET"]}}],"collection":[{"href":"https:\/\/www.miel-store.com\/de\/wp-json\/wp\/v2\/product"}],"about":[{"href":"https:\/\/www.miel-store.com\/de\/wp-json\/wp\/v2\/types\/product"}],"wp:featuredmedia":[{"embeddable":true,"href":"https:\/\/www.miel-store.com\/de\/wp-json\/wp\/v2\/media\/6035"}],"wp:attachment":[{"href":"https:\/\/www.miel-store.com\/de\/wp-json\/wp\/v2\/media?parent=6034"}],"wp:term":[{"taxonomy":"product_brand","embeddable":true,"href":"https:\/\/www.miel-store.com\/de\/wp-json\/wp\/v2\/product_brand?post=6034"},{"taxonomy":"product_cat","embeddable":true,"href":"https:\/\/www.miel-store.com\/de\/wp-json\/wp\/v2\/product_cat?post=6034"},{"taxonomy":"product_tag","embeddable":true,"href":"https:\/\/www.miel-store.com\/de\/wp-json\/wp\/v2\/product_tag?post=6034"}],"curies":[{"name":"wp","href":"https:\/\/api.w.org\/{rel}","templated":true}]}}