{"id":547,"date":"2022-02-28T11:04:04","date_gmt":"2022-02-28T10:04:04","guid":{"rendered":"https:\/\/www.miel-store.com\/?post_type=product&#038;p=547"},"modified":"2026-04-16T19:15:26","modified_gmt":"2026-04-16T17:15:26","slug":"daloe-vera-gel-bio","status":"publish","type":"product","link":"https:\/\/www.miel-store.com\/de\/p\/gel-daloe-vera-bio","title":{"rendered":"Bio Aloe Vera Gel"},"content":{"rendered":"<p>Seit einiger Zeit sehr trendy, aber in den letzten Jahren noch mehr, ist der\u00a0<strong>Bio-Aloe Vera-Gel ist eine Pflanze, die sowohl in der Kosmetik als auch in der K\u00fcche begeistert.<\/strong>\u00a0Zoom auf den unumg\u00e4nglichen Star unter den Naturprodukten!<\/p>\n<h2><strong>Woher kommt Bio-Aloe Vera Gel?\u00a0<\/strong><\/h2>\n<p>Die Aloe-vera-Pflanze ist bekannt daf\u00fcr\u00a0<strong>seit Tausenden von Jahren.<\/strong>\u00a0Sie\u00a0<strong>wird auf der ganzen Welt verwendet und hat viele Generationen der Zivilisation \u00fcberdauert<\/strong>. Sie ist also seit langem Teil der traditionellen Medizin in vielen Teilen der Welt. Die Heilmethode wurde schon von den Mesopotamiern, Arabern, \u00c4gyptern und Chinesen verwendet.<\/p>\n<p>Aloe Vera ist auf fast allen Kontinenten zu finden. Das hei\u00dft, es gibt keinen Grund zur Beunruhigung.<strong>\u2018In S\u00fcdafrika ist er besonders h\u00e4ufig anzutreffen.<\/strong>\u00a0Er ist bekannt f\u00fcr\u00a0<strong>in semiariden Regionen wachsen, besonders auf sandigen B\u00f6den<\/strong>. Tats\u00e4chlich \u00fcberlebt sie Trockenheit problemlos, Frosttemperaturen jedoch \u00fcberhaupt nicht. Aber wie sieht die Bio-Aloe Vera-Pflanze aus?<\/p>\n<h2><strong>Wie sieht Aloe Vera aus?\u00a0<\/strong><\/h2>\n<p>Optisch hat diese Pflanze\u00a0<strong>das Aussehen einer gro\u00dfen, gr\u00fcn gef\u00e4rbten Sukkulente.<\/strong>\u00a0Sie l\u00e4sst sich leicht identifizieren durch\u00a0<strong>seine spitzen, gezackten Bl\u00e4tter, die sich \u00fcbereinander legen.<\/strong>\u00a0Sie\u00a0<strong>ist zwischen 60 cm und 1 m hoch. Und jedes seiner Bl\u00e4tter besteht aus drei Schichten:<\/strong><\/p>\n<ul>\n<li>Zuerst,<strong>\u00a0die \u00e4u\u00dfere Schicht\u00a0<\/strong>die eine Kutikula ist<strong>\u00a0dick und steif.\u00a0<\/strong><\/li>\n<li>Die\u00a0<strong>Mittelschicht<\/strong>\u00a0d\u2019<strong>wo flie\u00dft,<\/strong>\u00a0nach dem Schnitt,\u00a0<strong>ein Saft<\/strong>\u00a0genannt\u00a0<strong>Der Saft ist eine bittere, gelbe Fl\u00fcssigkeit, die als Saft bezeichnet wird.\u00a0<\/strong><\/li>\n<li>Schlie\u00dflich ist eine<strong>\u00a0sogenannte innere Schicht<\/strong>\u00a0bestehend aus dem\u00a0<strong>die ber\u00fchmte dicke, z\u00e4hfl\u00fcssige Fl\u00fcssigkeit, die Gel genannt wird.<\/strong><\/li>\n<\/ul>\n<p>Und die beiden verwendeten Teile der Pflanze sind eben der Saft und das Gel der Aloe Vera.<\/p>\n<h2><strong>Die Vorteile von Bio-Aloe Vera Gel<\/strong><\/h2>\n<p>Der kostbare Nektar besticht durch seine zahlreichen Vorteile. Denn er ist nicht nur<strong>\u00a0feuchtigkeitsspendend, n\u00e4hrend und beruhigend.<\/strong>\u00a0Aber auch\u00a0<strong>regenerierend und kl\u00e4rend!<\/strong>\u00a0So k\u00f6nnen Sie das Aloe-Gel verwenden, um einen\u00a0<strong>versorgt Ihre Epidermis mit tiefer Feuchtigkeit<\/strong>, Das hei\u00dft, die Haut wird mit der gleichen Menge an Wasser versorgt, die sie verloren hat. Zweitens ist das Bio-Aloe-Vera-Gel\u00a0<strong>reich an Vitaminen und Spurenelementen<\/strong>, Dadurch ist sie \u00e4u\u00dferst nahrhaft f\u00fcr Ihre Haut. Dar\u00fcber hinaus ist sie\u00a0<strong>besonders beruhigend.<\/strong> In der Tat hilft er\u00a0<strong><a href=\"https:\/\/www.miel-store.com\/de\/p\/nigellaol-dethiopia-habachia-100ml\/\">gereizte und zu Juckreiz neigende Haut zu lindern<\/a>.<\/strong><\/p>\n<p>Dann wird seine regenerierende Wirkung helfen\u00a0<strong>die Zeichen der Hautalterung zu bek\u00e4mpfen.<\/strong>\u00a0Schlie\u00dflich das Bio-Aloe-Vera-Gel mit der\u00a0<strong>Eigenschaft zu reinigen und zu s\u00e4ubern.\u00a0<\/strong><\/p>\n<h3><strong>Wo soll man Bio-Aloe Vera Gel auftragen?\u00a0<\/strong><\/h3>\n<p>Einer der vielen Vorteile von Bio-Aloe Vera-Gel ist, dass es \u00e4u\u00dferlich fast \u00fcberall angewendet werden kann. Tats\u00e4chlich kann es nat\u00fcrlich\u00a0<strong>auf Gesicht und Hals auftragen.<\/strong>\u00a0Aber t<strong>Sie kann auch wie ein Feuchtigkeitsbalsam auf den K\u00f6rper aufgetragen werden.<\/strong>\u00a0Und auch auf\u00a0<strong>die Haare,\u00a0<\/strong>Sie k\u00f6nnen es zum Beispiel als Haargel f\u00fcr die Haare von Kindern verwenden. Es gibt aber auch viele andere M\u00f6glichkeiten, es zu verwenden. Hier ein paar Beispiele.<\/p>\n<h3><strong>Wann sollte man es verwenden?\u00a0<\/strong><\/h3>\n<p>Obwohl es noch viel Sch\u00f6nes \u00fcber dieses unbestreitbare Geschenk der Natur zu sagen gibt, finden Sie hier einige Beispiele, in denen Sie das kostbare Gel mit geschlossenen Augen anwenden k\u00f6nnen. Also wie gesagt,\u00a0<strong>um die Haut oder Ihr Haar mit Feuchtigkeit zu versorgen,<\/strong>\u00a0aber auch\u00a0<strong>als Anti-Aging-Pflege<\/strong>. Anschlie\u00dfend wird er sich besonders<strong>\u00a0wirksam bei Sonnenbrand!<\/strong><\/p>\n<p>Und sogar zu mildern\u00a0<strong>Dehnungsstreifen oder genauso gut braune Flecken.<\/strong>\u00a0Schlie\u00dflich wird das Bio-Aloe-Vera-Gel ein wertvoller Verb\u00fcndeter bei der <strong>bei Verbrennungen und Stichen, zur Wundheilung und Linderung und bei Hautproblemen.<\/strong>\u00a0Wie insbesondere\u00a0<strong>Psoriasis oder Ekzeme.\u00a0<\/strong>In manchen F\u00e4llen geht er sogar so weit\u00a0<strong>die Ausbreitung von Plaques verringern.<\/strong>\u00a0Nat\u00fcrlich ist jeder Fall von Hautkrankheiten anders. Wenn Sie es noch nicht ausprobiert haben, haben Sie hier die Gelegenheit dazu!<\/p>","protected":false},"excerpt":{"rendered":"<p>Bio Aloe Vera Gel.<\/p>\n<p>Herkunft: Vereinigtes K\u00f6nigreich.<\/p>\n<p>Topf mit 100 g.<\/p>","protected":false},"featured_media":10356,"template":"","meta":[],"product_brand":[],"product_cat":[89],"product_tag":[],"class_list":{"0":"post-547","1":"product","2":"type-product","3":"status-publish","4":"has-post-thumbnail","6":"product_cat-cosmetiques","8":"first","9":"instock","10":"shipping-taxable","11":"purchasable","12":"product-type-simple"},"_links":{"self":[{"href":"https:\/\/www.miel-store.com\/de\/wp-json\/wp\/v2\/product\/547","targetHints":{"allow":["GET"]}}],"collection":[{"href":"https:\/\/www.miel-store.com\/de\/wp-json\/wp\/v2\/product"}],"about":[{"href":"https:\/\/www.miel-store.com\/de\/wp-json\/wp\/v2\/types\/product"}],"wp:featuredmedia":[{"embeddable":true,"href":"https:\/\/www.miel-store.com\/de\/wp-json\/wp\/v2\/media\/10356"}],"wp:attachment":[{"href":"https:\/\/www.miel-store.com\/de\/wp-json\/wp\/v2\/media?parent=547"}],"wp:term":[{"taxonomy":"product_brand","embeddable":true,"href":"https:\/\/www.miel-store.com\/de\/wp-json\/wp\/v2\/product_brand?post=547"},{"taxonomy":"product_cat","embeddable":true,"href":"https:\/\/www.miel-store.com\/de\/wp-json\/wp\/v2\/product_cat?post=547"},{"taxonomy":"product_tag","embeddable":true,"href":"https:\/\/www.miel-store.com\/de\/wp-json\/wp\/v2\/product_tag?post=547"}],"curies":[{"name":"wp","href":"https:\/\/api.w.org\/{rel}","templated":true}]}}