{"id":545,"date":"2022-02-28T10:44:27","date_gmt":"2022-02-28T09:44:27","guid":{"rendered":"https:\/\/www.miel-store.com\/?post_type=product&#038;p=545"},"modified":"2026-04-13T01:28:07","modified_gmt":"2026-04-12T23:28:07","slug":"120-kapseln-aus-spirulina-pulver","status":"publish","type":"product","link":"https:\/\/www.miel-store.com\/de\/p\/120-gelules-de-poudre-de-spiruline","title":{"rendered":"120 Kapseln Spirulina-Pulver"},"content":{"rendered":"<p>M\u00fcdigkeit, ein schw\u00e4chelndes Immunsystem, Kalziummangel... viele kleine St\u00f6rungen, die uns im Alltag treffen k\u00f6nnen. Die\u00a0<strong>Spirulina-Kapseln<\/strong>\u00a0sind ein\u00a0<strong>Nahrungserg\u00e4nzung\u00a0<\/strong>der Wahl, die zu den wirksamsten auf dem Markt geh\u00f6rt! Diese Mikroalge wird von der WHO als das beste Nahrungsmittel des 21. Jahrhunderts angesehen. Jahrhunderts. Das bedeutet, dass wir bei vor\u00fcbergehender M\u00fcdigkeit einen echten Boost bekommen!<\/p>\n<h2><strong>Spirulina-Kapseln, ein Superfood auf Ihren Tellern!\u00a0<\/strong><\/h2>\n<p>Spirulina ist eine\u00a0<strong>Mikroalge<\/strong>\u00a0gr\u00fcn gef\u00e4rbt und geh\u00f6rt zur Familie der Cyanobakterien. Diese Alge ist pflanzlichen Ursprungs und existiert seit Hunderttausenden von Jahren auf der Erde. Seitdem man ihre zahlreichen positiven Eigenschaften entdeckt hat, ist Bio-Spirulina zu einer der beliebtesten Nahrungserg\u00e4nzungsmittel geworden.\u00a0<strong>Nahrungserg\u00e4nzung\u00a0<\/strong>unumg\u00e4nglich. Verkauft in Form von\u00a0<strong>Pulver<\/strong>, von Kapseln, von\u00a0<strong>Pailletten<\/strong>\u00a0oder sogar frisch ist er in vielerlei Hinsicht sehr gesund.<\/p>\n<p>Bei Miel Store bieten wir Ihnen dieses Glas mit 120 Kapseln f\u00fcr eine einmonatige Kur an. Das ist eine gute Gelegenheit, Ihren Tonus und Ihre Immunabwehr zu steigern und Ihren Organismus zu st\u00e4rken.<\/p>\n<p>Es ist wichtig zu wissen, dass diese Alge einen recht speziellen, f\u00fcr manche Menschen sogar unangenehmen Geschmack hat. Der Verzehr wird daher weitgehend in Form von<strong>\u00a0Bio Spirulina Kapseln<\/strong>.<\/p>\n<p>Schlie\u00dflich kann dieses Produkt an den\u00a0<strong>moringa<\/strong>\u00a0\u00fcber einige seiner Tugenden. In unserem Shop finden Sie sie \u00fcbrigens auch in Kapseln!<\/p>\n<h2><strong>Die Vorteile von Spirulina-Kapseln\u00a0<\/strong><\/h2>\n<p>Die Vorteile von Spirulina sind nicht nur f\u00fcr die Gesundheit des K\u00f6rpers bekannt. Auch auf kosmetischer Ebene, f\u00fcr Haut und Haare, kann man sich von den Ergebnissen \u00fcberzeugen.<\/p>\n<ul>\n<li>Enorme Eisenquelle ideal f\u00fcr Menschen mit An\u00e4mie<\/li>\n<li>Positive Eigenschaften f\u00fcr eine gut funktionierende Leber<\/li>\n<li>Antioxidantien<\/li>\n<li>Wirkt als Appetitz\u00fcgler. Ideal mit\u00a0<a href=\"https:\/\/www.miel-store.com\/de\/p\/feuilles-de-sene\/\"><strong>Sennesbl\u00e4tter<\/strong><\/a>\u00a0f\u00fcr den Gewichtsverlust ;<\/li>\n<li>Tr\u00e4gt zum emotionalen Gleichgewicht bei<\/li>\n<li>Empfohlen f\u00fcr Hochleistungssportler zur Verbesserung der Leistung sowie der Ausdauer<\/li>\n<li>Kann von Vegetariern verzehrt werden, um einen m\u00f6glichen Vitamin-B12-Mangel zu beheben.<\/li>\n<li>W\u00e4hrend der Schwangerschaft k\u00f6nnen Spirulina-Kapseln eine Vitamin- und Eisenquelle f\u00fcr schwangere Frauen sein *<\/li>\n<\/ul>\n<p>* Fragen Sie vorher Ihren Arzt um Rat<\/p>\n<h3><strong>Wie wird dieses Nahrungserg\u00e4nzungsmittel Spirulina konsumiert?\u00a0<\/strong><\/h3>\n<p>Zun\u00e4chst sollten Sie sich auf die Produktverpackung beziehen, um den Beipackzettel aufmerksam zu lesen.<\/p>\n<p>Im Fall von Spirulina Honig Store Kapseln wird dieses Nahrungserg\u00e4nzungsmittel als Kur eingenommen. Es enth\u00e4lt 120 Kapseln, die zweimal t\u00e4glich, am besten w\u00e4hrend der Mahlzeiten mit einem Glas Wasser, eingenommen werden.<\/p>\n<p>Tats\u00e4chlich ist ein L\u00f6ffel voll<strong>\u00a0<a href=\"https:\/\/www.miel-store.com\/de\/p\/nigella-honig-habba-sawda-degypte\/\">Nigella-Honig<\/a><\/strong>\u00a0auf n\u00fcchternen Magen am Morgen, zusammen mit diesem Nahrungserg\u00e4nzungsmittel bietet Ihnen eine sehr umfassende Kur!<\/p>\n<p>Wissenswertes: Um die Eisenaufnahme zu erleichtern, ist es ratsam, Bio-Spirulina zusammen mit Zitrusfr\u00fcchten zu verzehren.<\/p>\n<h3><strong>Vorsichtsma\u00dfnahmen und Aufbewahrung\u00a0<\/strong><\/h3>\n<ul>\n<li>Dieses Nahrungserg\u00e4nzungsmittel darf nicht als Ersatz f\u00fcr eine medikament\u00f6se Behandlung verwendet werden. Es sollte im Rahmen einer abwechslungsreichen Ern\u00e4hrung und einer gesunden Lebensweise eingenommen werden.<\/li>\n<li>Schwangeren Frauen sowie Rauchern wird von der Einnahme abgeraten.<\/li>\n<li>Es ist ratsam, vor Beginn einer Kur immer den Rat Ihres Arztes einzuholen.<\/li>\n<li>Bewahren Sie schlie\u00dflich Ihre Schachtel mit\u00a0<strong>billige Spirulina\u00a0<\/strong>vor Feuchtigkeit und Sonnenlicht gesch\u00fctzt aufbewahren.<\/li>\n<\/ul>","protected":false},"excerpt":{"rendered":"<p>120 Kapseln Spirulina-Pulver.<\/p>\n<p>Topf mit 50 g.<\/p>","protected":false},"featured_media":684,"template":"","meta":[],"product_brand":[],"product_cat":[88],"product_tag":[],"class_list":{"0":"post-545","1":"product","2":"type-product","3":"status-publish","4":"has-post-thumbnail","6":"product_cat-bien-etre","8":"first","9":"instock","10":"shipping-taxable","11":"purchasable","12":"product-type-simple"},"_links":{"self":[{"href":"https:\/\/www.miel-store.com\/de\/wp-json\/wp\/v2\/product\/545","targetHints":{"allow":["GET"]}}],"collection":[{"href":"https:\/\/www.miel-store.com\/de\/wp-json\/wp\/v2\/product"}],"about":[{"href":"https:\/\/www.miel-store.com\/de\/wp-json\/wp\/v2\/types\/product"}],"wp:featuredmedia":[{"embeddable":true,"href":"https:\/\/www.miel-store.com\/de\/wp-json\/wp\/v2\/media\/684"}],"wp:attachment":[{"href":"https:\/\/www.miel-store.com\/de\/wp-json\/wp\/v2\/media?parent=545"}],"wp:term":[{"taxonomy":"product_brand","embeddable":true,"href":"https:\/\/www.miel-store.com\/de\/wp-json\/wp\/v2\/product_brand?post=545"},{"taxonomy":"product_cat","embeddable":true,"href":"https:\/\/www.miel-store.com\/de\/wp-json\/wp\/v2\/product_cat?post=545"},{"taxonomy":"product_tag","embeddable":true,"href":"https:\/\/www.miel-store.com\/de\/wp-json\/wp\/v2\/product_tag?post=545"}],"curies":[{"name":"wp","href":"https:\/\/api.w.org\/{rel}","templated":true}]}}