{"id":540,"date":"2022-02-28T10:25:21","date_gmt":"2022-02-28T09:25:21","guid":{"rendered":"https:\/\/www.miel-store.com\/?post_type=product&#038;p=540"},"modified":"2025-12-29T15:00:40","modified_gmt":"2025-12-29T14:00:40","slug":"dungemittelpaket","status":"publish","type":"product","link":"https:\/\/www.miel-store.com\/de\/p\/pack-fertilite","title":{"rendered":"Fruchtbarkeitspaket"},"content":{"rendered":"<p class=\"p1\">Unfruchtbarkeit, <b>Libidoverlust<\/b>... Verschiedene Probleme im Zusammenhang mit der Sexualit\u00e4t, die auf die Stimmung schlagen k\u00f6nnen! Aus diesem Grund ist Ihr<b> Honigladen<\/b> m\u00f6chte, dass Sie den <b>Fertilit\u00e4tspaket<\/b> !<span class=\"Apple-converted-space\">\u00a0<\/span><\/p>\n<h2 class=\"p3\"><b>Miel Store stellt Ihnen sein Fruchtbarkeitspaket vor<span class=\"Apple-converted-space\">\u00a0<\/span><\/b><\/h2>\n<p class=\"p1\">Die Zeit ist gekommen, um ihn zu treffen... Ihr <b>Laden mit Bienenprodukten<\/b> m\u00f6chte Ihnen eine \u00dcberraschung pr\u00e4sentieren, die Sie begeistern k\u00f6nnte! Wenn Fruchtbarkeitsfragen im Leben eine Rolle zu spielen beginnen, greift Ihr Shop ein und versucht, eine Antwort darauf zu finden!<span class=\"Apple-converted-space\">\u00a0<\/span><\/p>\n<p class=\"p1\">Lernen Sie unseren <b>Fertilit\u00e4tspaket<\/b>, dann werden Sie schnell begeistert sein. Zun\u00e4chst einmal besteht er aus dem ber\u00fchmten <b>Honig aus der Jemen-Wolfsmilch <\/b>und seinem 250-G-Beh\u00e4lter. Au\u00dferdem ist er mit dem ber\u00fchmten<b> Palmenpollen aus Saudi-Arabien <\/b>!<span class=\"Apple-converted-space\">\u00a0<\/span><\/p>\n<p class=\"p1\">Wie Sie sicher schon bemerkt haben, ist dieses Paket wahrscheinlich sorgf\u00e4ltig f\u00fcr diejenigen zusammengestellt worden, die von den Vorteilen dieser Elixiere profitieren m\u00f6chten...<span class=\"Apple-converted-space\">\u00a0<\/span><\/p>\n<h2 class=\"p3\"><b>Auf Tuchf\u00fchlung mit dem Fertilit\u00e4tspaket<span class=\"Apple-converted-space\">\u00a0<\/span><\/b><\/h2>\n<p class=\"p1\">Es ist an der Zeit, ins Detail zu gehen und \u00fcber den ber\u00fchmten Honig zu sprechen! Wir sprechen nat\u00fcrlich von diesem <b>Nektar aus dem Jemen<\/b> genannt <b>Euphorbienhonig. <\/b>Letzteres ist weltweit f\u00fcr seine antioxidativen Eigenschaften und seinen positiven Aspekt gegen Erk\u00e4ltungshusten und Bluthochdruck bekannt.<span class=\"Apple-converted-space\">\u00a0<\/span><\/p>\n<p class=\"p1\">Allerdings wird es auch wegen seiner fruchtbarkeitsbezogenen Vorteile gesch\u00e4tzt! Tats\u00e4chlich wird es manchmal zur Bek\u00e4mpfung von Fruchtbarkeitsst\u00f6rungen eingesetzt.\u2019<b>sexuelle Impotenz<\/b>. Dar\u00fcber hinaus ist es auch von Vorteil, wenn <b>die Fruchtbarkeit verbessern <\/b>bei M\u00e4nnern, aber auch bei Frauen.<\/p>\n<p class=\"p1\">Au\u00dferdem haben Sie in diesem Paket die M\u00f6glichkeit, die wunderbare Begegnung mit Palmenpollen zu machen! Dieser kann in einem 50-Gramm-Beh\u00e4lter der perfekte Verb\u00fcndete sein, wenn Sie versuchen, einige der folgenden Probleme zu l\u00f6sen<b> Fruchtbarkeitsprobleme<\/b> !<span class=\"Apple-converted-space\">\u00a0<\/span><\/p>\n<p class=\"p1\">Es wird auch verwendet, um<b> die Hormone regulieren<\/b> bei M\u00e4nnern, aber auch bei Frauen! Dieses Naturprodukt kann im Alltag eine gro\u00dfe Hilfe sein. Da Palmenpollen als Tonikum und positiver Trumpf zur Verbesserung der Fruchtbarkeit gelten, sind sie der ideale Begleiter f\u00fcr alle, die von diesem Fruchtbarkeitspaket profitieren m\u00f6chten.<span class=\"Apple-converted-space\">\u00a0<\/span><\/p>\n<h2 class=\"p3\"><b>Wie w\u00e4re es mit der Verwendung des ber\u00fchmten Fruchtbarkeitspakets<span class=\"Apple-converted-space\">\u00a0<\/span><\/b><\/h2>\n<p class=\"p1\">Wenn Sie <b>Ihre Fruchtbarkeit steigern<\/b> und so versuchen, Ihre Chancen auf eine Familie zu erh\u00f6hen, sind Sie hier genau richtig!<span class=\"Apple-converted-space\">\u00a0<\/span><\/p>\n<p class=\"p1\">Dieses mit viel Liebe zum Detail zusammengestellte Fruchtbarkeitspaket k\u00f6nnte die L\u00f6sung sein, nach der Sie gesucht haben. Lassen Sie sich also einfach treiben und genie\u00dfen Sie es, diese <b>nat\u00fcrliche St\u00e4rkungsmittel <\/b>die eine echte Bereicherung f\u00fcr Ihren Alltag sein k\u00f6nnten!<span class=\"Apple-converted-space\">\u00a0<\/span><\/p>\n<p class=\"p1\">Dazu verw\u00f6hnen Sie Ihren Gaumen morgens auf n\u00fcchternen Magen mit einem Essl\u00f6ffel Honig von <b>Daghmus aus dem Jemen <\/b>! Dann machen Sie das Gleiche mit den ber\u00fchmten Palmenpollen!<span class=\"Apple-converted-space\">\u00a0<\/span><\/p>\n<h3 class=\"p3\"><b>Weitere \u00dcberraschungen erwarten Sie in der Boutique...<\/b><\/h3>\n<p class=\"p1\">Wenn Sie sich f\u00fcr das Thema Fruchtbarkeit interessieren, haben Sie hier die M\u00f6glichkeit, auf fabelhafte Produkte zu treffen! Machen Sie zum Beispiel Bekanntschaft mit der <a href=\"https:\/\/www.miel-store.com\/de\/p\/rose-de-jericho-chajarat-mariam-aus-marokko\/\"><b>Rose von Jericho<\/b><\/a>, auch bekannt als <b>Chajarat Mariam<\/b>. Dieses Produkt der Natur ist daf\u00fcr bekannt, dass es bei Fruchtbarkeitsproblemen hilft.<span class=\"Apple-converted-space\">\u00a0<\/span><\/p>\n<p class=\"p1\">Dar\u00fcber hinaus haben Sie auch die M\u00f6glichkeit, sich mit<a href=\"https:\/\/www.miel-store.com\/de\/p\/bio-ingwerol-aus-nigeria\/\"><b> Bio-Ingwer\u00f6l <\/b><\/a>! Bekannt daf\u00fcr, die Sexualit\u00e4t zu stimulieren, ist sie ein<b> Aphrodisiakum<\/b> die f\u00fcr Sie n\u00fctzlich sein k\u00f6nnte.<span class=\"Apple-converted-space\">\u00a0<\/span><\/p>","protected":false},"excerpt":{"rendered":"<p>Fruchtbarkeitspaket.<\/p>\n<p>Enth\u00e4lt ein Glas Honig aus jemenitischer Wolfsmilch (250 g) und ein Glas Palmenpollen aus Saudi-Arabien (50 g).<\/p>","protected":false},"featured_media":687,"template":"","meta":[],"product_brand":[],"product_cat":[88,77],"product_tag":[],"class_list":{"0":"post-540","1":"product","2":"type-product","3":"status-publish","4":"has-post-thumbnail","6":"product_cat-bien-etre","7":"product_cat-miel-du-monde","9":"first","10":"instock","11":"shipping-taxable","12":"purchasable","13":"product-type-simple"},"_links":{"self":[{"href":"https:\/\/www.miel-store.com\/de\/wp-json\/wp\/v2\/product\/540","targetHints":{"allow":["GET"]}}],"collection":[{"href":"https:\/\/www.miel-store.com\/de\/wp-json\/wp\/v2\/product"}],"about":[{"href":"https:\/\/www.miel-store.com\/de\/wp-json\/wp\/v2\/types\/product"}],"wp:featuredmedia":[{"embeddable":true,"href":"https:\/\/www.miel-store.com\/de\/wp-json\/wp\/v2\/media\/687"}],"wp:attachment":[{"href":"https:\/\/www.miel-store.com\/de\/wp-json\/wp\/v2\/media?parent=540"}],"wp:term":[{"taxonomy":"product_brand","embeddable":true,"href":"https:\/\/www.miel-store.com\/de\/wp-json\/wp\/v2\/product_brand?post=540"},{"taxonomy":"product_cat","embeddable":true,"href":"https:\/\/www.miel-store.com\/de\/wp-json\/wp\/v2\/product_cat?post=540"},{"taxonomy":"product_tag","embeddable":true,"href":"https:\/\/www.miel-store.com\/de\/wp-json\/wp\/v2\/product_tag?post=540"}],"curies":[{"name":"wp","href":"https:\/\/api.w.org\/{rel}","templated":true}]}}