{"id":534,"date":"2022-02-28T07:35:06","date_gmt":"2022-02-28T06:35:06","guid":{"rendered":"https:\/\/www.miel-store.com\/?post_type=product&#038;p=534"},"modified":"2026-04-28T22:21:57","modified_gmt":"2026-04-28T20:21:57","slug":"handwerklich-hergestellter-bleifreier-khol","status":"publish","type":"product","link":"https:\/\/www.miel-store.com\/de\/p\/khol-artisanal-sans-plomb","title":{"rendered":"Bleifreier handgefertigter Kh\u00f4l aus Puder und Applikator"},"content":{"rendered":"<p>Schreibt manchmal <strong>kh\u00f4l<\/strong>, <strong>khol <\/strong>oder <strong>kohl<\/strong>, Dieses Wort stammt aus dem Arabischen.\u201c<strong>kuhl<\/strong>\u201d, das bedeutet <strong>Antimon<\/strong>. Heutzutage wird es als Augen-Make-up verwendet und ist in verschiedenen Formen erh\u00e4ltlich: als Stift, kegelf\u00f6rmiger Stick, Puder etc.<\/p>\n<p>Mehr als nur ein wichtiger Trumpf f\u00fcr die Sch\u00f6nheit der Augen, sondern auch ein <strong>jahrtausendealtes Naturheilmittel<\/strong>. Entdecken wir es gleich!<\/p>\n<h2><strong>Die Geschichte des Khol<\/strong><\/h2>\n<p>Den \u00e4ltesten Quellen zufolge wurde es zuerst von den \u00c4gyptern, Semiten, Kuschiten und Numidiern verwendet. Sp\u00e4ter wurde es auch auf der Arabischen Halbinsel, im gesamten Mittelmeerraum und in Teilen Asiens verwendet.<\/p>\n<p>Dieser bestand aus Mineralien und einem Fettk\u00f6rper, um die Anwendung zu erleichtern.<\/p>\n<p>Tats\u00e4chlich zeigen \u00dcberreste aus der Antike, dass die Pharaonen ihre Augen mit diesem <strong>Salbe<\/strong> wegen seiner therapeutischen Eigenschaften. In der Tat wurde er in andere L\u00e4nder exportiert, in denen er wegen seiner heilenden Wirkung weithin verwendet wurde. <strong>antibakterielle und sch\u00fctzende Effekte<\/strong>.<\/p>\n<p>Sp\u00e4ter wurde es von den Arabern (M\u00e4nnern und Frauen) wegen seiner wohltuenden Wirkung verwendet. Es war aber auch Teil der Kosmetika, die Frauen versch\u00f6nerten, ebenso wie die Henna.<\/p>\n<p>Viele der Flaschen und Beh\u00e4lter dieses <strong>schwarze Schminke<\/strong> wurden in \u00e4gyptischen Gr\u00e4bern intakt gefunden. Diese Beh\u00e4ltnisse wurden aus mehr oder weniger edlen Materialien hergestellt, je nach dem sozialen Status des Verstorbenen.<\/p>\n<p>So wurden R\u00fcckst\u00e4nde von Kajalgl\u00e4sern, die im Louvre-Museum aufbewahrt wurden, analysiert. Das Ergebnis dieser Untersuchung war die Bestimmung ihrer chemischen Zusammensetzung. Dabei wurden Bleideivate (u. a. Galenit, Laurionit, Phosgenit und Cerusit) gefunden.<\/p>\n<p>Echte <strong>Versch\u00f6nerer<\/strong> f\u00fcr die Augen, wurde es fr\u00fcher vor allem zu therapeutischen Zwecken verwendet. Das Blei, das in dieser Pflanze enthalten ist <strong>uraltes Naturheilmittel<\/strong>, Die meisten Sch\u00fclerinnen und Sch\u00fcler sind in der Lage, die verschiedenen <strong>Augeninfektionen<\/strong>.<\/p>\n<p>Au\u00dferdem konnte man durch das Auftragen dieser Mischung auf die Augenr\u00e4nder die Blendung durch das Sonnenlicht mildern. Wir k\u00f6nnen davon ausgehen, dass er vielleicht der <strong>erstes synthetisches Antibiotikum<\/strong>.<\/p>\n<h2><strong>Die Zusammensetzung von Khol in der Antike\u00a0<\/strong><\/h2>\n<p>Die chemische Zusammensetzung des Kh\u00f4l war lange Zeit umstritten. Doch schlie\u00dflich wurde best\u00e4tigt, dass Galenit der Hauptbestandteil ist. Tats\u00e4chlich wurden 30 Proben von Kh\u00f4l aus dem alten <a href=\"https:\/\/www.miel-store.com\/de\/p\/palmenpollen-aus-agypten\/\"><strong>\u00c4gypten<\/strong><\/a> wurden analysiert. Dadurch konnte nachgewiesen werden, dass dieser nicht wie vermutet mit Antimon hergestellt worden war.<\/p>\n<p>Dar\u00fcber hinaus lieferte die antike Literatur Informationen \u00fcber die Zubereitung von Kohl. Auch griechisch-r\u00f6mische Autoren best\u00e4tigten ihre Zusammensetzung und pr\u00e4sentierten Rezepte f\u00fcr Medikamente, die in der Augenheilkunde verwendet werden sollten. Wie bereits erw\u00e4hnt, wurde Kajal aus Mineralien wie Laurionit und Phosgenit hergestellt.<\/p>\n<p>Da diese beiden in der Natur selten vorkommen, l\u00e4sst sich daraus folgern, dass sie synthetisiert wurden. Es ist sehr wahrscheinlich, dass die \u00c4gypter Vorreiter waren, denn sie beherrschten diese Art von chemischen Zusammensetzungen bereits. Es bleibt abzuwarten, ob sie sich dieses Wissens, das sie in ihren H\u00e4nden hielten, bewusst waren.<\/p>\n<p>Einige Forscher haben nachgewiesen, dass sich die Zusammensetzung von Laurionit von der anderer Bleiverbindungen unterscheidet. Au\u00dferdem haben sie herausgefunden, dass es sich um ein sehr wirksames antibakterielles Mittel handelt.<\/p>\n<h2><strong>Der Kajal heute<\/strong><\/h2>\n<p>Heute gibt es diesen schwarzen Schatz in verschiedenen Formaten: Bleistift, Stick, Puder, ...<\/p>\n<p><strong>Der schwarze Stift :\u00a0<\/strong>Er ist zu einem unverzichtbaren Bestandteil des Schminkbeutels geworden! Der schwarze Bleistift oder der Liner werden \u00fcberall und in verschiedenen Farben vermarktet.<\/p>\n<p><strong>Das traditionelle Khol in Pulverform :\u00a0<\/strong>Es gibt verschiedene M\u00f6glichkeiten, dieses Schwarzpulver zuzubereiten. Denn die Zubereitung variiert nicht nur je nach Land, sondern auch je nach Region. Und sehr oft sind sie aufgrund der Kontroverse um ihre Toxizit\u00e4t frei von Bleigewichten.<\/p>\n<p><strong>Al ithmid (Antimon) :\u00a0<\/strong>Genannt \u201c<strong>al ithmid<\/strong>\u201dIn der muslimischen Tradition wird es wegen seiner therapeutischen Eigenschaften als nat\u00fcrliches Heilmittel empfohlen. Es wurde auch als Make-up verwendet, um die Augen zu vergr\u00f6\u00dfern und aufzuhellen.<\/p>\n<h2><strong>Die Vorteile dieses schwarzen Puders f\u00fcr die Augen<\/strong><\/h2>\n<p>Fast alle Zivilisationen haben das <strong>kh\u00f4l<\/strong>. Ob zum Farbauftrag oder zur Gesunderhaltung der Augen. Tats\u00e4chlich war er bekannt f\u00fcr die <strong>Pr\u00e4vention und Behandlung des Auges<\/strong> gegen Krankheiten wie :<\/p>\n<ul>\n<li>Blepharitis (Entz\u00fcndung des Augenlids)<\/li>\n<li>Trachom (Bindehautentz\u00fcndung)<\/li>\n<li>Chalazion (verstopfte&lt; Augendr\u00fcse)<\/li>\n<li>Pterygium (Augenverletzung)<\/li>\n<li>Katarakt<\/li>\n<li>Bindehautentz\u00fcndung<\/li>\n<\/ul>\n<p>Dar\u00fcber hinaus wurde der Kohl auch erw\u00e4hnt, um <strong>die Sehkraft verbessern<\/strong> . Eine der gr\u00f6\u00dften Eigenschaften von Khol wurde jedoch in Arabien beobachtet. Tats\u00e4chlich wurde festgestellt, dass die schwarz gl\u00e4nzenden Partikel des Galeniks (Bleisulfid) die Augen vor blendendem und reflektierendem Sonnenlicht sch\u00fctzen.<\/p>\n<p>So sorgt er f\u00fcr eine <strong>Schutz f\u00fcr die Augen vor sch\u00e4dlichen UV-Strahlen<\/strong>. Ebenso wie Zinkoxid, das wahrscheinlich in Khol aufgrund seiner nat\u00fcrlichen Eigenschaft als<strong> starker Schutz vor Sonnenstrahlen<\/strong>.<\/p>\n<h2><strong>Das in Khol enthaltene Blei<\/strong><\/h2>\n<p>Es gibt eine gro\u00dfe Kontroverse um das Blei, das in Khol verwendet wird. Selbst die von Wissenschaftlern durchgef\u00fchrten Studien weichen voneinander ab. Einige sagen, dass nicht alle Bleie gleichwertig sind und dass einige sehr n\u00fctzlich sind, wenn sie sparsam verwendet werden. Andere wiederum warnen vor ihrer Toxizit\u00e4t. Eines ist jedoch sicher: Es ist ein starkes antibakterielles Mittel.<\/p>\n<h2><strong>Wie tr\u00e4gt man seinen Khol auf?<\/strong><\/h2>\n<h3><strong>Die Anwendung der Bleistiftversion :<\/strong><\/h3>\n<p>Es stehen Ihnen mehrere M\u00f6glichkeiten zur Verf\u00fcgung. Sie k\u00f6nnen ihn auf die inneren R\u00e4nder des Auges oder auf die Oberseite und die Unterseite der Wimpern auftragen. Sie k\u00f6nnen ihn auch wie einen Liner auf die Oberseite auftragen oder f\u00fcr einen intensiven Effekt verwischen.<\/p>\n<h3><strong>Die Anwendung des traditionellen Modells :<\/strong><\/h3>\n<p>Dieser wird oft in einem traditionellen Beh\u00e4lter aus Holz oder auch aus Glas angeboten. Ein St\u00e4bchen, das sogenannte \u00ab\u00a0<strong>mirwed<\/strong>\u00a0\u00bb ist meist mit dem Verschluss verbunden und erleichtert das Auftragen des Pulvers.<\/p>\n<p>Die Schritte zum Auftragen von Kholpulver :<\/p>\n<ul>\n<li>Ziehe den Mirwed in die Flasche zur\u00fcck und drehe ihn dabei, damit das Pulver haften bleibt.<\/li>\n<li>Nehmen Sie ihn heraus und klopfen Sie \u00fcbersch\u00fcssige Schminke ab.<\/li>\n<li>Positionieren Sie das St\u00e4bchen zwischen dem oberen und unteren Rand des Auges.<\/li>\n<li>Schlie\u00dfen Sie das Auge, indem Sie den kleinen Stab von der Innenseite des Auges nach au\u00dfen schieben.<\/li>\n<\/ul>","protected":false},"excerpt":{"rendered":"<p>Bleifreier handgefertigter Kh\u00f4l aus Puder und Applikator.<\/p>\n<p>100% Natural.<\/p>\n<p>10g.<\/p>","protected":false},"featured_media":633,"template":"","meta":[],"product_brand":[],"product_cat":[89],"product_tag":[],"class_list":{"0":"post-534","1":"product","2":"type-product","3":"status-publish","4":"has-post-thumbnail","6":"product_cat-cosmetiques","8":"first","9":"instock","10":"shipping-taxable","11":"purchasable","12":"product-type-simple"},"_links":{"self":[{"href":"https:\/\/www.miel-store.com\/de\/wp-json\/wp\/v2\/product\/534","targetHints":{"allow":["GET"]}}],"collection":[{"href":"https:\/\/www.miel-store.com\/de\/wp-json\/wp\/v2\/product"}],"about":[{"href":"https:\/\/www.miel-store.com\/de\/wp-json\/wp\/v2\/types\/product"}],"wp:featuredmedia":[{"embeddable":true,"href":"https:\/\/www.miel-store.com\/de\/wp-json\/wp\/v2\/media\/633"}],"wp:attachment":[{"href":"https:\/\/www.miel-store.com\/de\/wp-json\/wp\/v2\/media?parent=534"}],"wp:term":[{"taxonomy":"product_brand","embeddable":true,"href":"https:\/\/www.miel-store.com\/de\/wp-json\/wp\/v2\/product_brand?post=534"},{"taxonomy":"product_cat","embeddable":true,"href":"https:\/\/www.miel-store.com\/de\/wp-json\/wp\/v2\/product_cat?post=534"},{"taxonomy":"product_tag","embeddable":true,"href":"https:\/\/www.miel-store.com\/de\/wp-json\/wp\/v2\/product_tag?post=534"}],"curies":[{"name":"wp","href":"https:\/\/api.w.org\/{rel}","templated":true}]}}