{"id":525,"date":"2022-02-28T07:17:53","date_gmt":"2022-02-28T06:17:53","guid":{"rendered":"https:\/\/www.miel-store.com\/?post_type=product&#038;p=525"},"modified":"2025-12-27T20:20:11","modified_gmt":"2025-12-27T19:20:11","slug":"60-gelenke-aus-palmenpollenpulver","status":"publish","type":"product","link":"https:\/\/www.miel-store.com\/de\/p\/60-gelules-de-poudre-de-pollen-de-palmier","title":{"rendered":"60 Kapseln Palmenpollenpulver"},"content":{"rendered":"<p>Wahrscheinlich haben Sie schon von den\u00a0<strong>Palmenpollen-Kapseln<\/strong>. Die Pulverform ist im Allgemeinen am bekanntesten f\u00fcr ihre Wirkung bei Problemen im Zusammenhang mit Unfruchtbarkeit, aber nicht nur.<\/p>\n<p>Werfen wir einen Blick auf dieses erstaunliche Nahrungserg\u00e4nzungsmittel.<\/p>\n<h2><strong>Die Vorteile von Palmenpollen-Kapseln<\/strong><\/h2>\n<p>Wenn man die wichtigsten Vorteile dieses gro\u00dfartigen Nahrungsmittels zusammenfassen m\u00fcsste. Man w\u00fcrde Ihnen zwangsl\u00e4ufig von seinen Vorz\u00fcgen berichten in\u00a0<strong>Fruchtbarkeit<\/strong>,\u00a0<strong>Sexualit\u00e4t<\/strong>\u00a0und\u00a0<strong>Immunit\u00e4t.\u00a0<\/strong>Zun\u00e4chst einmal muss man wissen, dass er :<\/p>\n<p><strong>Energetisierend<\/strong>,\u00a0<strong>Antioxidans<\/strong>,\u00a0<strong>boostet das Immunsystem<\/strong>,\u00a0<strong>st\u00e4rkt die Knochen<\/strong>\u00a0und\u00a0<strong>w\u00fcrde  reduzieren<\/strong>\u00a0die\u00a0<strong>schlechtes Cholesterin<\/strong>. Ihm wird eine Wirkung zugeschrieben auf\u00a0<strong>An\u00e4mie und Schlaflosigkeit<\/strong>. Au\u00dferdem h\u00e4tte es eine Wirkung\u00a0<strong>Aphrodisiakum<\/strong>. Auch auf der Ebene\u00a0<strong>Fruchtbarkeit<\/strong>, Es w\u00fcrde die\u00a0<strong>Spermienqualit\u00e4t<\/strong>\u00a0(Mobilit\u00e4t und Lebensf\u00e4higkeit). Der Pollen\u00a0<strong>w\u00fcrde die Eierst\u00f6cke stimulieren<\/strong>\u00a0und w\u00fcrde steigen\u00a0<strong>die Dicke des Endometriums<\/strong>\u00a0um die Ansiedlung des befruchteten Eies zu erleichtern. Dar\u00fcber hinaus w\u00e4re es empfehlenswert, um\u00a0<strong>den Zyklus regulieren<\/strong>\u00a0und\u00a0<strong>schmerzhafte Menstruationsblutungen verringern<\/strong>. Au\u00dferdem erweist er sich als guter\u00a0<strong>Geb\u00e4rmutterreiniger<\/strong>\u00a0und w\u00e4re ein guter Verb\u00fcndeter gegen die Auswirkungen der\u00a0<strong>Menopause<\/strong>.<\/p>\n<h2><strong>Wie wird die Kapselform verwendet?<\/strong><\/h2>\n<p>100 % nat\u00fcrlich, Ihr\u00a0<strong>Palmenpollen in Kapseln<\/strong>, Die Kapsel wird von Ihrem K\u00f6rper schnell aufgenommen. Nehmen Sie 1 bis 2 Kapseln t\u00e4glich zu den Mahlzeiten ein. Die Kuren variieren zwischen 1 und 3 Monaten. Denken Sie daran, Ihre Kur mit\u00a0<strong>Honig<\/strong>, Die meisten von ihnen sind in den USA ans\u00e4ssig, darunter auch der\u00a0<strong>Euphorbienhonig<\/strong>\u00a0verf\u00fcgbar auf<strong>\u00a0honig-store.<\/strong><\/p>\n<p>Es gibt sogar ein Pack von\u00a0<strong>Palmenpollen<\/strong>\u00a0mit einem Topf voll\u00a0<a href=\"https:\/\/www.miel-store.com\/de\/p\/jemenitischer-euphorbienhonig\/\"><strong>Honig aus der Jemen-Wolfsmilch<\/strong><\/a>.<\/p>\n<h3><strong>Besondere Vorsichtsma\u00dfnahmen<\/strong><\/h3>\n<p>Bei diesem Naturprodukt sind besondere Vorsichtsma\u00dfnahmen zu beachten. Auch wenn Ihnen dieses Mittel aufgrund seines nat\u00fcrlichen Aussehens harmlos erscheint, sollten Sie wissen, dass es verboten ist:<\/p>\n<ul>\n<li>Auf\u00a0<strong>Frauen, die am polyzystischen Ovarialsyndrom (PCOS) leiden<\/strong>).<\/li>\n<li>Sowie diejenigen, die unter\u00a0<strong>Zysten<\/strong>, d\u2019<strong>Endometriose<\/strong>, von\u00a0<strong>Polypen<\/strong>, von\u00a0<strong>Myome<\/strong>\u00a0und von\u00a0<strong>Fibrome<\/strong>.<\/li>\n<li>Es wird nicht empfohlen bei\u00a0<strong>schwangere und stillende Frau<\/strong>.<\/li>\n<li>Dasselbe gilt f\u00fcr Kinder und\u00a0<strong>Pollenallergiker<\/strong>.<\/li>\n<\/ul>\n<p>Wir empfehlen Ihnen, sie unter der Aufsicht eines Arztes, Heilpraktikers oder einer anderen medizinischen Fachkraft zu konsumieren.<\/p>","protected":false},"excerpt":{"rendered":"<p>60 Kapseln Palmenpollenpulver. Nahrungserg\u00e4nzungsmittel.<\/p>\n<p>Tonus, Immunabwehr, st\u00e4rkend.<\/p>\n<p>Topf mit 50 g.<\/p>","protected":false},"featured_media":578,"template":"","meta":[],"product_brand":[],"product_cat":[88],"product_tag":[],"class_list":{"0":"post-525","1":"product","2":"type-product","3":"status-publish","4":"has-post-thumbnail","6":"product_cat-bien-etre","8":"first","9":"instock","10":"shipping-taxable","11":"purchasable","12":"product-type-simple"},"_links":{"self":[{"href":"https:\/\/www.miel-store.com\/de\/wp-json\/wp\/v2\/product\/525","targetHints":{"allow":["GET"]}}],"collection":[{"href":"https:\/\/www.miel-store.com\/de\/wp-json\/wp\/v2\/product"}],"about":[{"href":"https:\/\/www.miel-store.com\/de\/wp-json\/wp\/v2\/types\/product"}],"wp:featuredmedia":[{"embeddable":true,"href":"https:\/\/www.miel-store.com\/de\/wp-json\/wp\/v2\/media\/578"}],"wp:attachment":[{"href":"https:\/\/www.miel-store.com\/de\/wp-json\/wp\/v2\/media?parent=525"}],"wp:term":[{"taxonomy":"product_brand","embeddable":true,"href":"https:\/\/www.miel-store.com\/de\/wp-json\/wp\/v2\/product_brand?post=525"},{"taxonomy":"product_cat","embeddable":true,"href":"https:\/\/www.miel-store.com\/de\/wp-json\/wp\/v2\/product_cat?post=525"},{"taxonomy":"product_tag","embeddable":true,"href":"https:\/\/www.miel-store.com\/de\/wp-json\/wp\/v2\/product_tag?post=525"}],"curies":[{"name":"wp","href":"https:\/\/api.w.org\/{rel}","templated":true}]}}