{"id":519,"date":"2022-02-27T22:14:36","date_gmt":"2022-02-27T21:14:36","guid":{"rendered":"https:\/\/www.miel-store.com\/?post_type=product&#038;p=519"},"modified":"2026-04-13T01:32:54","modified_gmt":"2026-04-12T23:32:54","slug":"topf-mit-7-guerillas-darabien-saudi-arabien","status":"publish","type":"product","link":"https:\/\/www.miel-store.com\/de\/p\/pot-de-7-guerisons-darabie-saoudite","title":{"rendered":"Topf Mit 7 Heilungen aus Saudi-Arabien"},"content":{"rendered":"<p><strong>Ein reines Konzentrat prophetischer Heilmittel in diesem Topf der sieben Heilungen<\/strong>. Das Forschungsinstitut in Medina, Arabien, hat diese Mischung entwickelt, die die besten Empfehlungen des Gesandten Gottes in sich vereint. <a href=\"https:\/\/www.islam-oumma.fr\" target=\"_blank\" rel=\"noopener\"><strong>der Islam<\/strong><\/a> (Friede und Segen auf ihm). Dar\u00fcber hinaus ist er <strong>von einem amerikanischen Forschungsinstitut zertifiziert<\/strong>.<\/p>\n<p>Es wurden langwierige Forschungen und Versuche durchgef\u00fchrt, um jeden einzelnen Bestandteil geschickt zu dosieren. So hat jede Zutat, aus der er besteht, unbestreitbare Vorz\u00fcge. Aus diesem Grund bieten wir ihn in unserem Miel Store an.<\/p>\n<p>Wenn Sie mehr \u00fcber diesen<strong> einzigartiges Produkt<\/strong>, in dem <strong>die 7 Wunder der prophetischen Medizin<\/strong>, dann folgen Sie uns...<\/p>\n<h2><strong>Fokus auf die Zusammensetzung des Topfes der 7 Heilungen<\/strong><\/h2>\n<p>Die <strong>Topf der 7 Heilungen<\/strong> setzt sich wie folgt zusammen:<\/p>\n<ul>\n<li><strong>Nigella-Samen<\/strong><\/li>\n<li><strong>Honig<\/strong><\/li>\n<li><strong>Datteln al \u2018ajwa<\/strong><\/li>\n<li><strong>Sennesbl\u00e4tter\u00a0<\/strong><\/li>\n<li><strong>Indischer Costus<\/strong><\/li>\n<li><strong>Fenchelsamen\u00a0<\/strong><\/li>\n<li><strong>Wasser von Zamzam<\/strong><\/li>\n<\/ul>\n<p>Jede dieser Zutaten enth\u00e4lt anerkannte Vorteile zur Verbesserung der Gesundheit. Die Herstellung dieser Quintessenz ist das Ergebnis langwieriger Forschung. Und am Ende kommt dabei heraus: diese <strong>kondensierte Superfoods<\/strong> die vom besten aller Menschen (Friede und Segen auf ihm) empfohlen wurden.<\/p>\n<p>Au\u00dferdem ist es eine wertvolle Hilfe bei mehreren Krankheiten, die die allopathische Medizin nicht lindern konnte. Es ist aber auch ein <strong>Superfood<\/strong> f\u00fcr Pro-Nat\u00fcrliche, die sich haupts\u00e4chlich mit der <strong>Naturmedizin<\/strong>.<\/p>\n<p>Insgesamt wird dieses Juwel zur Vorbeugung oder auch zur Angriffsbehandlung eingesetzt, um bei der Linderung bestimmter Krankheiten zu helfen.<\/p>\n<h2><strong>Die Vorteile des Topfes der 7 Heilungen<\/strong><\/h2>\n<p>Im Folgenden werden die positiven Auswirkungen der einzelnen Inhaltsstoffe auf den K\u00f6rper aufgef\u00fchrt:<\/p>\n<p>Nigella-Samen :<\/p>\n<ul>\n<li>Antibakteriell<\/li>\n<li>Antiviral<\/li>\n<li>Antimykotikum: t\u00f6tet Pilze ab<\/li>\n<li>Entz\u00fcndungshemmend<\/li>\n<li>Antihistaminikum: lindert Allergien<\/li>\n<li>Antikrebsmittel<\/li>\n<\/ul>\n<p>Honig :<\/p>\n<ul>\n<li>Antihistaminikum: lindert Allergien<\/li>\n<li>Antidiabetikum: senkt den Blutzuckerspiegel<\/li>\n<li>Weichmacher: beruhigt Reizungen und Entz\u00fcndungen<\/li>\n<li>Antioxidans: bek\u00e4mpft freie Radikale, die f\u00fcr die Zellalterung verantwortlich sind<\/li>\n<li>Expektorans: Bronchialverfl\u00fcssiger<\/li>\n<li>Entz\u00fcndungshemmend: beruhigt die Entz\u00fcndung im K\u00f6rper<\/li>\n<li>Tonikum: st\u00e4rkt und stimuliert das Immunsystem<\/li>\n<li>Laxativ: wirkt gegen Verstopfung<\/li>\n<li>Adstringierend: f\u00f6rdert die Wundheilung, indem es das Gewebe strafft<\/li>\n<\/ul>\n<p>Datte al \u2018ajwa :<\/p>\n<ul>\n<li>antioxidativ<\/li>\n<li>Abf\u00fchrmittel<\/li>\n<li>entgiftend<\/li>\n<li>muskelst\u00e4rkend<\/li>\n<li>anregend<\/li>\n<\/ul>\n<p>Sennesbl\u00e4tter :<\/p>\n<ul>\n<li>Abf\u00fchrmittel<\/li>\n<li>purgative<\/li>\n<li>entgiftend<\/li>\n<\/ul>\n<p>Indischer Costus :<\/p>\n<ul>\n<li>stomachisch: hilft bei der Behandlung von Mundinfektionen<\/li>\n<li>emm\u00e9nagogue: bewirkt und reguliert die Menstruation<\/li>\n<li>krampfl\u00f6send: beruhigt Muskelkontraktionen<\/li>\n<li>antiseptisch, bakterizid und antiviral<\/li>\n<li>schleiml\u00f6send: hilft, den Schleim durch Husten abzuhusten<\/li>\n<li>blutdrucksenkend: senkt den Blutdruck<\/li>\n<li>fiebersenkend: senkt das Fieber<\/li>\n<\/ul>\n<p>Fenchelsamen :<\/p>\n<ul>\n<li>neuromuskul\u00e4res Antispasmodikum<\/li>\n<li>verdauungsf\u00f6rdernd und abf\u00fchrend<\/li>\n<li>Diuretikum: erh\u00f6ht die Produktion und Ausscheidung von Urin<\/li>\n<li>karminativ: erleichtert die Austreibung von Darmgasen<\/li>\n<li>entschlackend: befreit von Giftstoffen<\/li>\n<li>Emmenagogum: erleichtert den Menstruationsfluss oder l\u00f6st ihn aus<\/li>\n<li>reich an Phyto\u00f6strogenen: sie ersetzen das \u00d6strogen<\/li>\n<li>galaktogen: f\u00f6rdert die Laktation<\/li>\n<li>Entwurmung: reinigt den K\u00f6rper von Parasiten und Darmw\u00fcrmern<\/li>\n<\/ul>\n<p>Zamzamwasser :<\/p>\n<ul>\n<li>Der Sunna zufolge ist es f\u00fcr alles geeignet. Tats\u00e4chlich kann das Wasser von Zamzam zur Linderung aller Beschwerden verwendet werden.<\/li>\n<li>Au\u00dferdem ist dieses Weihwasser durstl\u00f6schend und n\u00e4hrend. Dar\u00fcber hinaus geh\u00f6rt es zu den <strong>therapeutische Heilmittel der prophetischen Medizin<\/strong>.<\/li>\n<\/ul>\n<h2><strong>Der Topf der sieben Heilungen ist ein Allheilmittel!<\/strong><\/h2>\n<p>Wir werden einige Krankheiten zusammenfassen, die der <strong>Topf der 7 ashfiyah<\/strong> kann bei der Vorbeugung oder Bek\u00e4mpfung helfen. Diese Liste wird nicht ersch\u00f6pfend sein, das Ziel ist es, sich schlie\u00dflich einen kleinen Eindruck von der Bandbreite seines Potenzials zu verschaffen.<\/p>\n<p>Die <strong>Topf der 7 Heilungen<\/strong> kann de facto bei mehreren Beschwerden helfen:<\/p>\n<ul>\n<li>Hilft bei der Bek\u00e4mpfung von Lebererkrankungen und der Regeneration der Leber<\/li>\n<li>Bek\u00e4mpft Darmgrippe und Entz\u00fcndungen des Verdauungstrakts<\/li>\n<li>Lindert allgemein entz\u00fcndliche Schmerzen<\/li>\n<li>Wirksam gegen Durchfall, Verstopfung und chronische Bauchkrankheiten<\/li>\n<li>Hilft, Krebs zu verhindern und zu bek\u00e4mpfen<\/li>\n<li>Empfohlen, um Mangelerscheinungen wie An\u00e4mie zu beheben<\/li>\n<li>Furchtbar gegen saisonale Krankheiten wie Erk\u00e4ltung und Husten<\/li>\n<li>Lindert Gelenkschmerzen<\/li>\n<li>Hilft, Bandscheibenvorf\u00e4lle zu lindern<\/li>\n<li>Wirksam bei der Behandlung bestimmter Hautkrankheiten wie Vitiligo<\/li>\n<\/ul>\n<h2><strong>Topf der 7 Heilungen: Meinungen im Netz<\/strong><\/h2>\n<p>Tippen Sie einfach \u201c<strong>pot 7 heilungen bewertung<\/strong>\u201d im Internet, um eine Vielzahl von \u201cverifizierten\u201d Erfahrungsberichten zu diesem Produkt zu finden. Sein Ruf zeugt von seiner unbestreitbaren Wirksamkeit! In der Tat sind die R\u00fcckmeldungen zu diesem Produkt \u00fcberwiegend positiv.<\/p>\n<p>Au\u00dferdem ist die Vielfalt der Probleme, bei denen es eingesetzt wird, beeindruckend.<\/p>\n<p>Jede der <strong>7 Wunder<\/strong> aus dem es besteht, wird verwendet, um bei der Linderung verschiedener Gesundheitsprobleme zu helfen. Daher ist die Mischung aus all diesen <strong>alicaments<\/strong> kann nur ein Allheilmittel sein!<\/p>\n<h2><strong>Tipps zur Verwendung des Honigs der 7 Heilungen<\/strong><\/h2>\n<p>Als ersten Schritt empfehlen wir, den Topf gut zu mischen (mit einem <a href=\"https:\/\/www.miel-store.com\/de\/p\/honigloffel-aus-holz\/\"><strong>Holzl\u00f6ffel<\/strong><\/a> vorzugsweise).<\/p>\n<p>Innere Einnahme :<\/p>\n<ul>\n<li>ein L\u00f6ffel morgens auf n\u00fcchternen Magen, eine halbe Stunde vor dem Fr\u00fchst\u00fcck<\/li>\n<li>eine weitere am Abend 30 min vor dem Essen ebenfalls<\/li>\n<\/ul>\n<p>Zur lokalen Anwendung (Gelenkschmerzen, Hautprobleme usw.) :<\/p>\n<ul>\n<li>Eine kleine Menge auf die betroffene Stelle auftragen und bei Bedarf einmassieren<\/li>\n<\/ul>\n<p>Dosierung f\u00fcr Kinder von 3 bis 12 Jahren :<\/p>\n<ul>\n<li>einen halben L\u00f6ffel morgens auf n\u00fcchternen Magen vor dem Fr\u00fchst\u00fcck und dito abends vor dem Essen<\/li>\n<\/ul>\n<p>Gegenanzeige :<\/p>\n<ul>\n<li>Abgeraten f\u00fcr schwangere und stillende Frauen sowie Kinder unter 3 Jahren<\/li>\n<\/ul>\n<h2><strong>Aufbewahrung und n\u00fctzliche Infos<\/strong><\/h2>\n<p>Es ist unbedingt erforderlich, dass Sie Ihren 7-Heilungen-Honig bei Raumtemperatur, an einem trockenen Ort und nicht in direktem Licht aufbewahren. Denn die darin enthaltenen Inhaltsstoffe k\u00f6nnten sonst ihren Nutzen verlieren.<\/p>\n<p>Verwenden Sie daher am besten ein Holzger\u00e4t und achten Sie darauf, dass es sauber ist. Es besteht n\u00e4mlich die Gefahr einer Kontamination.<\/p>\n<p>Die oben genannten Informationen sind kein Ersatz f\u00fcr eine medizinische Beratung. Wir empfehlen Ihnen daher, sich von einem Arzt beraten zu lassen.<\/p>\n<h3><strong>Vorbeugen ist besser als heilen!<\/strong><\/h3>\n<p>Niemand sollte dieses ber\u00fchmte Sprichwort ignorieren! Deshalb finden Sie in unserem Shop neben dem Honig 7 Heilungen auch andere nat\u00fcrliche Heilmittel, mit denen Sie sich t\u00e4glich um Ihre Gesundheit k\u00fcmmern k\u00f6nnen.<\/p>\n<p>Unter anderem ist unser <a href=\"https:\/\/www.miel-store.com\/de\/p\/jujubier-honig-sidr-dalgerie\/\"><strong>Jujubenhonig Algerien<\/strong><\/a> zur Bek\u00e4mpfung von Atemwegsinfektionen. Lassen Sie sich von seinem einzigartigen Geschmack und seiner cremigen Textur verf\u00fchren!<\/p>\n<p>Oder unser <a href=\"https:\/\/www.miel-store.com\/de\/p\/schwarzkummelol-aus-thiopien-habachia\/\"><strong>Schwarzk\u00fcmmel\u00f6l aus \u00c4thiopien<\/strong><\/a>, kaltgepresst und 100% rein. Einerseits hilft es Ihnen, Ihr Immunsystem zu st\u00e4rken. Und zum anderen bei der Pflege Ihrer Haare und Ihres K\u00f6rpers, sowohl von innen als auch von au\u00dfen.<\/p>","protected":false},"excerpt":{"rendered":"<p>Topf Mit 7 Heilungen aus Saudi-Arabien.<\/p>\n<p>Topf mit 300 g.<\/p>","protected":false},"featured_media":600,"template":"","meta":[],"product_brand":[],"product_cat":[88],"product_tag":[],"class_list":{"0":"post-519","1":"product","2":"type-product","3":"status-publish","4":"has-post-thumbnail","6":"product_cat-bien-etre","8":"first","9":"outofstock","10":"featured","11":"shipping-taxable","12":"purchasable","13":"product-type-simple"},"_links":{"self":[{"href":"https:\/\/www.miel-store.com\/de\/wp-json\/wp\/v2\/product\/519","targetHints":{"allow":["GET"]}}],"collection":[{"href":"https:\/\/www.miel-store.com\/de\/wp-json\/wp\/v2\/product"}],"about":[{"href":"https:\/\/www.miel-store.com\/de\/wp-json\/wp\/v2\/types\/product"}],"wp:featuredmedia":[{"embeddable":true,"href":"https:\/\/www.miel-store.com\/de\/wp-json\/wp\/v2\/media\/600"}],"wp:attachment":[{"href":"https:\/\/www.miel-store.com\/de\/wp-json\/wp\/v2\/media?parent=519"}],"wp:term":[{"taxonomy":"product_brand","embeddable":true,"href":"https:\/\/www.miel-store.com\/de\/wp-json\/wp\/v2\/product_brand?post=519"},{"taxonomy":"product_cat","embeddable":true,"href":"https:\/\/www.miel-store.com\/de\/wp-json\/wp\/v2\/product_cat?post=519"},{"taxonomy":"product_tag","embeddable":true,"href":"https:\/\/www.miel-store.com\/de\/wp-json\/wp\/v2\/product_tag?post=519"}],"curies":[{"name":"wp","href":"https:\/\/api.w.org\/{rel}","templated":true}]}}