{"id":518,"date":"2022-02-27T22:12:25","date_gmt":"2022-02-27T21:12:25","guid":{"rendered":"https:\/\/www.miel-store.com\/?post_type=product&#038;p=518"},"modified":"2026-04-02T06:26:21","modified_gmt":"2026-04-02T04:26:21","slug":"degyptisches-indisches-costusol","status":"publish","type":"product","link":"https:\/\/www.miel-store.com\/de\/p\/huile-de-costus-indien-degypte","title":{"rendered":"Indisches Costus\u00f6l aus \u00c4gypten"},"content":{"rendered":"<p>Eine kleine Tour d'Horizon: Besuchen wir den asiatischen Kontinent! Sind Sie bereit, die ber\u00fchmte<strong>\u00a0indisches Costus\u00f6l \u00c4gypten\u00a0<\/strong>? F\u00fcr alle, die diesen nat\u00fcrlichen Schatz noch nicht kennen, sei beruhigt: Miel Store m\u00f6chte Ihnen mehr dar\u00fcber erz\u00e4hlen!<\/p>\n<h2><strong>Kleiner Zoom auf das \u00d6l des indischen Costus \u00c4gypten<\/strong><\/h2>\n<p>Die Indische Costus ist eine sogenannte krautige Pflanze aus der ber\u00fchmten Familie der Asteraceae. Sie ist auch unter dem Namen Saussurea costus bekannt und stammt urspr\u00fcnglich vom asiatischen Kontinent.<\/p>\n<p>In der Tat, \u00fcblicherweise verwendet in der<strong>\u00a0ayurvedische Medizin<\/strong>\u00a0bei den asiatischen Gemeinschaften, wird sie auch innerhalb der muslimischen Religion in der\u00a0<strong>prophetische Medizin<\/strong>\u00a0!<\/p>\n<p>Langsam, aber sicher wird diese\u00a0<strong>Pflanze mit vielen Vorteilen<\/strong>\u00a0wird im Westen immer beliebter. Die vielen positiven Eigenschaften, die sie mit sich bringt, verf\u00fchren...<\/p>\n<p>Sie sind neugierig und m\u00f6chten mehr \u00fcber dieses\u00a0<strong>Schatz der Natur<\/strong>\u00a0? Sie brauchen keinen weiteren Schritt zu tun, wir verraten Ihnen mehr!<\/p>\n<h2><strong>Im Fokus: Indisches Costus\u00f6l \u00c4gypten\u00a0<\/strong><\/h2>\n<p>In der Tat ist Ihr Fachgesch\u00e4ft f\u00fcr\u00a0<strong>Wohlbefinden\u00a0<\/strong>ist stets bem\u00fcht, Ihnen neue\u00a0<strong>Naturartikel<\/strong>\u00a0die zu Ihnen passen k\u00f6nnten. Auf der Speisekarte steht der\u2019<strong>indisches Costus\u00f6l \u00c4gypten<\/strong>\u00a0!<\/p>\n<p>Es ist an der Zeit, in die Tiefe zu gehen! Machen Sie Bekanntschaft mit diesem durchsichtigen Flakon, der den Blick auf ein Elixier freigibt<strong>\u00a0100% rein und nat\u00fcrlich\u00a0<\/strong>! Der Inhalt von 60 ml ist ein echter Vorteil f\u00fcr diejenigen, die eine regelm\u00e4\u00dfige Anwendung vornehmen m\u00f6chten.<\/p>\n<p>Dieser Nektar steht aufgrund seiner Qualit\u00e4ten und Vorteile im Mittelpunkt! Da er sehr gesundheitsf\u00f6rdernd ist, k\u00f6nnte er schnell zu einem Muss in Ihrem\u00a0<strong>pers\u00f6nliche Apotheke<\/strong>. Die Freude kommt manchmal durch die einfachen Dinge ... Z\u00f6gern Sie nicht l\u00e4nger und geh\u00f6ren Sie zu denen, die von diesem Schatz profitieren.<\/p>\n<h2><strong>Wie w\u00e4re es mit Wellness, wie w\u00e4re es mit indischem Costus\u00f6l \u00c4gypten?<\/strong><\/h2>\n<p>Wir wissen, wie wichtig es ist, die\u00a0<strong>n\u00fctzliche Naturprodukte<\/strong>\u00a0! Deshalb m\u00f6chten wir, dass Sie die Vorz\u00fcge dieses Costus\u00f6ls kennenlernen.<\/p>\n<p>Diese\u00a0<strong>Pflanzen\u00f6l<\/strong>\u00a0ist daf\u00fcr bekannt, dass es bei bestimmten Hautproblemen hilfreich ist, wie z. B.: Pilze, Mykosen oder auch bestimmte Flecken im Gesicht.<\/p>\n<p>Au\u00dferdem wird sie manchmal in\u00a0<a href=\"https:\/\/www.mon-huile-de-massage.com\/\" target=\"_blank\" rel=\"noopener\"><strong>Massage\u00f6l<\/strong><\/a>, Wenn Sie sich in der Lage sehen, sich zu bewegen, k\u00f6nnen Sie Muskelschmerzen lindern und Kr\u00e4mpfen vorbeugen.<\/p>\n<p>F\u00fcr den Unterleib, bei chronischer Migr\u00e4ne, aber auch bei\u00a0<strong>das Immunsystem ankurbeln<\/strong>, Wenn Sie sich nicht sicher sind, ob Ihr Kind in der Lage ist, sich selbst zu helfen, scheint Costus\u00f6l ein gro\u00dfer Vorteil zu sein!<\/p>\n<p>Wenn Sie auch eine Vorliebe f\u00fcr Naturprodukte mit vielen positiven Eigenschaften haben, dann ist dieses Buch genau das Richtige f\u00fcr Sie.<strong>\u00a0Qist al Hindi-\u00d6l\u00a0<\/strong>ist wahrscheinlich der Artikel, der Ihnen noch fehlt. Lassen Sie sich von seinen Tugenden und wohltuenden Eigenschaften begeistern!<\/p>\n<h3><strong>Nat\u00fcrliche Produkte f\u00fcr den Genuss aller...<\/strong><\/h3>\n<p>Ihre<strong>\u00a0Wellness-Shop\u00a0<\/strong>m\u00f6chte nur das Beste f\u00fcr ihre Kunden! Aus diesem Grund bem\u00fcht sie sich, sorgf\u00e4ltig Artikel auszuw\u00e4hlen, die zu Ihnen passen k\u00f6nnten. Wir wissen, wie wichtig Ihnen die\u00a0<strong>Naturprodukte<\/strong>\u2026<\/p>\n<p>Entdecken Sie auf diese Weise,<strong>\u00a0<a href=\"https:\/\/www.miel-store.com\/de\/p\/ameisenol\/\">das Ameisen\u00f6l<\/a><\/strong>\u00a0oder\u00a0<strong><a href=\"https:\/\/www.miel-store.com\/de\/p\/lincroyable-serum-repousse\/\">das unglaublich wachstumsf\u00f6rdernde Serum<\/a>\u00a0<\/strong>! Nat\u00fcrliche Produkte, die in der Lage sein werden, Sie t\u00e4glich zu begeistern.<\/p>\n<p>Z\u00f6gern Sie nicht l\u00e4nger und vertrauen Sie Ihrem Fachgesch\u00e4ft!<\/p>","protected":false},"excerpt":{"rendered":"<p>Indisches Costus\u00f6l aus \u00c4gypten.<\/p>\n<p>100% Rein und nat\u00fcrlich.<\/p>\n<p>100-ml-Flasche.<\/p>","protected":false},"featured_media":597,"template":"","meta":[],"product_brand":[],"product_cat":[88,106,130],"product_tag":[],"class_list":{"0":"post-518","1":"product","2":"type-product","3":"status-publish","4":"has-post-thumbnail","6":"product_cat-bien-etre","7":"product_cat-huiles-vegetales","8":"product_cat-produits-medecine-ayurvedique","10":"first","11":"instock","12":"shipping-taxable","13":"purchasable","14":"product-type-simple"},"_links":{"self":[{"href":"https:\/\/www.miel-store.com\/de\/wp-json\/wp\/v2\/product\/518","targetHints":{"allow":["GET"]}}],"collection":[{"href":"https:\/\/www.miel-store.com\/de\/wp-json\/wp\/v2\/product"}],"about":[{"href":"https:\/\/www.miel-store.com\/de\/wp-json\/wp\/v2\/types\/product"}],"wp:featuredmedia":[{"embeddable":true,"href":"https:\/\/www.miel-store.com\/de\/wp-json\/wp\/v2\/media\/597"}],"wp:attachment":[{"href":"https:\/\/www.miel-store.com\/de\/wp-json\/wp\/v2\/media?parent=518"}],"wp:term":[{"taxonomy":"product_brand","embeddable":true,"href":"https:\/\/www.miel-store.com\/de\/wp-json\/wp\/v2\/product_brand?post=518"},{"taxonomy":"product_cat","embeddable":true,"href":"https:\/\/www.miel-store.com\/de\/wp-json\/wp\/v2\/product_cat?post=518"},{"taxonomy":"product_tag","embeddable":true,"href":"https:\/\/www.miel-store.com\/de\/wp-json\/wp\/v2\/product_tag?post=518"}],"curies":[{"name":"wp","href":"https:\/\/api.w.org\/{rel}","templated":true}]}}