{"id":516,"date":"2022-02-27T22:08:15","date_gmt":"2022-02-27T21:08:15","guid":{"rendered":"https:\/\/www.miel-store.com\/?post_type=product&#038;p=516"},"modified":"2026-03-25T19:10:27","modified_gmt":"2026-03-25T18:10:27","slug":"bio-nigellaol-degypten","status":"publish","type":"product","link":"https:\/\/www.miel-store.com\/de\/p\/huile-de-nigelle-bio-degypte","title":{"rendered":"Bio-Nigella\u00f6l aus \u00c4gypten"},"content":{"rendered":"","protected":false},"excerpt":{"rendered":"<p>Bio-Nigella\u00f6l aus \u00c4gypten.<\/p>\n<p>100% Naturbelassen. Gewinnung des \u00d6ls durch Erste Kaltpressung.<\/p>\n<p>100-ml-Flasche.<\/p>","protected":false},"featured_media":598,"template":"","meta":[],"product_brand":[],"product_cat":[87,88,106],"product_tag":[],"class_list":{"0":"post-516","1":"product","2":"type-product","3":"status-publish","4":"has-post-thumbnail","6":"product_cat-nigelle","7":"product_cat-bien-etre","8":"product_cat-huiles-vegetales","10":"first","11":"instock","12":"shipping-taxable","13":"purchasable","14":"product-type-simple"},"_links":{"self":[{"href":"https:\/\/www.miel-store.com\/de\/wp-json\/wp\/v2\/product\/516","targetHints":{"allow":["GET"]}}],"collection":[{"href":"https:\/\/www.miel-store.com\/de\/wp-json\/wp\/v2\/product"}],"about":[{"href":"https:\/\/www.miel-store.com\/de\/wp-json\/wp\/v2\/types\/product"}],"wp:featuredmedia":[{"embeddable":true,"href":"https:\/\/www.miel-store.com\/de\/wp-json\/wp\/v2\/media\/598"}],"wp:attachment":[{"href":"https:\/\/www.miel-store.com\/de\/wp-json\/wp\/v2\/media?parent=516"}],"wp:term":[{"taxonomy":"product_brand","embeddable":true,"href":"https:\/\/www.miel-store.com\/de\/wp-json\/wp\/v2\/product_brand?post=516"},{"taxonomy":"product_cat","embeddable":true,"href":"https:\/\/www.miel-store.com\/de\/wp-json\/wp\/v2\/product_cat?post=516"},{"taxonomy":"product_tag","embeddable":true,"href":"https:\/\/www.miel-store.com\/de\/wp-json\/wp\/v2\/product_tag?post=516"}],"curies":[{"name":"wp","href":"https:\/\/api.w.org\/{rel}","templated":true}]}}