{"id":513,"date":"2022-02-27T22:00:58","date_gmt":"2022-02-27T21:00:58","guid":{"rendered":"https:\/\/www.miel-store.com\/?post_type=product&#038;p=513"},"modified":"2026-02-06T10:03:05","modified_gmt":"2026-02-06T09:03:05","slug":"bio-kaktusfeigenkernol-aus-tunesien","status":"publish","type":"product","link":"https:\/\/www.miel-store.com\/de\/p\/huile-de-pepin-de-figue-de-barbarie-bio-de-tunisie","title":{"rendered":"Bio-Kaktusfeigenkern\u00f6l aus Tunesien"},"content":{"rendered":"<p>Die Zeit vergeht, und das macht sich fast unweigerlich im Gesicht bemerkbar. Beginnende Falten,\u00a0<strong>br\u00fcchige Haut<\/strong>, ...Aufgaben... Hier sind einige<strong>\u00a0Alterserscheinungen<\/strong>\u00a0die nicht zu t\u00e4uschen sind. Hoffen wir dennoch, dass uns die Weisheit ereilt! Aber bis dahin ist dies kein unabwendbares Schicksal. Ihr Miel Store bietet Ihnen daher<strong> Bio-Kaktusfeigenkern\u00f6l <\/strong>!<\/p>\n<p>Sie kennen sie noch nicht? In diesem Fall erz\u00e4hlen wir Ihnen gleich davon.<\/p>\n<h2><strong>Vorstellung von Bio-Kaktusfeigenkern\u00f6l<\/strong><\/h2>\n<p>Zun\u00e4chst einmal muss man wissen, dass dieses \u00d6l aus einem Kaktus gewonnen wird! Genau wie\u00a0<a href=\"https:\/\/www.miel-store.com\/de\/p\/daghmous-honig-aus-marokko\/\"><strong>der Honig von Daghmous<\/strong><\/a>, Die beiden sind \u00fcbrigens zwei verschiedene Produkte.<\/p>\n<p>Dieser Kaktus ist in vielen L\u00e4ndern der Welt zu finden, und durch Kaltpressung erh\u00e4lt man diese<strong>\u00a0Bio-\u00d6l!<\/strong><\/p>\n<p>Unser kostbares\u00a0<strong>Elixier<\/strong>\u00a0kommt uns direkt aus\u00a0<a href=\"https:\/\/www.diplomatie.gouv.fr\/fr\/conseils-aux-voyageurs\/conseils-par-pays-destination\/tunisie\/\" target=\"_blank\" rel=\"noopener\"><strong>Tunesien<\/strong><\/a>. Angeboten in der 100Ml-Flasche,\u00a0<strong>das Kern\u00f6l der Kaktusfeige<\/strong>\u00a0unterscheidet sich von der einfachen<strong>\u00a0Kaktusfeigen\u00f6l<\/strong>. Es handelt sich hierbei lediglich um ein \u00d6lmazerat. Daher ist unser\u00a0<strong>seltene Kosmetik\u00a0<\/strong>besitzt eine weitaus gr\u00f6\u00dfere Anzahl an Eigenschaften!<\/p>\n<p>Aber es gibt auch eine Information, die man \u00fcber sie wissen sollte:<strong>\u00a0es ist das teuerste Pflanzen\u00f6l der Welt!\u00a0<\/strong>Seine Seltenheit, die Schwierigkeit, sein \u00d6l zu extrahieren, sowie seine unglaublichen Eigenschaften erkl\u00e4ren dies.<\/p>\n<h2><strong>Die Vorteile von Kaktusfeigenkern\u00f6l\u00a0<\/strong><\/h2>\n<p>Dieses nat\u00fcrliche Elixier besitzt eine Vielzahl an positiven Eigenschaften f\u00fcr Haut und Epidermis! Wenn Sie sich pflegen und auf Ihr \u00c4u\u00dferes achten m\u00f6chten, lassen Sie sich von diesem gr\u00fcnen Gold verf\u00fchren!<\/p>\n<ul>\n<li>F\u00fcr die\u00a0<strong>trockene Haut<\/strong>, Der hohe Gehalt an Omega-6-Fetts\u00e4uren ist ein echter Vorteil f\u00fcr die sogenannte empfindliche Haut!<\/li>\n<\/ul>\n<ul>\n<li>Kann bei der Bek\u00e4mpfung helfen<strong>\u00a0gegen Narben<\/strong>\u00a0und Dehnungsstreifen ;<\/li>\n<\/ul>\n<ul>\n<li>Sie ist reich an Sterolen und Vitamin E und gilt als vorteilhaft f\u00fcr die<strong>\u00a0Kampf gegen die Zeichen des Alters,<\/strong>\u00a0insbesondere Falten und Unreinheiten ;<\/li>\n<\/ul>\n<ul>\n<li>Sie hilft, die Haut zu straffen und sorgt f\u00fcr einen besseren Teint!<\/li>\n<\/ul>\n<h2><strong>Anwendungstipps f\u00fcr Bio-Kaktusfeigenkern\u00f6l<\/strong><\/h2>\n<p>Um die Vorteile dieses Elixiers voll auszusch\u00f6pfen, sollten Sie zun\u00e4chst den Bereich, den Sie behandeln m\u00f6chten, gezielt anvisieren. Tragen Sie dann einige Tropfen davon auf. Sowohl f\u00fcr die Mundpartie als auch f\u00fcr die ber\u00fchmten<strong>\u00a0Kr\u00e4henf\u00fc\u00dfe<\/strong>\u00a0im Bereich der Augen erweist er sich als sehr wirksam.<\/p>\n<p>Es ist auch m\u00f6glich, dass Sie es in\u00a0<strong>Handpflege.<\/strong>\u00a0Vor allem f\u00fcr diejenigen, deren H\u00e4nde w\u00e4hrend der Wintermonate br\u00fcchig werden.<\/p>\n<p>Dieser Schatz der Natur ist ein echtes Plus f\u00fcr Menschen mit Hautproblemen oder diejenigen, die die Zeichen der Hautalterung mildern wollen.<\/p>\n<p>Bei Augenkontakt empfehlen wir, mit viel kaltem Wasser zu sp\u00fclen.<\/p>\n<h3><strong>Ihr Spezialist f\u00fcr Wellnessprodukte, das ist auch<\/strong><strong>\u2026<\/strong><\/h3>\n<p>Miel Store ist stets darauf bedacht, Ihnen\u00a0<strong>Naturprodukte<\/strong>\u00a0die Ihren Bed\u00fcrfnissen gerecht werden. Entdecken Sie dazu unsere verschiedenen Honigsorten wie den\u00a0<strong>Euphorbienhonig<\/strong>\u00a0oder das\u00a0<a href=\"https:\/\/www.miel-store.com\/de\/p\/johannisbeerhonig-sidr-maliki-aus-dem-jemen\/\"><strong>Honig von Sidr Malaki aus dem Jemen<\/strong><\/a>\u00a0 ! Von\u00a0<strong>Bienenprodukte<\/strong>\u00a0mit sehr angenehmen Geschm\u00e4ckern und Vorteilen.<\/p>\n<p>Lassen Sie sich von der Vielzahl der Artikel auf unserer Website begeistern!<\/p>","protected":false},"excerpt":{"rendered":"<p>Bio-Kaktusfeigenkern\u00f6l aus Tunesien.<\/p>\n<p>100% Rein und nat\u00fcrlich.<\/p>\n<p>10-ml-Flasche.<\/p>","protected":false},"featured_media":628,"template":"","meta":[],"product_brand":[],"product_cat":[89,106],"product_tag":[],"class_list":{"0":"post-513","1":"product","2":"type-product","3":"status-publish","4":"has-post-thumbnail","6":"product_cat-cosmetiques","7":"product_cat-huiles-vegetales","9":"first","10":"instock","11":"shipping-taxable","12":"purchasable","13":"product-type-simple"},"_links":{"self":[{"href":"https:\/\/www.miel-store.com\/de\/wp-json\/wp\/v2\/product\/513","targetHints":{"allow":["GET"]}}],"collection":[{"href":"https:\/\/www.miel-store.com\/de\/wp-json\/wp\/v2\/product"}],"about":[{"href":"https:\/\/www.miel-store.com\/de\/wp-json\/wp\/v2\/types\/product"}],"wp:featuredmedia":[{"embeddable":true,"href":"https:\/\/www.miel-store.com\/de\/wp-json\/wp\/v2\/media\/628"}],"wp:attachment":[{"href":"https:\/\/www.miel-store.com\/de\/wp-json\/wp\/v2\/media?parent=513"}],"wp:term":[{"taxonomy":"product_brand","embeddable":true,"href":"https:\/\/www.miel-store.com\/de\/wp-json\/wp\/v2\/product_brand?post=513"},{"taxonomy":"product_cat","embeddable":true,"href":"https:\/\/www.miel-store.com\/de\/wp-json\/wp\/v2\/product_cat?post=513"},{"taxonomy":"product_tag","embeddable":true,"href":"https:\/\/www.miel-store.com\/de\/wp-json\/wp\/v2\/product_tag?post=513"}],"curies":[{"name":"wp","href":"https:\/\/api.w.org\/{rel}","templated":true}]}}