{"id":511,"date":"2022-02-27T21:52:27","date_gmt":"2022-02-27T20:52:27","guid":{"rendered":"https:\/\/www.miel-store.com\/?post_type=product&#038;p=511"},"modified":"2026-04-19T11:26:50","modified_gmt":"2026-04-19T09:26:50","slug":"bio-ingwerol-aus-nigeria","status":"publish","type":"product","link":"https:\/\/www.miel-store.com\/de\/p\/huile-de-gingembre-bio-du-nigeria","title":{"rendered":"Bio-Ingwer\u00f6l"},"content":{"rendered":"<p>L<strong>\u2018Ingwer\u00f6l<\/strong>\u00a0ist bekannt f\u00fcr seine Tugenden\u00a0<strong>Aphrodisiakum und St\u00e4rkungsmittel<\/strong>. Sie ist auch daf\u00fcr bekannt, dass sie die Reisekrankheit lindert.<\/p>\n<p>Da es biologisch ist, kann es sowohl in der Kosmetik als auch in der K\u00fcche verwendet werden. Aber mehr noch, es ist ein hervorragendes\u00a0<strong>Naturheilmittel<\/strong>, Sie k\u00f6nnen auch ein Buch lesen, das Ihnen hilft, viele Ihrer Beschwerden zu lindern.<\/p>\n<h2><strong>Der Hauptbestandteil von Ingwer\u00f6l...\u00a0<\/strong><\/h2>\n<p>Sie werden sicher nicht \u00fcberrascht sein, wenn wir Ihnen sagen, dass\u00a0<strong>Ingwer<\/strong>\u00a0ist der Hauptbestandteil dieser \u00f6ligen Fl\u00fcssigkeit?!<\/p>\n<p>Der Teil der Pflanze, der in der K\u00fcche und im\u00a0<strong>traditionelle Medizin<\/strong>\u00a0wird als der\u00a0<strong>Rhizom<\/strong>. Tats\u00e4chlich wird dieses Gew\u00fcrz in vielen asiatischen Gerichten verwendet, vor allem in der indischen K\u00fcche.<\/p>\n<p>Wie Kurkuma geh\u00f6rt auch Ingwer zur Familie der\u00a0<strong>Zingiberaceae<\/strong>. Beide werden heute als Superhelden angesehen.<strong>\u00a0Lebensmittel<\/strong>. Und das, weil sie au\u00dfergew\u00f6hnlich\u00a0<strong>reich an N\u00e4hrstoffen und Antioxidantien<\/strong>.<\/p>\n<h2><strong>Ingwer - ein Lebensmittel, das Sie kennen sollten!<\/strong><\/h2>\n<p>Die Pflanze wird haupts\u00e4chlich in tropischen Gebieten wie Indien, China oder Nepal angebaut. Er war einer der ersten\u00a0<strong>orientalische Gew\u00fcrze<\/strong>\u00a0auf europ\u00e4isches Territorium zu gelangen. Von arabischen H\u00e4ndlern mitgebracht, wurde er zun\u00e4chst in Frankreich und dann in England eingef\u00fchrt.<\/p>\n<p>Heutzutage wird Ingwer in allen w\u00e4rmeren Regionen der Welt angebaut. Je nach Umgebung, Klima und Anbaumethoden variiert die Qualit\u00e4t der Rhizome. Denn von Land zu Land ist ihre Zusammensetzung unterschiedlich.<\/p>\n<p>Ingwer ist reich an Mineralien wie Mangan, Phosphor, Magnesium, Kalzium, Natrium und Eisen.<\/p>\n<p>Aber auch an Vitaminen des Typs B3, B1 und B2, und wenn sie roh ist, enth\u00e4lt sie auch Vitamin C.<\/p>\n<h2><strong>Die Eigenschaften von Ingwer\u00f6l<\/strong><\/h2>\n<ul>\n<li>Allgemeines Tonikum: In der Tat\u00a0<strong>stimuliert die Sexualit\u00e4t<\/strong>\u00a0(Aphrodisiakum), das Nervensystem sowie das Verdauungssystem.<\/li>\n<li>Stomachisch: Bek\u00e4mpft Erkrankungen des Mundes<\/li>\n<li>Leichtes Abf\u00fchrmittel, ebenso wie<strong>\u00a0<a href=\"https:\/\/www.miel-store.com\/de\/p\/bio-daloe-vera-ol-aus-marokko\/\">Aloe-vera-\u00d6l<\/a>\u00a0<\/strong><\/li>\n<li>Karminativ: Hilft auch bei der Austreibung von Darmgasen<\/li>\n<li>Analgetikum: lindert den Schmerz<\/li>\n<li>Entz\u00fcndungshemmend: Verringert Entz\u00fcndungen<\/li>\n<li>Hustenmittel (kann mit\u00a0<a href=\"https:\/\/www.miel-store.com\/de\/p\/thymianhonig-aus-marokko\/\"><strong>Thymianhonig<\/strong><\/a>)<\/li>\n<li>Krampfl\u00f6send :\u00a0<strong>Muskelentspannend<\/strong><\/li>\n<\/ul>\n<h2><strong>In welchen F\u00e4llen sollte Ingwer\u00f6l verwendet werden?<\/strong><\/h2>\n<ul>\n<li>Ingwer ist ein<strong>\u00a0Tonikum<\/strong>, Er ist wirksam gegen k\u00f6rperliche und geistige M\u00fcdigkeit (Stress, Niedergeschlagenheit, Angstzust\u00e4nde ...).<\/li>\n<li>Es ist auch ein\u00a0<strong>Aphrodisiakum<\/strong>\u00a0anerkannt, denn es wird bei sexueller M\u00fcdigkeit, Impotenz oder Frigidit\u00e4t empfohlen.<\/li>\n<li>Au\u00dferdem hilft es bei der Verdauung,\u00a0<strong>beruhigt Bl\u00e4hungen und Verstopfung<\/strong>.<\/li>\n<li>Diese\u00a0<strong>Supernahrung<\/strong>\u00a0ist auch gegen Rheuma wirksam.<\/li>\n<li>Es kann auch bei Zahnabszessen und anderen Problemen im Mundbereich eingesetzt werden.<\/li>\n<li>Und schlie\u00dflich ist er sehr effektiv\u00a0<strong>gegen Schwangerschafts\u00fcbelkeit oder Reisekrankheit<\/strong>.<\/li>\n<\/ul>\n<p>Weitere \u00d6le mit zahlreichen Vorteilen sind im Miel Store erh\u00e4ltlich. Dazu geh\u00f6ren u. a,<strong> <a href=\"https:\/\/www.miel-store.com\/de\/p\/nigellaol-dethiopia-habachia-100ml\/\">Schwarzk\u00fcmmel\u00f6l<\/a>, Argan, Kokos, Knoblauch<\/strong>\u2026<\/p>\n<h3><strong>Ingwer\u00f6l: Tipps zur Anwendung\u00a0<\/strong><\/h3>\n<p>\u00c4u\u00dfere Anwendung (als Massage) :<\/p>\n<ul>\n<li>Allgemeine M\u00fcdigkeit: Solarplexus, Nacken und Wirbels\u00e4ule<\/li>\n<li>Sexuelle Erm\u00fcdung: Unterer R\u00fccken, Unterbauch und Wirbels\u00e4ule<\/li>\n<li>Schwierige Verdauung: Abdomen<\/li>\n<li>Atemprobleme: Thorax<\/li>\n<li>Schmerzende Gelenke: Betroffene Bereiche<\/li>\n<\/ul>\n<p>Interne Verwendung :<\/p>\n<p>Diese\u00a0<strong>\u00d6lmazerat<\/strong>\u00a0kann innerlich bei Darmproblemen und \u00dcbelkeit angewendet werden, aber auch, um die Libido zu steigern.<\/p>\n<p>Auf keinen Fall d\u00fcrfen diese Infos eine medizinische Behandlung ersetzen. Lassen Sie sich von einer medizinischen Fachkraft beraten.<\/p>","protected":false},"excerpt":{"rendered":"<p>Bio-Ingwer\u00f6l.<\/p>\n<p>Qualit\u00e4t f\u00fcr Kosmetik und Lebensmittel. 100% Rein und nat\u00fcrlich.<\/p>\n<p>100-ml-Flasche.<\/p>","protected":false},"featured_media":8304,"template":"","meta":[],"product_brand":[],"product_cat":[88,89,106],"product_tag":[],"class_list":{"0":"post-511","1":"product","2":"type-product","3":"status-publish","4":"has-post-thumbnail","6":"product_cat-bien-etre","7":"product_cat-cosmetiques","8":"product_cat-huiles-vegetales","10":"first","11":"instock","12":"shipping-taxable","13":"purchasable","14":"product-type-simple"},"_links":{"self":[{"href":"https:\/\/www.miel-store.com\/de\/wp-json\/wp\/v2\/product\/511","targetHints":{"allow":["GET"]}}],"collection":[{"href":"https:\/\/www.miel-store.com\/de\/wp-json\/wp\/v2\/product"}],"about":[{"href":"https:\/\/www.miel-store.com\/de\/wp-json\/wp\/v2\/types\/product"}],"wp:featuredmedia":[{"embeddable":true,"href":"https:\/\/www.miel-store.com\/de\/wp-json\/wp\/v2\/media\/8304"}],"wp:attachment":[{"href":"https:\/\/www.miel-store.com\/de\/wp-json\/wp\/v2\/media?parent=511"}],"wp:term":[{"taxonomy":"product_brand","embeddable":true,"href":"https:\/\/www.miel-store.com\/de\/wp-json\/wp\/v2\/product_brand?post=511"},{"taxonomy":"product_cat","embeddable":true,"href":"https:\/\/www.miel-store.com\/de\/wp-json\/wp\/v2\/product_cat?post=511"},{"taxonomy":"product_tag","embeddable":true,"href":"https:\/\/www.miel-store.com\/de\/wp-json\/wp\/v2\/product_tag?post=511"}],"curies":[{"name":"wp","href":"https:\/\/api.w.org\/{rel}","templated":true}]}}