{"id":509,"date":"2022-02-27T21:48:24","date_gmt":"2022-02-27T20:48:24","guid":{"rendered":"https:\/\/www.miel-store.com\/?post_type=product&#038;p=509"},"modified":"2026-03-14T01:11:06","modified_gmt":"2026-03-14T00:11:06","slug":"bio-dail-ol-aus-kenia","status":"publish","type":"product","link":"https:\/\/www.miel-store.com\/de\/p\/huile-dail-bio-du-kenya","title":{"rendered":"Bio-Knoblauch\u00f6l aus Kenia"},"content":{"rendered":"<p><strong>Haarausfall<\/strong>,\u00a0<strong>beginnende Glatze<\/strong>\u00a0hier sind einige Haarprobleme, die uns das Leben schwer machen! Sich um sein Aussehen zu k\u00fcmmern, ist heutzutage nicht nur ein Synonym f\u00fcr Selbstbewusstsein, sondern auch ein Vergn\u00fcgen! Und Ihre Spezialistin f\u00fcr\u00a0<strong>Naturprodukte<\/strong>\u00a0ist sich bewusst, dass das Haar einen gro\u00dfen Teil des Aussehens ausmacht. Aus diesem Grund hat die\u2019<strong>Bio-Knoblauch\u00f6l<\/strong>\u00a0steht heute im Mittelpunkt!<\/p>\n<h2><strong>Bio-Knoblauch\u00f6l: Sogar Dracula liebt es!\u00a0<\/strong><\/h2>\n<p>Knoblauch wird normalerweise als Gew\u00fcrz angesehen. In der Gastronomie ist er sehr beliebt, aber auch in der Kosmetik entdeckt man zahlreiche Qualit\u00e4ten an ihm! Wenn er in fl\u00fcssigem Zustand verarbeitet wird, ist er ein wahres Elixier.\u00a0<strong>Kapillar<\/strong>\u00a0und dermatologisch.<\/p>\n<p>\u00dcbrigens kann man es mit unserem ausgezeichneten\u00a0<a href=\"https:\/\/www.miel-store.com\/de\/p\/bio-ingwerol-aus-nigeria\/\"><strong>Bio-Ingwer\u00f6l<\/strong><\/a>, Die meisten dieser Produkte sind von hoher Qualit\u00e4t, auch f\u00fcr Kosmetika und Lebensmittel!<\/p>\n<p>Wie erhalten wir unser Bio-Knoblauch\u00f6l aus Kenia?<\/p>\n<p>Diese Fl\u00fcssigkeit wird durch das Einweichen der Schoten in einem\u00a0<strong>nat\u00fcrliches Pflanzen\u00f6l\u00a0<\/strong>! Nach der Gewinnung dieses \u00d6lmazerats erh\u00e4lt es den Namen\u2019<strong>Bio-Knoblauch\u00f6l<\/strong>\u00a0!<\/p>\n<p>Ihre Wellness-Boutique m\u00f6chte diesen Artikel mit seinen zahlreichen Vorteilen hervorheben. Sie haben n\u00e4mlich die M\u00f6glichkeit, ihn in seiner durchsichtigen Flasche zu finden, die den Blick auf ein Elixier von\u00a0<strong>100 Ml<\/strong>\u00a0bereit, Sie zu sublimieren!<\/p>\n<h2><strong>Bio-Knoblauch\u00f6l und seine Vorteile!\u00a0<\/strong><\/h2>\n<p>Diese<strong>\u00a0\u00d6lmazerat<\/strong>\u00a0besitzt eine Vielzahl an positiven Eigenschaften f\u00fcr den Alltag. Er wird manchmal untersch\u00e4tzt, hat sich aber schon oft bew\u00e4hrt. Er hat zwar einen starken und langanhaltenden Geruch, ist aber dennoch ein Gewinn f\u00fcr alle, die ihn benutzen!<\/p>\n<ul>\n<li>Dieses \u00d6l ist daf\u00fcr bekannt, bestimmten Krebsarten vorzubeugen; ;<\/li>\n<li>Sehr gut f\u00fcr die Darmflora, kann das Verdauungssystem unterst\u00fctzen und so die Gewichtsabnahme f\u00f6rdern!<\/li>\n<li>Sehr n\u00e4hrend f\u00fcr das Haar, ist es auch f\u00fcr seine Hilfe bekannt\u00a0<strong>gegen Haarausfall<\/strong>\u00a0und die\u00a0<strong>Haarausfall.\u00a0<\/strong>Alles wie\u00a0<strong>Rizinus\u00f6l ;\u00a0<\/strong><\/li>\n<li>Sie kann auch bei der Bek\u00e4mpfung von Herz-Kreislauf-Erkrankungen helfen ;<\/li>\n<li>Wohltuend f\u00fcr die\u00a0<strong>Festigkeit der Fingern\u00e4gel.<\/strong><\/li>\n<\/ul>\n<p>Sie haben es schon gemerkt: Dieses nat\u00fcrliche Elixier hat viele positive Eigenschaften, die vielen von uns helfen k\u00f6nnen! Wann werden Sie den Schritt wagen? Lassen Sie sich von diesem Schatz der Natur verf\u00fchren und genie\u00dfen Sie seine wohltuende Wirkung!<\/p>\n<h2><strong>Wie verwende ich dieses Bio-Knoblauch\u00f6l am besten?<\/strong><\/h2>\n<p>Zun\u00e4chst einmal m\u00fcssen Sie Ihren Bedarf ermitteln! Nehmen wir als Beispiel einen<strong>\u00a0beginnende Glatze<\/strong>\u00a0die Sie beheben m\u00f6chten. Dazu k\u00f6nnen Sie die Vorteile des Mazerats als Maske oder in Form von\u00a0<strong>Haarserum<\/strong>.<\/p>\n<p>Au\u00dferdem k\u00f6nnen Sie es auch mit anderen mischen\u00a0<strong>pflanzliche \u00d6le.\u00a0<\/strong>Und das, um Ihre Chancen zu erh\u00f6hen!<\/p>\n<p>Wir empfehlen Ihnen, Ihre Behandlung \u00fcber mehrere Monate hinweg mehrmals in der Woche zu wiederholen. Damit Sie die Ergebnisse schneller sehen k\u00f6nnen.<\/p>\n<h3><strong>Ihre Wellness-Boutique pr\u00e4sentiert Ihnen au\u00dferdem...<\/strong><\/h3>\n<p>Miel Store hat immer das Bed\u00fcrfnis, Ihnen Produkte anzubieten, die Ihnen n\u00fctzlich sein k\u00f6nnen! Aus diesem Grund m\u00f6chten wir Ihnen unsere<strong>\u00a0nat\u00fcrliche Honige 100%<\/strong>\u00a0!<\/p>\n<p>Ihr Geschmack und ihre Aromen werden Sie wahrscheinlich schneller verf\u00fchren, als Sie denken!\u00a0<a href=\"https:\/\/www.miel-store.com\/de\/p\/miel-de-rhododendron-de-france\/\"><strong>Rhododendron-Honig<\/strong><\/a>\u00a0oder\u00a0<strong>Lindenhonig<\/strong>, Die franz\u00f6sische Produktion steht im Mittelpunkt! Es ist Zeit f\u00fcr Sie, sich um Ihr Wohlbefinden zu k\u00fcmmern!<\/p>","protected":false},"excerpt":{"rendered":"<p>Bio-Knoblauch\u00f6l aus Kenia.<\/p>\n<p>Qualit\u00e4t f\u00fcr Kosmetik und Lebensmittel. 100% Rein und nat\u00fcrlich.<\/p>\n<p>60-ml-Flasche.<\/p>","protected":false},"featured_media":3352,"template":"","meta":[],"product_brand":[],"product_cat":[89,88,106],"product_tag":[],"class_list":{"0":"post-509","1":"product","2":"type-product","3":"status-publish","4":"has-post-thumbnail","6":"product_cat-cosmetiques","7":"product_cat-bien-etre","8":"product_cat-huiles-vegetales","10":"first","11":"instock","12":"shipping-taxable","13":"purchasable","14":"product-type-simple"},"_links":{"self":[{"href":"https:\/\/www.miel-store.com\/de\/wp-json\/wp\/v2\/product\/509","targetHints":{"allow":["GET"]}}],"collection":[{"href":"https:\/\/www.miel-store.com\/de\/wp-json\/wp\/v2\/product"}],"about":[{"href":"https:\/\/www.miel-store.com\/de\/wp-json\/wp\/v2\/types\/product"}],"wp:featuredmedia":[{"embeddable":true,"href":"https:\/\/www.miel-store.com\/de\/wp-json\/wp\/v2\/media\/3352"}],"wp:attachment":[{"href":"https:\/\/www.miel-store.com\/de\/wp-json\/wp\/v2\/media?parent=509"}],"wp:term":[{"taxonomy":"product_brand","embeddable":true,"href":"https:\/\/www.miel-store.com\/de\/wp-json\/wp\/v2\/product_brand?post=509"},{"taxonomy":"product_cat","embeddable":true,"href":"https:\/\/www.miel-store.com\/de\/wp-json\/wp\/v2\/product_cat?post=509"},{"taxonomy":"product_tag","embeddable":true,"href":"https:\/\/www.miel-store.com\/de\/wp-json\/wp\/v2\/product_tag?post=509"}],"curies":[{"name":"wp","href":"https:\/\/api.w.org\/{rel}","templated":true}]}}