{"id":507,"date":"2022-02-27T21:27:38","date_gmt":"2022-02-27T20:27:38","guid":{"rendered":"https:\/\/www.miel-store.com\/?post_type=product&#038;p=507"},"modified":"2026-04-17T07:48:24","modified_gmt":"2026-04-17T05:48:24","slug":"bio-rizinusol-indien","status":"publish","type":"product","link":"https:\/\/www.miel-store.com\/de\/p\/huile-de-ricin-bio-inde","title":{"rendered":"Bio-Rizinus\u00f6l aus Indien"},"content":{"rendered":"<p>L\u2019<strong>Bio-Rizinus\u00f6l Indien<\/strong>\u00a0ist daf\u00fcr bekannt, Haare und N\u00e4gel zu st\u00e4rken und die Wimpern zu verl\u00e4ngern. Ebenso ist es ideal, um trockenes, gesch\u00e4digtes und br\u00fcchiges Haar zu reparieren und zu n\u00e4hren sowie das Haarwachstum zu f\u00f6rdern.<\/p>\n<p>Dar\u00fcber hinaus ist diese<strong>\u00a0Pflanzen\u00f6l<\/strong>\u00a0zu unglaublichen Heilkr\u00e4ften! Sie wird zur Linderung vieler Beschwerden eingesetzt. Sie wird ein fester Bestandteil Ihres Sortiments an nat\u00fcrlichen Pflegeprodukten und Kosmetika sein und gleichzeitig ihren Platz in Ihrer Naturapotheke finden.<\/p>\n<h2><strong>Auf Entdeckungstour mit Bio-Rizinus\u00f6l Indien\u00a0<\/strong><\/h2>\n<p>Es ist interessant zu wissen, dass die\u2019<strong>Bio-Rizinus\u00f6l Indien<\/strong>\u00a0ist die Haupteinnahmequelle vieler indischer D\u00f6rfer. Nach dem Erdbeben im Jahr 2001 musste eine nachhaltige Einkommensquelle gefunden werden. So entstand das sch\u00f6ne Projekt, Rizinus anzubauen, um die Samen zu ernten und daraus eine<strong>\u00a0\u00f6l 100 % bio<\/strong>.<\/p>\n<p>Die\u00a0<strong>Rizinus<\/strong>, (lateinischer Name \u201c)\u201c<strong>ricinus communis\u201d<\/strong>\u00a0ist ein Strauch tropischen Ursprungs aus der Familie der Wolfsmilchgew\u00e4chse (Euphorbiaceae). H\u00e4ufig verwendet als\u00a0<strong>Zierpflanze<\/strong>, Die Bl\u00e4tter sind gro\u00df und gr\u00fcn, die St\u00e4ngel und Blattadern sind r\u00f6tlich. Die Bl\u00fcten sind wei\u00df oder rosa und stehen in Gruppen an den Spitzen der Zweige.<\/p>\n<p>Auf den ersten Blick erinnern die Fr\u00fcchte dieses Strauchs aufgrund ihrer Farbe und ihres Aussehens an Litschis. Die Fr\u00fcchte sind rot bis braun und haben lange Spitzen. Der Samen ist extrem giftig, wenn er in seiner urspr\u00fcnglichen Form verzehrt wird. Das liegt daran, dass er<strong>\u00a0Ricin<\/strong>, ein starkes Gift!<\/p>\n<p>Obwohl der Samen und die Wurzel des Rizinus giftig sind, verschwindet diese Giftigkeit w\u00e4hrend des Verarbeitungsprozesses. L\u2019<strong>Bio-Rizinus\u00f6l Indien<\/strong>, ist absolut nicht gef\u00e4hrlich und\u00a0<strong>enth\u00e4lt weder Rizin noch Albumin<\/strong>\u00a0(Allergen, das in der Wurzel enthalten ist). Die innerliche Anwendung ist jedoch sehr umstritten und in Frankreich sogar verboten.<\/p>\n<h2><strong>Bio-Rizinus\u00f6l inde in voller Transparenz!<\/strong><\/h2>\n<p>Diese\u00a0<strong>Pflanzen\u00f6l<\/strong>\u00a0ist sehr fettig, man kann sogar sagen, dass es ziemlich z\u00e4hfl\u00fcssig ist. Au\u00dferdem ist es oft farblos oder leicht gelblich. Es riecht kaum und kann entweder roh oder in Kombination mit anderen trockeneren \u00d6len oder \u00e4therischen \u00d6len verwendet werden. Es ist auch ideal f\u00fcr die Herstellung von Kosmetika oder nat\u00fcrlichen Heilmitteln.<\/p>\n<p>Unser\u00a0<strong>Elixier<\/strong>\u00a0ist weithin bekannt unter der Bezeichnung\u00a0<strong>\u00abBiber\u00f6l\u201d<\/strong>\u00a0oder\u00a0<strong>\u201cBiber\u00f6l\u201d<\/strong>. Und das aus gutem Grund, denn es ersetzte lange Zeit das Bibergeil, das als Brennstoff f\u00fcr \u00d6llampen verwendet wurde. Diese tierische Substanz wird von speziellen Dr\u00fcsen des Bibers abgesondert, w\u00e4hrend Rizinus\u00f6l\u00a0<strong>100 % pflanzlich<\/strong>.<\/p>\n<p>Letzteres wird erreicht durch<strong>\u00a0Kaltpressung<\/strong>\u00a0und dann gefiltert, um es vom Rizin zu befreien. Es ist leicht an seiner Dicke und seiner Viskosit\u00e4t zu erkennen. Aufgrund ihrer dichten Textur eignet sie sich ideal f\u00fcr die Herstellung von\u00a0<strong>Naturkosmetik<\/strong>. Insbesondere f\u00fcr die Herstellung von Mascara, Lippenstift, Kajalstift, Lippenbalsam usw.).<\/p>\n<p>Mehr noch, dieses fabelhafte\u00a0<strong>oing<\/strong>\u00a0wird auch als\u00a0<strong>Naturheilmittel<\/strong>. In der Tat sind seine Vorz\u00fcge bei lokaler Anwendung nicht mehr zu \u00fcbersehen! Au\u00dferdem strotzt er vor Eigenschaften, die schon vor vielen Jahrhunderten bekannt waren! In der Naturheilkunde und Naturmedizin ist er sehr gefragt, und wir werden seine zahlreichen Vorz\u00fcge anpreisen...<\/p>\n<h2><strong>Die Eigenschaften von Rizinus\u00f6l in der Kosmetik<\/strong><\/h2>\n<ul>\n<li>Das Bio-Rizinus\u00f6l aus Indien repariert und macht die Haut weich und geschmeidig.\u00a0<strong>Pflege zarter und reaktiver Haut<\/strong>.<\/li>\n<li>Ebenso ist sie ideal f\u00fcr\u00a0<strong>Haare, Wimpern und N\u00e4gel st\u00e4rken<\/strong>. Sie tr\u00e4gt durch ihre n\u00e4hrende Wirkung zu ihrem Wachstum und ihrer Versch\u00f6nerung bei.<\/li>\n<li>Dar\u00fcber hinaus ist sie bekannt f\u00fcr ihre\u00a0<strong>Wirkung gegen braune Flecken<\/strong>, Sie k\u00f6nnen auch die H\u00e4nde und das Gesicht reinigen. Sie ist aber auch wirksam bei\u00a0<strong>die Schwangerschaftsmaske verwischen<\/strong>.<\/li>\n<li>Dank der Rizinols\u00e4ure, aus der sie besteht, wirkt sie kl\u00e4rend und kann sich als sehr\u00a0<strong>wirksam gegen Akne<\/strong>. Ebenso, um zu helfen\u00a0<strong>heilen\u00a0<\/strong>kleine Wunden oder Sonnenbrand.<\/li>\n<li>Dar\u00fcber hinaus macht ihre sehr dichte Viskosit\u00e4t sie zu einer beliebten Zutat in der\u00a0<strong>Herstellung von Naturkosmetik<\/strong>. Und das, weil es die Dispersion der Pigmente erleichtert und f\u00fcr einen gl\u00e4nzenden Effekt sorgt.<\/li>\n<li>Auch sehr beliebt in der\u00a0<strong>Seifenherstellung<\/strong>\u00a0mit der Methode der Kaltverseifung. Effektiv ergibt sie einen \u00fcppigen, cremigen Schaum.<\/li>\n<\/ul>\n<h2><strong>Die Eigenschaften von Rizinus\u00f6l in der Naturheilkunde<\/strong><\/h2>\n<ul>\n<li>In einem ersten Schritt wird sie\u00a0<strong>regt die Blut- und Lymphzirkulation an<\/strong>. Dadurch erleichtert er die Ausscheidung von Giftstoffen, die sich im K\u00f6rper ansammeln, indem er sie in seine Ausscheidungsorgane (Nieren, Lunge, Haut und Darm) leitet.<\/li>\n<li>Zus\u00e4tzlich zu\u00a0<strong>entgiftend<\/strong>, ist sie\u00a0<strong>entz\u00fcndungshemmend<\/strong>\u00a0und lindert dadurch Gelenkschmerzen. Aber nicht nur das, denn sie kann auch bei Ohrenentz\u00fcndungen, Blasenentz\u00fcndungen und anderen Infektionen sehr wirksam sein.<\/li>\n<li>Dar\u00fcber hinaus\u00a0<strong>boostet das Immunsystem<\/strong>\u00a0und st\u00e4rkt somit den K\u00f6rper gegen Bakterien, Viren...<\/li>\n<li>Bei regelm\u00e4\u00dfigem Gebrauch,\u00a0<strong>sie hilft bei Warzen, Akrochordon und H\u00fchneraugen<\/strong>. Es kann allein oder in Kombination mit Natron verwendet werden.<\/li>\n<li>Es ist auch eine gute nat\u00fcrliche Alternative, um z. B. Schleim in der Lunge zu l\u00f6sen. Es ist also ein\u00a0<strong>gutes nat\u00fcrliches Heilmittel<\/strong>\u00a0zur Unterst\u00fctzung bei Halsentz\u00fcndungen, Bronchitis, Erk\u00e4ltungen usw.<\/li>\n<li><strong>Sehr starkes Abf\u00fchrmittel<\/strong>, Die innerliche Anwendung ist umstritten. Besondere Vorsichtsma\u00dfnahmen und Ma\u00dfnahmen sollten beachtet werden.<\/li>\n<\/ul>\n<h2><strong>Wie verwende ich Bio-Rizinus\u00f6l Indien?<\/strong><\/h2>\n<h3><strong>Haare, Wimpern, Augenbrauen und N\u00e4gel<\/strong><strong>\u00a0<\/strong><\/h3>\n<p>Sie k\u00f6nnen den<strong>\u2019Bio-Rizinus\u00f6l Indien<\/strong>\u00a0als Haarmaske zur Unterst\u00fctzung des Haarwuchses. Genauso wie die\u2019<strong><a href=\"https:\/\/www.miel-store.com\/de\/p\/lincroyable-serum-repousse\/\">unglaubliches wachstumsf\u00f6rderndes Serum<\/a>\u00a0<\/strong>um Ihnen ein optimales Ergebnis zu garantieren. Tr\u00e4nken Sie Ihre Kopfhaut sowie die L\u00e4ngen und Spitzen gut. Wickeln Sie anschlie\u00dfend ein warmes Handtuch ein, um die Wirkung zu unterst\u00fctzen. Lassen Sie das Produkt mindestens 30 Minuten einwirken.<\/p>\n<p>F\u00fcr Wimpern und Augenbrauen finden Sie in unserem Miel Store den\u00a0<strong>Mascara mit Bio-Rizinus\u00f6l<\/strong>. Dann tragen Sie es einfach abends auf, am besten vor dem Schlafengehen. Zur Pflege von br\u00fcchigen und spr\u00f6den N\u00e4geln gen\u00fcgt es, die Fingerspitzen zu massieren.<\/p>\n<h3><strong>Haut und Hautprobleme<\/strong><\/h3>\n<p>Wie der<strong>\u00a0Honig<\/strong>, Dieses \u00d6l ist ideal f\u00fcr die Behandlung von Akne, Irritationen, Sonnenbrand, Bluterg\u00fcssen, Insektenstichen usw. Tragen Sie einfach etwas \u00d6l mit den Fingerspitzen auf und massieren Sie es leicht in die betroffene Stelle ein. Gehen Sie bei anderen Hauterkrankungen wie Ekzemen, Schuppenflechte usw. genauso vor.<\/p>\n<p>Au\u00dferdem k\u00f6nnen Sie es zum Entfernen von Make-up verwenden, da es reinigend wirkt und Ihre Haut von Unreinheiten befreit. Ebenso wie das\u2019<a href=\"https:\/\/www.miel-store.com\/de\/p\/huile-de-pepin-de-figue-de-barbarie-bio\/\"><strong>Kaktusfeigenkern\u00f6l<\/strong><\/a>, Sie ist ideal f\u00fcr reife Haut. Sie regt die Kollagenproduktion an und f\u00fcllt feine Linien und F\u00e4ltchen auf.<\/p>\n<h3><strong>Nat\u00fcrliches Heilmittel<\/strong><\/h3>\n<p>Tragen Sie das \u00d6l als Umschlag auf die schmerzenden oder zu entgiftenden Stellen auf. Dazu legen Sie ein recht dickes St\u00fcck Baumwollstoff in eine Sch\u00fcssel und gie\u00dfen das \u00d6l darauf. Wenn der Stoff gut durchtr\u00e4nkt ist, legen Sie ihn auf die betroffene Stelle und geben Sie eine hei\u00dfe W\u00e4rmflasche dar\u00fcber.<\/p>\n<p>Bei einer Mittelohrentz\u00fcndung 1 bis 2 Tropfen ins Ohr geben. Erw\u00e4rmen Sie es vorher leicht, damit es sich verfl\u00fcssigt und leichter in den Geh\u00f6rgang flie\u00dft. L\u2019<strong>Nigella\u00f6l<\/strong>\u00a0ist auch bei dieser Art von Beschwerden sehr wirksam.<\/p>","protected":false},"excerpt":{"rendered":"<p>Bio-Rizinus\u00f6l aus Indien.<\/p>\n<p>Qualit\u00e4t in der Kosmetik. 100% Rein und nat\u00fcrlich.<\/p>\n<p>60-ml-Flasche.<\/p>","protected":false},"featured_media":3349,"template":"","meta":[],"product_brand":[],"product_cat":[89,106,130],"product_tag":[],"class_list":{"0":"post-507","1":"product","2":"type-product","3":"status-publish","4":"has-post-thumbnail","6":"product_cat-cosmetiques","7":"product_cat-huiles-vegetales","8":"product_cat-produits-medecine-ayurvedique","10":"first","11":"instock","12":"shipping-taxable","13":"purchasable","14":"product-type-simple"},"_links":{"self":[{"href":"https:\/\/www.miel-store.com\/de\/wp-json\/wp\/v2\/product\/507","targetHints":{"allow":["GET"]}}],"collection":[{"href":"https:\/\/www.miel-store.com\/de\/wp-json\/wp\/v2\/product"}],"about":[{"href":"https:\/\/www.miel-store.com\/de\/wp-json\/wp\/v2\/types\/product"}],"wp:featuredmedia":[{"embeddable":true,"href":"https:\/\/www.miel-store.com\/de\/wp-json\/wp\/v2\/media\/3349"}],"wp:attachment":[{"href":"https:\/\/www.miel-store.com\/de\/wp-json\/wp\/v2\/media?parent=507"}],"wp:term":[{"taxonomy":"product_brand","embeddable":true,"href":"https:\/\/www.miel-store.com\/de\/wp-json\/wp\/v2\/product_brand?post=507"},{"taxonomy":"product_cat","embeddable":true,"href":"https:\/\/www.miel-store.com\/de\/wp-json\/wp\/v2\/product_cat?post=507"},{"taxonomy":"product_tag","embeddable":true,"href":"https:\/\/www.miel-store.com\/de\/wp-json\/wp\/v2\/product_tag?post=507"}],"curies":[{"name":"wp","href":"https:\/\/api.w.org\/{rel}","templated":true}]}}