{"id":4911,"date":"2023-11-25T12:14:19","date_gmt":"2023-11-25T11:14:19","guid":{"rendered":"https:\/\/www.miel-store.com\/?post_type=product&#038;p=4911"},"modified":"2026-03-09T07:38:13","modified_gmt":"2026-03-09T06:38:13","slug":"honig-erkaltung","status":"publish","type":"product","link":"https:\/\/www.miel-store.com\/de\/p\/miel-coup-de-froid","title":{"rendered":"Erk\u00e4ltungshonig 250g - Tr\u00e9sors du Golfe"},"content":{"rendered":"<p>Es ist von entscheidender Bedeutung, sich mit proaktiven Ma\u00dfnahmen auf den Klimawandel vorzubereiten. Und das kann durch eine\u00a0<strong>nat\u00fcrliche Nahrungserg\u00e4nzung<\/strong>\u00a0wie Honig gegen den<strong>\u00a0K\u00e4lteeinbruch\u00a0<\/strong>! Tats\u00e4chlich kann dieses Produkt, das reich an Honig und hochwertigen Inhaltsstoffen ist, helfen, das Immunsystem zu st\u00e4rken, wichtige N\u00e4hrstoffe zu liefern und zur Erhaltung einer guten Gesundheit beizutragen.<\/p>\n<h2><strong>Entdecken Sie ein nat\u00fcrliches Elixier gegen Erk\u00e4ltungen!\u00a0<\/strong><\/h2>\n<p>In Anbetracht der Herausforderungen, die der Klimawandel mit sich bringen kann, kann die Versorgung mit zus\u00e4tzlichen N\u00e4hrstoffen eine entscheidende Rolle bei der Aufrechterhaltung des allgemeinen Wohlbefindens spielen.<\/p>\n<p>Aus diesem Grund m\u00f6chte Ihnen Ihre Wellness-Boutique ein Pr\u00e4parat auf Honigbasis vorstellen! Sehr wirksam zur Unterst\u00fctzung bei der Bek\u00e4mpfung\u00a0<strong>gegen bestimmte Winterkrankheiten<\/strong>, ist eine nat\u00fcrliche Formel, die viele Vorteile in sich vereint. Diese starke Kombination aus nat\u00fcrlichen Inhaltsstoffen bietet eine wohltuende Unterst\u00fctzung bei der Bek\u00e4mpfung von h\u00e4ufigen Winterbeschwerden. Wenn Sie m\u00f6chten, entdecken Sie au\u00dferdem unsere\u00a0<a href=\"https:\/\/www.miel-store.com\/de\/p\/starkender-honig\/\"><strong>st\u00e4rkender Honig<\/strong><\/a>, Sie k\u00f6nnen die Energie, die Sie brauchen, zur\u00fcckgewinnen.<\/p>\n<h2><strong>Die nat\u00fcrlichen Vorteile von Honig gegen Erk\u00e4ltungen!<\/strong><\/h2>\n<p>Angereichert mit reinem Honig bietet diese Zubereitung beruhigende Eigenschaften f\u00fcr den Hals und hilft, den Husten zu lindern. Eukalyptus ist zwar f\u00fcr seine schleiml\u00f6sende Wirkung bekannt, Thymian f\u00fcr seine antiseptischen Eigenschaften und Zitrone f\u00fcr ihren Vitamin-C-Gehalt. Acerola- und Echinacea-Extrakt st\u00e4rken die Immunit\u00e4t und helfen so bei der\u00a0<strong>winterlichen Infektionen vorbeugen<\/strong>.<\/p>\n<h3><b>Empfohlene Verwendung dieses <\/b><span style=\"font-size: 20.16px;\"><b>Elixier<\/b><\/span><b> nat\u00fcrlich<\/b><\/h3>\n<p>Diese Zubereitung auf Honigbasis kann direkt verzehrt oder f\u00fcr eine bessere Wirkung in einen hei\u00dfen Kr\u00e4utertee gegeben werden. Ein Teel\u00f6ffel pro Tag wird f\u00fcr Erwachsene empfohlen, die sich vor Winterbeschwerden sch\u00fctzen m\u00f6chten. F\u00fcr eine schnelle Linderung kann ein Teel\u00f6ffel bis zu dreimal t\u00e4glich eingenommen werden.<\/p>\n<p>Alles in allem soll dieses honigs\u00fc\u00dfe Pr\u00e4parat helfen\u00a0<strong>gegen Erk\u00e4ltung<\/strong>\u00a0des abrupten Klimawandels. Diese\u00a0<strong>nat\u00fcrliche L\u00f6sung<\/strong>\u00a0ist wirksam f\u00fcr das Immunsystem und die g\u00e4ngigen Wintersymptome. Mit ihren sorgf\u00e4ltig ausgew\u00e4hlten, hochwertigen Inhaltsstoffen bietet diese handgefertigte Rezeptur wertvolle Unterst\u00fctzung f\u00fcr eine optimale Gesundheit in der kalten Jahreszeit.<\/p>","protected":false},"excerpt":{"rendered":"<p><strong>Zutaten :<\/strong><\/p>\n<ul>\n<li>Honig<\/li>\n<li>Eukalyptus<\/li>\n<li>Zitrone<\/li>\n<li>Acerola-Extrakt (17% Vitamin C)<\/li>\n<li>Echinacea-Extrakt<\/li>\n<\/ul>\n<p>&nbsp;<\/p>","protected":false},"featured_media":4907,"template":"","meta":[],"product_brand":[],"product_cat":[77],"product_tag":[],"class_list":{"0":"post-4911","1":"product","2":"type-product","3":"status-publish","4":"has-post-thumbnail","6":"product_cat-miel-du-monde","8":"first","9":"instock","10":"shipping-taxable","11":"purchasable","12":"product-type-simple"},"_links":{"self":[{"href":"https:\/\/www.miel-store.com\/de\/wp-json\/wp\/v2\/product\/4911","targetHints":{"allow":["GET"]}}],"collection":[{"href":"https:\/\/www.miel-store.com\/de\/wp-json\/wp\/v2\/product"}],"about":[{"href":"https:\/\/www.miel-store.com\/de\/wp-json\/wp\/v2\/types\/product"}],"wp:featuredmedia":[{"embeddable":true,"href":"https:\/\/www.miel-store.com\/de\/wp-json\/wp\/v2\/media\/4907"}],"wp:attachment":[{"href":"https:\/\/www.miel-store.com\/de\/wp-json\/wp\/v2\/media?parent=4911"}],"wp:term":[{"taxonomy":"product_brand","embeddable":true,"href":"https:\/\/www.miel-store.com\/de\/wp-json\/wp\/v2\/product_brand?post=4911"},{"taxonomy":"product_cat","embeddable":true,"href":"https:\/\/www.miel-store.com\/de\/wp-json\/wp\/v2\/product_cat?post=4911"},{"taxonomy":"product_tag","embeddable":true,"href":"https:\/\/www.miel-store.com\/de\/wp-json\/wp\/v2\/product_tag?post=4911"}],"curies":[{"name":"wp","href":"https:\/\/api.w.org\/{rel}","templated":true}]}}