{"id":489,"date":"2022-02-27T19:29:46","date_gmt":"2022-02-27T18:29:46","guid":{"rendered":"https:\/\/www.miel-store.com\/?post_type=product&#038;p=489"},"modified":"2023-09-19T11:27:52","modified_gmt":"2023-09-19T09:27:52","slug":"moringa-honig-aus-mali","status":"publish","type":"product","link":"https:\/\/www.miel-store.com\/de\/p\/miel-de-moringa-du-mali","title":{"rendered":"Moringa-Honig aus Mali"},"content":{"rendered":"<p>Sind Sie bereit f\u00fcr eine wunderbare kulinarische Reise? Sie brauchen kein Ticket zu kaufen, denn Miel Store k\u00fcmmert sich um alles. Machen Sie es sich bequem, denn Sie werden ein Produkt voller Aromen entdecken. Von weit her kommend, damit Sie alle seine Qualit\u00e4ten genie\u00dfen k\u00f6nnen, ist der <strong>Moringa-Honig<\/strong> steht im Mittelpunkt!<\/p>\n<h2><strong>Moringa-Honig \u00fcberschreitet Grenzen, um Ihre Bekanntschaft zu machen\u00a0<\/strong><\/h2>\n<p>Ehemals in Indien bekannt f\u00fcr seine <strong>medizinische Eigenschaften<\/strong>, Inzwischen ist sie auch in den L\u00e4ndern des afrikanischen Kontinents angekommen. Das tropische Klima ist g\u00fcnstig f\u00fcr das Wachstum dieser Pflanze mit ihren wei\u00dfen Bl\u00fcten. Es gibt verschiedene Moringa-Arten auf der Welt, aber der Moringa-Baum ist der wichtigste. <strong>Moringa oleifera<\/strong> die vor allem wegen ihres Honigs am meisten gesch\u00e4tzt wird!<\/p>\n<p>Tats\u00e4chlich wurde diese Pflanze oft f\u00fcr die <strong>ayurvedische Medizin<\/strong>, Sie enth\u00e4lt viele positive Eigenschaften. Dieser Schatz der Natur kann von den Wurzeln bis zu den Bl\u00fcten verwendet werden und hilft so, bestimmte Krankheiten zu bek\u00e4mpfen. Wie Sie sehen, ist dieses Elixier wahrscheinlich eine Bereicherung f\u00fcr Ihren Alltag.<\/p>\n<h2><strong>Moringa-Honig: Einige der unglaublichen Tugenden dieses Nektars<\/strong><\/h2>\n<p>Es ist wahr, dass der <strong>Moringa-Honig<\/strong> hat nicht nur einen attraktiven und angenehmen Geschmack, sondern ist auch eine Bereicherung f\u00fcr den K\u00f6rper. Er hat viele positive Eigenschaften, die dem Verbraucher bei bestimmten Beschwerden helfen k\u00f6nnen. Entdecken wir gemeinsam die Vorz\u00fcge dieses Produkts<strong> nat\u00fcrliches bienenstockprodukt :<\/strong><\/p>\n<ul>\n<li>Kann bei der Bek\u00e4mpfung von Allergien helfen<\/li>\n<li>Gut gegen Arthritis und Rheuma<\/li>\n<li>Beugt bestimmten Krankheiten vor<\/li>\n<li>Auch bekannt f\u00fcr seinen antibakteriellen und antimykotischen Reichtum<\/li>\n<\/ul>\n<p>Dieser Honig ist ein Gewinn f\u00fcr diejenigen, die <strong>sich um ihre K\u00f6rper k\u00fcmmern<\/strong>. In der Tat, auch als <strong>Nahrungserg\u00e4nzung<\/strong>, Es kann helfen, die Immunit\u00e4t zu verbessern. Er ist reich an Omega-3-Fetts\u00e4uren und kann daher auch f\u00fcr das Gehirn von Vorteil sein. Sie haben also verstanden, dass dieser Schatz der Natur tats\u00e4chlich Ihr bester Verb\u00fcndeter werden kann.<\/p>\n<h3><strong>Entdecken wir das Aussehen und den Geschmack dieses Schatzes der Natur\u00a0<\/strong><\/h3>\n<p>Kennen Sie das Aussehen dieses <strong>Bienenstockprodukt <\/strong>? Zun\u00e4chst einmal ist es wichtig zu wissen, dass er sich in einem durchsichtigen Glas befindet, das den Blick auf eine braune Fl\u00fcssigkeit freigibt. Seine Farbe l\u00e4sst uns seine Herkunft und seine Qualit\u00e4t erahnen. Je nach Ernte hat er eine dicke Textur und ist sehr schmackhaft f\u00fcr den Gaumen. Wenn Sie gerne <strong>exquisite Elixiere<\/strong> und wohltuend f\u00fcr den K\u00f6rper sind, sind Sie hier genau richtig. Lassen Sie sich also von diesem <strong>Naturprodukt <\/strong>voller Charme.<\/p>\n<p>Nutzen wir die Gelegenheit, um andere Honigsorten mit unglaublichen Aromen zu entdecken!<\/p>\n<p>Ihr Online-Shop, spezialisiert auf<strong> wellnessprodukte aus der natur<\/strong> m\u00f6chte Ihnen neue Geschmacksrichtungen n\u00e4her bringen. <strong>Nat\u00fcrliches \u00d6l<\/strong>, von <strong>Rizinus<\/strong> oder aber von <a href=\"https:\/\/www.miel-store.com\/de\/p\/bio-kokosol-extra-nativ\/\"><strong>coco<\/strong><\/a>, Wir haben ein offenes Ohr f\u00fcr Sie. Ihr Wohlbefinden ist unsere Hauptmotivationsquelle!<\/p>\n<p>Au\u00dferdem, wenn Sie auf der Suche nach <strong>Bienenprodukte<\/strong>, dann machen Sie sich darauf gefasst, erobert zu werden. Haben Sie schon einmal vom<a href=\"https:\/\/www.miel-store.com\/de\/p\/weiser-honig-aus-kirgisistan\/\"><strong> wei\u00dfer Honig aus Kirgisistan<\/strong><\/a> ? Diese zarte Mischung mit der sehr hellen Farbe hat einen besonders milden und s\u00fc\u00dfen Geschmack.<\/p>\n<p>In der Tat besitzen wir eine Vielzahl von<strong> Honig aus aller Welt<\/strong> die eine Vielzahl von Vorteilen besitzen. Bereiten Sie Ihre Sinne vor, sie k\u00f6nnten \u00fcberrascht werden.<\/p>","protected":false},"excerpt":{"rendered":"<p>Moringa-Honig aus Mali.<\/p>\n<p>Topf mit 250 g.<\/p>","protected":false},"featured_media":555,"template":"","meta":[],"product_brand":[],"product_cat":[80,111],"product_tag":[],"class_list":{"0":"post-489","1":"product","2":"type-product","3":"status-publish","4":"has-post-thumbnail","6":"product_cat-miel-du-mali","7":"product_cat-miel-africain","9":"first","10":"outofstock","11":"shipping-taxable","12":"purchasable","13":"product-type-simple"},"_links":{"self":[{"href":"https:\/\/www.miel-store.com\/de\/wp-json\/wp\/v2\/product\/489","targetHints":{"allow":["GET"]}}],"collection":[{"href":"https:\/\/www.miel-store.com\/de\/wp-json\/wp\/v2\/product"}],"about":[{"href":"https:\/\/www.miel-store.com\/de\/wp-json\/wp\/v2\/types\/product"}],"wp:featuredmedia":[{"embeddable":true,"href":"https:\/\/www.miel-store.com\/de\/wp-json\/wp\/v2\/media\/555"}],"wp:attachment":[{"href":"https:\/\/www.miel-store.com\/de\/wp-json\/wp\/v2\/media?parent=489"}],"wp:term":[{"taxonomy":"product_brand","embeddable":true,"href":"https:\/\/www.miel-store.com\/de\/wp-json\/wp\/v2\/product_brand?post=489"},{"taxonomy":"product_cat","embeddable":true,"href":"https:\/\/www.miel-store.com\/de\/wp-json\/wp\/v2\/product_cat?post=489"},{"taxonomy":"product_tag","embeddable":true,"href":"https:\/\/www.miel-store.com\/de\/wp-json\/wp\/v2\/product_tag?post=489"}],"curies":[{"name":"wp","href":"https:\/\/api.w.org\/{rel}","templated":true}]}}