{"id":478,"date":"2022-02-27T19:15:30","date_gmt":"2022-02-27T18:15:30","guid":{"rendered":"https:\/\/www.miel-store.com\/?post_type=product&#038;p=478"},"modified":"2026-04-12T13:22:12","modified_gmt":"2026-04-12T11:22:12","slug":"sidr-jujubenbaum-honig-aus-dem-punjab","status":"publish","type":"product","link":"https:\/\/www.miel-store.com\/de\/p\/miel-de-jujubier-sidr-du-penjab","title":{"rendered":"Honig der Punjab-Jujube (Sidr)"},"content":{"rendered":"<p>Es hei\u00dft, dass die wichtigste Mahlzeit des Tages das Fr\u00fchst\u00fcck ist! Stimmt das oder ist das nur eine Fabulierkunst f\u00fcr Naschkatzen? Fest steht, dass ein guter Start in den Tag nur mit einem guten Fr\u00fchst\u00fcck m\u00f6glich ist! Aus diesem Grund m\u00f6chten wir Ihnen das <strong>Honig des Punjab-Jujubenbaums<\/strong>!<\/p>\n<h2><strong>Erfahren Sie mehr \u00fcber die Herkunft des Honigs aus Punjabi!<\/strong><\/h2>\n<p>Zun\u00e4chst einmal schlie\u00dfen Sie die Augen und lassen sich auf ein Traumziel ein... Indien, eine attraktive Landschaft und eine Kultur, die Lust auf mehr macht. <a href=\"https:\/\/www.geo.fr\/environnement\/tout-ce-quil-faut-savoir-sur-lelephant-206587\" target=\"_blank\" rel=\"noopener\"><strong>Elefant<\/strong><\/a>, Goldschmuck, farbenfrohes Kunsthandwerk, verschiedene typische Aspekte dieses wunderbaren Landes. Wussten Sie au\u00dferdem, dass es zu den besten der Welt geh\u00f6rt in Bezug auf <strong>von Bienenzucht<\/strong>\u00a0?<\/p>\n<p>Und in diesem Land versteckt sich ein Ort in der N\u00e4he von Pakistan, wo es eine einzige Bienenfarm gibt! Wir sprechen hier n\u00e4mlich von\u00a0<strong>Punjab<\/strong>. Diese kleine Provinz in Indien h\u00e4lt viele \u00dcberraschungen f\u00fcr uns bereit und das gilt insbesondere f\u00fcr ihre\u00a0<strong>Honig<\/strong>\u00a0mit au\u00dfergew\u00f6hnlichem Geschmack.<\/p>\n<p>Wenn Sie noch nicht die Gelegenheit hatten, seinen Duft zu riechen und sein Aroma zu schmecken, sollten Sie wissen, dass es noch nicht zu sp\u00e4t ist!<\/p>\n<p>Ihr Spezialist f\u00fcr Naturprodukte gibt Ihnen damit eine Gelegenheit, die es sich zu nutzen lohnt!<\/p>\n<h2><strong>Punjab-Jujube-Honig ein Aussehen, das Lust macht!\u00a0<\/strong><\/h2>\n<p>Sind Sie wirklich bereit, den\u00a0<strong>Bienenstockprodukt<\/strong>\u00a0der ganz und gar Teil Ihres Lebens werden k\u00f6nnte, wenn er sich Ihrem Gaumen n\u00e4hert? Als Snack oder sogar zum Fr\u00fchst\u00fcck kann er schnell seinen Platz einnehmen. In Form eines Brotaufstrichs oder f\u00fcr Ihre Gerichte, denen es an Inspiration fehlt, kann er der perfekte K\u00fcchenbegleiter sein!<\/p>\n<p>Dar\u00fcber hinaus ist Ihr\u00a0<strong>Wellness-Shop<\/strong>\u00a0Miel Store m\u00f6chte ihn Ihnen in einem durchsichtigen Glas zeigen, damit Sie die Farbe der Fl\u00fcssigkeit erahnen k\u00f6nnen.<\/p>\n<p>Eine\u00a0<strong>Nektar<\/strong>\u00a0braun, was Sie sich einen bemerkenswerten Geschmack vorstellen l\u00e4sst. Er wird Ihnen in seinem 250-G-Beh\u00e4lter angeboten, damit auch Naschkatzen auf ihre Kosten kommen!<\/p>\n<p>Ob auf dem L\u00f6ffel oder auf dem Brot, Sie werden von seinem angenehmen Geschmack begeistert sein. Ob Sie nun ein Feinschmecker oder ein Neuling auf diesem Gebiet sind, spielt keine Rolle. Lassen Sie sich einfach von seinem nat\u00fcrlich guten Geschmack \u00fcberw\u00e4ltigen!<\/p>\n<h2><strong>Die Vorteile des Honigs der Punjab-Jujube<\/strong><\/h2>\n<ul>\n<li>Er gilt als nat\u00fcrlicher Zuckerersatz und ist insbesondere daf\u00fcr bekannt, Sportlern vor oder nach k\u00f6rperlicher Anstrengung zu helfen.<\/li>\n<\/ul>\n<ul>\n<li>Es kann die Fruchtbarkeit unterst\u00fctzen, ebenso wie\u00a0<strong>sidr honig\u00a0<\/strong><\/li>\n<\/ul>\n<ul>\n<li>Wie der Jujubenhonig ist er eine echte Hilfe gegen Winterkrankheiten<\/li>\n<\/ul>\n<ul>\n<li>Es kann auch gut f\u00fcr den Stuhlgang sein, z. B.\u00a0<strong><a href=\"https:\/\/www.miel-store.com\/de\/p\/weiser-honig-aus-kirgisistan\/\">wei\u00dfer Honig aus Kirgisistan<\/a>,<\/strong>\u00a0und gegen Magengeschw\u00fcre<\/li>\n<\/ul>\n<ul>\n<li>Hilft bei der Bek\u00e4mpfung von Kopfschmerzen<\/li>\n<\/ul>\n<h3><strong>Nat\u00fcrliche Produkte, die alle gl\u00fccklich machen werden!<\/strong><\/h3>\n<p>Ihr Shop ist auf Naturprodukte spezialisiert und m\u00f6chte Ihnen eine Vielzahl von Artikeln anbieten, die Ihren Bed\u00fcrfnissen entsprechen!<\/p>\n<p>Aus diesem Grund stellen wir Bienenprodukte mit au\u00dfergew\u00f6hnlichen Geschmacksrichtungen, aber auch nat\u00fcrliche \u00d6le in den Vordergrund! Wie zum Beispiel<strong>\u00a0<a href=\"https:\/\/www.miel-store.com\/de\/p\/huile-de-jojoba-bio-du-perou\/\">Jojoba\u00f6l<\/a>\u00a0<\/strong>bekannt f\u00fcr seine Vorteile f\u00fcr die Haut, aber auch f\u00fcr die Haarpflege!<\/p>\n<p>Dar\u00fcber hinaus haben Sie auch die M\u00f6glichkeit, Bekanntschaft mit<strong>\u00a0Bio-Avocado\u00f6l\u00a0<\/strong>! Sein Duft und seine Tugenden d\u00fcrften viele verf\u00fchren!<\/p>","protected":false},"excerpt":{"rendered":"<p>Honig aus der Punjab-Jujube (Sidr).<\/p>\n<p>Topf mit 250 g.<\/p>","protected":false},"featured_media":559,"template":"","meta":[],"product_brand":[],"product_cat":[79,77,131],"product_tag":[],"class_list":{"0":"post-478","1":"product","2":"type-product","3":"status-publish","4":"has-post-thumbnail","6":"product_cat-miel-de-sidr","7":"product_cat-miel-du-monde","8":"product_cat-miel-du-pakistan","10":"first","11":"instock","12":"shipping-taxable","13":"purchasable","14":"product-type-simple"},"_links":{"self":[{"href":"https:\/\/www.miel-store.com\/de\/wp-json\/wp\/v2\/product\/478","targetHints":{"allow":["GET"]}}],"collection":[{"href":"https:\/\/www.miel-store.com\/de\/wp-json\/wp\/v2\/product"}],"about":[{"href":"https:\/\/www.miel-store.com\/de\/wp-json\/wp\/v2\/types\/product"}],"wp:featuredmedia":[{"embeddable":true,"href":"https:\/\/www.miel-store.com\/de\/wp-json\/wp\/v2\/media\/559"}],"wp:attachment":[{"href":"https:\/\/www.miel-store.com\/de\/wp-json\/wp\/v2\/media?parent=478"}],"wp:term":[{"taxonomy":"product_brand","embeddable":true,"href":"https:\/\/www.miel-store.com\/de\/wp-json\/wp\/v2\/product_brand?post=478"},{"taxonomy":"product_cat","embeddable":true,"href":"https:\/\/www.miel-store.com\/de\/wp-json\/wp\/v2\/product_cat?post=478"},{"taxonomy":"product_tag","embeddable":true,"href":"https:\/\/www.miel-store.com\/de\/wp-json\/wp\/v2\/product_tag?post=478"}],"curies":[{"name":"wp","href":"https:\/\/api.w.org\/{rel}","templated":true}]}}