{"id":477,"date":"2022-02-27T19:12:32","date_gmt":"2022-02-27T18:12:32","guid":{"rendered":"https:\/\/www.miel-store.com\/?post_type=product&#038;p=477"},"modified":"2026-04-16T17:23:14","modified_gmt":"2026-04-16T15:23:14","slug":"sidr-jujubenhonig-aus-kashmir","status":"publish","type":"product","link":"https:\/\/www.miel-store.com\/de\/p\/miel-de-jujubier-sidr-du-kashmir","title":{"rendered":"Kaschmir-Honig von der Jujube (Sidr)"},"content":{"rendered":"<p>Was w\u00e4re, wenn das Beste zum Greifen nah w\u00e4re? Weltweit als Spitzenqualit\u00e4t angesehen, ist der <strong>Kashmiri-Honig<\/strong> steht im Mittelpunkt! \u00c4hnlich in einigen Punkten mit dem ber\u00fchmten <a href=\"https:\/\/www.miel-store.com\/de\/p\/johannisbeerhonig-sidr-maliki-aus-dem-jemen\/\"><strong>Honig aus dem Jemen<\/strong><\/a>, Bereiten Sie Ihre Sinne vor, denn es ist sehr wahrscheinlich, dass Sie mehr als nur begeistert sein werden!<\/p>\n<p>Sie zufriedenzustellen geh\u00f6rt zu unseren Priorit\u00e4ten, daher ist es uns wichtig, das Beste mit Ihnen zu teilen. Lehnen Sie sich zur\u00fcck und machen Sie sich auf ein sehr schmackhaftes Qualit\u00e4tsprodukt gefasst!<\/p>\n<h2><strong>Kashmiri-Honig: Die Jujube steht im Vordergrund\u00a0<\/strong><\/h2>\n<p>Aus einer Region namens Kaschmir, die nicht weit von Indien entfernt liegt, stammt dieser<strong> Welthonig <\/strong>ist f\u00fcr seine au\u00dfergew\u00f6hnliche Qualit\u00e4t bekannt. <strong>Sidr<\/strong> f\u00fcr einige und <strong>Jujube<\/strong> f\u00fcr andere ist es jedoch ein<strong>t das Produkt aus dem Bienenstock<\/strong> unbedingt haben!<\/p>\n<p><strong>Jujubenhonig<\/strong> ist unter Kennern als einer der besten bekannt und anerkannt. Durch seinen Geschmack und seine Textur ist er sowohl f\u00fcr Hobbyk\u00f6che als auch f\u00fcr erfahrene Profis geeignet! K\u00e4mpfen Sie nicht l\u00e4nger und lassen Sie sich von diesem nat\u00fcrlichen Produkt verzaubern!<\/p>\n<h2><strong>Die zahlreichen Vorteile des Kashmiri-Honigs\u00a0<\/strong><\/h2>\n<p>Er ist zwar f\u00fcr sein Aroma und seinen Geschmack bekannt, hat aber auch viele positive Eigenschaften. Wenn Sie ihn noch nicht in Ihrem Schrank haben, lassen Sie sich von seinen sehr bereichernden Wirkstoffen \u00fcberzeugen.<\/p>\n<ul>\n<li>Kann Atemwegsinfektionen lindern<\/li>\n<li>Gut f\u00fcr die Verdauung<\/li>\n<li>St\u00e4rkt das Immunsystem<\/li>\n<li>Lindert Schmerzen bei Schnittwunden oder Verbrennungen<\/li>\n<li>Es kann helfen, die Menstruation zu regulieren<\/li>\n<\/ul>\n<p>Sie haben es sicher schon gemerkt: Er schmeckt gut, gewiss! Aber kann auch sehr gesundheitsf\u00f6rdernd sein! Es ist an der Zeit, sich davon \u00fcberzeugen zu lassen und es zu genie\u00dfen.<\/p>\n<h2><strong>Kashmiri-Honig: Tipps zur Anwendung<\/strong><\/h2>\n<p>Sie verw\u00f6hnen Ihren Gaumen gerne mit nat\u00fcrlichen Elixieren? Dann sind Sie hier genau richtig, denn wir haben genau das Richtige f\u00fcr Sie. Wenn Sie den Geschmack von Honig voll und ganz genie\u00dfen m\u00f6chten, haben wir hier einige Tipps f\u00fcr Sie.<\/p>\n<p>Zun\u00e4chst einmal m\u00fcssen Sie den Honig ausw\u00e4hlen, der Ihnen zusagt. Denn sie haben einen unterschiedlichen Geschmack, eine unterschiedliche Textur und ein unterschiedliches Aussehen, das von Honig zu Honig variieren kann. <a href=\"https:\/\/www.miel-store.com\/de\/p\/weiser-honig-aus-kirgisistan\/\"><strong>Wei\u00dfer Honig <\/strong><\/a>oder<strong> <a href=\"https:\/\/www.miel-store.com\/de\/p\/mangohonig-aus-mali\/\">Mangohonig<\/a>,<\/strong> treffen Sie die richtige Wahl!<\/p>\n<p>Anschlie\u00dfend, nachdem Sie Ihren <strong>Elixier<\/strong>, Dann ist es an der Zeit, ihn in Ihre Gewohnheiten einzubeziehen. Ob zum Fr\u00fchst\u00fcck oder vor dem Morgenkaffee, g\u00f6nnen Sie sich etwas Gutes! Er ist reich an nat\u00fcrlichem Zucker und wird Ihnen zus\u00e4tzliche Energie f\u00fcr den Tag geben! Lassen Sie ihn sanft auf Ihrem Gaumen zergehen und genie\u00dfen Sie seinen k\u00f6stlichen und angenehmen Geschmack.<\/p>\n<h3><strong>Ihre Wellness-Boutique, das ist auch...<\/strong><\/h3>\n<p>Wir sind stets bem\u00fcht, qualitativ hochwertige Produkte anzubieten, um Sie zufrieden zu stellen! Ihr Wohlbefinden ist unser wichtigster Motivationsfaktor.<\/p>\n<p>Aus diesem Grund m\u00f6chten wir Ihnen auch unsere nat\u00fcrlichen und biologischen \u00d6le vorstellen! <a href=\"https:\/\/www.miel-store.com\/de\/p\/schwarzkummelol-aus-thiopien-habachia\/\"><strong>Schwarzk\u00fcmmel\u00f6l<\/strong><\/a> zum Beispiel ist f\u00fcr seine positiven Eigenschaften gegen mehrere Beschwerden bekannt!<\/p>\n<p>Dar\u00fcber hinaus haben Sie die M\u00f6glichkeit, Folgendes zu finden <strong>Aloe-vera-\u00d6l<\/strong>, Das ist ein echter Gewinn f\u00fcr Ihren Alltag! In der alten Medizin wurde es h\u00e4ufig verwendet und wird auch Ihnen n\u00fctzlich sein, da es so viele Vorteile bietet. Und das in einer 100 ml-Flasche. Es wird Zeit, dass Sie sich um sich selbst k\u00fcmmern!<\/p>","protected":false},"excerpt":{"rendered":"<p>Honig aus der Kaschmir-Jujube (Sidr).<\/p>\n<p>Topf mit 250 g.<\/p>","protected":false},"featured_media":561,"template":"","meta":[],"product_brand":[],"product_cat":[79,77],"product_tag":[],"class_list":{"0":"post-477","1":"product","2":"type-product","3":"status-publish","4":"has-post-thumbnail","6":"product_cat-miel-de-sidr","7":"product_cat-miel-du-monde","9":"first","10":"instock","11":"shipping-taxable","12":"purchasable","13":"product-type-simple"},"_links":{"self":[{"href":"https:\/\/www.miel-store.com\/de\/wp-json\/wp\/v2\/product\/477","targetHints":{"allow":["GET"]}}],"collection":[{"href":"https:\/\/www.miel-store.com\/de\/wp-json\/wp\/v2\/product"}],"about":[{"href":"https:\/\/www.miel-store.com\/de\/wp-json\/wp\/v2\/types\/product"}],"wp:featuredmedia":[{"embeddable":true,"href":"https:\/\/www.miel-store.com\/de\/wp-json\/wp\/v2\/media\/561"}],"wp:attachment":[{"href":"https:\/\/www.miel-store.com\/de\/wp-json\/wp\/v2\/media?parent=477"}],"wp:term":[{"taxonomy":"product_brand","embeddable":true,"href":"https:\/\/www.miel-store.com\/de\/wp-json\/wp\/v2\/product_brand?post=477"},{"taxonomy":"product_cat","embeddable":true,"href":"https:\/\/www.miel-store.com\/de\/wp-json\/wp\/v2\/product_cat?post=477"},{"taxonomy":"product_tag","embeddable":true,"href":"https:\/\/www.miel-store.com\/de\/wp-json\/wp\/v2\/product_tag?post=477"}],"curies":[{"name":"wp","href":"https:\/\/api.w.org\/{rel}","templated":true}]}}