{"id":472,"date":"2022-02-27T19:06:59","date_gmt":"2022-02-27T18:06:59","guid":{"rendered":"https:\/\/www.miel-store.com\/?post_type=product&#038;p=472"},"modified":"2026-02-14T15:26:20","modified_gmt":"2026-02-14T14:26:20","slug":"sidr-jujubenhonig-aus-marokko","status":"publish","type":"product","link":"https:\/\/www.miel-store.com\/de\/p\/miel-de-jujubier-sidr-du-maroc","title":{"rendered":"Honig der Jujube (Sidr) aus Marokko"},"content":{"rendered":"<p><strong>Liebhaber der Bienenzucht<\/strong>\u00a0und schmackhaftem Honig, dann packen Sie Ihre Koffer, denn wir werden ein Land besuchen, das f\u00fcr seinen wohlschmeckenden Nektar bekannt ist. Wenn Sie bereit sind, dann ist es an der Zeit, \u00fcber den ber\u00fchmten<strong>\u00a0sidr-Jujubenhonig aus Marokko\u00a0<\/strong>!<\/p>\n<p>Wenn Sie ihn noch nicht kennen, keine Panik, wir \u00fcbernehmen die Vorstellung.<\/p>\n<h2><strong>Die Urspr\u00fcnge des Honigs der Sidr-Jujube aus Marokko<\/strong><\/h2>\n<p>Zun\u00e4chst einmal fangen wir ganz am Anfang an! Charmante kleine Bienen, die sich auf die\u00a0<strong>Jujubenbl\u00fcten<\/strong>. Sie sammeln, sammeln, sammeln..., damit Sie diesen\u00a0<strong>monofloraler Honig<\/strong>. Die bergigen oder auch w\u00fcsten\u00e4hnlichen Landschaften Marokkos beg\u00fcnstigen somit die Qualit\u00e4t dieses begehrten Nektars!<\/p>\n<p>Urspr\u00fcnglich ist einer der bekanntesten Honigsorten in der Imkerei der Honig des\u00a0<strong>Jemen-Jujube<\/strong>\u00a0! Vergleichbar, aber nicht gleichwertig, ist dieser\u00a0<strong>marokkanischer Nektar<\/strong>\u00a0ist jedoch f\u00fcr seinen Geschmack und sein attraktives Aussehen bekannt!<\/p>\n<p>Wenn Sie zu den Menschen geh\u00f6ren, die eine Vorliebe f\u00fcr nat\u00fcrliche Elixiere haben, machen Sie keinen Schritt weiter, denn hier sind Sie richtig.<\/p>\n<h2><strong>Die Pr\u00e4sentationen werden mit dem Honig der Sidr-Jujube aus Marokko gemacht.\u00a0<\/strong><\/h2>\n<p>Tats\u00e4chlich ist Ihr Spezialist in<strong>\u00a0Honig aus aller Welt<\/strong>\u00a0ist stets bem\u00fcht, Ihnen\u00a0<strong>Bienenprodukte<\/strong>\u00a0die zu Ihnen passen k\u00f6nnten! Aus diesem Grund m\u00f6chten wir, dass Sie den ber\u00fchmten<strong>\u00a0sidr aus Marokko<\/strong>.<\/p>\n<p>Zun\u00e4chst einmal lassen wir Sie auf sein durchsichtiges Glas achten, das den Blick auf den goldgelben Nektar freigibt... Sein 250-G-Beh\u00e4lter ist einfach ein Pluspunkt f\u00fcr Honigliebhaber!<\/p>\n<p>Au\u00dferdem wird seine cremige und schmackhafte Textur im Mund diesen wunderbaren und angenehmen Geschmack auf Ihrem Gaumen hinterlassen! Sie brauchen nicht l\u00e4nger zu z\u00f6gern und genie\u00dfen Sie dieses\u00a0<strong>Naturprodukt\u00a0<\/strong>!<\/p>\n<h2><strong>Die Vorteile des Honigs der Sidr-Jujube aus Marokko\u00a0<\/strong><\/h2>\n<p>In der Tat, sehr reich an Vitamin A, und C, wird es als ein<strong>\u00a0nat\u00fcrlicher Booster<\/strong>, Entdecken wir gemeinsam die zahlreichen Tugenden, die sich hinter dieser Pflanze verbergen.\u00a0<strong>Nektar aus Marokko<\/strong>\u00a0!<\/p>\n<ul>\n<li>N\u00fctzlich gegen Verstopfung<\/li>\n<li>Ein Vorteil gegen Magenbeschwerden<\/li>\n<li>Sehr gut gegen<strong>\u00a0Halsschmerzen<\/strong><\/li>\n<li>Kann ein Vorteil sein gegen<strong>\u00a0Lungeninfektionen\u00a0<\/strong><\/li>\n<li>Kann auch gut sein Wunden und ihre Heilung<\/li>\n<\/ul>\n<p>Wie Sie sehen k\u00f6nnen, ist dieser Honig voller Vorteile! Er ist im Alltag sehr n\u00fctzlich und sollte\u00a0<strong>das Alicament\u00a0<\/strong>die Sie sich nicht entgehen lassen sollten. Wenn Sie eine Vorliebe f\u00fcr nat\u00fcrliche Produkte haben, die reich an Vorteilen sind, ist dieser Nektar wahrscheinlich genau das Richtige f\u00fcr Sie!<\/p>\n<h3><strong>\u00dcberraschung, \u00dcberraschung, wir wollen mehr!<\/strong><\/h3>\n<p>Ihr auf Bienenprodukte spezialisierter Shop m\u00f6chte Ihnen wie immer Artikel anbieten, die zu Ihnen passen k\u00f6nnten! Aus diesem Grund m\u00f6chten wir Sie mit der<strong>\u00a0<a href=\"https:\/\/www.miel-store.com\/de\/p\/dattelmelasse-darabien-saudi-arabien\/\">Dattelmelasse aus Saudi-Arabien<\/a>.\u00a0<\/strong>Da diese Melasse reich an Eisen ist, kann sie gegen An\u00e4mie helfen.<\/p>\n<p>Dar\u00fcber hinaus haben Sie auch die M\u00f6glichkeit, unsere<strong>\u00a0<a href=\"https:\/\/www.miel-store.com\/de\/p\/60-gelenke-aus-palmenpollenpulver\/\">Kapseln aus Palmenpulver<\/a>\u00a0<\/strong>! Dieses Pulver ist daf\u00fcr bekannt, dass es bei der Fruchtbarkeit hilft!<\/p>\n<p>Sie haben sicher schon verstanden, dass wir nur das Beste f\u00fcr Sie wollen, und dazu geh\u00f6rt, dass wir Ihnen Produkte anbieten, die zu Ihnen passen!<\/p>","protected":false},"excerpt":{"rendered":"<p>Honig der Jujube (Sidr) aus Marokko.<\/p>\n<p>Topf mit 250 g.<\/p>","protected":false},"featured_media":560,"template":"","meta":[],"product_brand":[],"product_cat":[79,111,78],"product_tag":[],"class_list":{"0":"post-472","1":"product","2":"type-product","3":"status-publish","4":"has-post-thumbnail","6":"product_cat-miel-de-sidr","7":"product_cat-miel-africain","8":"product_cat-miel-du-maroc","10":"first","11":"instock","12":"shipping-taxable","13":"purchasable","14":"product-type-simple"},"_links":{"self":[{"href":"https:\/\/www.miel-store.com\/de\/wp-json\/wp\/v2\/product\/472","targetHints":{"allow":["GET"]}}],"collection":[{"href":"https:\/\/www.miel-store.com\/de\/wp-json\/wp\/v2\/product"}],"about":[{"href":"https:\/\/www.miel-store.com\/de\/wp-json\/wp\/v2\/types\/product"}],"wp:featuredmedia":[{"embeddable":true,"href":"https:\/\/www.miel-store.com\/de\/wp-json\/wp\/v2\/media\/560"}],"wp:attachment":[{"href":"https:\/\/www.miel-store.com\/de\/wp-json\/wp\/v2\/media?parent=472"}],"wp:term":[{"taxonomy":"product_brand","embeddable":true,"href":"https:\/\/www.miel-store.com\/de\/wp-json\/wp\/v2\/product_brand?post=472"},{"taxonomy":"product_cat","embeddable":true,"href":"https:\/\/www.miel-store.com\/de\/wp-json\/wp\/v2\/product_cat?post=472"},{"taxonomy":"product_tag","embeddable":true,"href":"https:\/\/www.miel-store.com\/de\/wp-json\/wp\/v2\/product_tag?post=472"}],"curies":[{"name":"wp","href":"https:\/\/api.w.org\/{rel}","templated":true}]}}