{"id":4592,"date":"2023-10-15T21:12:06","date_gmt":"2023-10-15T19:12:06","guid":{"rendered":"https:\/\/www.miel-store.com\/?post_type=product&#038;p=4592"},"modified":"2026-04-21T15:55:11","modified_gmt":"2026-04-21T13:55:11","slug":"talbina","status":"publish","type":"product","link":"https:\/\/www.miel-store.com\/de\/p\/talbina","title":{"rendered":"Talbina"},"content":{"rendered":"<p>Die\u00a0<strong>Talbina<\/strong>\u00a0ist eine Suppe oder ein Brei aus der muslimischen Welt, die zahlreiche gesundheitsf\u00f6rdernde Aspekte aufweist. Sie wird aus Gerste hergestellt, hat ihre Wurzeln in der prophetischen Medizin und ist ein wahrer Schatz an N\u00e4hrstoffen. Entdecken Sie die Vorteile dieser Zubereitung und die besten Tipps f\u00fcr den Kauf auf miel-store.com.<\/p>\n<h2><strong>Urspr\u00fcnge der Talbina<\/strong><\/h2>\n<p>Innerhalb der muslimischen Zivilisation wurden mehrere Nahrungsbestandteile vom Propheten Muhammad, Friede und Segen auf ihm, aufgrund ihrer therapeutischen Eigenschaften empfohlen. Dies gilt insbesondere f\u00fcr die<strong>\u00a0talbina,<\/strong>\u00a0der seinen Namen von seiner wei\u00dfen Farbe hat (der Begriff \u00abTalbina\u00bb stammt von dem arabischen Wort \u00ablaban\u00bb, das wei\u00df bedeutet). Dieser Brei aus geschroteter Gerste und Milch ist eine wichtige Quelle f\u00fcr Ballaststoffe, Mineralien und Vitamine.<\/p>\n<h3><strong>Seine verschiedenen Verwendungszwecke<\/strong><\/h3>\n<p>Talbina wird normalerweise als Erg\u00e4nzung zu Mahlzeiten oder als Ersatz f\u00fcr bestimmte Snacks bei religi\u00f6sen Feiern wie dem Fastenmonat Ramadan verzehrt.<\/p>\n<p>Au\u00dferdem kann sie als Beilage zu gegrilltem oder mariniertem Fleisch serviert werden. Um ihren Geschmack zu verst\u00e4rken und diesen orientalischen Gerichten einen Hauch von Originalit\u00e4t zu verleihen. Talbina kann auch in Form von kleinen B\u00e4llchen zubereitet werden, die als Vorspeise oder als Snack gegen den Hunger zwischendurch genossen werden k\u00f6nnen.<\/p>\n<h2><strong>Wichtigste gesundheitliche Vorteile von Talbina<\/strong><\/h2>\n<p>Dieses traditionelle Rezept hat mehrere Vorteile f\u00fcr unseren K\u00f6rper:<\/p>\n<ul>\n<li><strong>Eine gro\u00dfe Menge an Ballaststoffen und N\u00e4hrstoffen :<\/strong> Gerstenschrot, das die Grundlage f\u00fcr diese Zubereitung bildet, ist ein Getreide, das reich an l\u00f6slichen und unl\u00f6slichen Ballaststoffen ist. Dies sorgt f\u00fcr eine bessere Darmpassage und hilft bei der Bek\u00e4mpfung von Verstopfung. Dar\u00fcber hinaus sind Mineralstoffe wie Kalium, Phosphor, Eisen und B-Vitamine (insbesondere Riboflavin und Niacin) in Talbina in nennenswerten Mengen enthalten. Tr\u00e4gt zu einem gut funktionierenden Stoffwechsel bei und st\u00e4rkt unser Immunsystem.<\/li>\n<li><strong>F\u00f6rdert das S\u00e4ttigungsgef\u00fchl :<\/strong> Die unl\u00f6slichen Ballaststoffe in geschroteter Gerste vergr\u00f6\u00dfern ihr Volumen, wenn sie mit Fl\u00fcssigkeit eingenommen werden. Das f\u00fchrt zu einem schnellen S\u00e4ttigungseffekt. Wenn Sie also Talbina in Ihre Ern\u00e4hrung integrieren, ist es weniger wahrscheinlich, dass Sie zwischen den Mahlzeiten der Versuchung nachgeben, etwas zu Reichhaltiges oder S\u00fc\u00dfes zu essen.<\/li>\n<li><strong>Hilft, das Herz-Kreislauf-Risiko zu senken :<\/strong>\u00a0der regelm\u00e4\u00dfige Verzehr von geschroteter Gerste, der Hauptzutat von Talbina, k\u00f6nnte laut mehreren wissenschaftlichen Studien dazu beitragen, den LDL-Cholesterinspiegel (\u00abschlechtes\u00bb Cholesterin) zu senken und Herz-Kreislauf-Erkrankungen vorzubeugen. Wenn l\u00f6sliche Ballaststoffe mit Wasser in Ber\u00fchrung kommen, bilden sie ein Gel, das das Cholesterin im Darm einfangen und blockieren kann, sodass es nicht in den Blutkreislauf gelangt.<\/li>\n<li><strong>Positive Auswirkungen auf den Blutzuckerspiegel :<\/strong> das Vorhandensein derselben l\u00f6slichen Ballaststoffe sorgt daf\u00fcr, dass der Blutzuckerspiegel auf einem optimalen Niveau gehalten wird. Dadurch werden Blutzuckerspitzen vermieden. Dieser Inhaltsstoff ist daher ideal f\u00fcr Menschen mit Typ-2-Diabetes oder Insulinresistenz.<\/li>\n<\/ul>\n<h2><strong>Kaufen Sie Talbina auf miel-store.com<\/strong><\/h2>\n<p>Um die zahlreichen Vorteile dieses traditionellen Rezepts zu nutzen, ist es wichtig, hochwertige Zutaten zu kaufen. Miel-store.com, spezialisiert auf orientalische und nat\u00fcrliche Produkte, bietet Ihnen eine Auswahl an\u00a0<strong>talbina hautnah.<\/strong> Mit Sorgfalt und unter Einhaltung der althergebrachten Herstellungsmethoden hergestellt.<\/p>\n<h3><strong>Eine gro\u00dfe Vielfalt an verf\u00fcgbaren Optionen<\/strong><\/h3>\n<p>Auf miel-store.com finden Sie eine gro\u00dfe Auswahl an Talbinas, die in verschiedenen Formen und Geschmacksrichtungen angeboten werden, um alle Geschm\u00e4cker zu befriedigen:<\/p>\n<ul>\n<li>Klassische Talbina: einfach und schmackhaft, wird nur aus hochwertiger geschroteter Gerste hergestellt;<\/li>\n<li>Talbina mit getrockneten Fr\u00fcchten: Verleihen Sie Ihrer Zubereitung eine k\u00f6stliche und energiereiche Note. W\u00e4hlen Sie dazu die Varianten mit Datteln, Feigen oder Aprikosen;<\/li>\n<li>Angereicherte Talbina: Um von den zus\u00e4tzlichen positiven Eigenschaften anderer nat\u00fcrlicher Inhaltsstoffe zu profitieren. W\u00e4hlen Sie die Optionen angereichert mit Honig, Bl\u00fcten von <a href=\"https:\/\/www.miel-store.com\/de\/cp\/nigella\/\"><strong>Nigella<\/strong><\/a> oder Pollen;<\/li>\n<li>Gerstenschrot pur: Wenn Sie Ihren hausgemachten Talbina nach Lust und Laune selbst herstellen m\u00f6chten, bestellen Sie das Gerstenschrot einfach auf miel-store.com.<\/li>\n<\/ul>\n<h3><strong>Zu den besten Preisen und Lieferbedingungen<\/strong><\/h3>\n<p>Miel-store.com legt gro\u00dfen Wert darauf, die<strong> Qualit\u00e4tsprodukte zum besten Preis-Leistungs-Verh\u00e4ltnis.<\/strong> Damit alle von den zahlreichen Vorteilen der Talbina profitieren k\u00f6nnen. Au\u00dferdem garantiert die Website eine schnelle und sichere Lieferung direkt zu Ihnen nach Hause, um Ihnen das Einkaufen zu erleichtern und dieses wertvolle traditionelle Rezept nie mehr auszulassen.<\/p>\n<p>Insgesamt bietet Talbina den Verbrauchern wertvolle gesundheitliche Vorteile, die heute durch verschiedene wissenschaftliche Studien gest\u00fctzt werden. Die Empfehlungen der prophetischen Medizin werden dadurch best\u00e4tigt. Warten Sie also nicht, bis Sie Talbina in Ihre t\u00e4gliche Ern\u00e4hrung aufnehmen und profitieren Sie von ihren Vorteilen, indem Sie sie jetzt bei miel-store.com bestellen!<\/p>","protected":false},"excerpt":{"rendered":"<p>La\u00a0Talbina\u00a0est une soupe ou bouillie originaire du monde musulman, dont les aspects b\u00e9n\u00e9fiques pour notre sant\u00e9 sont nombreux. R\u00e9alis\u00e9e \u00e0 base d&rsquo;orge, elle trouve ses racines dans la m\u00e9decine proph\u00e9tique et constitue un v\u00e9ritable tr\u00e9sor nutritionnel. D\u00e9couvrez les bienfaits de cette pr\u00e9paration ainsi que les meilleures astuces pour l&rsquo;acheter sur miel-store.com. Origines de la Talbina [&#8230;]\n","protected":false},"featured_media":4595,"template":"","meta":[],"product_brand":[],"product_cat":[88],"product_tag":[],"class_list":{"0":"post-4592","1":"product","2":"type-product","3":"status-publish","4":"has-post-thumbnail","6":"product_cat-bien-etre","8":"first","9":"instock","10":"shipping-taxable","11":"purchasable","12":"product-type-variable","13":"has-default-attributes"},"_links":{"self":[{"href":"https:\/\/www.miel-store.com\/de\/wp-json\/wp\/v2\/product\/4592","targetHints":{"allow":["GET"]}}],"collection":[{"href":"https:\/\/www.miel-store.com\/de\/wp-json\/wp\/v2\/product"}],"about":[{"href":"https:\/\/www.miel-store.com\/de\/wp-json\/wp\/v2\/types\/product"}],"wp:featuredmedia":[{"embeddable":true,"href":"https:\/\/www.miel-store.com\/de\/wp-json\/wp\/v2\/media\/4595"}],"wp:attachment":[{"href":"https:\/\/www.miel-store.com\/de\/wp-json\/wp\/v2\/media?parent=4592"}],"wp:term":[{"taxonomy":"product_brand","embeddable":true,"href":"https:\/\/www.miel-store.com\/de\/wp-json\/wp\/v2\/product_brand?post=4592"},{"taxonomy":"product_cat","embeddable":true,"href":"https:\/\/www.miel-store.com\/de\/wp-json\/wp\/v2\/product_cat?post=4592"},{"taxonomy":"product_tag","embeddable":true,"href":"https:\/\/www.miel-store.com\/de\/wp-json\/wp\/v2\/product_tag?post=4592"}],"curies":[{"name":"wp","href":"https:\/\/api.w.org\/{rel}","templated":true}]}}