{"id":4363,"date":"2024-01-19T13:13:42","date_gmt":"2024-01-19T12:13:42","guid":{"rendered":"https:\/\/www.miel-store.com\/?post_type=product&#038;p=4363"},"modified":"2026-04-11T17:49:16","modified_gmt":"2026-04-11T15:49:16","slug":"khamare-vetiverwurzeln","status":"publish","type":"product","link":"https:\/\/www.miel-store.com\/de\/p\/khamare-racines-de-vetiver","title":{"rendered":"Khamar\u00e9 (10 St\u00e4ngel Vetiverwurzel)"},"content":{"rendered":"<p>Die\u00a0<strong>khamar\u00e9<\/strong>\u00a0ist eine traditionelle Mischung aus Vetiverwurzeln, die f\u00fcr ihre zahlreichen Vorteile f\u00fcr die Gesundheit und das Wohlbefinden bekannt ist. Suchen Sie nach einer M\u00f6glichkeit, Khamar\u00e9 in Deutschland zu kaufen? Suchen Sie nicht weiter und entdecken Sie jetzt den Online-Shop\u00a0<strong>honig-store.com<\/strong>, Die meisten Menschen, die sich f\u00fcr dieses exotische Getr\u00e4nk interessieren, haben sich f\u00fcr den Kauf eines solchen Produkts entschieden.<\/p>\n<h2><strong>Was ist Khamare?<\/strong><\/h2>\n<p>Khamar\u00e9 stammt aus Westafrika und ist eine traditionelle Zubereitung auf der Grundlage von\u00a0<strong>Vetiverwurzeln<\/strong>\u00a0mit kr\u00e4ftigen, holzigen Aromen. Vetiver ist eine krautige Pflanze, die wegen ihres bet\u00f6renden Geruchs und ihrer medizinischen Eigenschaften in der traditionellen Medizin und in der Parf\u00fcmerie h\u00e4ufig verwendet wird.<\/p>\n<p>Vor allem im Senegal pflegen die Frauen dieses Getr\u00e4nk bei gro\u00dfen Zeremonien und Familienereignissen wie Hochzeiten zuzubereiten. In Westafrika werden dem Getr\u00e4nk auch folgende Eigenschaften zugeschrieben <a href=\"https:\/\/www.miel-store.com\/de\/p\/king-kong-honey-100g\/\"><strong>aphrodisierende Eigenschaften<\/strong><\/a> die eine positive Wirkung auf die Vitalit\u00e4t und Fruchtbarkeit haben sollen.<\/p>\n<ol>\n<li><strong>Aromastoffgehalt<\/strong>\u00a0: Khamar\u00e9 verleiht dem Wasser durch die Vetiverwurzeln und ihre nat\u00fcrlich vorkommenden Duftstoffe ein einzigartiges Aroma.<\/li>\n<li><strong>Entgiftende Wirkung<\/strong>\u00a0: Die Vetiverwurzeln sind daf\u00fcr bekannt, Giftstoffe auszuscheiden und den K\u00f6rper zu reinigen, indem sie die Verdauung f\u00f6rdern.<\/li>\n<li><strong>Diuretische Wirkung (Gewichtsverlust)<\/strong> : Khamar\u00e9 tr\u00e4gt dazu bei <strong>den K\u00f6rper nat\u00fcrlich entw\u00e4ssern<\/strong> und verbessert so die Blut- und Lymphzirkulation.<\/li>\n<\/ol>\n<h2><strong>Miel Store, die Bezugsadresse f\u00fcr den Kauf von Khamar\u00e9 in Frankreich<\/strong><\/h2>\n<p>Mit dem Online-Shop\u00a0<strong>Honig Store<\/strong>, In diesem Buch k\u00f6nnen Sie sich auf eine wahre Geschmacksreise durch die Aromen Afrikas begeben. Spezialisiert auf den Verkauf von Honig und Produkten aus afrikanischen Anbaugebieten. Sie bietet auch hochwertigen Khamar\u00e9 an. In T\u00fcten oder Flaschen verpackt, ideal f\u00fcr ein authentisches Erlebnis, das Sie mit Familie oder Freunden teilen k\u00f6nnen.<\/p>\n<h3><strong>Eine strenge Auswahl an hochwertigen Khamar\u00e9<\/strong><\/h3>\n<p>Um Ihnen ein exzellentes Khamar\u00e9 zu garantieren,\u00a0<strong>Honig Store<\/strong> achtet darauf, mit leidenschaftlichen Produzenten zusammenzuarbeiten, die darauf bedacht sind, die traditionellen Herstellungsmethoden zu bewahren. Die Vetiverwurzeln werden sorgf\u00e4ltig ausgew\u00e4hlt und unter den besten Bedingungen geerntet. Damit all ihre Tugenden und Aromen intakt bleiben.<\/p>\n<h3><strong>Eine handwerkliche Zubereitungsart Ihrer Vetiverwurzeln f\u00fcr einen einzigartigen Geschmack<\/strong><\/h3>\n<p>Das Besondere an dem im Miel Store erh\u00e4ltlichen Khamar\u00e9 ist seine handwerkliche Herstellung nach einem traditionellen Verfahren. Die Vetiverwurzeln werden sorgf\u00e4ltig zersto\u00dfen und von Hand mazeriert. Sie werden vom Wasser getrennt, um eine duftende und konzentrierte Zubereitung zu erhalten. Dieses \u00fcberlieferte Wissen tr\u00e4gt zum Erhalt der kulinarischen Traditionen Afrikas bei und garantiert ein unvergleichliches Geschmacksergebnis.<\/p>\n<h3><strong>Ein Engagement f\u00fcr den fairen Handel<\/strong><\/h3>\n<p><strong>Honig Store<\/strong> hat sich zutiefst einer ethischen und verantwortungsvollen Vorgehensweise gegen\u00fcber seinen Erzeugerpartnern verpflichtet. Wenn Sie sich daf\u00fcr entscheiden, Ihren Khamar\u00e9 bei Miel Store zu kaufen. Sie beteiligen sich damit an der wirtschaftlichen Entwicklung der lokalen Gemeinschaften und f\u00f6rdern menschenw\u00fcrdige Arbeit und Umweltschutz.<\/p>\n<h2><strong>Die Vorteile, die Miel Store beim Kauf von Khamare in Frankreich bietet<\/strong><\/h2>\n<p>Mit Miel Store wird der Kauf von Khamar\u00e9 in Frankreich zu einem Kinderspiel! Seine Dienstleistungen wurden so konzipiert, dass seine Kunden rundum zufrieden sind.<\/p>\n<ul>\n<li style=\"list-style-type: none;\">\n<ul>\n<li><strong>Ein leicht zug\u00e4nglicher Online-Shop :<\/strong>\u00a0bestellen Sie Ihr Khamare mit wenigen Klicks von zu Hause oder unterwegs aus, rund um die Uhr.<\/li>\n<li><strong>Eine breite Palette an :<\/strong> dass Sie bereits ein Fan von Vetiverwurzeln sind. Oder ob Sie dieses exotische Getr\u00e4nk einfach nur kennenlernen m\u00f6chten - Miel Store hat genau das Richtige f\u00fcr Sie!<\/li>\n<li><strong>Sichere Zahlungsmethoden :<\/strong>\u00a0Ihre Eink\u00e4ufe sind durch ein bew\u00e4hrtes System zur Sicherung von Online-Transaktionen (SSL) gesch\u00fctzt.<\/li>\n<\/ul>\n<\/li>\n<\/ul>\n<ul>\n<li><strong>Schnelle Lieferung :<\/strong> Die Versand- und Lieferzeiten sind optimiert, damit Sie Ihre Khamar\u00e9 sofort genie\u00dfen k\u00f6nnen.<\/li>\n<li><strong>Ein Kundenservice, der zuh\u00f6rt :<\/strong>\u00a0bei Bedarf steht Ihnen ein reaktionsschnelles Team zur Verf\u00fcgung, das alle Ihre Fragen per E-Mail oder Telefon beantwortet.<\/li>\n<\/ul>\n<h3><strong>Wie bereitet man den bei Miel Store gekauften Khamar\u00e9 zu?<\/strong><\/h3>\n<p>So k\u00f6nnen Sie den Geschmack und die Vorteile von Khamar\u00e9 voll aussch\u00f6pfen. Hier ein Beispiel f\u00fcr ein traditionelles Rezept zur Gewichtsabnahme, das Sie ganz einfach zu Hause mit den Produkten auf <strong>Honig Store<\/strong>\u00a0:<\/p>\n<ol>\n<li>Kochen Sie 1 Liter Wasser in einem gro\u00dfen Topf;<\/li>\n<li>Geben Sie den Inhalt eines Beutels Vetiverwurzeln hinzu;<\/li>\n<li>Lassen Sie den Tee 20 Minuten lang bei schwacher Hitze ziehen;<\/li>\n<li>Filtern Sie, um nur das nach Khamare duftende Wasser zu behalten (die Wurzeln k\u00f6nnen Sie f\u00fcr mehrere Verwendungen aufbewahren);<\/li>\n<li>Servieren Sie es hei\u00df mit Zucker oder Honig nach Belieben oder lassen Sie es f\u00fcr eine einmalige Erfrischung abk\u00fchlen;<\/li>\n<\/ol>\n<p>Nat\u00fcrlich steht es Ihnen frei, die Menge an Wasser und Wurzeln anzupassen, um eine Aromaintensit\u00e4t nach Ihrem Geschmack zu erreichen. Z\u00f6gern Sie nicht zu experimentieren! Also warten Sie nicht l\u00e4nger, g\u00f6nnen Sie sich etwas Gutes und bestellen Sie jetzt Khamar\u00e9 in Frankreich \u00fcber den Shop\u00a0<strong>honig-store.com<\/strong>.<\/p>","protected":false},"excerpt":{"rendered":"<p><strong>Eigenschaften :<\/strong><\/p>\n<ol>\n<li><strong>Aromastoffgehalt<\/strong>\u00a0: Khamar\u00e9 verleiht dem Wasser durch die Vetiverwurzeln und ihre nat\u00fcrlich vorkommenden Duftstoffe ein einzigartiges Aroma.<\/li>\n<li><strong>Entgiftende Wirkung<\/strong>\u00a0: Die Vetiverwurzeln sind daf\u00fcr bekannt, Giftstoffe auszuscheiden und den K\u00f6rper zu reinigen, indem sie die Verdauung f\u00f6rdern.<\/li>\n<li><strong>Diuretische Wirkung<\/strong> : Khamare tr\u00e4gt zur nat\u00fcrlichen Entw\u00e4sserung des K\u00f6rpers bei und verbessert so die Blut- und Lymphzirkulation.<\/li>\n<\/ol>","protected":false},"featured_media":4364,"template":"","meta":[],"product_brand":[],"product_cat":[88],"product_tag":[],"class_list":{"0":"post-4363","1":"product","2":"type-product","3":"status-publish","4":"has-post-thumbnail","6":"product_cat-bien-etre","8":"first","9":"instock","10":"shipping-taxable","11":"purchasable","12":"product-type-simple"},"_links":{"self":[{"href":"https:\/\/www.miel-store.com\/de\/wp-json\/wp\/v2\/product\/4363","targetHints":{"allow":["GET"]}}],"collection":[{"href":"https:\/\/www.miel-store.com\/de\/wp-json\/wp\/v2\/product"}],"about":[{"href":"https:\/\/www.miel-store.com\/de\/wp-json\/wp\/v2\/types\/product"}],"wp:featuredmedia":[{"embeddable":true,"href":"https:\/\/www.miel-store.com\/de\/wp-json\/wp\/v2\/media\/4364"}],"wp:attachment":[{"href":"https:\/\/www.miel-store.com\/de\/wp-json\/wp\/v2\/media?parent=4363"}],"wp:term":[{"taxonomy":"product_brand","embeddable":true,"href":"https:\/\/www.miel-store.com\/de\/wp-json\/wp\/v2\/product_brand?post=4363"},{"taxonomy":"product_cat","embeddable":true,"href":"https:\/\/www.miel-store.com\/de\/wp-json\/wp\/v2\/product_cat?post=4363"},{"taxonomy":"product_tag","embeddable":true,"href":"https:\/\/www.miel-store.com\/de\/wp-json\/wp\/v2\/product_tag?post=4363"}],"curies":[{"name":"wp","href":"https:\/\/api.w.org\/{rel}","templated":true}]}}