{"id":4355,"date":"2025-12-16T12:23:57","date_gmt":"2025-12-16T11:23:57","guid":{"rendered":"https:\/\/www.miel-store.com\/?post_type=product&#038;p=4355"},"modified":"2026-04-11T17:49:16","modified_gmt":"2026-04-11T15:49:16","slug":"bio-leukalyptusblutenhonig","status":"publish","type":"product","link":"https:\/\/www.miel-store.com\/de\/p\/miel-de-fleurs-deucalyptus-bio","title":{"rendered":"Bio-Eukalyptusbl\u00fctenhonig - 250g"},"content":{"rendered":"<p>Lassen Sie sich mit diesem reinen Naturprodukt mit seinem exquisiten Geschmack auf eine ganz neue Geschmacksreise ein. Es handelt sich um den\u00a0<strong>Bio-Eukalyptusbl\u00fctenhonig<\/strong>. In der Tat,<strong>\u00a0er versteht es, uns sanft zu packen und uns wertvolle Wohltaten zukommen zu lassen, und das mit Bravour.<\/strong><\/p>\n<p>Zoom auf diesen madagassischen Honig,\u00a0<strong>ein geschmackliches Vergn\u00fcgen, das man nicht vergisst.<\/strong><\/p>\n<h2><strong>Bio-Eukalyptusbl\u00fctenhonig aus Madagaskar, ein unvergleichlicher Schatz<\/strong><\/h2>\n<p>Dieser Honig ist in der ganzen Welt als einhellig anerkannter Honig bekannt. Hier geht es darum, dass Sie diesen exquisiten Geschmack von Eukalyptus mit einem unbestreitbaren Hauch von wenig bekannter Exotik entdecken.<\/p>\n<p>Die erhabene Insel Madagaskar serviert uns auch hier wieder einen kostbaren Nektar mit unvergleichlichen Geschmacksnoten. Es ist eine\u00a0<strong>einzigartiger Geschmack mit holzigen, mentholhaltigen und fruchtigen Noten<\/strong>\u00a0die man als Erstes entdeckt. Doch diese verbergen\u00a0<strong>eine Unze karamellisierter Noten\u00a0<\/strong>f\u00fcr ein unbezahlbares Geschmackserlebnis.<\/p>\n<p>Im Klartext hei\u00dft das\u00a0<strong>ein cremiger Cocktail, vor dem unser Gaumen schwelgt.<\/strong>\u00a0Und mehr noch: Er birgt eine Vielzahl von Vorteilen in sich.<\/p>\n<h2><strong>Seine Vorteile f\u00fcr unsere Gesundheit<\/strong><\/h2>\n<p>Dieser Gourmet-Nektar mit seinem holzigen Geschmack ist n\u00e4mlich ebenso ein reines Vergn\u00fcgen f\u00fcr unsere Gesundheit. Und zwar insbesondere im Bereich der Atemwege. Seine bedeutendsten und spezifischsten Eigenschaften sind<strong>\u00a0weichmachend und hustenstillend.<\/strong><\/p>\n<p>Einfach ausgedr\u00fcckt ist es ein\u00a0<strong>ein wichtiger Verb\u00fcndeter im kalten Winter.<\/strong>\u00a0Aber auch das ganze Jahr \u00fcber. Da er kommen wird\u00a0<strong>unser gesamtes Immunsystem st\u00e4rken<\/strong>\u00a0ohne zu z\u00f6gern.<\/p>\n<p>Das N\u00fctzliche mit dem Angenehmen verbinden: Das ist das Versprechen dieses kostbaren madagassischen Nektars.<\/p>\n<h3><strong>Mit Bio-Eukalyptusbl\u00fctenhonig aus Madagaskar<\/strong><\/h3>\n<p>Wenn Sie von diesem echten Geschmacksnugget begeistert sind, sollten Sie es in Ihrem Paket mit seinen ebenso k\u00f6stlichen Gegenst\u00fccken kombinieren.<\/p>\n<p>In der Tat bietet Ihnen unser Sortiment an Honig aus Madagaskar ein unvergleichliches Erlebnis. Diese seltenen St\u00fccke der Natur werden Ihnen hier geliefert, um\u00a0<strong>ein k\u00f6stliches und neuartiges Abenteuer<\/strong>.<\/p>\n<p>So schwelgen Sie mit <strong><a href=\"https:\/\/www.miel-store.com\/de\/p\/bio-litschiblutenhonig\/\">Bio-Litschibl\u00fctenhonig<\/a>, <a href=\"https:\/\/www.miel-store.com\/de\/p\/bio-niaouli-blutenhonig\/\">Bio-Niaouli-Bl\u00fctenhonig<\/a> oder auch der Bio-Jujubenhonig aus Madagaskar. Seltene Honigsorten mit einem fast unerkl\u00e4rlichen Geschmack.<\/strong><\/p>","protected":false},"excerpt":{"rendered":"<p><strong>Eigenschaften :<\/strong><\/p>\n<ul>\n<li><strong>Herkunft<\/strong> : Madagaskar<\/li>\n<li><strong>Lot Nr.<\/strong> : MEO50306202809F<\/li>\n<li><strong>DLUO<\/strong>\u00a0: 28\/09\/2024<\/li>\n<li><strong>Ecocert-Zertifikat<\/strong>\u00a0: fR-BIO-01<\/li>\n<\/ul>","protected":false},"featured_media":4357,"template":"","meta":[],"product_brand":[],"product_cat":[104,110],"product_tag":[],"class_list":{"0":"post-4355","1":"product","2":"type-product","3":"status-publish","4":"has-post-thumbnail","6":"product_cat-miel-bio","7":"product_cat-miel-de-madagascar","9":"first","10":"instock","11":"shipping-taxable","12":"purchasable","13":"product-type-simple"},"_links":{"self":[{"href":"https:\/\/www.miel-store.com\/de\/wp-json\/wp\/v2\/product\/4355","targetHints":{"allow":["GET"]}}],"collection":[{"href":"https:\/\/www.miel-store.com\/de\/wp-json\/wp\/v2\/product"}],"about":[{"href":"https:\/\/www.miel-store.com\/de\/wp-json\/wp\/v2\/types\/product"}],"wp:featuredmedia":[{"embeddable":true,"href":"https:\/\/www.miel-store.com\/de\/wp-json\/wp\/v2\/media\/4357"}],"wp:attachment":[{"href":"https:\/\/www.miel-store.com\/de\/wp-json\/wp\/v2\/media?parent=4355"}],"wp:term":[{"taxonomy":"product_brand","embeddable":true,"href":"https:\/\/www.miel-store.com\/de\/wp-json\/wp\/v2\/product_brand?post=4355"},{"taxonomy":"product_cat","embeddable":true,"href":"https:\/\/www.miel-store.com\/de\/wp-json\/wp\/v2\/product_cat?post=4355"},{"taxonomy":"product_tag","embeddable":true,"href":"https:\/\/www.miel-store.com\/de\/wp-json\/wp\/v2\/product_tag?post=4355"}],"curies":[{"name":"wp","href":"https:\/\/api.w.org\/{rel}","templated":true}]}}