{"id":4287,"date":"2023-09-11T19:55:31","date_gmt":"2023-09-11T17:55:31","guid":{"rendered":"https:\/\/www.miel-store.com\/?post_type=product&#038;p=4287"},"modified":"2026-04-20T19:30:01","modified_gmt":"2026-04-20T17:30:01","slug":"bio-litschiblutenhonig","status":"publish","type":"product","link":"https:\/\/www.miel-store.com\/de\/p\/miel-de-fleurs-de-litchi-bio","title":{"rendered":"Bio-Litschibl\u00fctenhonig - 250g"},"content":{"rendered":"<p><strong>Seltenheit, Zartheit und K\u00f6stlichkeit findet man ganz sicher in diesem exquisiten Honig.<\/strong>\u00a0Tats\u00e4chlich bietet der Bio-Litschibl\u00fctenhonig aus Madagaskar\u00a0<strong>ein Moment der Verkostung nahe der Perfektion<\/strong>. Wir stellen ihn Ihnen also hier vor, nicht ohne Emotionen!<\/p>\n<h2><strong>Bio-Litschibl\u00fctenhonig aus Madagaskar: zart und selten<\/strong><\/h2>\n<p>Wenn es einen Honig gibt, der selten ist, dann ist es der aus Madagaskar. Wenn es sich um Litschibl\u00fctenhonig handelt, kommt noch eine besondere Delikatesse hinzu. Denn der Geschmack dieses kostbaren Nektars<strong>\u00a0legt sich wie eine echte Liebkosung auf Ihren Gaumen.<\/strong>\u00a0Man entdeckt\u00a0<strong>ein raffinierter Hauch von Rose, auf einem Bett aus Litschi absolut symbiotisch.\u00a0<\/strong>Eine blumige und fruchtige Dualit\u00e4t, die die Seltenheit und die Exzellenz dieses besonderen Honigs ausmachen.<\/p>\n<h2><strong>Litschi: die wahre Delikatesse\u00a0<\/strong><\/h2>\n<p>Ohne den Schatten eines Zweifels,\u00a0<strong>diese fleischige Frucht bietet ihre K\u00f6stlichkeit auf absolute Weise an<\/strong>. Der Nektar der Bl\u00fcten dieser exotischen Frucht f\u00fchrt zu einem absolut exquisiten Geschmack, den wir hier wiederfinden. Es ist schwer, mit einem einzigen L\u00f6ffel aufzuh\u00f6ren, wenn man einen Geschmack entdeckt, der nicht nur stark parf\u00fcmiert, sondern auch noch delikat ist.<\/p>\n<p>Am Gaumen wird sich Ihnen dieser Honig in meisterhafter Reinheit offenbaren\u00a0<strong>mit unglaublich vielf\u00e4ltigen Aromen von Rosen, Quitten und rauchigen Noten.<\/strong>\u00a0Das hei\u00dft, wenn Sie ihn probieren, k\u00f6nnen Sie sich einem unvergleichlichen Geschmack hingeben.<\/p>\n<h3><strong>Erliegen auch Sie...<\/strong><\/h3>\n<p>Wenn Bio-Honig aus Madagaskar Ihr \u00abHobby\u00bb ist, dann haben wir gute Nachrichten: Wir haben alles, was Sie brauchen, um Ihre Geschmacksknospen in Aufruhr zu versetzen! Wir haben hier die Sch\u00e4tze des Nigella-Honigs Sources zuerst zusammengestellt. Hier finden Sie also\u00a0<a href=\"https:\/\/www.miel-store.com\/de\/p\/bio-niaouli-blutenhonig\/\"><strong>Bio-Bl\u00fctenhonig aus Niaouli<\/strong><\/a>\u00a0oder<strong>\u00a0<a href=\"https:\/\/www.miel-store.com\/de\/p\/bio-jujubier-honig-aus-madagaskar\/\">Bio-Bl\u00fctenhonig von der Jujube<\/a>,<\/strong>\u00a0beide mit unvergleichlichem Geschmack und von der erhabenen Insel Madagaskar!<\/p>","protected":false},"excerpt":{"rendered":"<p><strong>Eigenschaften :<\/strong><\/p>\n<ul>\n<li><strong>Herkunft<\/strong> : MADAGASCAR<\/li>\n<li><strong>Lot Nr.<\/strong> : MLO50209202809<\/li>\n<li><strong>Ecocert-Zertifikat<\/strong> : FR-BIO-01<\/li>\n<\/ul>","protected":false},"featured_media":4284,"template":"","meta":[],"product_brand":[],"product_cat":[104,110],"product_tag":[],"class_list":{"0":"post-4287","1":"product","2":"type-product","3":"status-publish","4":"has-post-thumbnail","6":"product_cat-miel-bio","7":"product_cat-miel-de-madagascar","9":"first","10":"instock","11":"shipping-taxable","12":"purchasable","13":"product-type-simple"},"_links":{"self":[{"href":"https:\/\/www.miel-store.com\/de\/wp-json\/wp\/v2\/product\/4287","targetHints":{"allow":["GET"]}}],"collection":[{"href":"https:\/\/www.miel-store.com\/de\/wp-json\/wp\/v2\/product"}],"about":[{"href":"https:\/\/www.miel-store.com\/de\/wp-json\/wp\/v2\/types\/product"}],"wp:featuredmedia":[{"embeddable":true,"href":"https:\/\/www.miel-store.com\/de\/wp-json\/wp\/v2\/media\/4284"}],"wp:attachment":[{"href":"https:\/\/www.miel-store.com\/de\/wp-json\/wp\/v2\/media?parent=4287"}],"wp:term":[{"taxonomy":"product_brand","embeddable":true,"href":"https:\/\/www.miel-store.com\/de\/wp-json\/wp\/v2\/product_brand?post=4287"},{"taxonomy":"product_cat","embeddable":true,"href":"https:\/\/www.miel-store.com\/de\/wp-json\/wp\/v2\/product_cat?post=4287"},{"taxonomy":"product_tag","embeddable":true,"href":"https:\/\/www.miel-store.com\/de\/wp-json\/wp\/v2\/product_tag?post=4287"}],"curies":[{"name":"wp","href":"https:\/\/api.w.org\/{rel}","templated":true}]}}