{"id":4286,"date":"2023-09-11T19:52:47","date_gmt":"2023-09-11T17:52:47","guid":{"rendered":"https:\/\/www.miel-store.com\/?post_type=product&#038;p=4286"},"modified":"2026-04-11T17:49:16","modified_gmt":"2026-04-11T15:49:16","slug":"bio-niaouli-blutenhonig","status":"publish","type":"product","link":"https:\/\/www.miel-store.com\/de\/p\/miel-de-fleurs-de-niaouli-bio","title":{"rendered":"Bio Niaouli Bl\u00fctenhonig - 250g"},"content":{"rendered":"<p><strong>Die ganze Natur und ihre Exotik findet sich ganz sicher in diesem kostbaren Niaouli-Bl\u00fctenhonig.<\/strong>\u00a0Dieses rein madagassische Produkt verbirgt einen ausgepr\u00e4gten und intensiven Geschmack, der seinesgleichen sucht. Wir zoomen sofort auf diesen Bio-Niaouli-Bl\u00fctenhonig aus Madagaskar.<\/p>\n<h2><strong>Niaouli k\u00e9zako?\u00a0<\/strong><\/h2>\n<p>Vielleicht sagt Ihnen der Name dieses in Madagaskar bekannten Baumes nichts, aber der Geschmack des Nektars seiner Bl\u00fcten wird Sie begeistern. Tats\u00e4chlich ist dieser Baum, wie \u00fcbrigens auch der Eukalyptusbaum,<strong>\u00a0geh\u00f6rt zur botanischen Familie der Myrtengew\u00e4chse (Myrtaceae).<\/strong>\u00a0Und bietet Tugenden und D\u00fcfte, denen Mediziner und Parf\u00fcmeure nicht widerstehen k\u00f6nnen. Kein Wunder, dass<strong>\u00a0die Bienen also gerne die Bl\u00fcten dieses ber\u00fchmten madagassischen Baumes genie\u00dfen.<\/strong>\u00a0Und dass dieser Honig einen Geschmack hat, der auf der ganzen Welt gef\u00e4llt.<\/p>\n<h2><strong>Ein kraftvolles und exotisches Rendezvous erwartet Sie in diesem Niaouli-Bl\u00fctenhonig\u00a0<\/strong><\/h2>\n<p>Dieser Nektar zeichnet sich durch Folgendes aus\u00a0<strong>ist seine Macht.<\/strong>\u00a0In der Tat weist gerade dieser Honig verschiedene Facetten auf, aber eine Dimension\u00a0<strong>holzig dominiert und bietet eine tiefe Sapidit\u00e4t<\/strong>. Schlie\u00dflich eine s\u00fc\u00dfe\u00a0<strong>und subtilem Karamellgeschmack verleiht ihm seine Gourmetseite.<\/strong><\/p>\n<p>Au\u00dferdem soll dieser Honig durch und durch cremig sein. F\u00fcr einen ganz neuen Genuss, der Ihren Gaumen begeistern wird.<\/p>\n<h3><strong>Wenn Sie der Bio-Niaouli-Bl\u00fctenhonig aus Madagaskar \u00fcberzeugt hat\u00a0<\/strong><\/h3>\n<p>Wenn dieser Honig in einer bestimmten Weise Sie verf\u00fchrt hat, sei es<strong>\u00a0durch den exquisiten Geschmack, den er zu bieten hat<\/strong>\u00a0oder durch<strong>\u00a0die m\u00e4chtigen Tugenden, denen er meisterhaft dient,<\/strong>\u00a0Unsere Auswahl an madagassischen Gerichten wird Ihren Gaumen noch lange erfreuen.<\/p>\n<p>In der Tat haben wir ausgew\u00e4hlt\u00a0<strong>ein hervorragendes Sortiment, damit Sie mit jedem L\u00f6ffel einen unvergleichlichen Geschmacksmoment erleben k\u00f6nnen.<\/strong><\/p>\n<p>Verpassen Sie also nicht, Folgendes zu entdecken\u00a0<strong><a href=\"https:\/\/www.miel-store.com\/de\/p\/bio-jujubier-honig-aus-madagaskar\/\">Madagaskar-Jujubenhonig<\/a>\u00a0<\/strong>oder\u00a0<a href=\"https:\/\/www.miel-store.com\/de\/p\/bio-litschiblutenhonig\/\"><strong>Litschibl\u00fctenhonig<\/strong><\/a>, auch von der Insel. Die Natur hat uns also immer wieder aufs Neue begeistert.<\/p>","protected":false},"excerpt":{"rendered":"<p><strong>Eigenschaften :<\/strong><\/p>\n<ul>\n<li><strong>Herkunft<\/strong> : MADAGASCAR<\/li>\n<li><strong>LOS NR.<\/strong> : MN050101201101F<\/li>\n<li><strong>DLUO<\/strong> : 10\/07\/2024<\/li>\n<li><strong>Ecocert-Zertifikat<\/strong> : FR-BIO-01<\/li>\n<\/ul>","protected":false},"featured_media":4283,"template":"","meta":[],"product_brand":[],"product_cat":[110,104],"product_tag":[],"class_list":{"0":"post-4286","1":"product","2":"type-product","3":"status-publish","4":"has-post-thumbnail","6":"product_cat-miel-de-madagascar","7":"product_cat-miel-bio","9":"first","10":"instock","11":"shipping-taxable","12":"purchasable","13":"product-type-simple"},"_links":{"self":[{"href":"https:\/\/www.miel-store.com\/de\/wp-json\/wp\/v2\/product\/4286","targetHints":{"allow":["GET"]}}],"collection":[{"href":"https:\/\/www.miel-store.com\/de\/wp-json\/wp\/v2\/product"}],"about":[{"href":"https:\/\/www.miel-store.com\/de\/wp-json\/wp\/v2\/types\/product"}],"wp:featuredmedia":[{"embeddable":true,"href":"https:\/\/www.miel-store.com\/de\/wp-json\/wp\/v2\/media\/4283"}],"wp:attachment":[{"href":"https:\/\/www.miel-store.com\/de\/wp-json\/wp\/v2\/media?parent=4286"}],"wp:term":[{"taxonomy":"product_brand","embeddable":true,"href":"https:\/\/www.miel-store.com\/de\/wp-json\/wp\/v2\/product_brand?post=4286"},{"taxonomy":"product_cat","embeddable":true,"href":"https:\/\/www.miel-store.com\/de\/wp-json\/wp\/v2\/product_cat?post=4286"},{"taxonomy":"product_tag","embeddable":true,"href":"https:\/\/www.miel-store.com\/de\/wp-json\/wp\/v2\/product_tag?post=4286"}],"curies":[{"name":"wp","href":"https:\/\/api.w.org\/{rel}","templated":true}]}}