{"id":4058,"date":"2023-08-20T20:25:02","date_gmt":"2023-08-20T18:25:02","guid":{"rendered":"https:\/\/www.miel-store.com\/?post_type=product&#038;p=4058"},"modified":"2025-08-17T19:24:47","modified_gmt":"2025-08-17T17:24:47","slug":"delay-cream","status":"publish","type":"product","link":"https:\/\/www.miel-store.com\/de\/p\/delay-cream","title":{"rendered":"Delay cream (Verz\u00f6gerungscreme) - 3g"},"content":{"rendered":"<p>Wenn auch Sie die Ejakulation hinausz\u00f6gern m\u00f6chten, dann haben wir wahrscheinlich die L\u00f6sung f\u00fcr Sie... Haben Sie schon einmal von der\u00a0<strong>Delay Cream\u00a0<\/strong>\u00a0?<\/p>\n<h2><strong>Delay Cream: Den Orgasmus verz\u00f6gern f\u00fcr l\u00e4ngere und befriedigendere intime Momente<\/strong><\/h2>\n<p>Delay Cream ist ein revolution\u00e4res Produkt, das M\u00e4nnern dabei helfen soll, ihren Orgasmus hinauszuz\u00f6gern und den Geschlechtsverkehr zu verl\u00e4ngern. Das Produkt ist insbesondere so formuliert, dass es die Empfindlichkeit des Penis reduziert, wodurch M\u00e4nner l\u00e4ngere und befriedigendere Intimit\u00e4ten genie\u00dfen k\u00f6nnen.<\/p>\n<h2><strong>Wie verwende ich Delay Cream?<\/strong><\/h2>\n<p>Tats\u00e4chlich enth\u00e4lt die Delay Cream Inhaltsstoffe, die so wirken, dass die Nervenenden des Penis leicht bet\u00e4ubt werden. Dadurch wird die Empfindlichkeit verringert und der Orgasmus verz\u00f6gert. Dies kann helfen bei\u00a0<strong>Probleme mit vorzeitiger Ejakulation<\/strong>.<\/p>\n<p>Es gen\u00fcgt, wenn Sie vor dem Geschlechtsverkehr eine kleine Menge der Creme auf die Eichel und den Penisschaft auftragen. Danach wird die Creme schnell von der Haut aufgenommen und wirkt so gezielt, um den Orgasmus zu verz\u00f6gern.<\/p>\n<p><strong>Entdecken Sie die Vorteile dieser retardierenden Creme<\/strong><\/p>\n<ol>\n<li><strong>Verl\u00e4ngert den Geschlechtsverkehr<\/strong> : Zun\u00e4chst einmal ist diese<strong>\u00a0Aphrodisiakum-Creme<\/strong>\u00a0hilft M\u00e4nnern, den Geschlechtsverkehr zu verl\u00e4ngern, indem sie den Orgasmus hinausz\u00f6gern. Dadurch k\u00f6nnen Paare l\u00e4ngere und intensivere intime Momente genie\u00dfen.<\/li>\n<li><strong>Reduziert vorzeitige Ejakulation<\/strong> : Tats\u00e4chlich kann die Delay Cream eine wirksame L\u00f6sung sein, wenn Sie unter vorzeitiger Ejakulation leiden. Indem sie die Empfindlichkeit des Penis verringert, hilft sie Ihnen dabei\u00a0<strong>Ihre Ejakulation kontrollieren<\/strong>\u00a0und l\u00e4nger zu halten.<\/li>\n<li><strong>Steigert das Selbstvertrauen<\/strong> : Wenn Sie den Geschlechtsverkehr verl\u00e4ngern, kann dies dazu beitragen, das Selbstvertrauen zu st\u00e4rken und die sexuelle Befriedigung zu verbessern.<\/li>\n<li><strong>Einfach zu verwenden<\/strong> : Sie ist einfach zu verwenden. Tragen Sie einfach vor dem Geschlechtsverkehr eine kleine Menge der Creme auf den Penis auf und warten Sie einige Minuten, bis die Creme eingezogen ist.<\/li>\n<\/ol>\n<h3><strong>Vorsichtsma\u00dfnahmen und Nutzungshinweise<\/strong><\/h3>\n<p>Zusammenfassend l\u00e4sst sich sagen, dass die Delay Cream ein Intimprodukt ist, das M\u00e4nnern dabei helfen soll, den Orgasmus hinauszuz\u00f6gern. Indem es die Empfindlichkeit des Penis reduziert, bietet dieses Produkt in der Tat\u00a0<strong>Momente <a href=\"https:\/\/www.miel-store.com\/de\/p\/moschus-tahara-intim\/\">intim<\/a> intensiver\u00a0<\/strong>und von besserer Qualit\u00e4t.<\/p>\n<p>Au\u00dferdem empfehlen wir, vor jeder Anwendung den Rat Ihres Arztes einzuholen.<\/p>","protected":false},"excerpt":{"rendered":"<p><strong>Entdecken Sie die Vorteile dieser retardierenden Creme :<\/strong><\/p>\n<ol>\n<li><strong>Verl\u00e4ngert den Geschlechtsverkehr<\/strong> : Zun\u00e4chst einmal ist diese<strong>\u00a0Aphrodisiakum-Creme<\/strong>\u00a0hilft M\u00e4nnern, den Geschlechtsverkehr zu verl\u00e4ngern, indem sie den Orgasmus hinausz\u00f6gern. Dadurch k\u00f6nnen Paare l\u00e4ngere und intensivere intime Momente genie\u00dfen.<\/li>\n<li><strong>Reduziert vorzeitige Ejakulation<\/strong> : Tats\u00e4chlich kann die Delay Cream eine wirksame L\u00f6sung sein, wenn Sie unter vorzeitiger Ejakulation leiden. Indem sie die Empfindlichkeit des Penis verringert, hilft sie Ihnen dabei\u00a0<strong>Ihre Ejakulation kontrollieren<\/strong>\u00a0und l\u00e4nger zu halten.<\/li>\n<li><strong>Steigert das Selbstvertrauen<\/strong> : Wenn Sie den Geschlechtsverkehr verl\u00e4ngern, kann dies dazu beitragen, das Selbstvertrauen zu st\u00e4rken und die sexuelle Befriedigung zu verbessern.<\/li>\n<li><strong>Einfach zu verwenden<\/strong> : Sie ist einfach zu verwenden. Tragen Sie einfach vor dem Geschlechtsverkehr eine kleine Menge der Creme auf den Penis auf und warten Sie einige Minuten, bis die Creme eingezogen ist.<\/li>\n<\/ol>","protected":false},"featured_media":4059,"template":"","meta":[],"product_brand":[],"product_cat":[88],"product_tag":[],"class_list":{"0":"post-4058","1":"product","2":"type-product","3":"status-publish","4":"has-post-thumbnail","6":"product_cat-bien-etre","8":"first","9":"outofstock","10":"shipping-taxable","11":"purchasable","12":"product-type-simple"},"_links":{"self":[{"href":"https:\/\/www.miel-store.com\/de\/wp-json\/wp\/v2\/product\/4058","targetHints":{"allow":["GET"]}}],"collection":[{"href":"https:\/\/www.miel-store.com\/de\/wp-json\/wp\/v2\/product"}],"about":[{"href":"https:\/\/www.miel-store.com\/de\/wp-json\/wp\/v2\/types\/product"}],"wp:featuredmedia":[{"embeddable":true,"href":"https:\/\/www.miel-store.com\/de\/wp-json\/wp\/v2\/media\/4059"}],"wp:attachment":[{"href":"https:\/\/www.miel-store.com\/de\/wp-json\/wp\/v2\/media?parent=4058"}],"wp:term":[{"taxonomy":"product_brand","embeddable":true,"href":"https:\/\/www.miel-store.com\/de\/wp-json\/wp\/v2\/product_brand?post=4058"},{"taxonomy":"product_cat","embeddable":true,"href":"https:\/\/www.miel-store.com\/de\/wp-json\/wp\/v2\/product_cat?post=4058"},{"taxonomy":"product_tag","embeddable":true,"href":"https:\/\/www.miel-store.com\/de\/wp-json\/wp\/v2\/product_tag?post=4058"}],"curies":[{"name":"wp","href":"https:\/\/api.w.org\/{rel}","templated":true}]}}