{"id":1372,"date":"2022-09-09T14:20:42","date_gmt":"2022-09-09T12:20:42","guid":{"rendered":"https:\/\/www.miel-store.com\/?post_type=product&#038;p=1372"},"modified":"2026-04-22T13:33:26","modified_gmt":"2026-04-22T11:33:26","slug":"pfefferminzkristalle-5g-1001-tugend","status":"publish","type":"product","link":"https:\/\/www.miel-store.com\/de\/p\/cristaux-de-menthe-5g-1001-vertus","title":{"rendered":"Pfefferminzkristalle - 20g"},"content":{"rendered":"<p>Minzkristalle entstehen durch eine nat\u00fcrliche Reaktion aus dem \u00d6l der japanischen Minze. Auf eine Temperatur von -22 Grad Celsius abgek\u00fchlt, bildet er diesen h\u00fcbschen Stalaktit, den wir Ihnen in der Mitte dieses 20-Gramm-Beh\u00e4lters verkaufen. Sie m\u00f6chten mehr \u00fcber die nat\u00fcrliche Verwendung dieses Produkts erfahren. Zun\u00e4chst einmal sollten Sie wissen, dass der frische, starke und chlorophyllhaltige Geruch dieses Produkts sehr gut haltbar ist. Wenn Sie sie im Herzen Ihres Badezimmerschranks aufbewahren, werden Sie sie dennoch f\u00fcr eine betr\u00e4chtliche Zeit behalten.<\/p>\n<h2><strong>Pfefferminzkristalle: eine nat\u00fcrliche Methode zur Linderung von Erk\u00e4ltungen<\/strong><\/h2>\n<p>Sie befinden sich in einem grippe\u00e4hnlichen Zustand, der Gef\u00fchle wie eine verstopfte Nase, Sinusitis und Kopfschmerzen entwickelt. Das ist kein Grund zur Sorge! Die Minzkristalle erf\u00fcllen die gew\u00fcnschte belebende und lindernde Funktion. Ihre intensive Frische ist dazu da, das fieberhafte Ph\u00e4nomen, das Sie befallen hat, zu stoppen.<\/p>\n<p>Wie kann man das machen? Indem Sie sie in lauwarmes bis halb kochendes Wasser einr\u00fchren, einschieben, damit sie schmelzen und ihr \u00e4therisches \u00d6l freisetzen. \u00c4hnlich wie Eukalyptus erm\u00f6glicht die Wirkung von Minzkristallen :<\/p>\n<ul>\n<li>Die Nase frei machen und wieder ein gutes Gef\u00fchl beim Atmen bekommen<\/li>\n<li>Kopfschmerzen lindern<\/li>\n<li><a href=\"https:\/\/www.argentcolloidal.fr\/produit\/spray-nasal-argent-colloidal-15ppm-30ml\/\" target=\"_blank\" rel=\"noopener\"><strong>Desinfizieren Sie die Nasenpartie<\/strong><\/a> und die Kehle<\/li>\n<li>Verringern Sie das Feuer, das Sie in der Brust trifft.<\/li>\n<\/ul>\n<p>Wir m\u00f6chten Sie daran erinnern, dass Pfefferminzkristalle ein nat\u00fcrliches Heilmittel sind. Sie ersparen Ihnen nicht den Besuch beim Arzt. Betrachten Sie sie als ein Extra, das Sie genauso wie den Tigerbalsam anwenden k\u00f6nnen.<\/p>\n<h2><strong>Kristallisierte Nippon-Minze: ein wirksames Mittel gegen Schmerzen und Muskelkater<\/strong><\/h2>\n<p>Die Minzkristalle werden hier genauso wie bei der Linderung von Grippe in lauwarmem Wasser verwendet. Massieren Sie das Minzwasser anschlie\u00dfend einfach in die Stellen, an denen Sie Muskelkater haben. Die Minzkristalle haben eine w\u00e4rmende und gleichzeitig k\u00fchlende Wirkung, die den Schmerz mindert.<\/p>\n<p>Wenn Sie unter R\u00fcckenschmerzen, dem Ph\u00e4nomen der schweren Beine oder Muskelschmerzen leiden, sollten Sie diese nat\u00fcrliche und spektakul\u00e4re Methode ausprobieren. Die Natur ist reich an bemerkenswerten Naturprodukten, die unser Wohlbefinden f\u00f6rdern. Um diese Schmerzen zu behandeln, werden Sie viele Vorteile daraus ziehen, ebenso wie aus der\u00a0<a href=\"https:\/\/www.miel-store.com\/de\/p\/kamelhockerfett\/\"><strong>Kamelfett<\/strong><\/a>.<\/p>\n<p>R\u00e4umen Sie es brav in Ihrem Schrank auf, denn das ist die Gelegenheit, es beim kleinsten Schmerz herauszuholen.<\/p>\n<h3><strong>Die bemerkenswerte Zutat zur Behandlung von Mundgeruch<\/strong><\/h3>\n<p>Minze und guter Atem passen sehr gut zusammen. Wussten Sie, dass Minzkristalle eine der Hauptzutaten in der Miswak-Zahnpasta sind? Kein Wunder, wenn man bedenkt, welche erfrischende Rolle sie bei der Erhaltung der Mundhygiene spielen. Hier sind also die w\u00fcnschenswerten Effekte, die Sie im Herzen Ihres Zahnputzens beobachten k\u00f6nnen :<\/p>\n<ul>\n<li>Ausgezeichneter Geruch, der sich im Herzen des Mundes entwickelt<\/li>\n<li>\u00c4therisches \u00d6l, das Bakterien im Mund und auf der Zunge ausrottet<\/li>\n<li>Erreicht schwer zug\u00e4ngliche Bereiche, um die Zahnhygiene zu unterst\u00fctzen.<\/li>\n<\/ul>\n<p>Pfefferminzkristalle werden nach demselben Protokoll wie zuvor erw\u00e4hnt verwendet. Nach dem Z\u00e4hneputzen sp\u00fclen und gurgeln Sie Ihren Mund mit dieser L\u00f6sung. Sie werden den Tag mit einem frischen und angenehmen Atem beginnen.<\/p>","protected":false},"excerpt":{"rendered":"<p>Les cristaux de menthe sont issus d\u2019une r\u00e9action naturelle \u00e0 partir de l\u2019huile de menthe japonaise. Refroidis \u00e0 une temp\u00e9rature de -22 degr\u00e9s Celsius, il forme cette jolie stalactite que nous vous vendons au c\u0153ur de ce r\u00e9cipient de 20 grammes. Vous souhaitez en savoir plus sur les usages naturels de ce produit. Sachez avant [&#8230;]\n","protected":false},"featured_media":10357,"template":"","meta":[],"product_brand":[],"product_cat":[89],"product_tag":[],"class_list":{"0":"post-1372","1":"product","2":"type-product","3":"status-publish","4":"has-post-thumbnail","6":"product_cat-cosmetiques","8":"first","9":"instock","10":"shipping-taxable","11":"purchasable","12":"product-type-simple"},"_links":{"self":[{"href":"https:\/\/www.miel-store.com\/de\/wp-json\/wp\/v2\/product\/1372","targetHints":{"allow":["GET"]}}],"collection":[{"href":"https:\/\/www.miel-store.com\/de\/wp-json\/wp\/v2\/product"}],"about":[{"href":"https:\/\/www.miel-store.com\/de\/wp-json\/wp\/v2\/types\/product"}],"wp:featuredmedia":[{"embeddable":true,"href":"https:\/\/www.miel-store.com\/de\/wp-json\/wp\/v2\/media\/10357"}],"wp:attachment":[{"href":"https:\/\/www.miel-store.com\/de\/wp-json\/wp\/v2\/media?parent=1372"}],"wp:term":[{"taxonomy":"product_brand","embeddable":true,"href":"https:\/\/www.miel-store.com\/de\/wp-json\/wp\/v2\/product_brand?post=1372"},{"taxonomy":"product_cat","embeddable":true,"href":"https:\/\/www.miel-store.com\/de\/wp-json\/wp\/v2\/product_cat?post=1372"},{"taxonomy":"product_tag","embeddable":true,"href":"https:\/\/www.miel-store.com\/de\/wp-json\/wp\/v2\/product_tag?post=1372"}],"curies":[{"name":"wp","href":"https:\/\/api.w.org\/{rel}","templated":true}]}}