{"id":10370,"date":"2026-04-17T16:31:52","date_gmt":"2026-04-17T14:31:52","guid":{"rendered":"https:\/\/www.miel-store.com\/?post_type=product&#038;p=10370"},"modified":"2026-04-17T16:31:53","modified_gmt":"2026-04-17T14:31:53","slug":"mentholhaltiges-kamelbuckelfett","status":"publish","type":"product","link":"https:\/\/www.miel-store.com\/de\/p\/graisse-de-bosse-de-chameau-mentholee","title":{"rendered":"Minzhaltiges Kamelh\u00f6ckerfett aus Algerien - 100g"},"content":{"rendered":"<header style=\"background: linear-gradient(135deg,#dff4ec 0%,#b7e3d6 42%,#edf8f3 100%); padding: 64px 20px 58px; text-align: center; position: relative; overflow: hidden; border-bottom: 2px solid #c9e7dd;\">\n<div style=\"position: absolute; inset: 0; background: radial-gradient(circle at 18% 22%,rgba(255,255,255,0.55),transparent 28%),radial-gradient(circle at 82% 24%,rgba(205,239,229,0.65),transparent 30%),radial-gradient(circle at 50% 88%,rgba(180,224,211,0.34),transparent 30%);\">&nbsp;<\/div>\n<div style=\"position: absolute; inset: 0; background-image: linear-gradient(rgba(179,215,201,0.18) 1px, transparent 1px),linear-gradient(90deg, rgba(179,215,201,0.18) 1px, transparent 1px); background-size: 44px 44px; opacity: 0.35;\">&nbsp;<\/div>\n<div style=\"position: relative; z-index: 1; max-width: 980px; margin: 0 auto;\">\n<div style=\"display: inline-block; background: #101513; color: #d8bc63; border: 1px solid #d8bc63; border-radius: 28px; padding: 8px 18px; font-size: 0.82em; letter-spacing: 1.7px; text-transform: uppercase; margin-bottom: 18px; box-shadow: 0 6px 16px rgba(16,21,19,0.16);\">Honig Store - Algerien - 100GR<\/div>\n<h2 style=\"font-size: 3em; line-height: 1.14; color: #1b1d1a; margin: 0 0 14px; font-weight: bold;\">Kamelbuckelfett Menthol<\/h2>\n<p style=\"max-width: 820px; margin: 0 auto 26px; color: #40514b; font-size: 1.02em; line-height: 1.8;\">Entdecken Sie eine <strong>mentholhaltiges Kamelbuckelfett<\/strong> mit einem frischeren Profil, angereichert mit <strong>pflanzliches \u00d6l der gr\u00fcnen Minze<\/strong> und <strong>\u00e4therisches Pfefferminz\u00f6l<\/strong>. Eine stilbewusste Referenz, die f\u00fcr ihre traditionelle Identit\u00e4t gesch\u00e4tzt wird, die in einer belebenderen Version wiederbelebt wird.<\/p>\n<\/div>\n<\/header>\n<section style=\"background: #ffffff; padding: 54px 20px; border-bottom: 2px solid #e2efe9;\">\n<div style=\"max-width: 950px; margin: 0 auto; text-align: center;\">\n<div style=\"display: grid; grid-template-columns: repeat(auto-fit,minmax(190px,1fr)); gap: 18px; max-width: 860px; margin: 0 auto;\">\n<div style=\"background: #f6fbf9; border: 1px solid #d7e9e1; border-radius: 14px; padding: 24px 18px;\">\n<div style=\"color: #1e2b26; font-weight: bold; font-size: 0.97em;\">Traditionelle Textur<\/div>\n<div style=\"color: #5a6b65; font-size: 0.83em; line-height: 1.6; margin-top: 6px;\">Eine getreue Darstellung der Welt der traditionellen Pflege.<\/div>\n<\/div>\n<div style=\"background: #f6fbf9; border: 1px solid #d7e9e1; border-radius: 14px; padding: 24px 18px;\">\n<div style=\"color: #1e2b26; font-weight: bold; font-size: 0.97em;\">Minzige Frische<\/div>\n<div style=\"color: #5a6b65; font-size: 0.83em; line-height: 1.6; margin-top: 6px;\">Eine frischere Variante dank der gr\u00fcnen Minze und der Pfefferminze.<\/div>\n<\/div>\n<div style=\"background: #f6fbf9; border: 1px solid #d7e9e1; border-radius: 14px; padding: 24px 18px;\">\n<div style=\"color: #1e2b26; font-weight: bold; font-size: 0.97em;\">Praktisches Format<\/div>\n<div style=\"color: #5a6b65; font-size: 0.83em; line-height: 1.6; margin-top: 6px;\">Topf mit 100GR, einfach zu lagern und t\u00e4glich zu verwenden.<\/div>\n<\/div>\n<div style=\"background: #f6fbf9; border: 1px solid #d7e9e1; border-radius: 14px; padding: 24px 18px;\">\n<div style=\"color: #1e2b26; font-weight: bold; font-size: 0.97em;\">Hervorgehobene Herkunft<\/div>\n<div style=\"color: #5a6b65; font-size: 0.83em; line-height: 1.6; margin-top: 6px;\">Eine Referenz, die mit Algerien assoziiert wird, mit einer starken visuellen Identit\u00e4t.<\/div>\n<\/div>\n<\/div>\n<\/div>\n<\/section>\n<section style=\"background: #f8fbf8; padding: 58px 20px; border-bottom: 2px solid #dbeae4;\">\n<div style=\"max-width: 950px; margin: 0 auto;\">\n<h2 style=\"margin: 0 0 12px; color: #1c2823; font-size: 1.94em; font-weight: bold; text-align: center;\">Kamelbuckelfett mit Minze: eine frischere und markantere Version<\/h2>\n<div style=\"display: grid; grid-template-columns: 1fr 1fr; gap: 24px; align-items: stretch;\">\n<div style=\"background: #ffffff; border: 1px solid #d7e9e1; border-radius: 14px; padding: 28px 24px; box-shadow: 0 3px 12px rgba(28,40,35,0.05);\">\n<h3 style=\"margin: 0 0 12px; color: #1d2a25; font-size: 1.08em; font-weight: bold;\">Was das Produkt hervorhebt<\/h3>\n<p style=\"margin: 0 0 10px; color: #465751; font-size: 0.92em; line-height: 1.85;\">Die <strong>mentholhaltiges Kamelbuckelfett<\/strong> besticht durch seine markante Positionierung. Der Name zieht sofort die Aufmerksamkeit auf sich, w\u00e4hrend die Formel mit der Kombination aus <strong>pflanzliches \u00d6l der gr\u00fcnen Minze<\/strong> und <strong>\u00e4therisches Pfefferminz\u00f6l<\/strong> verst\u00e4rkt seine frische und sensorische Identit\u00e4t. Das Ganze in einem Format <strong>100GR<\/strong> leicht zu identifizieren.<\/p>\n<ul style=\"margin: 0; padding: 0 0 0 18px; color: #5b6d67; font-size: 0.89em; line-height: 2;\">\n<li>Klare und gesuchte Produktbezeichnung<\/li>\n<li>Leicht zu unterscheidende Mentholversion<\/li>\n<li>Auf dem Etikett hervorgehobene Zusammensetzung<\/li>\n<li>Pr\u00e4gnante und verst\u00e4ndliche Darstellung<\/li>\n<\/ul>\n<\/div>\n<div style=\"background: #ffffff; border: 1px solid #d7e9e1; border-radius: 14px; padding: 28px 24px; box-shadow: 0 3px 12px rgba(28,40,35,0.05);\">\n<h3 style=\"margin: 0 0 12px; color: #1d2a25; font-size: 1.08em; font-weight: bold;\">Eine starke visuelle Identit\u00e4t<\/h3>\n<p style=\"margin: 0 0 12px; color: #465751; font-size: 0.92em; line-height: 1.85;\">Diese Minzvariante zeichnet sich durch eine frische, hochwertige und sofort erkennbare \u00c4sthetik aus. Die gr\u00fcnen Farbt\u00f6ne erinnern an Minze und verst\u00e4rken die Lesbarkeit des Produkts, w\u00e4hrend die grafische Welt eine bewusste orientalische Inspiration suggeriert.<\/p>\n<div style=\"background: #f6fbf9; border: 1px solid #dcece6; border-radius: 10px; padding: 14px 16px;\">\n<p style=\"margin: 0; color: #566963; font-size: 0.86em; line-height: 1.72;\"><strong>In K\u00fcrze:<\/strong> ein visuell koh\u00e4rentes Produkt, das leicht zu erkennen ist und f\u00fcr diejenigen gedacht ist, die eine frischere Version als die klassische Variante suchen.<\/p>\n<\/div>\n<\/div>\n<\/div>\n<\/div>\n<\/section>\n<section style=\"background: #ffffff; padding: 58px 20px; border-bottom: 2px solid #e2efe9;\">\n<div style=\"max-width: 950px; margin: 0 auto;\">\n<h2 style=\"margin: 0 0 12px; color: #1c2823; font-size: 1.94em; font-weight: bold; text-align: center;\">Warum sollten Sie sich f\u00fcr dieses Kamelh\u00f6ckerfett mit Minze entscheiden?<\/h2>\n<p style=\"text-align: center; color: #59706a; font-size: 0.95em; margin: 0 0 34px;\">Weil sie eine traditionelle Basis mit einer frischeren und zeitgem\u00e4\u00dferen Signatur verbindet.<\/p>\n<div style=\"display: grid; grid-template-columns: repeat(auto-fit,minmax(280px,1fr)); gap: 18px;\">\n<div style=\"background: linear-gradient(135deg,#f8fcfa,#e7f6ef); border: 1px solid #d4e9e0; border-radius: 14px; padding: 24px 22px;\">\n<h3 style=\"margin: 0 0 8px; color: #1f2b26; font-size: 1em;\">Eine frischere Pr\u00e4senz<\/h3>\n<p style=\"margin: 0; color: #50625c; font-size: 0.89em; line-height: 1.75;\">Die Zugabe von gr\u00fcner Minze und Pfefferminze verleiht dem Produkt eine frischere und belebendere Lesart.<\/p>\n<\/div>\n<div style=\"background: linear-gradient(135deg,#f8fcfa,#e7f6ef); border: 1px solid #d4e9e0; border-radius: 14px; padding: 24px 22px;\">\n<h3 style=\"margin: 0 0 8px; color: #1f2b26; font-size: 1em;\">Ein unverwechselbarer Stil<\/h3>\n<p style=\"margin: 0; color: #50625c; font-size: 0.89em; line-height: 1.75;\">Diese Mentholversion hebt sich optisch und textlich von einer Reihe traditioneller Produkte ab.<\/p>\n<\/div>\n<div style=\"background: linear-gradient(135deg,#f8fcfa,#e7f6ef); border: 1px solid #d4e9e0; border-radius: 14px; padding: 24px 22px;\">\n<h3 style=\"margin: 0 0 8px; color: #1f2b26; font-size: 1em;\">Eine lesbare Karteikarte f\u00fcr den Kauf<\/h3>\n<p style=\"margin: 0; color: #50625c; font-size: 0.89em; line-height: 1.75;\">Das Format, der angegebene Ursprung und die Deklination sind klar erkennbar, um das Produktverst\u00e4ndnis zu erleichtern.<\/p>\n<\/div>\n<div style=\"background: linear-gradient(135deg,#f8fcfa,#e7f6ef); border: 1px solid #d4e9e0; border-radius: 14px; padding: 24px 22px;\">\n<h3 style=\"margin: 0 0 8px; color: #1f2b26; font-size: 1em;\">Eine Alternative zur klassischen Version<\/h3>\n<p style=\"margin: 0; color: #50625c; font-size: 0.89em; line-height: 1.75;\">Sie eignet sich gut f\u00fcr diejenigen, die eine ausdrucksst\u00e4rkere und in ihrer Positionierung frischere Version bevorzugen.<\/p>\n<\/div>\n<div style=\"background: linear-gradient(135deg,#f8fcfa,#e7f6ef); border: 1px solid #d4e9e0; border-radius: 14px; padding: 24px 22px;\">\n<h3 style=\"margin: 0 0 8px; color: #1f2b26; font-size: 1em;\">Ein praktisches Format<\/h3>\n<p style=\"margin: 0; color: #50625c; font-size: 0.89em; line-height: 1.75;\">Der 100-GR-Tiegel bleibt einfach aufzubewahren und in eine externe Pflegeroutine zu integrieren.<\/p>\n<\/div>\n<div style=\"background: linear-gradient(135deg,#f8fcfa,#e7f6ef); border: 1px solid #d4e9e0; border-radius: 14px; padding: 24px 22px;\">\n<h3 style=\"margin: 0 0 8px; color: #1f2b26; font-size: 1em;\">Eine traditionelle Welt in neuem Gewand<\/h3>\n<p style=\"margin: 0; color: #50625c; font-size: 0.89em; line-height: 1.75;\">Das Produkt beh\u00e4lt seine traditionelle DNA bei, bringt aber eine modernere Note in seine Pr\u00e4sentation ein.<\/p>\n<\/div>\n<\/div>\n<\/div>\n<\/section>\n<section style=\"background: #f8fbf8; padding: 58px 20px; border-bottom: 2px solid #dbeae4;\">\n<div style=\"max-width: 950px; margin: 0 auto;\">\n<h2 style=\"margin: 0 0 26px; color: #1c2823; font-size: 1.92em; font-weight: bold; text-align: center;\">Produktmerkmale<\/h2>\n<div style=\"overflow-x: auto;\">\n<table style=\"width: 100%; border-collapse: collapse; font-size: 0.93em; box-shadow: 0 3px 12px rgba(28,40,35,0.05); background: #ffffff; border-radius: 14px; overflow: hidden;\">\n<thead>\n<tr style=\"background: linear-gradient(135deg,#151a18,#2e3c36); color: #f2df95;\">\n<th style=\"padding: 15px 18px; text-align: left; width: 34%;\">Merkmal<\/th>\n<th style=\"padding: 15px 18px; text-align: left;\">Detail<\/th>\n<\/tr>\n<\/thead>\n<tbody>\n<tr style=\"background: #ffffff;\">\n<td style=\"padding: 14px 18px; border-bottom: 1px solid #e3efe9; font-weight: bold; color: #1f2b26;\">Name des Produkts<\/td>\n<td style=\"padding: 14px 18px; border-bottom: 1px solid #e3efe9; color: #4f625b;\">Kamelbuckelfett Menthol<\/td>\n<\/tr>\n<tr style=\"background: #fbfefd;\">\n<td style=\"padding: 14px 18px; border-bottom: 1px solid #e3efe9; font-weight: bold; color: #1f2b26;\">Marke<\/td>\n<td style=\"padding: 14px 18px; border-bottom: 1px solid #e3efe9; color: #4f625b;\">Honig Store<\/td>\n<\/tr>\n<tr style=\"background: #ffffff;\">\n<td style=\"padding: 14px 18px; border-bottom: 1px solid #e3efe9; font-weight: bold; color: #1f2b26;\">Angegebene Herkunft<\/td>\n<td style=\"padding: 14px 18px; border-bottom: 1px solid #e3efe9; color: #4f625b;\">Algerien<\/td>\n<\/tr>\n<tr style=\"background: #fbfefd;\">\n<td style=\"padding: 14px 18px; border-bottom: 1px solid #e3efe9; font-weight: bold; color: #1f2b26;\">Format<\/td>\n<td style=\"padding: 14px 18px; border-bottom: 1px solid #e3efe9; color: #4f625b;\">100GR<\/td>\n<\/tr>\n<tr style=\"background: #ffffff;\">\n<td style=\"padding: 14px 18px; border-bottom: 1px solid #e3efe9; font-weight: bold; color: #1f2b26;\">Deklination<\/td>\n<td style=\"padding: 14px 18px; border-bottom: 1px solid #e3efe9; color: #4f625b;\">Menthol<\/td>\n<\/tr>\n<tr style=\"background: #fbfefd;\">\n<td style=\"padding: 14px 18px; border-bottom: 1px solid #e3efe9; font-weight: bold; color: #1f2b26;\">Sichtbare Erw\u00e4hnungen<\/td>\n<td style=\"padding: 14px 18px; border-bottom: 1px solid #e3efe9; color: #4f625b;\">Pflanzen\u00f6l aus gr\u00fcner Minze, \u00e4therisches \u00d6l aus Pfefferminze<\/td>\n<\/tr>\n<tr style=\"background: #ffffff;\">\n<td style=\"padding: 14px 18px; border-bottom: 1px solid #e3efe9; font-weight: bold; color: #1f2b26;\">Verwendung<\/td>\n<td style=\"padding: 14px 18px; border-bottom: 1px solid #e3efe9; color: #4f625b;\">Nur zur externen Verwendung<\/td>\n<\/tr>\n<tr style=\"background: #fbfefd;\">\n<td style=\"padding: 14px 18px; border-bottom: 1px solid #e3efe9; font-weight: bold; color: #1f2b26;\">Aufbewahrung<\/td>\n<td style=\"padding: 14px 18px; border-bottom: 1px solid #e3efe9; color: #4f625b;\">An einem trockenen, k\u00fchlen und lichtgesch\u00fctzten Ort aufbewahren. Kontakt mit Wasser vermeiden.<\/td>\n<\/tr>\n<tr style=\"background: #ffffff;\">\n<td style=\"padding: 14px 18px; font-weight: bold; color: #1f2b26;\">Vorsichtsma\u00dfnahme<\/td>\n<td style=\"padding: 14px 18px; color: #4f625b;\">Vermeiden Sie den Kontakt mit den Augen und halten Sie es au\u00dferhalb der Reichweite von Kindern.<\/td>\n<\/tr>\n<\/tbody>\n<\/table>\n<\/div>\n<\/div>\n<\/section>\n<section style=\"background: #ffffff; padding: 54px 20px; border-bottom: 2px solid #e2efe9;\">\n<div style=\"max-width: 950px; margin: 0 auto;\">\n<h2 style=\"margin: 0 0 14px; color: #1c2823; font-size: 1.9em; font-weight: bold; text-align: center;\">Wie kann man mentholhaltiges Kamelbuckelfett in eine Routine einbauen?<\/h2>\n<p style=\"max-width: 780px; margin: 0 auto 30px; text-align: center; color: #52655f; font-size: 1em; line-height: 1.84;\">Diese Referenz kann in eine externe Pflegeroutine integriert werden, wenn Sie reichhaltige Texturen und Produkte mit traditionellem Profil sch\u00e4tzen. Die Mentholvariante sorgt f\u00fcr ein frischeres Dufterlebnis beim Auftragen.<\/p>\n<div style=\"display: grid; grid-template-columns: repeat(auto-fit,minmax(290px,1fr)); gap: 18px; align-items: stretch;\">\n<div style=\"background: #f8fbf8; border: 1px solid #d7e9e1; border-radius: 16px; padding: 26px 24px;\">\n<h3 style=\"margin: 0 0 8px; color: #1f2b26; font-size: 1.02em;\">F\u00fcr eine traditionelle Routine<\/h3>\n<p style=\"margin: 0; color: #52655f; font-size: 0.9em; line-height: 1.74;\">Sie richtet sich an Liebhaber von Produkten, die von traditionellen Br\u00e4uchen inspiriert sind, eine charakteristische Textur aufweisen und authentisch pr\u00e4sentiert werden.<\/p>\n<\/div>\n<div style=\"background: #f8fbf8; border: 1px solid #d7e9e1; border-radius: 16px; padding: 26px 24px;\">\n<h3 style=\"margin: 0 0 8px; color: #1f2b26; font-size: 1.02em;\">F\u00fcr ein frischeres Gef\u00fchl<\/h3>\n<p style=\"margin: 0; color: #52655f; font-size: 0.9em; line-height: 1.74;\">Die Anwesenheit von gr\u00fcner Minze und Pfefferminze unterscheidet diese Version deutlich von der klassischen Deklination.<\/p>\n<\/div>\n<\/div>\n<\/div>\n<\/section>\n<section style=\"background: #ffffff; padding: 58px 20px; border-bottom: 2px solid #e2efe9;\" itemscope=\"\" itemtype=\"https:\/\/schema.org\/FAQPage\">\n<div style=\"max-width: 950px; margin: 0 auto;\">\n<h2 style=\"margin: 0 0 10px; color: #1c2823; font-size: 1.92em; font-weight: bold; text-align: center;\">FAQ - Kamelbuckelfett Menthol<\/h2>\n<p style=\"text-align: center; color: #59706a; font-size: 0.94em; margin: 0 0 32px;\">N\u00fctzliche, klare und mit einer E-Commerce-Produktkarte kompatible Antworten.<\/p>\n<div style=\"display: flex; flex-direction: column; gap: 16px;\">\n<div style=\"background: #fbfefd; border: 1px solid #d9ebe4; border-radius: 14px; overflow: hidden;\" itemprop=\"mainEntity\" itemscope=\"\" itemtype=\"https:\/\/schema.org\/Question\">\n<div style=\"padding: 18px 22px; background: linear-gradient(135deg,#f4fbf8,#e5f3ed); border-bottom: 1px solid #d7e9e1;\">\n<h3 style=\"margin: 0; color: #1f2b26; font-size: 1em; font-weight: bold;\" itemprop=\"name\">Was ist mentholhaltiges Kamelh\u00f6ckerfett?<\/h3>\n<\/div>\n<div style=\"padding: 18px 22px;\" itemprop=\"acceptedAnswer\" itemscope=\"\" itemtype=\"https:\/\/schema.org\/Answer\">\n<p style=\"margin: 0; color: #51645d; font-size: 0.91em; line-height: 1.78;\" itemprop=\"text\">Es handelt sich um eine Mentholversion des Kamelh\u00f6ckerfetts, die hier in einer 100-GR-Gr\u00f6\u00dfe angeboten wird und bei deren Aufmachung die gr\u00fcne Minze und die Pfefferminze im Vordergrund stehen.<\/p>\n<\/div>\n<\/div>\n<div style=\"background: #fbfefd; border: 1px solid #d9ebe4; border-radius: 14px; overflow: hidden;\" itemprop=\"mainEntity\" itemscope=\"\" itemtype=\"https:\/\/schema.org\/Question\">\n<div style=\"padding: 18px 22px; background: linear-gradient(135deg,#f4fbf8,#e5f3ed); border-bottom: 1px solid #d7e9e1;\">\n<h3 style=\"margin: 0; color: #1f2b26; font-size: 1em; font-weight: bold;\" itemprop=\"name\">Was ist der Unterschied zur klassischen Version?<\/h3>\n<\/div>\n<div style=\"padding: 18px 22px;\" itemprop=\"acceptedAnswer\" itemscope=\"\" itemtype=\"https:\/\/schema.org\/Answer\">\n<p style=\"margin: 0; color: #51645d; font-size: 0.91em; line-height: 1.78;\" itemprop=\"text\">Die Minzversion zeichnet sich durch eine frischere und ausgepr\u00e4gtere Identit\u00e4t aus, w\u00e4hrend <a href=\"https:\/\/www.miel-store.com\/de\/p\/kamelhockerfett\/\">die klassische Version<\/a> bietet eine n\u00fcchternere und traditionellere Lesart an.<\/p>\n<\/div>\n<\/div>\n<div style=\"background: #fbfefd; border: 1px solid #d9ebe4; border-radius: 14px; overflow: hidden;\" itemprop=\"mainEntity\" itemscope=\"\" itemtype=\"https:\/\/schema.org\/Question\">\n<div style=\"padding: 18px 22px; background: linear-gradient(135deg,#f4fbf8,#e5f3ed); border-bottom: 1px solid #d7e9e1;\">\n<h3 style=\"margin: 0; color: #1f2b26; font-size: 1em; font-weight: bold;\" itemprop=\"name\">Welche Inhaltsstoffe werden in dieser Version hervorgehoben?<\/h3>\n<\/div>\n<div style=\"padding: 18px 22px;\" itemprop=\"acceptedAnswer\" itemscope=\"\" itemtype=\"https:\/\/schema.org\/Answer\">\n<p style=\"margin: 0; color: #51645d; font-size: 0.91em; line-height: 1.78;\" itemprop=\"text\">Diese Deklination stellt das pflanzliche \u00d6l der gr\u00fcnen Minze und das \u00e4therische \u00d6l der Pfefferminze in den Vordergrund.<\/p>\n<\/div>\n<\/div>\n<div style=\"background: #fbfefd; border: 1px solid #d9ebe4; border-radius: 14px; overflow: hidden;\" itemprop=\"mainEntity\" itemscope=\"\" itemtype=\"https:\/\/schema.org\/Question\">\n<div style=\"padding: 18px 22px; background: linear-gradient(135deg,#f4fbf8,#e5f3ed); border-bottom: 1px solid #d7e9e1;\">\n<h3 style=\"margin: 0; color: #1f2b26; font-size: 1em; font-weight: bold;\" itemprop=\"name\">Welches Format hat dieses Kamelh\u00f6ckerfett?<\/h3>\n<\/div>\n<div style=\"padding: 18px 22px;\" itemprop=\"acceptedAnswer\" itemscope=\"\" itemtype=\"https:\/\/schema.org\/Answer\">\n<p style=\"margin: 0; color: #51645d; font-size: 0.91em; line-height: 1.78;\" itemprop=\"text\">Das auf dem Produkt sichtbare Format ist 100GR.<\/p>\n<\/div>\n<\/div>\n<div style=\"background: #fbfefd; border: 1px solid #d9ebe4; border-radius: 14px; overflow: hidden;\" itemprop=\"mainEntity\" itemscope=\"\" itemtype=\"https:\/\/schema.org\/Question\">\n<div style=\"padding: 18px 22px; background: linear-gradient(135deg,#f4fbf8,#e5f3ed); border-bottom: 1px solid #d7e9e1;\">\n<h3 style=\"margin: 0; color: #1f2b26; font-size: 1em; font-weight: bold;\" itemprop=\"name\">Wie sollte man dieses Produkt aufbewahren?<\/h3>\n<\/div>\n<div style=\"padding: 18px 22px;\" itemprop=\"acceptedAnswer\" itemscope=\"\" itemtype=\"https:\/\/schema.org\/Answer\">\n<p style=\"margin: 0; color: #51645d; font-size: 0.91em; line-height: 1.78;\" itemprop=\"text\">Es sollte an einem trockenen, k\u00fchlen und dunklen Ort aufbewahrt werden, wobei der Kontakt mit Wasser vermieden werden sollte.<\/p>\n<\/div>\n<\/div>\n<\/div>\n<\/div>\n<\/section>","protected":false},"excerpt":{"rendered":"<p><strong>Hinweise zur Verwendung :<\/strong><\/p>\n<ul>\n<li>Zur \u00e4u\u00dferlichen Anwendung: Auf die gew\u00fcnschten Stellen einmassieren, um Komfort und Entspannung zu erzielen.<\/li>\n<li>An einem k\u00fchlen, trockenen und lichtgesch\u00fctzten Ort aufbewahren.<\/li>\n<li>Vermeiden Sie den Kontakt mit Wasser, um die Qualit\u00e4t des Produkts zu erhalten.<\/li>\n<\/ul>","protected":false},"featured_media":10371,"template":"","meta":[],"product_brand":[],"product_cat":[88],"product_tag":[],"class_list":{"0":"post-10370","1":"product","2":"type-product","3":"status-publish","4":"has-post-thumbnail","6":"product_cat-bien-etre","8":"first","9":"instock","10":"shipping-taxable","11":"purchasable","12":"product-type-simple"},"_links":{"self":[{"href":"https:\/\/www.miel-store.com\/de\/wp-json\/wp\/v2\/product\/10370","targetHints":{"allow":["GET"]}}],"collection":[{"href":"https:\/\/www.miel-store.com\/de\/wp-json\/wp\/v2\/product"}],"about":[{"href":"https:\/\/www.miel-store.com\/de\/wp-json\/wp\/v2\/types\/product"}],"wp:featuredmedia":[{"embeddable":true,"href":"https:\/\/www.miel-store.com\/de\/wp-json\/wp\/v2\/media\/10371"}],"wp:attachment":[{"href":"https:\/\/www.miel-store.com\/de\/wp-json\/wp\/v2\/media?parent=10370"}],"wp:term":[{"taxonomy":"product_brand","embeddable":true,"href":"https:\/\/www.miel-store.com\/de\/wp-json\/wp\/v2\/product_brand?post=10370"},{"taxonomy":"product_cat","embeddable":true,"href":"https:\/\/www.miel-store.com\/de\/wp-json\/wp\/v2\/product_cat?post=10370"},{"taxonomy":"product_tag","embeddable":true,"href":"https:\/\/www.miel-store.com\/de\/wp-json\/wp\/v2\/product_tag?post=10370"}],"curies":[{"name":"wp","href":"https:\/\/api.w.org\/{rel}","templated":true}]}}